{"id":23536,"date":"2020-10-08T14:03:33","date_gmt":"2020-10-08T13:03:33","guid":{"rendered":"https:\/\/www.bbmag.co.uk\/?page_id=23536"},"modified":"2020-10-08T14:03:33","modified_gmt":"2020-10-08T13:03:33","slug":"descargo-de-responsabilidad","status":"publish","type":"page","link":"https:\/\/www.bbmag.co.uk\/es\/descargo-de-responsabilidad\/","title":{"rendered":"Descargo de responsabilidad"},"content":{"rendered":"<h1><b><span data-contrast=\"auto\">WEBSITE DISCLAIMER<\/span><\/b><span data-ccp-props=\"{&quot;201341983&quot;:0,&quot;335551550&quot;:6,&quot;335551620&quot;:6,&quot;335559739&quot;:200,&quot;335559740&quot;:240}\"><br \/>\n(Descargo de responsabilidad)<\/span><\/h1>\n<p><b><span data-contrast=\"auto\">DERECHO DE AUTOR Y DESCARGO DE RESPONSABILIDAD<\/span><\/b><span data-ccp-props=\"{&quot;201341983&quot;:0,&quot;335551550&quot;:6,&quot;335551620&quot;:6,&quot;335559739&quot;:200,&quot;335559740&quot;:240}\">\u00a0<\/span><\/p>\n<p><span data-ccp-props=\"{&quot;201341983&quot;:0,&quot;335551550&quot;:6,&quot;335551620&quot;:6,&quot;335559739&quot;:200,&quot;335559740&quot;:240}\">\u00a0<\/span><\/p>\n<p><b><span data-contrast=\"auto\">T\u00c9RMINOS Y CONDICIONES DE USO<\/span><\/b><span data-ccp-props=\"{&quot;201341983&quot;:0,&quot;335551550&quot;:6,&quot;335551620&quot;:6,&quot;335559739&quot;:200,&quot;335559740&quot;:240}\">\u00a0<\/span><\/p>\n<p><span data-contrast=\"auto\">Usted no debe acceder a este sitio web o utilizar las informaciones contenidas en el mismo sin la previa aceptaci\u00f3n de estos t\u00e9rminos y condiciones. Al acceder y utilizar este sitio web o el uso de las informaciones contenidas en este sitio web implica la aceptaci\u00f3n de estos t\u00e9rminos y condiciones y su renuncia a todo y cualquier reclamo contra\u00a0<\/span><span data-contrast=\"auto\">nosotros, nuestros\u00a0<\/span><span data-contrast=\"auto\">miembros, socios, afiliados o empleados, planteada por el uso de este sitio web o cualquier material, informaci\u00f3n, opiniones o recomendaciones contenidas en el mismo.\u00a0<\/span><span data-contrast=\"auto\">Este sitio web e todas las propiedad intelectuales son de\u00a0<\/span><span data-contrast=\"auto\">propiedad de\u00a0<\/span><span data-contrast=\"auto\">Bossa Brazil<\/span><span data-contrast=\"auto\">\u00a0<\/span><span data-contrast=\"auto\">Limited<\/span><span data-contrast=\"auto\">, registrada en Inglaterra bajo el n\u00famero de registro No.<\/span><span data-contrast=\"auto\">\u00a0<\/span><span data-contrast=\"auto\">3410846<\/span><span data-contrast=\"auto\">, y en Brasil por la empresa\u00a0<\/span><span data-contrast=\"auto\">Bossa Brazil\u00a0<\/span><span data-contrast=\"auto\">Promo\u00e7\u00f5es<\/span><span data-contrast=\"auto\">, Eventos e Turismo Limitada\u00a0<\/span><span data-contrast=\"auto\">CNPJ<\/span><span data-contrast=\"auto\">\u00a014.314.129\/0001-89<\/span><span data-contrast=\"auto\">.<\/span><span data-ccp-props=\"{&quot;201341983&quot;:0,&quot;335551550&quot;:6,&quot;335551620&quot;:6,&quot;335559739&quot;:200,&quot;335559740&quot;:240}\">\u00a0<\/span><\/p>\n<p><span data-ccp-props=\"{&quot;201341983&quot;:0,&quot;335551550&quot;:6,&quot;335551620&quot;:6,&quot;335559739&quot;:200,&quot;335559740&quot;:240}\">\u00a0<\/span><\/p>\n<p><span data-contrast=\"auto\">El usuario reconoce el efecto legalmente vinculante de los siguientes t\u00e9rminos y condiciones de uso en las cl\u00e1usulas que siguen:\u00a0\u00a0<\/span><span data-ccp-props=\"{&quot;201341983&quot;:0,&quot;335551550&quot;:6,&quot;335551620&quot;:6,&quot;335559739&quot;:200,&quot;335559740&quot;:240}\">\u00a0<\/span><\/p>\n<p><span data-ccp-props=\"{&quot;201341983&quot;:0,&quot;335551550&quot;:6,&quot;335551620&quot;:6,&quot;335559739&quot;:200,&quot;335559740&quot;:240}\">\u00a0<\/span><\/p>\n<p><b><span data-contrast=\"auto\">INFORMACI\u00d3N Y RETRACTACI\u00d3N<\/span><\/b><span data-ccp-props=\"{&quot;201341983&quot;:0,&quot;335551550&quot;:6,&quot;335551620&quot;:6,&quot;335559739&quot;:200,&quot;335559740&quot;:240}\">\u00a0<\/span><\/p>\n<p><span data-contrast=\"auto\">Este sitio web<\/span><span data-contrast=\"auto\">\u00a0y la<\/span><span data-contrast=\"auto\">s<\/span><span data-contrast=\"auto\">\u00a0informac<\/span><span data-contrast=\"auto\">iones<\/span><span data-contrast=\"auto\">, nombres, im\u00e1genes, fotos, logotipos e iconos relacionados o relativos al\u00a0<\/span><span data-contrast=\"auto\">BOSSA<\/span><span data-contrast=\"auto\">\u00a0<\/span><span data-contrast=\"auto\">y sus socios, asociados\u00a0<\/span><span data-contrast=\"auto\">y afiliados se proporcionan en\u00a0<\/span><span data-contrast=\"auto\">bases\u00a0<\/span><span data-contrast=\"auto\">siendo y estando<\/span><span data-contrast=\"auto\">\u00a0disponible sin ninguna representaci\u00f3n o garant\u00eda de ning\u00fan tipo, expresa o deducido, incluyendo, pero no limitado a la<\/span><span data-contrast=\"auto\">s garant\u00edas\u00a0<\/span><span data-contrast=\"auto\">comerciales deducidas, ajustadas<\/span><span data-contrast=\"auto\">\u00a0para un prop\u00f3sito particular o no\u00a0<\/span><span data-contrast=\"auto\">en infracci\u00f3n<\/span><span data-contrast=\"auto\">. Aunque la informaci\u00f3n en este sitio web han sido compilada de buena fe para proporcionar informaci\u00f3n acerca de los productos y servicios\u00a0<\/span><span data-contrast=\"auto\">de\u00a0<\/span><span data-contrast=\"auto\">BOSSA<\/span><span data-contrast=\"auto\">\u00a0<\/span><span data-contrast=\"auto\">y sus asociados, sus matrices, subsidiarias, afiliadas o empleados\u00a0<\/span><span data-contrast=\"auto\">no deben en cualquier caso, estar sujetos a cualquier da\u00f1o<\/span><span data-contrast=\"auto\">\u00a0y perjuicios de cualquier tipo o naturaleza, incluyendo, sin limitaci\u00f3n, da\u00f1os directos, indirectos, especiales, incidentales o\u00a0<\/span><span data-contrast=\"auto\">por\u00a0<\/span><span data-contrast=\"auto\">consecuencia, y que surja de o\u00a0<\/span><span data-contrast=\"auto\">est\u00e9\u00a0<\/span><span data-contrast=\"auto\">relacionados con el uso o acceso a este sitio web o cualquier material<\/span><span data-contrast=\"auto\">es, informaciones<\/span><span data-contrast=\"auto\">, calificaciones o recomendaciones en \u00e9l contenidas.<\/span><span data-ccp-props=\"{&quot;201341983&quot;:0,&quot;335551550&quot;:6,&quot;335551620&quot;:6,&quot;335559739&quot;:200,&quot;335559740&quot;:240}\">\u00a0<\/span><\/p>\n<p><span data-ccp-props=\"{&quot;201341983&quot;:0,&quot;335551550&quot;:6,&quot;335551620&quot;:6,&quot;335559739&quot;:200,&quot;335559740&quot;:240}\">\u00a0<\/span><\/p>\n<p><span data-contrast=\"auto\">R<\/span><span data-contrast=\"auto\">eserva<\/span><span data-contrast=\"auto\">mos<\/span><span data-contrast=\"auto\">\u00a0el derecho a modificar y actualizar y\/o cambiar en cualquier momento y sin previo aviso\u00a0<\/span><span data-contrast=\"auto\">estos t\u00e9rminos y condiciones,\u00a0<\/span><span data-contrast=\"auto\">informaciones<\/span><span data-contrast=\"auto\">, nombres, im\u00e1genes, fotos, logotipos e iconos que aparecen en este sitio web, o los productos y servicios mencionados en<\/span><span data-contrast=\"auto\">\u00a0este sitio web<\/span><span data-contrast=\"auto\">.<\/span><span data-ccp-props=\"{&quot;201341983&quot;:0,&quot;335551550&quot;:6,&quot;335551620&quot;:6,&quot;335559739&quot;:200,&quot;335559740&quot;:240}\">\u00a0<\/span><\/p>\n<p><span data-ccp-props=\"{&quot;201341983&quot;:0,&quot;335551550&quot;:6,&quot;335551620&quot;:6,&quot;335559739&quot;:200,&quot;335559740&quot;:240}\">\u00a0<\/span><\/p>\n<p><span data-contrast=\"auto\">Este sitio web\u00a0<\/span><span data-contrast=\"auto\">puede contener<\/span><span data-contrast=\"auto\">\u00a0enlaces o referencias a otros sitios web que no est\u00e1n\u00a0<\/span><span data-contrast=\"auto\">sujetas ni al control ni bajo la responsabilidad\u00a0<\/span><span data-contrast=\"auto\">de\u00a0<\/span><span data-contrast=\"auto\">BOSSA<\/span><span data-contrast=\"auto\">,\u00a0<\/span><span data-contrast=\"auto\">y por lo tanto,\u00a0<\/span><span data-contrast=\"auto\">asumi<\/span><span data-contrast=\"auto\">mos<\/span><span data-contrast=\"auto\">\u00a0ninguna responsabilidad\u00a0<\/span><span data-contrast=\"auto\">ni garant\u00eda\u00a0<\/span><span data-contrast=\"auto\">por enlaces a otros sitios web o enlaces contenidos en esos\u00a0<\/span><span data-contrast=\"auto\">otros\u00a0<\/span><span data-contrast=\"auto\">sitios.<\/span><span data-ccp-props=\"{&quot;201341983&quot;:0,&quot;335551550&quot;:6,&quot;335551620&quot;:6,&quot;335559739&quot;:200,&quot;335559740&quot;:240}\">\u00a0<\/span><\/p>\n<p><span data-ccp-props=\"{&quot;201341983&quot;:0,&quot;335551550&quot;:6,&quot;335551620&quot;:6,&quot;335559739&quot;:200,&quot;335559740&quot;:240}\">\u00a0<\/span><\/p>\n<p><span data-contrast=\"auto\">Usted acepta no a\u00f1adir, alterar, sustituir o modificar total o parcialmente cualquier informaci\u00f3n en este sitio web.<\/span><span data-ccp-props=\"{&quot;201341983&quot;:0,&quot;335551550&quot;:6,&quot;335551620&quot;:6,&quot;335559739&quot;:200,&quot;335559740&quot;:240}\">\u00a0<\/span><\/p>\n<p><span data-ccp-props=\"{&quot;201341983&quot;:0,&quot;335551550&quot;:6,&quot;335551620&quot;:6,&quot;335559739&quot;:200,&quot;335559740&quot;:240}\">\u00a0<\/span><\/p>\n<p><span data-contrast=\"auto\">Considerando que los datos financieros, tales como los informes anuales y estados financieros, que pueden estar contenidos en este sitio web, s\u00f3lo la versi\u00f3n escrita se puede considerar la versi\u00f3n aut\u00e9ntica.<\/span><span data-ccp-props=\"{&quot;201341983&quot;:0,&quot;335551550&quot;:6,&quot;335551620&quot;:6,&quot;335559739&quot;:200,&quot;335559740&quot;:240}\">\u00a0<\/span><\/p>\n<p><span data-ccp-props=\"{&quot;201341983&quot;:0,&quot;335551550&quot;:6,&quot;335551620&quot;:6,&quot;335559739&quot;:200,&quot;335559740&quot;:240}\">\u00a0<\/span><\/p>\n<p><b><span data-contrast=\"auto\">PROPIEDAD<\/span><\/b><b><span data-contrast=\"auto\">\u00a0INTELECTUAL<\/span><\/b><span data-ccp-props=\"{&quot;201341983&quot;:0,&quot;335551550&quot;:6,&quot;335551620&quot;:6,&quot;335559739&quot;:200,&quot;335559740&quot;:240}\">\u00a0<\/span><\/p>\n<p><span data-contrast=\"auto\">Por favor, t<\/span><span data-contrast=\"auto\">enga en cuenta que los materiales mostrados en este sitio web, incluyendo, sin limitaci\u00f3n, todos\u00a0<\/span><span data-contrast=\"auto\">los materiales\u00a0<\/span><span data-contrast=\"auto\">editorial<\/span><span data-contrast=\"auto\">es<\/span><span data-contrast=\"auto\">, fotogr\u00e1ficos, ilustraciones y otros materiales gr\u00e1ficos, y nombres, logotipos, marcas comerciales y marcas de servicio son propiedad de\u00a0<\/span><span data-contrast=\"auto\">nosotros\u00a0<\/span><span data-contrast=\"auto\">o cualquiera de\u00a0<\/span><span data-contrast=\"auto\">nuestras\u00a0<\/span><span data-contrast=\"auto\">subsidiarias, filiales o asociadas y est\u00e1n protegidos por derechos de autor, marcas registradas y otras leyes de propiedad intelectual.<\/span><span data-ccp-props=\"{&quot;201341983&quot;:0,&quot;335551550&quot;:6,&quot;335551620&quot;:6,&quot;335559739&quot;:200,&quot;335559740&quot;:240}\">\u00a0<\/span><\/p>\n<p><span data-ccp-props=\"{&quot;201341983&quot;:0,&quot;335551550&quot;:6,&quot;335551620&quot;:6,&quot;335559739&quot;:200,&quot;335559740&quot;:240}\">\u00a0<\/span><\/p>\n<p><span data-contrast=\"auto\">Otros nombres de compa\u00f1\u00edas mencionados en este sitio web debe<\/span><span data-contrast=\"auto\">n<\/span><span data-contrast=\"auto\">\u00a0contener las marcas comerciales de sus respectivos propietarios.\u00a0<\/span><span data-contrast=\"auto\">Usted no<\/span><span data-contrast=\"auto\">\u00a0tiene el consentimiento<\/span><span data-contrast=\"auto\">\u00a0<\/span><span data-contrast=\"auto\">para\u00a0<\/span><span data-contrast=\"auto\">reproducir, retransmitir, distribuir, difundir, vender, publicar, difundir o distribuir cualquier material o parte de lo que puede llegar\u00a0<\/span><span data-contrast=\"auto\">a copiar y\/o guardar en archivo<\/span><span data-contrast=\"auto\">, mediante medios electr\u00f3nicos o tradicionales, conocidos o a serene creados.<\/span><span data-ccp-props=\"{&quot;201341983&quot;:0,&quot;335551550&quot;:6,&quot;335551620&quot;:6,&quot;335559739&quot;:200,&quot;335559740&quot;:240}\">\u00a0<\/span><\/p>\n<p><span data-ccp-props=\"{&quot;201341983&quot;:0,&quot;335551550&quot;:6,&quot;335551620&quot;:6,&quot;335559737&quot;:150,&quot;335559739&quot;:200,&quot;335559740&quot;:240}\">\u00a0<\/span><\/p>\n<ul>\n<li data-leveltext=\"\u2022\" data-font=\"Calibri\" data-listid=\"3\" aria-setsize=\"-1\" data-aria-posinset=\"0\" data-aria-level=\"1\"><span data-contrast=\"auto\">I<\/span><span data-contrast=\"auto\">mprimir o\u00a0<\/span><span data-contrast=\"auto\">descargar<\/span><span data-contrast=\"auto\">\u00a0materiales\u00a0<\/span><span data-contrast=\"auto\">de este sitio web\u00a0<\/span><span data-contrast=\"auto\">para fines no comerciales, informativos y personales; o;<\/span><span data-ccp-props=\"{&quot;134233279&quot;:true,&quot;201341983&quot;:0,&quot;335551550&quot;:6,&quot;335551620&quot;:6,&quot;335559739&quot;:200,&quot;335559740&quot;:240}\">\u00a0<\/span><\/li>\n<li data-leveltext=\"\u2022\" data-font=\"Calibri\" data-listid=\"3\" aria-setsize=\"-1\" data-aria-posinset=\"0\" data-aria-level=\"1\"><span data-contrast=\"auto\">Copiar<\/span><span data-contrast=\"auto\">\u00a0el material\u00a0<\/span><span data-contrast=\"auto\">de<\/span><span data-contrast=\"auto\">\u00a0este sitio web con el prop\u00f3sito de enviarlo, sin objetivo comercial, a las partes individuales\u00a0<\/span><span data-contrast=\"auto\">para informaciones<\/span><span data-contrast=\"auto\">\u00a0personal<\/span><span data-contrast=\"auto\">es<\/span><span data-contrast=\"auto\">\u00a0proporcionada<\/span><span data-contrast=\"auto\">s<\/span><span data-contrast=\"auto\">, reconociendo\u00a0<\/span><span data-contrast=\"auto\">nosotros\u00a0<\/span><span data-contrast=\"auto\">como la fuente del material y que\u00a0<\/span><span data-contrast=\"auto\">Usted\u00a0<\/span><span data-contrast=\"auto\">informe a los terceros\u00a0<\/span><span data-contrast=\"auto\">que estos t\u00e9rminos y\u00a0<\/span><span data-contrast=\"auto\">condiciones se aplican a ellos y que\u00a0<\/span><span data-contrast=\"auto\">los mismos\u00a0<\/span><span data-contrast=\"auto\">deben estar de acuerdo con ellos.<\/span><span data-ccp-props=\"{&quot;134233279&quot;:true,&quot;201341983&quot;:0,&quot;335551550&quot;:6,&quot;335551620&quot;:6,&quot;335559739&quot;:200,&quot;335559740&quot;:240}\">\u00a0<\/span><\/li>\n<\/ul>\n<p><span data-ccp-props=\"{&quot;201341983&quot;:0,&quot;335551550&quot;:6,&quot;335551620&quot;:6,&quot;335559739&quot;:200,&quot;335559740&quot;:240}\">\u00a0<\/span><\/p>\n<p><span data-contrast=\"auto\">Nada de lo aqu\u00ed\u00a0<\/span><span data-contrast=\"auto\">contenido\u00a0<\/span><span data-contrast=\"auto\">d<\/span><span data-contrast=\"auto\">ebe interpretarse como concedido<\/span><span data-contrast=\"auto\">s por implicaci\u00f3n, impedimento o de otro modo, de cualquier licencia o derecho bajo cualquier patente o marcas comerciales de\u00a0<\/span><span data-contrast=\"auto\">BOSSA<\/span><span data-contrast=\"auto\">\u202f<\/span><span data-contrast=\"auto\">o por terceros.<\/span><span data-ccp-props=\"{&quot;201341983&quot;:0,&quot;335551550&quot;:6,&quot;335551620&quot;:6,&quot;335559739&quot;:200,&quot;335559740&quot;:240}\">\u00a0<\/span><\/p>\n<p><span data-ccp-props=\"{&quot;201341983&quot;:0,&quot;335551550&quot;:6,&quot;335551620&quot;:6,&quot;335559739&quot;:200,&quot;335559740&quot;:240}\">\u00a0<\/span><\/p>\n<p><span data-contrast=\"auto\">A excepci\u00f3n de lo claramente\u00a0<\/span><span data-contrast=\"auto\">estipulado\u00a0<\/span><span data-contrast=\"auto\">arriba, nada\u00a0<\/span><span data-contrast=\"auto\">del\u00a0<\/span><span data-contrast=\"auto\">contenido aqu\u00ed\u00a0<\/span><span data-contrast=\"auto\">deber\u00e1 ser<\/span><span data-contrast=\"auto\">\u00a0interpretado como una concesi\u00f3n de cualquier licencia o derecho de autor u otros derechos de propiedad intelectual con respecto a cualquier informaci\u00f3n, datos, productos o servicios.<\/span><span data-ccp-props=\"{&quot;201341983&quot;:0,&quot;335551550&quot;:6,&quot;335551620&quot;:6,&quot;335559739&quot;:200,&quot;335559740&quot;:240}\">\u00a0<\/span><\/p>\n<p><span data-ccp-props=\"{&quot;201341983&quot;:0,&quot;335551550&quot;:6,&quot;335551620&quot;:6,&quot;335559739&quot;:200,&quot;335559740&quot;:240}\">\u00a0<\/span><\/p>\n<p><b><span data-contrast=\"auto\">LEY APLICABLE Y JURISDICCI\u00d3N<\/span><\/b><span data-ccp-props=\"{&quot;201341983&quot;:0,&quot;335551550&quot;:6,&quot;335551620&quot;:6,&quot;335559739&quot;:200,&quot;335559740&quot;:240}\">\u00a0<\/span><\/p>\n<p><span data-contrast=\"auto\">Estos t\u00e9rminos y condiciones\u00a0<\/span><span data-contrast=\"auto\">ser\u00e1n\u00a0 regidos, construidos y ejecutado<\/span><span data-contrast=\"auto\">s de conformidad con la legislaci\u00f3n brasile\u00f1a. Cualquier y todas las disputas planteadas aqu\u00ed deben presentarse y resolverse de manera concluyente por las \u00e1reas competentes de Brasil, exclusivamente.<\/span><span data-ccp-props=\"{&quot;201341983&quot;:0,&quot;335551550&quot;:6,&quot;335551620&quot;:6,&quot;335559739&quot;:200,&quot;335559740&quot;:240}\">\u00a0<\/span><\/p>\n","protected":false},"excerpt":{"rendered":"<p>WEBSITE DISCLAIMER (Descargo de responsabilidad) DERECHO DE AUTOR Y DESCARGO DE RESPONSABILIDAD\u00a0 \u00a0 T\u00c9RMINOS Y CONDICIONES DE USO\u00a0 Usted no debe acceder a este sitio web o utilizar las informaciones contenidas en el mismo sin la previa aceptaci\u00f3n de estos t\u00e9rminos y condiciones. Al acceder y utilizar este sitio web o el uso de las<\/p>\n<div class=\"read-more\"><a href=\"https:\/\/www.bbmag.co.uk\/es\/descargo-de-responsabilidad\/\" title=\"Read More\">Read More<\/a><\/div>\n","protected":false},"author":38,"featured_media":0,"parent":0,"menu_order":0,"comment_status":"closed","ping_status":"closed","template":"","meta":{"footnotes":""},"class_list":["post-23536","page","type-page","status-publish"],"jetpack-related-posts":[],"jetpack_sharing_enabled":true,"_links":{"self":[{"href":"https:\/\/www.bbmag.co.uk\/es\/wp-json\/wp\/v2\/pages\/23536","targetHints":{"allow":["GET"]}}],"collection":[{"href":"https:\/\/www.bbmag.co.uk\/es\/wp-json\/wp\/v2\/pages"}],"about":[{"href":"https:\/\/www.bbmag.co.uk\/es\/wp-json\/wp\/v2\/types\/page"}],"author":[{"embeddable":true,"href":"https:\/\/www.bbmag.co.uk\/es\/wp-json\/wp\/v2\/users\/38"}],"replies":[{"embeddable":true,"href":"https:\/\/www.bbmag.co.uk\/es\/wp-json\/wp\/v2\/comments?post=23536"}],"version-history":[{"count":0,"href":"https:\/\/www.bbmag.co.uk\/es\/wp-json\/wp\/v2\/pages\/23536\/revisions"}],"wp:attachment":[{"href":"https:\/\/www.bbmag.co.uk\/es\/wp-json\/wp\/v2\/media?parent=23536"}],"curies":[{"name":"wp","href":"https:\/\/api.w.org\/{rel}","templated":true}]}}