{"id":24256,"date":"2020-11-17T14:20:54","date_gmt":"2020-11-17T14:20:54","guid":{"rendered":"https:\/\/www.bbmag.co.uk\/?page_id=24256"},"modified":"2021-06-04T13:55:26","modified_gmt":"2021-06-04T12:55:26","slug":"acerca-de-nosotros","status":"publish","type":"page","link":"https:\/\/www.bbmag.co.uk\/es\/acerca-de-nosotros\/","title":{"rendered":"Acerca de nosotros"},"content":{"rendered":"<p><b>BBMAG \u2013 INTERCAMBIO CULTURAL<\/b><\/p>\n<p>BBMag es la \u00fanica publicaci\u00f3n biling\u00fce (anglobrasile\u00f1a y anglohisp\u00e1nica) con sede en Londres dedicada a la promoci\u00f3n del estilo de vida, los viajes, el turismo y la cultura internacionales.<\/p>\n<p>BBMag se distribuye a lectores del Reino Unido sin costo, lo que garantiza que el alcance y el impacto de nuestros patrocinadores y socios publicitarios se maximicen entre esta audiencia tan espec\u00edfica. Nuestra distribuci\u00f3n est\u00e1 compuesta principalmente por gobiernos y entidades, organizaciones de la industria, bares y restaurantes, centros de arte, escuelas, cines, teatros, espect\u00e1culos, festivales, lugares para eventos y m\u00e1s. BBMAG Digital llega a m\u00e1s de 800,000 personas mensualmente a trav\u00e9s de nuestras campa\u00f1as en las redes sociales.<\/p>\n<p><b><br \/>\n\u00bfQUI\u00c9N ES BOSSA?<\/b><\/p>\n<p>Bossa es una agencia de marketing internacional que se especializa en la promoci\u00f3n de viajes y experiencias culturales \u00fanicas, con una pasi\u00f3n, creatividad y estilo que representan nuestras ra\u00edces latinas.<\/p>\n<p>Creamos oportunidades de negocios a trav\u00e9s de la amplia experiencia de nuestro equipo altamente calificado con estrategias y campa\u00f1as innovadoras y creativas. Todo esto garantiza a nuestros clientes un lugar destacado en los mercados competitivos.<\/p>\n<p>&nbsp;<\/p>\n<p><strong>\u00a1TURISMO ES NUESTRO FUERTE!<\/strong><br \/>\nTenemos m\u00e1s de 20 a\u00f1os de experiencia y conocimiento en la industria de viajes y turismo en los mercados brit\u00e1nico, europeo, sudamericano y brasile\u00f1o. Con un equipo altamente calificado en este sector que trabaja junto a varias oficinas de turismo nacionales y regionales, Bossa ofrece a sus clientes un amplio conocimiento y profesionalismo.<\/p>\n<p>El experimentado equipo de ventas de Bossa maneja el marketing enfocado a promociones, posicionamiento de productos y distribuci\u00f3n. Somos expertos en desarrollar campa\u00f1as para consumidores e industria del turismo que son innovadoras, exitosas y direccionadas para destacar nuestros clientes en mercados competitivos. Ya sea por medio del marketing tradicional y medios de publicidad, marketing digital o en las redes sociales, Bossa puede adecuar las campa\u00f1as a las necesidades individuales y espec\u00edficas de cada cliente.<\/p>\n<p>&nbsp;<\/p>\n<p><em><strong>PERO, DESPU\u00c9S DE TODO, \u00bfQU\u00c9 ES SER \u201cBOSSA\u201d?<\/strong><\/em><\/p>\n<p><em>\u00a1Bossa es un estilo! Es hacer las cosas con instinto y talento natural. Mezclar lo clasico con lo moderno. Hacer todo con pasi\u00f3n, dedicaci\u00f3n, creatividad e inovaci\u00f3n. As\u00ed trabajamos, \u00a1somos \u201cBossa\u201d!<\/em><\/p>\n","protected":false},"excerpt":{"rendered":"<p>BBMAG \u2013 INTERCAMBIO CULTURAL BBMag es la \u00fanica publicaci\u00f3n biling\u00fce (anglobrasile\u00f1a y anglohisp\u00e1nica) con sede en Londres dedicada a la promoci\u00f3n del estilo de vida, los viajes, el turismo y la cultura internacionales. BBMag se distribuye a lectores del Reino Unido sin costo, lo que garantiza que el alcance y el impacto de nuestros patrocinadores<\/p>\n<div class=\"read-more\"><a href=\"https:\/\/www.bbmag.co.uk\/es\/acerca-de-nosotros\/\" title=\"Read More\">Read More<\/a><\/div>\n","protected":false},"author":38,"featured_media":0,"parent":0,"menu_order":0,"comment_status":"closed","ping_status":"closed","template":"","meta":{"footnotes":""},"class_list":["post-24256","page","type-page","status-publish"],"jetpack-related-posts":[],"jetpack_sharing_enabled":true,"_links":{"self":[{"href":"https:\/\/www.bbmag.co.uk\/es\/wp-json\/wp\/v2\/pages\/24256","targetHints":{"allow":["GET"]}}],"collection":[{"href":"https:\/\/www.bbmag.co.uk\/es\/wp-json\/wp\/v2\/pages"}],"about":[{"href":"https:\/\/www.bbmag.co.uk\/es\/wp-json\/wp\/v2\/types\/page"}],"author":[{"embeddable":true,"href":"https:\/\/www.bbmag.co.uk\/es\/wp-json\/wp\/v2\/users\/38"}],"replies":[{"embeddable":true,"href":"https:\/\/www.bbmag.co.uk\/es\/wp-json\/wp\/v2\/comments?post=24256"}],"version-history":[{"count":0,"href":"https:\/\/www.bbmag.co.uk\/es\/wp-json\/wp\/v2\/pages\/24256\/revisions"}],"wp:attachment":[{"href":"https:\/\/www.bbmag.co.uk\/es\/wp-json\/wp\/v2\/media?parent=24256"}],"curies":[{"name":"wp","href":"https:\/\/api.w.org\/{rel}","templated":true}]}}