{"id":24259,"date":"2020-11-17T14:28:16","date_gmt":"2020-11-17T14:28:16","guid":{"rendered":"https:\/\/www.bbmag.co.uk\/?page_id=24259"},"modified":"2021-10-04T15:22:07","modified_gmt":"2021-10-04T14:22:07","slug":"publicidad-con-nosotros","status":"publish","type":"page","link":"https:\/\/www.bbmag.co.uk\/es\/publicidad-con-nosotros\/","title":{"rendered":"Publicidad con nosotros"},"content":{"rendered":"<p><a href=\"https:\/\/www.bbmag.co.uk\/wp-content\/uploads\/2021\/10\/BBMAG-Media-Pack-ES-Digital-y-Online-2022-AMERICA-LATINA-BRASIL-SITE.pdf\"><img decoding=\"async\" class=\"aligncenter wp-image-23583 size-full\" src=\"https:\/\/www.bbmag.co.uk\/wp-content\/uploads\/2020\/10\/Slide1.png\" alt=\"BBMag Media Pack 2020\/2021\" width=\"1122\" height=\"793\" srcset=\"https:\/\/www.bbmag.co.uk\/wp-content\/uploads\/2020\/10\/Slide1.png 1122w, https:\/\/www.bbmag.co.uk\/wp-content\/uploads\/2020\/10\/Slide1-300x212.png 300w, https:\/\/www.bbmag.co.uk\/wp-content\/uploads\/2020\/10\/Slide1-1024x724.png 1024w, https:\/\/www.bbmag.co.uk\/wp-content\/uploads\/2020\/10\/Slide1-768x543.png 768w\" sizes=\"(max-width: 1122px) 100vw, 1122px\" \/><\/a><\/p>\n<p style=\"text-align: center;\"><a href=\"https:\/\/www.bbmag.co.uk\/wp-content\/uploads\/2021\/10\/BBMAG-Media-Pack-ES-Digital-y-Online-2022-AMERICA-LATINA-BRASIL-SITE.pdf\" target=\"_blank\" rel=\"noopener noreferrer\"><strong>Accede aqu\u00ed para descargar nuestro paquete multimedia<\/strong><\/a><\/p>\n<p>&nbsp;<\/p>\n<p style=\"text-align: justify;\"><span style=\"color: #000080;\"><strong>Por qu\u00e9 anunciarse en BBMag<br \/>\n<\/strong><\/span>Es la forma ideal de promocionar su destino de viaje, negocios y servicios a una audiencia muy espec\u00edfica compuesta por un 40% de comunidades de habla portuguesa y de habla hispana que viven y trabajan en el Reino Unido y el 60% de las audiencias brit\u00e1nicas e internacionales con sede en el Reino Unido, Europa y Am\u00e9rica Latina.<\/p>\n<p>&nbsp;<\/p>\n<p style=\"text-align: justify;\"><strong><span style=\"color: #000080;\">Las ventajas de la publicidad en BBMag<br \/>\n<\/span><\/strong>Ofrecemos tarifas atractivas para planificar su presupuesto y obtener una visibilidad s\u00f3lida y consistente. Somos flexibles en cuanto a posicionamiento en las p\u00e1ginas y dise\u00f1o. Al anunciarnos con nosotros tambi\u00e9n lo incluiremos en nuestra secci\u00f3n de Clasificados de la revista, sin cargo adicional, e incluso le daremos un banner en el sitio web. Su anuncio recibir\u00e1 alta prioridad en el Directorio de Negocios BBMag con un perfil que describa sus servicios y empresa como uno de nuestros socios comerciales, adem\u00e1s de incluir su negocio en nuestras campa\u00f1as promocionales en las plataformas de redes sociales. Podemos garantizar que su anuncio obtendr\u00e1 la m\u00e1xima exposici\u00f3n posible durante el per\u00edodo de la campa\u00f1a.<\/p>\n<p>&nbsp;<\/p>\n<p style=\"text-align: justify;\"><span style=\"color: #000080;\"><strong>Somos especialistas en Estilo de Vida, Viajes y Turismo<br \/>\n<\/strong><\/span>Debe asegurarse de que su negocio o producto se dirija exactamente a las personas adecuadas. Ya sea que su rama de actividad sean destinos tur\u00edsticos, aerol\u00edneas, restaurantes o servicios profesionales, puede contar con la experiencia de nuestro equipo comercial para llegar a su p\u00fablico objetivo.<\/p>\n<p>&nbsp;<\/p>\n<p style=\"text-align: justify;\"><strong><span style=\"color: #000080;\">BBMag Ediciones Impresas<br \/>\n<\/span><\/strong>Imprimimos ediciones especiales durante todo el a\u00f1o con 20,000 ejemplares que llegan a m\u00e1s de 60,000 lectores por edici\u00f3n y se distribuyen de forma gratuita en ubicaciones estrat\u00e9gicas de Londres y sus alrededores, incluidas organizaciones gubernamentales, caf\u00e9s, bares, restaurantes, tiendas, centros de arte y exposiciones, agencias de viajes y teatros lo que garantiza la m\u00e1xima exposici\u00f3n para nuestros anunciantes.<\/p>\n<p>&nbsp;<\/p>\n<p style=\"text-align: justify;\"><span style=\"color: #000080;\"><strong>BBMag Digital<br \/>\n<\/strong><\/span>Un sitio web 100% interactivo vinculado a las mayores plataformas de las redes sociales, actualizado peri\u00f3dicamente con informaci\u00f3n sobre lo que sucede en el Reino Unido y en el mundo. A trav\u00e9s de nuestras campa\u00f1as de redes sociales, llegamos a m\u00e1s de 800,000 por mes. El sitio se ofrece en ingl\u00e9s, portugu\u00e9s y espa\u00f1ol.<\/p>\n<p>&nbsp;<\/p>\n<p style=\"text-align: justify;\"><span style=\"color: #000080;\"><strong>Directorio de Negocios BBMag<br \/>\n<\/strong><\/span>En la BBMAG Digital tambi\u00e9n encontrar\u00e1 nuestro Directorio de Negocios BBMag, que ya se ha establecido como referencia cuando se trata de listados de proveedores de servicios y productos en Londres. \u00a1Tu anuncio tambi\u00e9n podr\u00eda estar aqu\u00ed!<\/p>\n<p>&nbsp;<\/p>\n<h3 style=\"text-align: center;\"><a href=\"\/?page_id=7239\"><strong><a href=\"https:\/\/www.bbmag.co.uk\/es\/publications\/\" class=\"sc-button sc-button-default\"><span>CHECA NUESTRAS EDICIONES AQU\u00cd<\/span><\/a><\/strong><\/a><\/h3>\n<h1 style=\"text-align: justify;\"><strong><span style=\"color: #000080;\">\u00bfQue est\u00e1s esperando? \u00a1Cont\u00e1ctenos! Completa el siguiente formulario:<\/span><\/strong><\/h1>\n\n<div class=\"wpcf7 no-js\" id=\"wpcf7-f480-o1\" lang=\"en-US\" dir=\"ltr\" data-wpcf7-id=\"480\">\n<div class=\"screen-reader-response\"><p role=\"status\" aria-live=\"polite\" aria-atomic=\"true\"><\/p> <ul><\/ul><\/div>\n<form action=\"\/es\/wp-json\/wp\/v2\/pages\/24259#wpcf7-f480-o1\" method=\"post\" class=\"wpcf7-form init\" aria-label=\"Contact form\" novalidate=\"novalidate\" data-status=\"init\">\n<fieldset class=\"hidden-fields-container\"><input type=\"hidden\" name=\"_wpcf7\" value=\"480\" \/><input type=\"hidden\" name=\"_wpcf7_version\" value=\"6.1.5\" \/><input type=\"hidden\" name=\"_wpcf7_locale\" value=\"en_US\" \/><input type=\"hidden\" name=\"_wpcf7_unit_tag\" value=\"wpcf7-f480-o1\" \/><input type=\"hidden\" name=\"_wpcf7_container_post\" value=\"0\" \/><input type=\"hidden\" name=\"_wpcf7_posted_data_hash\" value=\"\" \/><input type=\"hidden\" name=\"_wpcf7_recaptcha_response\" value=\"\" \/>\n<\/fieldset>\n<p><span class=\"wpcf7-form-control-wrap\" data-name=\"firstname\"><input size=\"40\" maxlength=\"400\" class=\"wpcf7-form-control wpcf7-text wpcf7-validates-as-required nodigit\" aria-required=\"true\" aria-invalid=\"false\" placeholder=\"First name\" value=\"\" type=\"text\" name=\"firstname\" \/><\/span>\n<\/p>\n<p><span class=\"wpcf7-form-control-wrap\" data-name=\"lastname\"><input size=\"40\" maxlength=\"400\" class=\"wpcf7-form-control wpcf7-text wpcf7-validates-as-required nodigit\" aria-required=\"true\" aria-invalid=\"false\" placeholder=\"Last name\" value=\"\" type=\"text\" name=\"lastname\" \/><\/span>\n<\/p>\n<p><span class=\"wpcf7-form-control-wrap\" data-name=\"your-email\"><input size=\"40\" maxlength=\"400\" class=\"wpcf7-form-control wpcf7-email wpcf7-validates-as-required wpcf7-text wpcf7-validates-as-email\" aria-required=\"true\" aria-invalid=\"false\" placeholder=\"Your Email\" value=\"\" type=\"email\" name=\"your-email\" \/><\/span>\n<\/p>\n<p><span class=\"wpcf7-form-control-wrap\" data-name=\"Telephone\"><input size=\"40\" maxlength=\"400\" class=\"wpcf7-form-control wpcf7-tel wpcf7-validates-as-required wpcf7-text wpcf7-validates-as-tel\" aria-required=\"true\" aria-invalid=\"false\" placeholder=\"Telephone\" value=\"\" type=\"tel\" name=\"Telephone\" \/><\/span>\n<\/p>\n<p>Department: <span class=\"wpcf7-form-control-wrap\" data-name=\"type\"><select class=\"wpcf7-form-control wpcf7-select wpcf7-validates-as-required\" aria-required=\"true\" aria-invalid=\"false\" name=\"type\"><option value=\"General\">General<\/option><option value=\"Advertisement\">Advertisement<\/option><option value=\"Editorial\">Editorial<\/option><\/select><\/span>\n<\/p>\n<p><span class=\"wpcf7-form-control-wrap\" data-name=\"your-subject\"><input size=\"40\" maxlength=\"400\" class=\"wpcf7-form-control wpcf7-text\" aria-invalid=\"false\" placeholder=\"Subject\" value=\"\" type=\"text\" name=\"your-subject\" \/><\/span>\n<\/p>\n<p><span class=\"wpcf7-form-control-wrap\" data-name=\"your-message\"><textarea cols=\"40\" rows=\"10\" maxlength=\"2000\" class=\"wpcf7-form-control wpcf7-textarea\" aria-invalid=\"false\" placeholder=\"Your Message\" name=\"your-message\"><\/textarea><\/span>\n<\/p>\n<p>\n\n<\/p>\n<p><span class=\"wpcf7-form-control-wrap\" data-name=\"checkbox-adv\"><span class=\"wpcf7-form-control wpcf7-checkbox checkbox-adv\" id=\"checkbox-adv\"><\/span><\/span>\n<\/p>\n<p><input class=\"wpcf7-form-control wpcf7-submit has-spinner submit-button\" type=\"submit\" value=\"Send Message\" \/>\n<\/p><div class=\"wpcf7-response-output\" aria-hidden=\"true\"><\/div>\n<\/form>\n<\/div>\n\n","protected":false},"excerpt":{"rendered":"<p>Accede aqu\u00ed para descargar nuestro paquete multimedia &nbsp; Por qu\u00e9 anunciarse en BBMag Es la forma ideal de promocionar su destino de viaje, negocios y servicios a una audiencia muy espec\u00edfica compuesta por un 40% de comunidades de habla portuguesa y de habla hispana que viven y trabajan en el Reino Unido y el 60%<\/p>\n<div class=\"read-more\"><a href=\"https:\/\/www.bbmag.co.uk\/es\/publicidad-con-nosotros\/\" title=\"Read More\">Read More<\/a><\/div>\n","protected":false},"author":38,"featured_media":0,"parent":0,"menu_order":0,"comment_status":"closed","ping_status":"closed","template":"","meta":{"footnotes":""},"class_list":["post-24259","page","type-page","status-publish"],"jetpack-related-posts":[],"jetpack_sharing_enabled":true,"_links":{"self":[{"href":"https:\/\/www.bbmag.co.uk\/es\/wp-json\/wp\/v2\/pages\/24259","targetHints":{"allow":["GET"]}}],"collection":[{"href":"https:\/\/www.bbmag.co.uk\/es\/wp-json\/wp\/v2\/pages"}],"about":[{"href":"https:\/\/www.bbmag.co.uk\/es\/wp-json\/wp\/v2\/types\/page"}],"author":[{"embeddable":true,"href":"https:\/\/www.bbmag.co.uk\/es\/wp-json\/wp\/v2\/users\/38"}],"replies":[{"embeddable":true,"href":"https:\/\/www.bbmag.co.uk\/es\/wp-json\/wp\/v2\/comments?post=24259"}],"version-history":[{"count":0,"href":"https:\/\/www.bbmag.co.uk\/es\/wp-json\/wp\/v2\/pages\/24259\/revisions"}],"wp:attachment":[{"href":"https:\/\/www.bbmag.co.uk\/es\/wp-json\/wp\/v2\/media?parent=24259"}],"curies":[{"name":"wp","href":"https:\/\/api.w.org\/{rel}","templated":true}]}}