{"id":26042,"date":"2021-05-14T14:28:16","date_gmt":"2021-05-14T13:28:16","guid":{"rendered":"https:\/\/www.bbmag.co.uk\/?page_id=26042"},"modified":"2021-07-08T13:31:53","modified_gmt":"2021-07-08T12:31:53","slug":"ediciones","status":"publish","type":"page","link":"https:\/\/www.bbmag.co.uk\/es\/ediciones\/","title":{"rendered":"Ediciones"},"content":{"rendered":"<p><strong>Vea abajo las \u00faltimas ediciones de BBMag \u2013 Bossa Latinos Magazine y Bossa Brazil Magazine, la \u00fanica revista de estilo de vida latino y brasile\u00f1o biling\u00fce en Londres y Reino Unido:<\/strong><\/p>\n","protected":false},"excerpt":{"rendered":"<p>Vea abajo las \u00faltimas ediciones de BBMag \u2013 Bossa Latinos Magazine y Bossa Brazil Magazine, la \u00fanica revista de estilo de vida latino y brasile\u00f1o biling\u00fce en Londres y Reino Unido:<\/p>\n","protected":false},"author":56,"featured_media":24369,"parent":0,"menu_order":0,"comment_status":"closed","ping_status":"closed","template":"partials\/publications.php","meta":{"footnotes":""},"class_list":["post-26042","page","type-page","status-publish","has-post-thumbnail"],"jetpack-related-posts":[],"jetpack_sharing_enabled":true,"_links":{"self":[{"href":"https:\/\/www.bbmag.co.uk\/es\/wp-json\/wp\/v2\/pages\/26042","targetHints":{"allow":["GET"]}}],"collection":[{"href":"https:\/\/www.bbmag.co.uk\/es\/wp-json\/wp\/v2\/pages"}],"about":[{"href":"https:\/\/www.bbmag.co.uk\/es\/wp-json\/wp\/v2\/types\/page"}],"author":[{"embeddable":true,"href":"https:\/\/www.bbmag.co.uk\/es\/wp-json\/wp\/v2\/users\/56"}],"replies":[{"embeddable":true,"href":"https:\/\/www.bbmag.co.uk\/es\/wp-json\/wp\/v2\/comments?post=26042"}],"version-history":[{"count":0,"href":"https:\/\/www.bbmag.co.uk\/es\/wp-json\/wp\/v2\/pages\/26042\/revisions"}],"wp:featuredmedia":[{"embeddable":true,"href":"https:\/\/www.bbmag.co.uk\/es\/wp-json\/wp\/v2\/media\/24369"}],"wp:attachment":[{"href":"https:\/\/www.bbmag.co.uk\/es\/wp-json\/wp\/v2\/media?parent=26042"}],"curies":[{"name":"wp","href":"https:\/\/api.w.org\/{rel}","templated":true}]}}