{"id":10104,"date":"2016-10-18T18:50:33","date_gmt":"2016-10-18T17:50:33","guid":{"rendered":"http:\/\/www.bbmag.co.uk\/pt-br\/?page_id=10104"},"modified":"2019-08-07T13:43:45","modified_gmt":"2019-08-07T12:43:45","slug":"financas-londres","status":"publish","type":"page","link":"https:\/\/www.bbmag.co.uk\/pt-br\/financas-londres\/","title":{"rendered":"Finan\u00e7as em Londres e no Reino Unido"},"content":{"rendered":"<p style=\"text-align: justify;\"><div class=\"row cf\"><div class=\"column one-1\"><\/div><div class=\"column two-third\"><div class=\"row cf\"><\/div>\n<div class=\"column one-1\"><\/div>\n<p><img decoding=\"async\" class=\"alignnone wp-image-15688 size-full\" src=\"http:\/\/www.bbmag.co.uk\/wp-content\/uploads\/2016\/12\/finances.jpg\" alt=\"\" width=\"702\" height=\"336\" srcset=\"https:\/\/www.bbmag.co.uk\/wp-content\/uploads\/2016\/12\/finances.jpg 702w, https:\/\/www.bbmag.co.uk\/wp-content\/uploads\/2016\/12\/finances-300x144.jpg 300w, https:\/\/www.bbmag.co.uk\/wp-content\/uploads\/2016\/12\/finances-610x292.jpg 610w\" sizes=\"(max-width: 702px) 100vw, 702px\" \/><\/p>\n<h1 style=\"font-size: 15px; text-align: center;\">Finan\u00e7as em Londres e no Reino Unido<\/h1>\n<h2 style=\"font-size: 15px; text-align: justify;\"><\/h2>\n<p>Se voc\u00ea procura por <strong>consultoria em finan\u00e7as<\/strong> ou <strong>assist\u00eancia financeira para brasileiros em Londres<\/strong>, cr\u00e9ditos, financiamentos, ajuda com a organiza\u00e7\u00e3o de suas finan\u00e7as ou assuntos financeiros <strong>para brasileiros em Londres e no Reino Unido<\/strong>, ou mesmo fal\u00eancia, confira esta lista que preparamos para voc\u00ea com op\u00e7\u00f5es desses servi\u00e7os no Reino Unido!<\/p>\n<p style=\"text-align: justify;\">Ao contatar os anunciantes e parceiros da BBMag, <strong>mencione sempre a revista Bossa Brazil Magazine (BBMAG)<\/strong>, sua revista brasileira em Londres para receber pre\u00e7os e condi\u00e7\u00f5es especiais.<\/p>\n<p><span style=\"color: #0000ff;\"><a style=\"color: #0000ff;\" href=\"\/?page_id=7799\"><u>Voltar \u00e0 p\u00e1gina principal do BBMag Diret\u00f3rio de Neg\u00f3cios<\/u><\/a><\/span><\/p>\n<p class=\"p1\"><strong><span class=\"s1\">Confira os parceiros da BBMAG:<\/span><\/strong><\/p>\n<table style=\"margin-bottom: 15px;\" width=\"100%\">\n<tbody>\n<tr style=\"border-width: 2px; border-style: solid;\">\n<td style=\"background-color: #ddebff;\" width=\"40%\"><a href=\"\/?page_id=11175\" target=\"_blank\" rel=\"noopener noreferrer\"><img decoding=\"async\" class=\"size-full wp-image-15464 aligncenter\" src=\"http:\/\/www.bbmag.co.uk\/wp-content\/uploads\/2016\/09\/aspect-1.png\" alt=\"\" width=\"188\" height=\"122\" \/><\/a><\/td>\n<td style=\"background-color: #ddebff;\" width=\"40%\"><a href=\"\/?page_id=11175\" target=\"_blank\" rel=\"noopener noreferrer\"><span style=\"color: #000000;\"><b>ASPECT PLUS<\/b><\/span><\/a><br \/>\n40a STATION ROAD UPMINSTER<br \/>\nESSEX RM14 2TR<br \/>\n<a href=\"tel:0800 988 1897\">0800 988 1897<\/a><br \/>\n<span style=\"color: #0000ff;\"> <a style=\"color: #0000ff;\" href=\"http:\/\/www.aspectplus.co.uk\/\" target=\"_blank\" rel=\"noopener noreferrer\">www.aspectplus.co.uk\/<\/a><\/span><\/td>\n<td style=\"background-color: #ddebff;\" width=\"20%\"><center><span style=\"color: #db4b4b;\"><a style=\"color: #db4b4b;\" href=\"\/?page_id=11175\" target=\"_blank\" rel=\"noopener noreferrer\"><i class=\"fa fa-search fa-2x\" style=\"color: blue;\"><\/i><br \/>\n<span style=\"color: #0000ff;\"> Ver<\/span><\/a><\/span><\/center><\/td>\n<\/tr>\n<\/tbody>\n<\/table>\n<p class=\"p1\"><em>Quer fazer parte desta lista principal e ganhar maior destaque para o seu neg\u00f3cio? Entre em contato <span style=\"color: #000080;\"><strong><a style=\"color: #000080;\" href=\"\/?page_id=2681\">conosco<\/a>!<\/strong><\/span><\/em><\/p>\n<p class=\"p1\"><strong><span class=\"s1\">BBMAG Diret\u00f3rio<\/span><\/strong><\/p>\n<table width=\"100%\">\n<tbody>\n<tr>\n<td><span style=\"color: #0000ff;\"><a style=\"color: #0000ff;\" href=\"\/?page_id=11175\" target=\"_blank\" rel=\"noopener noreferrer\"><strong>ASPECT PLUS<\/strong><\/a><\/span><\/td>\n<td><span style=\"color: #0000ff;\"><strong><a style=\"color: #0000ff;\" href=\"tel:0800 988 1897\">0800 988 1897<\/a><\/strong><\/span><\/td>\n<\/tr>\n<\/tbody>\n<\/table>\n<\/div><div class=\"column one-third\">\n<a href=\"http:\/\/www.aspectplus.co.uk\/\"><img decoding=\"async\" class=\"size-full wp-image-12459 aligncenter\" src=\"http:\/\/www.bbmag.co.uk\/wp-content\/uploads\/2017\/01\/AspectPlus300x250.jpg\" alt=\"\" width=\"300\" height=\"250\" \/><\/a><!-- Either there are no banners, they are disabled or none qualified for this location! -->\n<\/div><\/div>\n<div class=\"sc-toggle\"><div class=\"sc-toggle-title\"><a href=\"#\">SAIBA MAIS<\/a><\/div><div class=\"sc-toggle-content\">\n<p>Finan\u00e7as n\u00e3o \u00e9 um assunto f\u00e1cil, ainda mais quando se mora em um pa\u00eds diferente.<\/p>\n<p style=\"text-align: justify;\">Procuramos por profissionais especializados em assist\u00eancia financeira quando precisamos de conselhos profissionais sobre investimentos, quando queremos saber mais sobre os programas de cr\u00e9dito dispon\u00edveis no mercado, quando precisamos de empr\u00e9stimos pessoais ou de assist\u00eancia para organizar finan\u00e7as empresariais ou pessoais e principalmente quando estamos em dificuldades com as nossas finan\u00e7as.<\/p>\n<p style=\"text-align: justify;\">Com diversas empresas trabalhando neste setor no Reino Unido, muitas vezes faltam informa\u00e7\u00f5es sobre onde encontrar profissionais que entendam e estejam preparados para atender com maior aten\u00e7\u00e3o aos brasileiros que moram no pa\u00eds.<\/p>\n<p style=\"text-align: justify;\">Na pr\u00e1tica, as consultorias financeiras iniciam com diagn\u00f3sticos do modelo de gest\u00e3o das finan\u00e7as pessoais ou empresariais, seguido pelo mapeamento de processos financeiros. Ap\u00f3s a elabora\u00e7\u00e3o desta parte inicial, s\u00e3o feitos relat\u00f3rios de an\u00e1lise com prazos de execu\u00e7\u00e3o do projeto, geralmente executados pelas equipes especializadas.<\/p>\n<p style=\"text-align: justify;\">Em cada etapa, independente do tamanho e da abrang\u00eancia da solu\u00e7\u00e3o proposta, as premissas de melhoria cont\u00ednua, cria\u00e7\u00e3o de valor, gera\u00e7\u00e3o de vantagem competitiva, redu\u00e7\u00e3o de custos, ganhos de qualidade, de produtividade e de efici\u00eancia s\u00e3o identificadas e continuamente buscadas pelos profissionais da \u00e1rea.<\/p>\n<p style=\"text-align: justify;\">De acordo com o crit\u00e9rio abordado, essas empresas especializadas envolvem consultores com experi\u00eancia, compet\u00eancias, habilidades e atitudes adequadas ao momento do projeto, visando maximizar os resultados planejados.<\/p>\n<p style=\"text-align: justify;\">A satisfa\u00e7\u00e3o dos clientes \u00e9 um dos principais indicadores do sucesso dos trabalhos deste segmento. A melhoria dos indicadores econ\u00f4micos, financeiros e de satisfa\u00e7\u00e3o das pessoas \u00e9 o resultado que as empresas de consultoria e assist\u00eancia financeira visam atingir ao final do processo. Neste sentido, diversas empresas em Londres especializadas neste setor est\u00e3o prontas para atender voc\u00ea e auxilia-los!<\/p>\n<p style=\"text-align: justify;\">Se voc\u00ea procura por consultoria em finan\u00e7as ou assist\u00eancia financeira em Londres, cr\u00e9ditos, financiamentos ou empr\u00e9stimos pessoais para brasileiros na Inglaterra, fal\u00eancia entre outros, confira esta valiosa lista que preparamos para voc\u00ea com op\u00e7\u00f5es de servi\u00e7os e assist\u00eancias financeiras no Reino Unido!<\/p>\n<p style=\"text-align: justify;\"><\/div><\/div>\n\n","protected":false},"excerpt":{"rendered":"","protected":false},"author":72,"featured_media":0,"parent":0,"menu_order":0,"comment_status":"closed","ping_status":"closed","template":"","meta":{"footnotes":""},"class_list":["post-10104","page","type-page","status-publish"],"jetpack-related-posts":[],"jetpack_sharing_enabled":true,"_links":{"self":[{"href":"https:\/\/www.bbmag.co.uk\/pt-br\/wp-json\/wp\/v2\/pages\/10104","targetHints":{"allow":["GET"]}}],"collection":[{"href":"https:\/\/www.bbmag.co.uk\/pt-br\/wp-json\/wp\/v2\/pages"}],"about":[{"href":"https:\/\/www.bbmag.co.uk\/pt-br\/wp-json\/wp\/v2\/types\/page"}],"author":[{"embeddable":true,"href":"https:\/\/www.bbmag.co.uk\/pt-br\/wp-json\/wp\/v2\/users\/72"}],"replies":[{"embeddable":true,"href":"https:\/\/www.bbmag.co.uk\/pt-br\/wp-json\/wp\/v2\/comments?post=10104"}],"version-history":[{"count":0,"href":"https:\/\/www.bbmag.co.uk\/pt-br\/wp-json\/wp\/v2\/pages\/10104\/revisions"}],"wp:attachment":[{"href":"https:\/\/www.bbmag.co.uk\/pt-br\/wp-json\/wp\/v2\/media?parent=10104"}],"curies":[{"name":"wp","href":"https:\/\/api.w.org\/{rel}","templated":true}]}}