{"id":10626,"date":"2016-11-03T17:29:39","date_gmt":"2016-11-03T17:29:39","guid":{"rendered":"http:\/\/www.bbmag.co.uk\/pt-br\/?page_id=10626"},"modified":"2019-08-07T13:50:13","modified_gmt":"2019-08-07T12:50:13","slug":"moda-roupas-calcados-acessorios-londres","status":"publish","type":"page","link":"https:\/\/www.bbmag.co.uk\/pt-br\/moda-roupas-calcados-acessorios-londres\/","title":{"rendered":"Moda, Roupas, Cal\u00e7ados &#038; Acess\u00f3rios em Londres e no Reino Unido"},"content":{"rendered":"<div class=\"row cf\"><div class=\"column one-1\"><\/div><div class=\"column two-third\"><div class=\"row cf\"><\/div>\n<div class=\"column one-1\"><\/div>\n<p><img decoding=\"async\" class=\"alignnone wp-image-15685 size-full\" src=\"http:\/\/www.bbmag.co.uk\/wp-content\/uploads\/2016\/11\/moda-702x336.jpg\" alt=\"\" width=\"702\" height=\"336\" srcset=\"https:\/\/www.bbmag.co.uk\/wp-content\/uploads\/2016\/11\/moda-702x336.jpg 702w, https:\/\/www.bbmag.co.uk\/wp-content\/uploads\/2016\/11\/moda-702x336-300x144.jpg 300w, https:\/\/www.bbmag.co.uk\/wp-content\/uploads\/2016\/11\/moda-702x336-610x292.jpg 610w\" sizes=\"(max-width: 702px) 100vw, 702px\" \/><\/p>\n<h1 style=\"font-size: 15px; text-align: center;\">Moda, Roupas, Cal\u00e7ados &amp; Acess\u00f3rios em Londres e no Reino Unido<\/h1>\n<h2 style=\"font-size: 15px; text-align: justify;\"><\/h2>\n<p>Se voc\u00ea n\u00e3o sabe onde encontrar moda, roupas, cal\u00e7ados e acess\u00f3rios brasileiros em Londres como<strong> jeans brasileiros, vestidos brasileiros e acess\u00f3rios de moda brasileira em Londres e no Reino Unido<\/strong>, n\u00f3s dizemos onde!<\/p>\n<p>Nessa lista voc\u00ea encontrar\u00e1 os anunciantes e parceiros da BBMag com ofertas variadas da<strong> moda brasileira<\/strong> gerenciadas por brasileiros ou por <strong>amigos da comunidade brasileira em Londres<\/strong> e com as mais atuais e inovadoras tend\u00eancias. Confira aqui!<\/p>\n<p>Ao contatar os anunciantes e parceiros da BBMag, <strong>mencione sempre a revista Bossa Brazil Magazine (BBMAG)<\/strong>, sua revista brasileira em Londres para receber pre\u00e7os e condi\u00e7\u00f5es especiais.<\/p>\n<p><a href=\"\/?page_id=7799\"><span style=\"color: #0000ff;\"><u>Voltar \u00e0 p\u00e1gina principal do BBMag Diret\u00f3rio de Neg\u00f3cios<\/u><\/span><\/a><\/p>\n<p class=\"p1\"><strong><span class=\"s1\">BBMAG Diret\u00f3rio<\/span><\/strong><\/p>\n<table width=\"100%\">\n<tbody>\n<tr>\n<td width=\"50%\"><a href=\"\/?page_id=11195\" target=\"_blank\" rel=\"noopener noreferrer\"><span style=\"color: #0000ff;\"><strong>Ray&#8217;s Brazilian Jeans<\/strong><\/span><\/a><\/td>\n<td width=\"50%\"><a href=\"tel:07970 384 720\" target=\"_blank\" rel=\"noopener noreferrer\"><span style=\"color: #0000ff;\"><strong>07970 384 720<\/strong><\/span><\/a><\/td>\n<\/tr>\n<\/tbody>\n<\/table>\n<p><em>A informa\u00e7\u00e3o acima \u00e9 de responsabilidade dos anunciantes.<\/em><br \/>\n<\/div><div class=\"column one-third\">\n<img decoding=\"async\" class=\"size-medium wp-image-14227 aligncenter\" src=\"http:\/\/www.bbmag.co.uk\/wp-content\/uploads\/2016\/11\/BBMag_Eventos300x250-300x250.jpg\" alt=\"Bossa Brazil Events\" width=\"300\" height=\"250\" \/><!-- Either there are no banners, they are disabled or none qualified for this location! -->\n<\/div><\/div>\n<div class=\"sc-toggle\"><div class=\"sc-toggle-title\"><a href=\"#\">SAIBA MAIS<\/a><\/div><div class=\"sc-toggle-content\">\n<p>Aqui voc\u00ea encontra roupas, cal\u00e7ados, jeans brasileiros, vestidos brasileiros e todos os acess\u00f3rios de moda brasileira em Londres e no Reino Unido! Confira a lista!<\/p>\n<p style=\"font-size: 15px; text-align: justify;\">A moda brasileira \u00e9 uma das caracter\u00edsticas mais marcantes da cultura e do estilo de vida do Pa\u00eds, que se tornou uma refer\u00eancia mundial no assunto.<\/p>\n<p style=\"text-align: justify;\">O Brasil \u00e9 hoje considerado um dos mercados que mais crescem no mundo da moda. Com marcante voca\u00e7\u00e3o criativa, o Pa\u00eds vem desenvolvendo iniciativas como ind\u00fastrias de materiais, pesquisas tecnol\u00f3gicas e sites especializados em design, que contribuem em grande escala para as tend\u00eancias de moda no Pa\u00eds e no mundo.<\/p>\n<p style=\"text-align: justify;\">Com o crescente surgimento de novas iniciativas locais, s\u00e3o cada vez mais relevantes as tend\u00eancias de moda no Brasil, criadas no Pa\u00eds e exportadas para o mundo atrav\u00e9s de renomadas revistas de moda de diversos pa\u00edses formadores de opini\u00e3o no segmento.<\/p>\n<p style=\"text-align: justify;\">A habilidade na combina\u00e7\u00e3o das cores, a criatividade nas formas, a inova\u00e7\u00e3o no uso de materiais e a riqueza dos detalhes s\u00e3o caracter\u00edsticas muito admiradas que definem a personalidade da moda brasileira.<\/p>\n<p style=\"text-align: justify;\">Nos \u00faltimos anos, s\u00e3o diversas as lojas de moda brasileira que abriram as suas portas al\u00e9m do territ\u00f3rio nacional, em pa\u00edses do exterior onde brasileiros e brasileiras foram morar e levaram consigo a cultura e a moda brasileira.<\/p>\n<p style=\"text-align: justify;\">Voc\u00ea sabia que existem lojas brasileiras fiscais e virtuais \u00e0 sua disposi\u00e7\u00e3o em Londres e no Reino Unido? Nelas voc\u00ea pode encontrar roupas, cal\u00e7ados, jeans brasileiros, vestidos brasileiros e todos os acess\u00f3rios de moda brasileira inclusive com pedidos pela internet e entregas pelo correio.<\/p>\n<p style=\"text-align: justify;\">Pensando nisso, no BBMag Diret\u00f3rio de Neg\u00f3cios voc\u00ea encontrar\u00e1 os anunciantes e parceiros da BBMag com ofertas variadas da moda brasileira gerenciadas por brasileiros ou por amigos da comunidade brasileira que vivem em Londres e que est\u00e3o \u00e0 sua disposi\u00e7\u00e3o para atend\u00ea-los com aten\u00e7\u00e3o, simpatia e as mais atuais e inovadoras tend\u00eancias de moda no melhor estilo brasileiro de se vestir. Confira aqui!<\/p>\n<p style=\"text-align: justify;\"><\/div><\/div>\n\n","protected":false},"excerpt":{"rendered":"","protected":false},"author":72,"featured_media":0,"parent":0,"menu_order":0,"comment_status":"closed","ping_status":"closed","template":"","meta":{"footnotes":""},"class_list":["post-10626","page","type-page","status-publish"],"jetpack-related-posts":[],"jetpack_sharing_enabled":true,"_links":{"self":[{"href":"https:\/\/www.bbmag.co.uk\/pt-br\/wp-json\/wp\/v2\/pages\/10626","targetHints":{"allow":["GET"]}}],"collection":[{"href":"https:\/\/www.bbmag.co.uk\/pt-br\/wp-json\/wp\/v2\/pages"}],"about":[{"href":"https:\/\/www.bbmag.co.uk\/pt-br\/wp-json\/wp\/v2\/types\/page"}],"author":[{"embeddable":true,"href":"https:\/\/www.bbmag.co.uk\/pt-br\/wp-json\/wp\/v2\/users\/72"}],"replies":[{"embeddable":true,"href":"https:\/\/www.bbmag.co.uk\/pt-br\/wp-json\/wp\/v2\/comments?post=10626"}],"version-history":[{"count":0,"href":"https:\/\/www.bbmag.co.uk\/pt-br\/wp-json\/wp\/v2\/pages\/10626\/revisions"}],"wp:attachment":[{"href":"https:\/\/www.bbmag.co.uk\/pt-br\/wp-json\/wp\/v2\/media?parent=10626"}],"curies":[{"name":"wp","href":"https:\/\/api.w.org\/{rel}","templated":true}]}}