{"id":10641,"date":"2016-11-03T18:10:09","date_gmt":"2016-11-03T18:10:09","guid":{"rendered":"http:\/\/www.bbmag.co.uk\/pt-br\/?page_id=10641"},"modified":"2019-08-07T13:53:31","modified_gmt":"2019-08-07T12:53:31","slug":"tatuagens-piercings-londres","status":"publish","type":"page","link":"https:\/\/www.bbmag.co.uk\/pt-br\/tatuagens-piercings-londres\/","title":{"rendered":"Tatuagens &#038; Piercings em Londres e no Reino Unido"},"content":{"rendered":"<div class=\"row cf\"><div class=\"column one-1\"><\/div><div class=\"column two-third\"><div class=\"row cf\"><\/div>\n<div class=\"column one-1\"><\/div>\n<img decoding=\"async\" class=\"alignnone wp-image-15684 size-full\" src=\"http:\/\/www.bbmag.co.uk\/wp-content\/uploads\/2016\/12\/tatoo-702x336.jpg\" alt=\"\" width=\"702\" height=\"336\" srcset=\"https:\/\/www.bbmag.co.uk\/wp-content\/uploads\/2016\/12\/tatoo-702x336.jpg 702w, https:\/\/www.bbmag.co.uk\/wp-content\/uploads\/2016\/12\/tatoo-702x336-300x144.jpg 300w, https:\/\/www.bbmag.co.uk\/wp-content\/uploads\/2016\/12\/tatoo-702x336-610x292.jpg 610w\" sizes=\"(max-width: 702px) 100vw, 702px\" \/><\/p>\n<h1 style=\"font-size: 15px; text-align: center;\">Tatuagens &amp; Piercings em Londres e no Reino Unido<\/h1>\n<h3 style=\"font-size: 15px; text-align: justify;\"><\/h3>\n<p>Voc\u00ea sabia que pode encontrar bons <strong>est\u00fadios de tatuagem e tatuadores brasileiros em Londres<\/strong>? E se voc\u00ea tamb\u00e9m procura por <strong>profissionais de tatuagem e body piercings<\/strong>, \u00e9 s\u00f3 conferir nossa lista de anunciantes e parceiros!<\/p>\n<p style=\"text-align: justify;\">Ao contatar os anunciantes e parceiros da BBMag, <strong>mencione sempre a revista Bossa Brazil Magazine (BBMAG)<\/strong>, sua revista brasileira em Londres para receber pre\u00e7os e condi\u00e7\u00f5es especiais.<\/p>\n<p><a href=\"\/?page_id=7799\"><span style=\"color: #0000ff;\"><u>Voltar \u00e0 p\u00e1gina principal do BBMag Diret\u00f3rio de Neg\u00f3cios<\/u><\/span><\/a><\/p>\n<p class=\"p1\"><strong><span class=\"s1\">Confira os parceiros da BBMAG:<\/span><\/strong><\/p>\n<table style=\"margin-bottom: 15px;\" width=\"100%\">\n<tbody>\n<tr style=\"border-width: 2px; border-style: solid;\">\n<td style=\"background-color: #ddebff;\" width=\"40%\"><a href=\"\/?page_id=11307\" target=\"_blank\" rel=\"noopener noreferrer\"><img decoding=\"async\" class=\"size-full wp-image-15502 aligncenter\" src=\"http:\/\/www.bbmag.co.uk\/wp-content\/uploads\/2016\/11\/tatuador.png\" alt=\"\" width=\"188\" height=\"122\" \/><\/a><\/td>\n<td style=\"background-color: #ddebff;\" width=\"40%\"><a href=\"\/?page_id=11307\" target=\"_blank\" rel=\"noopener noreferrer\"><span style=\"color: #000000;\"><b>MARCOS FRANKE TATUADOR BRASILEIRO<\/b><\/span><\/a><br \/>\n<a href=\"tel:020 8871 1435\">020 8871 1435<\/a><br \/>\n14 Putney Brigde Road<br \/>\nWandsworth, London SW18 1HU<span style=\"color: #0000ff;\"><br \/>\n<\/span><a style=\"color: #0000ff;\" href=\"mailto:frasynha@yahoo.com.br\">frasynha@yahoo.com.br<\/a><\/td>\n<td style=\"background-color: #ddebff;\" width=\"20%\"><center><a href=\"\/?page_id=11307\" target=\"_blank\" rel=\"noopener noreferrer\"><i class=\"fa fa-search fa-2x\" style=\"font-size: 30px; color: blue;\"><\/i><br \/>\n<span style=\"color: #0000ff;\"> Ver<\/span><\/a><\/center><\/td>\n<\/tr>\n<\/tbody>\n<\/table>\n<p class=\"p1\"><em>Quer fazer\u00a0parte desta lista principal e ganhar mais destaque para o seu neg\u00f3cio? Entre em contato <a href=\"\/?page_id=2681\"><span style=\"color: #000080;\"><strong>conosco<\/strong><\/span><\/a>.<\/em><\/p>\n<\/div><div class=\"column one-third\">\n<a href=\"\/?page_id=11307\" target=\"_blank\" rel=\"noopener noreferrer\"><img decoding=\"async\" class=\"size-medium wp-image-14641 aligncenter\" src=\"http:\/\/www.bbmag.co.uk\/wp-content\/uploads\/2017\/06\/angelic_hell300x250-300x250.jpg\" alt=\"Marcos Franke\" width=\"300\" height=\"250\" \/><\/a><br \/>\n<!-- Either there are no banners, they are disabled or none qualified for this location! -->\n<\/div><\/div>\n<div class=\"sc-toggle\"><div class=\"sc-toggle-title\"><a href=\"#\">SAIBA MAIS<\/a><\/div><div class=\"sc-toggle-content\">\n<p>Se voc\u00ea procura por tatuador brasileiro em Londres, body piercing brasileiros em Londres, tatuagem feminina e masculina feitos por profissionais em Londres e no Reino Unido, veja os anunciantes e parceiros da BBMag!<\/p>\n<p style=\"text-align: justify;\">As tatuagens s\u00e3o uma das especialidades da cultura brasileira.<\/p>\n<p style=\"text-align: justify;\">Em sua hist\u00f3ria, consta-se que a tatuagem foi inventada v\u00e1rias vezes e n\u00e3o possui uma origem determinada em algum lugar ou pessoa. Ao longo dos s\u00e9culos, ela surgiu em todos os continentes, com diferentes inten\u00e7\u00f5es, motivos, t\u00e9cnicas e resultados.<\/p>\n<p style=\"text-align: justify;\">No Brasil, o precursor da tatuagem moderna foi um dinamarqu\u00eas chamado Knud Harald Lucky Gegersen. Tendo chegado ao pa\u00eds em 1959 e morado em Santos, no litoral paulista, ele ficou conhecido como Mr. Tattoo, ou apenas Lucky. Durante anos continuou sendo o \u00fanico tatuador profissional do continente, at\u00e9 que com o tempo os seus seguidores foram surgindo herdando dele as t\u00e9cnicas e a arte de fazer tatuagem.<\/p>\n<p style=\"text-align: justify;\">O que levar em conta na hora de escolher um bom est\u00fadio de tatuagem ou tatuador?<\/p>\n<p style=\"text-align: justify;\">Em qualquer tipo de estabelecimento \u00e9 muito importante que se possa analisar o seu funcionamento, j\u00e1 que um local de qualidade, automaticamente dever\u00e1 oferecer produtos de qualidade acima de tudo. A partir disto com um est\u00fadio de tatuagem n\u00e3o \u00e9 nada diferente, existem algumas caracter\u00edsticas que estes estabelecimentos precisam ter para sabermos se \u00e9 poss\u00edvel ou n\u00e3o confiar no que est\u00e1 acontecendo e principalmente no tatuador. Qualquer tipo de estabelecimento comercial tem a necessidade de ter uma licen\u00e7a da prefeitura para funcionar. Esta licen\u00e7a inclui uma vistoria da vigil\u00e2ncia sanit\u00e1ria, pois o ato de fazer tatuagens envolve altos riscos de contamina\u00e7\u00e3o. Um estabelecimento de qualidade precisa sempre estar em dia e regulamentado enquanto as tatuagens precisam, acima de tudo, ser muito bem feitas e para isto \u00e9 fundamental contarmos com um profissional experiente acima de tudo.<\/p>\n<p style=\"text-align: justify;\">Os tatuadores s\u00e3o artistas que ao inv\u00e9s de pintar as suas telas, pintam corpos de pessoas. A beleza est\u00e9tica da arte \u00e9 algo considerado fundamental, afinal, voc\u00ea ostentar\u00e1 a arte que foi criada por ele no seu corpo, portanto \u00e9 importante que isto seja algo belo, original e diferenciado.<\/p>\n<p style=\"text-align: justify;\">Diante disso, voc\u00ea sabia que pode encontrar bons est\u00fadios de tatuagem e tatuadores brasileiros em Londres? \u00c9 s\u00f3 conferir nossa lista de anunciantes e parceiros da BBMag!<\/p>\n<p style=\"text-align: justify;\"><\/div><\/div>\n\n","protected":false},"excerpt":{"rendered":"","protected":false},"author":72,"featured_media":0,"parent":0,"menu_order":0,"comment_status":"closed","ping_status":"closed","template":"","meta":{"footnotes":""},"class_list":["post-10641","page","type-page","status-publish"],"jetpack-related-posts":[],"jetpack_sharing_enabled":true,"_links":{"self":[{"href":"https:\/\/www.bbmag.co.uk\/pt-br\/wp-json\/wp\/v2\/pages\/10641","targetHints":{"allow":["GET"]}}],"collection":[{"href":"https:\/\/www.bbmag.co.uk\/pt-br\/wp-json\/wp\/v2\/pages"}],"about":[{"href":"https:\/\/www.bbmag.co.uk\/pt-br\/wp-json\/wp\/v2\/types\/page"}],"author":[{"embeddable":true,"href":"https:\/\/www.bbmag.co.uk\/pt-br\/wp-json\/wp\/v2\/users\/72"}],"replies":[{"embeddable":true,"href":"https:\/\/www.bbmag.co.uk\/pt-br\/wp-json\/wp\/v2\/comments?post=10641"}],"version-history":[{"count":0,"href":"https:\/\/www.bbmag.co.uk\/pt-br\/wp-json\/wp\/v2\/pages\/10641\/revisions"}],"wp:attachment":[{"href":"https:\/\/www.bbmag.co.uk\/pt-br\/wp-json\/wp\/v2\/media?parent=10641"}],"curies":[{"name":"wp","href":"https:\/\/api.w.org\/{rel}","templated":true}]}}