{"id":11101,"date":"2016-11-16T17:04:19","date_gmt":"2016-11-16T17:04:19","guid":{"rendered":"http:\/\/www.bbmag.co.uk\/pt-br\/?page_id=11101"},"modified":"2018-02-16T11:59:23","modified_gmt":"2018-02-16T11:59:23","slug":"accident-compensation-4u","status":"publish","type":"page","link":"https:\/\/www.bbmag.co.uk\/pt-br\/accident-compensation-4u\/","title":{"rendered":"ACCIDENT COMPENSATION 4U"},"content":{"rendered":"<h1>ACCIDENT COMPENSATION 4U<\/h1>\n<h3 style=\"text-align: justify;\">Na Accident Compensation 4U voc\u00ea tem contato diretamente com advogados especialistas, pois a empresa faz parte de um grupo de advogados e consultores de uma das maiores firmas de advogados do pa\u00eds, com mais de 50 escrit\u00f3rios.<\/h3>\n<p style=\"text-align: justify;\">A Accident Compensation 4U \u00e9 das empresas l\u00edderes na \u00e1rea de indeniza\u00e7\u00e3o por danos pessoais e asseguram que voc\u00ea receba o m\u00e1ximo do valor recebido a t\u00edtulo de indeniza\u00e7\u00e3o, al\u00e9m de lutar a seu favor, visando conseguir sempre a melhor compensa\u00e7\u00e3o poss\u00edvel.<\/p>\n<ul style=\"text-align: justify;\">\n<li>Se voc\u00ea perder n\u00e3o paga nada &#8221; No Win No Fee&#8221;<\/li>\n<li>Sem adiantamentos para m\u00e9dicos ou \u201cbarristers\u201d<\/li>\n<li>Sem empr\u00e9stimos ou comiss\u00f5es<\/li>\n<li>Atendimento em Portugu\u00eas<\/li>\n<\/ul>\n<p style=\"text-align: justify;\"><strong>\u00a0<\/strong><\/p>\n<p style=\"text-align: justify;\"><strong>OBJETIVO<\/strong><\/p>\n<p style=\"text-align: justify;\">Ser o melhor escrit\u00f3rio jur\u00eddico para v\u00edtimas de acidentes, doen\u00e7as e seus familiares, assegurando sempre uma repara\u00e7\u00e3o justa e devida.<\/p>\n<p style=\"text-align: justify;\"><strong>MISS\u00c3O<\/strong><\/p>\n<ul style=\"text-align: justify;\">\n<li>Maximizar o valor da indeniza\u00e7\u00e3o<\/li>\n<li>Corresponder \u00e0s necessidades dos clientes, de maneira \u00e9tica<\/li>\n<li>Lutar pelas causas das v\u00edtimas de acidentes<\/li>\n<li>Comunicar em linguagem clara e simples<\/li>\n<li>Utilizar solu\u00e7\u00f5es alternativas quando apropriado<\/li>\n<\/ul>\n<p style=\"text-align: justify;\"><strong>VALORES<\/strong><\/p>\n<p style=\"text-align: justify;\">O valor adv\u00e9m na cren\u00e7a de que a lei deve ser usada em benef\u00edcio do cliente e n\u00e3o do advogado que o representa. O esfor\u00e7o da empresa \u00e9 fornecer servi\u00e7os legais baseados nos seguintes princ\u00edpios:<\/p>\n<ul style=\"text-align: justify;\">\n<li>Integridade e Transpar\u00eancia<\/li>\n<li>Acesso \u00e0 lei<\/li>\n<li>Efici\u00eancia<\/li>\n<li>Qualidade<\/li>\n<li>Per\u00edcia\/ Conhecimento<\/li>\n<li>Inova\u00e7\u00e3o<\/li>\n<li>Responsabilidade Social<\/li>\n<\/ul>\n<p style=\"text-align: justify;\"><strong>TIPOS DE ACIDENTES &#8211; &#8220;PERSONAL INJURY&#8221; &amp; &#8220;NEGLIG\u00caNCIA M\u00c9DICA&#8221;<\/strong><\/p>\n<ul style=\"text-align: justify;\">\n<li>Acidente no Tr\u00e2nsito<\/li>\n<li>Acidente no Trabalho<\/li>\n<li>Acidentes em Lugares P\u00fablicos<\/li>\n<li>Acidentes em Viagens de F\u00e9rias<\/li>\n<li>Acidente de Consumo<\/li>\n<li>Outros Acidentes<\/li>\n<\/ul>\n<p style=\"text-align: justify;\">O fundador da \u201cAccident Compensation 4U\u201d, Jeff Zindani, resume suas convic\u00e7\u00f5es: &#8220;Clientes que sofreram algum dano merecem mais do que um advogado para conduzir sua reclama\u00e7\u00e3o, merecem seriedade, honestidade e justi\u00e7a, para serem recompensados na totalidade pelo que efetivamente perderam. Nossa filosofia \u00e9 simplesmente colocar o cliente em primeiro lugar e n\u00e3o em \u00faltimo, em todo o processo\u201d.<\/p>\n<p>&nbsp;<\/p>\n<div class=\"row cf\"><div class=\"column half\">\n<img decoding=\"async\" class=\"size-full wp-image-14766 aligncenter\" src=\"http:\/\/www.bbmag.co.uk\/wp-content\/uploads\/2016\/09\/accident-compensation.jpg\" alt=\"Accident Compensation\" width=\"278\" height=\"95\" \/><br \/>\n<\/div><div class=\"column half\">\n<\/div><div class=\"column half\">\n<b>ACCIDENT COMPENSATION 4U<\/b><br \/>\n<strong>27 Old Gloucester Street<\/strong><br \/>\n<strong>London\u00a0WC1N 3AX<\/strong><br \/>\n<strong>020 3239 3954<\/strong><\/p>\n<p><strong>07710 270 418<\/strong><br \/>\n<span style=\"color: #0000ff;\"><strong><a style=\"color: #0000ff;\" href=\"http:\/\/www.accidentcompensation4u.co.uk\" target=\"_blank\" rel=\"noopener\">www.accidentcompensation4u.co.uk<\/a><\/strong><\/span><\/p>\n<p><i class=\"fa fa-facebook-square fa-2x\" style=\"color: blue;\"><\/i><span style=\"color: #0000ff;\"> Accidentcompensation4u<\/span><br \/>\n<\/div><\/div>\n","protected":false},"excerpt":{"rendered":"<p>ACCIDENT COMPENSATION 4U Na Accident Compensation 4U voc\u00ea tem contato diretamente com advogados especialistas, pois a empresa faz parte de um grupo de advogados e consultores de uma das maiores firmas de advogados do pa\u00eds, com mais de 50 escrit\u00f3rios. A Accident Compensation 4U \u00e9 das empresas l\u00edderes na \u00e1rea de indeniza\u00e7\u00e3o por danos pessoais<\/p>\n<div class=\"read-more\"><a href=\"https:\/\/www.bbmag.co.uk\/pt-br\/accident-compensation-4u\/\" title=\"Saiba mais\">Saiba mais<\/a><\/div>\n","protected":false},"author":72,"featured_media":15457,"parent":0,"menu_order":0,"comment_status":"closed","ping_status":"closed","template":"","meta":{"footnotes":""},"class_list":["post-11101","page","type-page","status-publish","has-post-thumbnail"],"jetpack-related-posts":[],"jetpack_sharing_enabled":true,"_links":{"self":[{"href":"https:\/\/www.bbmag.co.uk\/pt-br\/wp-json\/wp\/v2\/pages\/11101","targetHints":{"allow":["GET"]}}],"collection":[{"href":"https:\/\/www.bbmag.co.uk\/pt-br\/wp-json\/wp\/v2\/pages"}],"about":[{"href":"https:\/\/www.bbmag.co.uk\/pt-br\/wp-json\/wp\/v2\/types\/page"}],"author":[{"embeddable":true,"href":"https:\/\/www.bbmag.co.uk\/pt-br\/wp-json\/wp\/v2\/users\/72"}],"replies":[{"embeddable":true,"href":"https:\/\/www.bbmag.co.uk\/pt-br\/wp-json\/wp\/v2\/comments?post=11101"}],"version-history":[{"count":0,"href":"https:\/\/www.bbmag.co.uk\/pt-br\/wp-json\/wp\/v2\/pages\/11101\/revisions"}],"wp:featuredmedia":[{"embeddable":true,"href":"https:\/\/www.bbmag.co.uk\/pt-br\/wp-json\/wp\/v2\/media\/15457"}],"wp:attachment":[{"href":"https:\/\/www.bbmag.co.uk\/pt-br\/wp-json\/wp\/v2\/media?parent=11101"}],"curies":[{"name":"wp","href":"https:\/\/api.w.org\/{rel}","templated":true}]}}