{"id":11140,"date":"2016-11-16T18:03:06","date_gmt":"2016-11-16T18:03:06","guid":{"rendered":"http:\/\/www.bbmag.co.uk\/pt-br\/?page_id=11140"},"modified":"2017-09-19T14:01:01","modified_gmt":"2017-09-19T13:01:01","slug":"escolinha-de-portugues-abcde","status":"publish","type":"page","link":"https:\/\/www.bbmag.co.uk\/pt-br\/escolinha-de-portugues-abcde\/","title":{"rendered":"ESCOLINHA DE PORTUGU\u00caS ABCDE"},"content":{"rendered":"<h1>ESCOLINHA DE PORTUGU\u00caS ABCDE<\/h1>\n<h3 style=\"text-align: justify;\">A ESCOLINHA DE PORTUGU\u00caS ABCDE\u00a0e Centro Cultural Brasileiro, localizada em Woking &#8211; Surrey, \u00a0promove e ensina o Portugu\u00eas como L\u00edngua de Heran\u00e7a, assim como a cultura brasileira, para crian\u00e7as entre 2 e 11 anos.<\/h3>\n<p style=\"text-align: justify;\">Os encontros acontecem aos s\u00e1bados das 10h \u00e0s 12h, e seguem o calend\u00e1rio escolar brit\u00e2nico.<\/p>\n<p style=\"text-align: justify;\">A ABCD abriu suas portas em setembro de 2015, resultado da uni\u00e3o de tr\u00eas mam\u00e3es brasileiras \u00a0que sentiram a necessidade de suas crian\u00e7as aprenderem a l\u00edngua portuguesa, terem contato com a cultura brasileira e ao mesmo tempo interagirem com outras crian\u00e7as falantes do portugu\u00eas.<\/p>\n<p style=\"text-align: justify;\">Principais objetivos:<\/p>\n<ul style=\"text-align: justify;\">\n<li>Transmitir o Portugu\u00eas como L\u00edngua de Heran\u00e7a.<\/li>\n<li>Difundir a cultura brasileira e as ra\u00edzes sociais, para que as crian\u00e7as estabele\u00e7am uma conex\u00e3o com suas fam\u00edlias brasileiras.<\/li>\n<li>Proporcionar a oportunidade de socializa\u00e7\u00e3o com outras crian\u00e7as falantes do portugu\u00eas brasileiro.<\/li>\n<li>Promover o conhecimento da hist\u00f3ria do Brasil, geografia, artes, folclore, m\u00fasicas e etc.<\/li>\n<li>Formar um grupo de crian\u00e7as bil\u00edngues ingl\u00eas\/portugu\u00eas em Surrey.<\/li>\n<li>Favorecer um ambiente divertido de aprendizado para que as crian\u00e7as queiram aprender e aprimorar seu conhecimento.<\/li>\n<\/ul>\n<p style=\"text-align: justify;\">Para poder atender \u00e0 crescente demanda de alunos, e tamb\u00e9m em busca de melhor estrutura, a ABCD mudou de casa antes do in\u00edcio do seu segundo ano letivo e hoje funciona no pr\u00e9dio da International School of London &#8211; Surrey &#8211; Old Woking Road GU22 8HY.<\/p>\n<p>&nbsp;<\/p>\n<div class=\"row cf\"><div class=\"column half\">\n<p><img decoding=\"async\" class=\"size-full wp-image-15475 aligncenter\" src=\"http:\/\/www.bbmag.co.uk\/wp-content\/uploads\/2016\/09\/escola.png\" alt=\"\" width=\"188\" height=\"122\" \/><\/p>\n<\/div><div class=\"column half\">\n<\/div><div class=\"column half\">\n<span style=\"color: #000000;\"><b>ESCOLINHA DE PORTUGU\u00caS ABCDE<\/b><\/span><br \/>\n<strong>International School of London Surrey<\/strong><br \/>\n<strong> 181 Old\u00a0Woking\u00a0Road<\/strong><br \/>\n<strong> Surrey GU22 8HY<\/strong><br \/>\n<strong>07462 221 798<\/strong><br \/>\n<i class=\"fa fa-facebook-square fa-2x\" style=\"color: blue;\"><\/i><span style=\"color: #0000ff; font-size: 14px;\"> abcdescolinhadeportugues<\/span><\/p>\n<\/div><\/div>\n","protected":false},"excerpt":{"rendered":"<p>ESCOLINHA DE PORTUGU\u00caS ABCDE A ESCOLINHA DE PORTUGU\u00caS ABCDE\u00a0e Centro Cultural Brasileiro, localizada em Woking &#8211; Surrey, \u00a0promove e ensina o Portugu\u00eas como L\u00edngua de Heran\u00e7a, assim como a cultura brasileira, para crian\u00e7as entre 2 e 11 anos. Os encontros acontecem aos s\u00e1bados das 10h \u00e0s 12h, e seguem o calend\u00e1rio escolar brit\u00e2nico. A ABCD<\/p>\n<div class=\"read-more\"><a href=\"https:\/\/www.bbmag.co.uk\/pt-br\/escolinha-de-portugues-abcde\/\" title=\"Saiba mais\">Saiba mais<\/a><\/div>\n","protected":false},"author":72,"featured_media":15480,"parent":0,"menu_order":0,"comment_status":"closed","ping_status":"closed","template":"","meta":{"footnotes":""},"class_list":["post-11140","page","type-page","status-publish","has-post-thumbnail"],"jetpack-related-posts":[],"jetpack_sharing_enabled":true,"_links":{"self":[{"href":"https:\/\/www.bbmag.co.uk\/pt-br\/wp-json\/wp\/v2\/pages\/11140","targetHints":{"allow":["GET"]}}],"collection":[{"href":"https:\/\/www.bbmag.co.uk\/pt-br\/wp-json\/wp\/v2\/pages"}],"about":[{"href":"https:\/\/www.bbmag.co.uk\/pt-br\/wp-json\/wp\/v2\/types\/page"}],"author":[{"embeddable":true,"href":"https:\/\/www.bbmag.co.uk\/pt-br\/wp-json\/wp\/v2\/users\/72"}],"replies":[{"embeddable":true,"href":"https:\/\/www.bbmag.co.uk\/pt-br\/wp-json\/wp\/v2\/comments?post=11140"}],"version-history":[{"count":0,"href":"https:\/\/www.bbmag.co.uk\/pt-br\/wp-json\/wp\/v2\/pages\/11140\/revisions"}],"wp:featuredmedia":[{"embeddable":true,"href":"https:\/\/www.bbmag.co.uk\/pt-br\/wp-json\/wp\/v2\/media\/15480"}],"wp:attachment":[{"href":"https:\/\/www.bbmag.co.uk\/pt-br\/wp-json\/wp\/v2\/media?parent=11140"}],"curies":[{"name":"wp","href":"https:\/\/api.w.org\/{rel}","templated":true}]}}