{"id":11175,"date":"2016-11-16T19:46:11","date_gmt":"2016-11-16T19:46:11","guid":{"rendered":"http:\/\/www.bbmag.co.uk\/pt-br\/?page_id=11175"},"modified":"2018-01-31T13:44:40","modified_gmt":"2018-01-31T13:44:40","slug":"aspect-plus","status":"publish","type":"page","link":"https:\/\/www.bbmag.co.uk\/pt-br\/aspect-plus\/","title":{"rendered":"ASPECT PLUS"},"content":{"rendered":"<p style=\"text-align: justify;\">A Aspect Plus \u00e9 uma empresa especializada em buscar solu\u00e7\u00f5es inovadoras e vi\u00e1veis para que todos os clientes recebam conselhos profissionais, pr\u00e1ticos, claros e imparciais para gerenciar os problemas apresentados da melhor forma. A Aspect Plus oferece suporte completo aos clientes desde o primeiro contato.<\/p>\n<p style=\"text-align: justify;\">A equipe, cuidadosamente selecionada, opera com total sigilo. Sua primeira consulta \u00e9 totalmente gratuita e, em seguida, o trabalho \u00e9 diretamente com voc\u00ea, seu administrador, contador ou consultor financeiro, para ajud\u00e1-los a compreender, simplificar, e eleger o processo certo para voc\u00ea ou sua empresa.<\/p>\n<p style=\"text-align: justify;\">Os princ\u00edpios existem para garantir o total apoio aos clientes desde o primeiro contato e como uma empresa especializada, s\u00e3o oferecidas solu\u00e7\u00f5es concretas e reais, al\u00e9m de total suporte p\u00f3s processual.<\/p>\n<p style=\"text-align: justify;\"><strong>AJUDANDO A SUA EMPRESA<\/strong><\/p>\n<p style=\"text-align: justify;\">\u00c0s vezes, quando estamos muito envolvidos com nosso neg\u00f3cio, n\u00e3o conseguimos identificar o verdadeiro problema. Na Aspect Plus, \u00e9 oferecido uma variedade de op\u00e7\u00f5es para ajudar e dar total apoio ao seu neg\u00f3cio quando as coisas ficam dif\u00edceis. \u00c0s vezes, uma solu\u00e7\u00e3o formal n\u00e3o \u00e9 necess\u00e1ria, mas se for, a Aspect encontrar\u00e1 o caminho certo.<\/p>\n<p style=\"text-align: justify;\">A <strong>Aspect Plus<\/strong> n\u00e3o cobra a consulta, informa\u00e7\u00f5es ou qualquer reuni\u00e3o subsequente caso necess\u00e1rio.<\/p>\n<p style=\"text-align: justify;\"><strong>SERVI\u00c7OS OFERECIDOS<\/strong><\/p>\n<ul>\n<li style=\"text-align: justify;\">Consultoria e Assessoria Especializada em Insolv\u00eancia<\/li>\n<li style=\"text-align: justify;\">Dissolu\u00e7\u00e3o e Liquida\u00e7\u00e3o de Empresas<\/li>\n<li style=\"text-align: justify;\">Processo de Fal\u00eancia e Concordata<\/li>\n<li style=\"text-align: justify;\">Processo de IVA (Individual Voluntary Arrangement) para indiv\u00edduos.<\/li>\n<li style=\"text-align: justify;\">Processo CVL (Creditors Voluntary Liquidation) &amp; MVL (Members\u2019 Voluntary Liquidation) para empresas.<\/li>\n<li style=\"text-align: justify;\">Suporte Lingu\u00edstico \u2013 Tradu\u00e7\u00f5es e Int\u00e9rpretes.<\/li>\n<li style=\"text-align: justify;\">Vasta database de profissionais poliglotas no Reino Unido e na Am\u00e9rica Latina.<\/li>\n<\/ul>\n<p>&nbsp;<\/p>\n<div class=\"row cf\"><div class=\"column half\">\n<p><img decoding=\"async\" class=\"size-full wp-image-15464 aligncenter\" src=\"http:\/\/www.bbmag.co.uk\/wp-content\/uploads\/2016\/09\/aspect-1.png\" alt=\"\" width=\"188\" height=\"122\" \/><br \/>\n<\/div><div class=\"column half\">\n<\/div><div class=\"column half\">\n<span style=\"color: #000000;\"><b>ASPECT PLUS<\/b><\/span><br \/>\n<strong>40a STATION ROAD UPMINSTER<\/strong><br \/>\n<strong>ESSEX RM14 2TR<\/strong><br \/>\n<strong>0800 988 1897<\/strong><br \/>\n<strong><span style=\"color: #0000ff;\"><a style=\"color: #0000ff;\" href=\"http:\/\/www.aspectplus.co.uk\/\" target=\"_blank\" rel=\"noopener\">www.aspectplus.co.uk\/<\/a><\/span><\/strong><br \/>\n<\/div><\/div>\n","protected":false},"excerpt":{"rendered":"<p>A Aspect Plus \u00e9 uma empresa especializada em buscar solu\u00e7\u00f5es inovadoras e vi\u00e1veis para que todos os clientes recebam conselhos profissionais, pr\u00e1ticos, claros e imparciais para gerenciar os problemas apresentados da melhor forma. A Aspect Plus oferece suporte completo aos clientes desde o primeiro contato. A equipe, cuidadosamente selecionada, opera com total sigilo. Sua primeira<\/p>\n<div class=\"read-more\"><a href=\"https:\/\/www.bbmag.co.uk\/pt-br\/aspect-plus\/\" title=\"Saiba mais\">Saiba mais<\/a><\/div>\n","protected":false},"author":72,"featured_media":15469,"parent":0,"menu_order":0,"comment_status":"closed","ping_status":"closed","template":"","meta":{"footnotes":""},"class_list":["post-11175","page","type-page","status-publish","has-post-thumbnail"],"jetpack-related-posts":[],"jetpack_sharing_enabled":true,"_links":{"self":[{"href":"https:\/\/www.bbmag.co.uk\/pt-br\/wp-json\/wp\/v2\/pages\/11175","targetHints":{"allow":["GET"]}}],"collection":[{"href":"https:\/\/www.bbmag.co.uk\/pt-br\/wp-json\/wp\/v2\/pages"}],"about":[{"href":"https:\/\/www.bbmag.co.uk\/pt-br\/wp-json\/wp\/v2\/types\/page"}],"author":[{"embeddable":true,"href":"https:\/\/www.bbmag.co.uk\/pt-br\/wp-json\/wp\/v2\/users\/72"}],"replies":[{"embeddable":true,"href":"https:\/\/www.bbmag.co.uk\/pt-br\/wp-json\/wp\/v2\/comments?post=11175"}],"version-history":[{"count":0,"href":"https:\/\/www.bbmag.co.uk\/pt-br\/wp-json\/wp\/v2\/pages\/11175\/revisions"}],"wp:featuredmedia":[{"embeddable":true,"href":"https:\/\/www.bbmag.co.uk\/pt-br\/wp-json\/wp\/v2\/media\/15469"}],"wp:attachment":[{"href":"https:\/\/www.bbmag.co.uk\/pt-br\/wp-json\/wp\/v2\/media?parent=11175"}],"curies":[{"name":"wp","href":"https:\/\/api.w.org\/{rel}","templated":true}]}}