{"id":11181,"date":"2016-11-16T20:03:37","date_gmt":"2016-11-16T20:03:37","guid":{"rendered":"http:\/\/www.bbmag.co.uk\/pt-br\/?page_id=11181"},"modified":"2019-08-08T11:53:40","modified_gmt":"2019-08-08T10:53:40","slug":"bruno-conceicao-photography","status":"publish","type":"page","link":"https:\/\/www.bbmag.co.uk\/pt-br\/bruno-conceicao-photography\/","title":{"rendered":"BRUNO CONCEI\u00c7\u00c3O PHOTOGRAPHY"},"content":{"rendered":"<h1>BRUNO CONCEI\u00c7\u00c3O PHOTOGRAPHY<\/h1>\n<h3>O fot\u00f3grafo profissional Bruno atua no mercado h\u00e1 mais de quatro anos.<\/h3>\n<p>Baseado em Londres com atendimento em todo o Reino Unido, \u00a0\u00e9 dedicado a contar, atrav\u00e9s das suas lentes, hist\u00f3rias de vida e amor.<\/p>\n<p style=\"text-align: justify;\">Casamentos, momentos em fam\u00edlia, maternidade, eventos, celebra\u00e7\u00f5es, viagens, ensaios fotogr\u00e1ficos entre outros&#8230; Qualquer que seja a sua necessidade, Bruno oferece profissionalismo e dedica\u00e7\u00e3o em seu trabalho.<\/p>\n<p style=\"text-align: justify;\">Se a sua prefer\u00eancia \u00e9 por \u00e1lbum impresso, portf\u00f3lios em USB ou em vers\u00f5es digitais (sob consulta), em todas as etapas, desde reuni\u00f5es de planejamento at\u00e9 a entrega final do servi\u00e7o, o atendimento \u00e9 personalizando a cada cliente.<\/p>\n<p style=\"text-align: justify;\">\u00c9 oferecido tamb\u00e9m um sistema de compra de fotos online com entrega a domic\u00edlio!<\/p>\n<p style=\"text-align: justify;\">Com tantas facilidades, aten\u00e7\u00e3o e dedica\u00e7\u00e3o, Bruno Concei\u00e7\u00e3o Photography \u00e9 uma excelente op\u00e7\u00e3o para registrar os momentos especiais e as pessoas mais importantes da sua vida, criando recorda\u00e7\u00f5es eternas de felicidade.<\/p>\n<p>&#8211;<\/p>\n<div class=\"row cf\"><div class=\"column half\">\n<img decoding=\"async\" class=\"wp-image-15485 size-full aligncenter\" src=\"http:\/\/www.bbmag.co.uk\/wp-content\/uploads\/2016\/11\/bruno.png\" alt=\"\" width=\"188\" height=\"122\" \/><\/div><div class=\"column half\">\n<\/div><div class=\"column half\">\n<span style=\"color: #000000;\"><strong>BRUNO CONCEI\u00c7\u00c3O PHOTOGRAPHY<\/strong><\/span><br \/>\n<strong><span style=\"color: #000000;\">07921 225 171<\/span><\/strong><\/p>\n<p><strong><span style=\"color: #0000ff;\"><a style=\"color: #0000ff;\" href=\"http:\/\/www.brunocphoto.com\" target=\"_blank\" rel=\"noopener noreferrer\">www.brunocphoto.com<\/a><br \/>\n<\/span><\/strong><i class=\"fa fa-facebook-square fa-2x\" style=\"color: blue;\"><\/i><span style=\"color: #0000ff;\"> brunocphoto<\/span><br \/>\n<\/div><\/div>\n","protected":false},"excerpt":{"rendered":"<p>BRUNO CONCEI\u00c7\u00c3O PHOTOGRAPHY O fot\u00f3grafo profissional Bruno atua no mercado h\u00e1 mais de quatro anos. Baseado em Londres com atendimento em todo o Reino Unido, \u00a0\u00e9 dedicado a contar, atrav\u00e9s das suas lentes, hist\u00f3rias de vida e amor. Casamentos, momentos em fam\u00edlia, maternidade, eventos, celebra\u00e7\u00f5es, viagens, ensaios fotogr\u00e1ficos entre outros&#8230; Qualquer que seja a sua<\/p>\n<div class=\"read-more\"><a href=\"https:\/\/www.bbmag.co.uk\/pt-br\/bruno-conceicao-photography\/\" title=\"Saiba mais\">Saiba mais<\/a><\/div>\n","protected":false},"author":72,"featured_media":15484,"parent":0,"menu_order":0,"comment_status":"closed","ping_status":"closed","template":"","meta":{"footnotes":""},"class_list":["post-11181","page","type-page","status-publish","has-post-thumbnail"],"jetpack-related-posts":[],"jetpack_sharing_enabled":true,"_links":{"self":[{"href":"https:\/\/www.bbmag.co.uk\/pt-br\/wp-json\/wp\/v2\/pages\/11181","targetHints":{"allow":["GET"]}}],"collection":[{"href":"https:\/\/www.bbmag.co.uk\/pt-br\/wp-json\/wp\/v2\/pages"}],"about":[{"href":"https:\/\/www.bbmag.co.uk\/pt-br\/wp-json\/wp\/v2\/types\/page"}],"author":[{"embeddable":true,"href":"https:\/\/www.bbmag.co.uk\/pt-br\/wp-json\/wp\/v2\/users\/72"}],"replies":[{"embeddable":true,"href":"https:\/\/www.bbmag.co.uk\/pt-br\/wp-json\/wp\/v2\/comments?post=11181"}],"version-history":[{"count":0,"href":"https:\/\/www.bbmag.co.uk\/pt-br\/wp-json\/wp\/v2\/pages\/11181\/revisions"}],"wp:featuredmedia":[{"embeddable":true,"href":"https:\/\/www.bbmag.co.uk\/pt-br\/wp-json\/wp\/v2\/media\/15484"}],"wp:attachment":[{"href":"https:\/\/www.bbmag.co.uk\/pt-br\/wp-json\/wp\/v2\/media?parent=11181"}],"curies":[{"name":"wp","href":"https:\/\/api.w.org\/{rel}","templated":true}]}}