{"id":11188,"date":"2016-11-16T20:18:23","date_gmt":"2016-11-16T20:18:23","guid":{"rendered":"http:\/\/www.bbmag.co.uk\/pt-br\/?page_id=11188"},"modified":"2018-02-12T11:26:31","modified_gmt":"2018-02-12T11:26:31","slug":"tv-player-globo","status":"publish","type":"page","link":"https:\/\/www.bbmag.co.uk\/pt-br\/tv-player-globo\/","title":{"rendered":"TV PLAYER &#8211; GLOBO"},"content":{"rendered":"<h1>TV PLAYER &#8211; GLOBO<\/h1>\n<h3>A TV Player \u00e9 um servi\u00e7o de streaming de TV online, que oferece aos seus usu\u00e1rios canais que possam ser assistidos em tablets, desktops ou smartphones.<\/h3>\n<p>A Tv Player possui exclusivamente o canal da Rede Globo no Reino Unido pelo link:\u00a0<a href=\"https:\/\/tvplayer.com\/watch\/globo\" target=\"_blank\" rel=\"noopener\">tvplayer.com\/watch\/globo<\/a>.\u00a0Voc\u00ea pode acompanhar todos os seus programas favoritos da Globo, desde novelas at\u00e9 not\u00edcias e esportes.<\/p>\n<p>E para voc\u00ea que \u00e9 leitor da BBMag, ganhe 1 m\u00eas inteiramente de gra\u00e7a! Cadastre-se no site, use o c\u00f3digo <span style=\"text-decoration: underline;\"><em><span style=\"color: #000080; text-decoration: underline;\">\u201c<strong>BBGLOBO<\/strong>\u201d<\/span><\/em><\/span> e pronto! Aproveite!<\/p>\n<p>Al\u00e9m disso, TVPlayer oferece mais de 100 canais em seu site principal: <span style=\"color: #0000ff;\"><a style=\"color: #0000ff;\" href=\"http:\/\/www.tvplayer.com\" target=\"_blank\" rel=\"noopener\">www.tvplayer.com<\/a><\/span>, \u00a0incluindo todas as principais emissoras do Reino Unido, como BBC1, BBC2, ITV, Channel 4 e 5.<\/p>\n<p>A TV Player \u00e9 para todos, e est\u00e1 dispon\u00edvel em todos os grandes dispositivos. Voc\u00ea pode assistir mais de 65 canais gratuitos e acessar 30 canais premiuns com uma taxa mensal.<\/p>\n<p>&nbsp;<\/p>\n<div class=\"row cf\"><div class=\"column half\">\n<img decoding=\"async\" class=\"size-full wp-image-15491 aligncenter\" src=\"http:\/\/www.bbmag.co.uk\/wp-content\/uploads\/2016\/09\/globo.png\" alt=\"\" width=\"188\" height=\"122\" \/><br \/>\n<\/div><div class=\"column half\">\n<\/div><div class=\"column half\">\n<p><span style=\"color: #000000;\"><b>TV PLAYER &#8211; GLOBO<\/b><\/span><\/p>\n<p><a href=\"https:\/\/tvplayer.com\/watch\/globo\" target=\"_blank\" rel=\"noopener\"><strong>tvplayer.com\/watch\/globo<\/strong><\/a><\/p>\n<p><span style=\"color: #0000ff;\"><strong><a style=\"color: #0000ff;\" href=\"http:\/\/www.tvplayer.com\" target=\"_blank\" rel=\"noopener\">www.tvplayer.com<\/a><\/strong><\/span><\/p>\n<p><i class=\"fa fa-facebook-square fa-2x\" style=\"color: blue;\"><\/i><span style=\"color: #0000ff;\"> TVPlayerUK<\/span><br \/>\n<\/div><\/div>\n","protected":false},"excerpt":{"rendered":"<p>TV PLAYER &#8211; GLOBO A TV Player \u00e9 um servi\u00e7o de streaming de TV online, que oferece aos seus usu\u00e1rios canais que possam ser assistidos em tablets, desktops ou smartphones. A Tv Player possui exclusivamente o canal da Rede Globo no Reino Unido pelo link:\u00a0tvplayer.com\/watch\/globo.\u00a0Voc\u00ea pode acompanhar todos os seus programas favoritos da Globo, desde<\/p>\n<div class=\"read-more\"><a href=\"https:\/\/www.bbmag.co.uk\/pt-br\/tv-player-globo\/\" title=\"Saiba mais\">Saiba mais<\/a><\/div>\n","protected":false},"author":72,"featured_media":15496,"parent":0,"menu_order":0,"comment_status":"closed","ping_status":"closed","template":"","meta":{"footnotes":""},"class_list":["post-11188","page","type-page","status-publish","has-post-thumbnail"],"jetpack-related-posts":[],"jetpack_sharing_enabled":true,"_links":{"self":[{"href":"https:\/\/www.bbmag.co.uk\/pt-br\/wp-json\/wp\/v2\/pages\/11188","targetHints":{"allow":["GET"]}}],"collection":[{"href":"https:\/\/www.bbmag.co.uk\/pt-br\/wp-json\/wp\/v2\/pages"}],"about":[{"href":"https:\/\/www.bbmag.co.uk\/pt-br\/wp-json\/wp\/v2\/types\/page"}],"author":[{"embeddable":true,"href":"https:\/\/www.bbmag.co.uk\/pt-br\/wp-json\/wp\/v2\/users\/72"}],"replies":[{"embeddable":true,"href":"https:\/\/www.bbmag.co.uk\/pt-br\/wp-json\/wp\/v2\/comments?post=11188"}],"version-history":[{"count":0,"href":"https:\/\/www.bbmag.co.uk\/pt-br\/wp-json\/wp\/v2\/pages\/11188\/revisions"}],"wp:featuredmedia":[{"embeddable":true,"href":"https:\/\/www.bbmag.co.uk\/pt-br\/wp-json\/wp\/v2\/media\/15496"}],"wp:attachment":[{"href":"https:\/\/www.bbmag.co.uk\/pt-br\/wp-json\/wp\/v2\/media?parent=11188"}],"curies":[{"name":"wp","href":"https:\/\/api.w.org\/{rel}","templated":true}]}}