{"id":12386,"date":"2017-01-10T18:55:42","date_gmt":"2017-01-10T18:55:42","guid":{"rendered":"http:\/\/www.bbmag.co.uk\/?page_id=12386\/"},"modified":"2017-09-18T17:54:05","modified_gmt":"2017-09-18T16:54:05","slug":"crystal-travel-agencia-de-viagens-em-londres","status":"publish","type":"page","link":"https:\/\/www.bbmag.co.uk\/pt-br\/crystal-travel-agencia-de-viagens-em-londres\/","title":{"rendered":"Crystal Travel"},"content":{"rendered":"<h1>Crystal Travel<\/h1>\n<p>Crystal Travel \u00e9 uma <strong>ag\u00eancia de viagens em Londres,<\/strong> que faz parte do Grupo Moresand e foi fundada em 1986. Est\u00e1 localizada a curta dist\u00e2ncia da Oxford Circus, no cora\u00e7\u00e3o da cidade.<\/p>\n<p>A Crystal Travel \u00e9 a ag\u00eancia de viagens oficial de mais de 84 companhias a\u00e9reas, oferecendo as melhores tarifas com op\u00e7\u00f5es de partidas de diversos pontos. \u00c9 o maior portal de viagens e de tours online do Reino Unido. Sendo um nome de destaque no cen\u00e1rio do turismo, oferece uma ampla gama de produtos que incluem passagens de mais de 150 companhias a\u00e9reas, mais de 65.000 hot\u00e9is, pacotes, aluguel de carros, seguro de viagem, entre outros.<\/p>\n<p>O Grupo Moresand est\u00e1 listado entre \u201cas 100 pequenas e m\u00e9dias empresas mais inspiradoras\u201d, pela Bolsa de Valores de Londres, fato que o posiciona tamb\u00e9m como uma das empresas de viagem mais confi\u00e1veis de todo o Reino Unido.<\/p>\n<p>Outras marcas da Crystal Travel incluem a Sam Travel, Air Travel Guru, Flights to India e Air Travel Guide. Oferecendo uma genu\u00edna paix\u00e3o por viagens, experi\u00eancias memor\u00e1veis e total satisfa\u00e7\u00e3o dos seus clientes, voc\u00ea encontra os servi\u00e7os da Crystal Travel online, atrav\u00e9s de atendimento telef\u00f4nico e de pontos de venda localizados no centro e no leste de Londres.<\/p>\n<div class=\"row cf\"><div class=\"column half\">\n<p><img decoding=\"async\" class=\"alignnone size-full wp-image-15446\" src=\"http:\/\/www.bbmag.co.uk\/wp-content\/uploads\/2016\/09\/crystal-travel.png\" alt=\"\" width=\"263\" height=\"63\" \/><\/p>\n<\/div><div class=\"column half\">\n<\/div><div class=\"column half\">\n<strong><span style=\"color: #000000;\">CRYSTAL TRAVEL<\/span><\/strong><br \/>\n<strong>38 Riding House Street<\/strong><br \/>\n<strong>London W1W 7ES<\/strong><br \/>\n<strong>020 7612 0500<\/strong><br \/>\n<strong><span style=\"color: #0000ff;\"><a style=\"color: #0000ff;\" href=\"https:\/\/www.crystaltravel.co.uk\/\" target=\"_blank\" rel=\"noopener noreferrer\">www.crystaltravel.co.uk\/<\/a><\/span><\/strong><br \/>\n<\/div><\/div>\n","protected":false},"excerpt":{"rendered":"<p>Crystal Travel Crystal Travel \u00e9 uma ag\u00eancia de viagens em Londres, que faz parte do Grupo Moresand e foi fundada em 1986. Est\u00e1 localizada a curta dist\u00e2ncia da Oxford Circus, no cora\u00e7\u00e3o da cidade. A Crystal Travel \u00e9 a ag\u00eancia de viagens oficial de mais de 84 companhias a\u00e9reas, oferecendo as melhores tarifas com op\u00e7\u00f5es<\/p>\n<div class=\"read-more\"><a href=\"https:\/\/www.bbmag.co.uk\/pt-br\/crystal-travel-agencia-de-viagens-em-londres\/\" title=\"Saiba mais\">Saiba mais<\/a><\/div>\n","protected":false},"author":72,"featured_media":14779,"parent":0,"menu_order":0,"comment_status":"closed","ping_status":"closed","template":"page-blocks.php","meta":{"footnotes":""},"class_list":["post-12386","page","type-page","status-publish","has-post-thumbnail"],"jetpack-related-posts":[],"jetpack_sharing_enabled":true,"_links":{"self":[{"href":"https:\/\/www.bbmag.co.uk\/pt-br\/wp-json\/wp\/v2\/pages\/12386","targetHints":{"allow":["GET"]}}],"collection":[{"href":"https:\/\/www.bbmag.co.uk\/pt-br\/wp-json\/wp\/v2\/pages"}],"about":[{"href":"https:\/\/www.bbmag.co.uk\/pt-br\/wp-json\/wp\/v2\/types\/page"}],"author":[{"embeddable":true,"href":"https:\/\/www.bbmag.co.uk\/pt-br\/wp-json\/wp\/v2\/users\/72"}],"replies":[{"embeddable":true,"href":"https:\/\/www.bbmag.co.uk\/pt-br\/wp-json\/wp\/v2\/comments?post=12386"}],"version-history":[{"count":0,"href":"https:\/\/www.bbmag.co.uk\/pt-br\/wp-json\/wp\/v2\/pages\/12386\/revisions"}],"wp:featuredmedia":[{"embeddable":true,"href":"https:\/\/www.bbmag.co.uk\/pt-br\/wp-json\/wp\/v2\/media\/14779"}],"wp:attachment":[{"href":"https:\/\/www.bbmag.co.uk\/pt-br\/wp-json\/wp\/v2\/media?parent=12386"}],"curies":[{"name":"wp","href":"https:\/\/api.w.org\/{rel}","templated":true}]}}