{"id":12538,"date":"2017-01-16T13:01:24","date_gmt":"2017-01-16T13:01:24","guid":{"rendered":"http:\/\/www.bbmag.co.uk\/?page_id=12538\/"},"modified":"2019-08-08T11:47:04","modified_gmt":"2019-08-08T10:47:04","slug":"solomon-shepherd","status":"publish","type":"page","link":"https:\/\/www.bbmag.co.uk\/pt-br\/solomon-shepherd\/","title":{"rendered":"Solomon Shepherd"},"content":{"rendered":"<h1>Solomon Shepherd<\/h1>\n<p>Se voc\u00ea precisa de <strong>servi\u00e7os de imigra\u00e7\u00e3o em Londres<\/strong> para um assunto urgente, a Solomon Shepherd Solicitors est\u00e1 sempre dispon\u00edvel para atend\u00ea-lo imediatamente.<\/p>\n<p>Solomon Shepherd Solicitors \u00e9 uma das melhores empresas de Direito do Reino Unido, com advogados experientes e que representa seus interesses legais a cada passo do caminho. Possui uma equipe dedicada de advogados altamente qualificados, especialistas em v\u00e1rios aspectos da lei e que fazem com que a sua experi\u00eancia de lidar com advogados seja extremamente positiva. Essa experi\u00eancia, para representar efetivamente os clientes em diversas disciplinas legais, \u00e9 baseada na integridade profissional e no esfor\u00e7o para alcan\u00e7ar justi\u00e7a e equidade para todos.<\/p>\n<p>Esses experientes advogados ouvem suas preocupa\u00e7\u00f5es, compreendem a lei e representam o seu caso com integridade. Tamb\u00e9m s\u00e3o especializados em v\u00e1rios aspectos e campos da Lei, com ampla experi\u00eancia adquirida ao longo de muitos anos e apresentam um excelente registro de sucesso.<\/p>\n<p>Todos os advogados da Solomon Shepherd oferecem solu\u00e7\u00f5es atualizadas e inovadoras, adaptadas \u00e0s necessidades individuais de cada cliente e visam fornecer o servi\u00e7o jur\u00eddico pessoal, mas ao mesmo tempo profissional, que todos esperamos receber de qualquer empresa de advocacia respeit\u00e1vel.<\/p>\n<p>A filosofia da Solomon Shepherd Solicitors \u00e9 fornecer um servi\u00e7o pessoal e de qualidade, com linguagem simples, efici\u00eancia, rapidez e amabilidade, mantendo os clientes atualizados e plenamente informados ao longo de todo o processo legal.<\/p>\n<p><strong>\u200b<\/strong>A equipe de advogados tamb\u00e9m oferece solu\u00e7\u00f5es adaptadas a todas as necessidades individuais em diversas l\u00ednguas: Portugu\u00eas, Igbo, Yoruba, Twi, Ga, Fante, Franc\u00eas e Alem\u00e3o.<\/p>\n<p>&#8211;<\/p>\n<div class=\"row cf\"><div class=\"column half\">\n<img decoding=\"async\" class=\"aligncenter wp-image-12535 \" src=\"http:\/\/www.bbmag.co.uk\/wp-content\/uploads\/2016\/09\/logo_law_solicitor-300x107.png\" width=\"258\" height=\"92\" srcset=\"https:\/\/www.bbmag.co.uk\/wp-content\/uploads\/2016\/09\/logo_law_solicitor-300x107.png 300w, https:\/\/www.bbmag.co.uk\/wp-content\/uploads\/2016\/09\/logo_law_solicitor.png 372w\" sizes=\"(max-width: 258px) 100vw, 258px\" \/><br \/>\n<\/div><div class=\"column half\">\n<\/div><div class=\"column half\">\n<span style=\"color: #000000;\"><b>SOLOMON SHEPHERD<\/b><\/span><br \/>\n<strong>Fountayne Business Centre, Broad Lane<\/strong><br \/>\n<strong>London N15 4AG<\/strong><br \/>\n<strong>020 8801 0214<\/strong><br \/>\n<strong><a href=\"http:\/\/www.solomonshepherd.com\/\" target=\"_blank\" rel=\"noopener noreferrer\"><span style=\"color: #0000ff;\">www.solomonshepherd.com<\/span><\/a><\/strong><br \/>\n<\/div><\/div>\n","protected":false},"excerpt":{"rendered":"<p>Solomon Shepherd Se voc\u00ea precisa de servi\u00e7os de imigra\u00e7\u00e3o em Londres para um assunto urgente, a Solomon Shepherd Solicitors est\u00e1 sempre dispon\u00edvel para atend\u00ea-lo imediatamente. Solomon Shepherd Solicitors \u00e9 uma das melhores empresas de Direito do Reino Unido, com advogados experientes e que representa seus interesses legais a cada passo do caminho. Possui uma equipe<\/p>\n<div class=\"read-more\"><a href=\"https:\/\/www.bbmag.co.uk\/pt-br\/solomon-shepherd\/\" title=\"Saiba mais\">Saiba mais<\/a><\/div>\n","protected":false},"author":72,"featured_media":12541,"parent":0,"menu_order":0,"comment_status":"closed","ping_status":"closed","template":"","meta":{"footnotes":""},"class_list":["post-12538","page","type-page","status-publish","has-post-thumbnail"],"jetpack-related-posts":[],"jetpack_sharing_enabled":true,"_links":{"self":[{"href":"https:\/\/www.bbmag.co.uk\/pt-br\/wp-json\/wp\/v2\/pages\/12538","targetHints":{"allow":["GET"]}}],"collection":[{"href":"https:\/\/www.bbmag.co.uk\/pt-br\/wp-json\/wp\/v2\/pages"}],"about":[{"href":"https:\/\/www.bbmag.co.uk\/pt-br\/wp-json\/wp\/v2\/types\/page"}],"author":[{"embeddable":true,"href":"https:\/\/www.bbmag.co.uk\/pt-br\/wp-json\/wp\/v2\/users\/72"}],"replies":[{"embeddable":true,"href":"https:\/\/www.bbmag.co.uk\/pt-br\/wp-json\/wp\/v2\/comments?post=12538"}],"version-history":[{"count":0,"href":"https:\/\/www.bbmag.co.uk\/pt-br\/wp-json\/wp\/v2\/pages\/12538\/revisions"}],"wp:featuredmedia":[{"embeddable":true,"href":"https:\/\/www.bbmag.co.uk\/pt-br\/wp-json\/wp\/v2\/media\/12541"}],"wp:attachment":[{"href":"https:\/\/www.bbmag.co.uk\/pt-br\/wp-json\/wp\/v2\/media?parent=12538"}],"curies":[{"name":"wp","href":"https:\/\/api.w.org\/{rel}","templated":true}]}}