{"id":12666,"date":"2017-01-19T16:26:01","date_gmt":"2017-01-19T16:26:01","guid":{"rendered":"http:\/\/www.bbmag.co.uk\/?page_id=12666\/"},"modified":"2017-01-19T16:32:13","modified_gmt":"2017-01-19T16:32:13","slug":"marcelo-painting-and-decorating-pinturas-e-reformas-em-geral","status":"publish","type":"page","link":"https:\/\/www.bbmag.co.uk\/pt-br\/marcelo-painting-and-decorating-pinturas-e-reformas-em-geral\/","title":{"rendered":"MARCELO &#8211; PAINTING &#038; DECORATING | Pinturas e reformas em geral"},"content":{"rendered":"<p><strong>Pinturas e reformas em geral<\/strong><\/p>\n<p>Quem procura um excelente pintor brasileiro em Londres para pintura e reforma em geral, pode contar com o Marcelo.<\/p>\n<p>Seus trabalhos contam com o profissionalismo, a pontualidade, produto final de alta qualidade e pre\u00e7os acess\u00edveis que todos requerem.<\/p>\n<p>Al\u00e9m de pinturas, Marcelo tamb\u00e9m se dedica a reformas em geral.<\/p>\n<p>Para or\u00e7amentos, contate o Marcelo no telefone 07889 862 507 ou fale com o Geanderson no 07742 527 475<\/p>\n<div class=\"row cf\"><div class=\"column half\">\n<img decoding=\"async\" class=\"aligncenter wp-image-12658 size-full\" src=\"http:\/\/www.bbmag.co.uk\/wp-content\/uploads\/2016\/09\/Marcelo_Pintor_LOGO.jpg\" width=\"252\" height=\"80\" \/><br \/>\n<\/div><div class=\"column half\">\n<\/div><div class=\"column half\">\n<p><span style=\"color: #000000;\"><b>MARCELO &#8211; PAINTING &amp; DECORATING<\/b><\/span><br \/>\n<strong>07889 862 507 |\u00a007742 527 475<\/strong><br \/>\n<\/div><\/div>\n","protected":false},"excerpt":{"rendered":"<p>Pinturas e reformas em geral Quem procura um excelente pintor brasileiro em Londres para pintura e reforma em geral, pode contar com o Marcelo. Seus trabalhos contam com o profissionalismo, a pontualidade, produto final de alta qualidade e pre\u00e7os acess\u00edveis que todos requerem. Al\u00e9m de pinturas, Marcelo tamb\u00e9m se dedica a reformas em geral. Para<\/p>\n<div class=\"read-more\"><a href=\"https:\/\/www.bbmag.co.uk\/pt-br\/marcelo-painting-and-decorating-pinturas-e-reformas-em-geral\/\" title=\"Saiba mais\">Saiba mais<\/a><\/div>\n","protected":false},"author":72,"featured_media":12566,"parent":0,"menu_order":0,"comment_status":"closed","ping_status":"closed","template":"","meta":{"footnotes":""},"class_list":["post-12666","page","type-page","status-publish","has-post-thumbnail"],"jetpack-related-posts":[],"jetpack_sharing_enabled":true,"_links":{"self":[{"href":"https:\/\/www.bbmag.co.uk\/pt-br\/wp-json\/wp\/v2\/pages\/12666","targetHints":{"allow":["GET"]}}],"collection":[{"href":"https:\/\/www.bbmag.co.uk\/pt-br\/wp-json\/wp\/v2\/pages"}],"about":[{"href":"https:\/\/www.bbmag.co.uk\/pt-br\/wp-json\/wp\/v2\/types\/page"}],"author":[{"embeddable":true,"href":"https:\/\/www.bbmag.co.uk\/pt-br\/wp-json\/wp\/v2\/users\/72"}],"replies":[{"embeddable":true,"href":"https:\/\/www.bbmag.co.uk\/pt-br\/wp-json\/wp\/v2\/comments?post=12666"}],"version-history":[{"count":0,"href":"https:\/\/www.bbmag.co.uk\/pt-br\/wp-json\/wp\/v2\/pages\/12666\/revisions"}],"wp:featuredmedia":[{"embeddable":true,"href":"https:\/\/www.bbmag.co.uk\/pt-br\/wp-json\/wp\/v2\/media\/12566"}],"wp:attachment":[{"href":"https:\/\/www.bbmag.co.uk\/pt-br\/wp-json\/wp\/v2\/media?parent=12666"}],"curies":[{"name":"wp","href":"https:\/\/api.w.org\/{rel}","templated":true}]}}