{"id":13408,"date":"2017-03-07T19:46:47","date_gmt":"2017-03-07T19:46:47","guid":{"rendered":"http:\/\/www.bbmag.co.uk\/?page_id=13408\/"},"modified":"2019-08-07T13:48:26","modified_gmt":"2019-08-07T12:48:26","slug":"imoveis-no-brasil","status":"publish","type":"page","link":"https:\/\/www.bbmag.co.uk\/pt-br\/imoveis-no-brasil\/","title":{"rendered":"Im\u00f3veis no Brasil"},"content":{"rendered":"<div class=\"row cf\"><div class=\"column one-1\"><\/div><div class=\"column two-third\"><div class=\"row cf\"><\/div>\n<div class=\"column one-1\"><\/div>\n<img decoding=\"async\" src=\"http:\/\/www.bbmag.co.uk\/wp-content\/uploads\/2017\/03\/im\u00f3veis.jpg\" \/><\/p>\n<p style=\"text-align: center;\">Im\u00f3veis para vender e alugar no Brasil<\/p>\n<p style=\"text-align: left;\">Est\u00e1 procurando<strong> im\u00f3vel para comprar ou alugar<\/strong> no Brasil? O BBMag Diret\u00f3rio de neg\u00f3cios oferece diversas op\u00e7\u00f5es para voc\u00ea! Venha realizar seu sonho de viver em terras brasileiras e encontre seu im\u00f3vel ideal!<\/p>\n<p style=\"text-align: justify;\">Ao contatar os nossos anunciantes e parceiros, <strong>mencione sempre o BBMAG Diret\u00f3rio de Neg\u00f3cios<\/strong> para receber pre\u00e7os e condi\u00e7\u00f5es especiais.<\/p>\n<p style=\"text-align: justify;\"><a href=\"\/?page_id=7799\"><span style=\"color: #0000ff;\"><u>Voltar \u00e0 p\u00e1gina principal do BBMAG Diret\u00f3rio de Neg\u00f3cios<\/u><\/span><\/a><\/p>\n<p><strong><span class=\"s1\">Confira os parceiros da BBMAG:<\/span><\/strong><\/p>\n<table style=\"margin-bottom: 15px; height: 165px;\" width=\"626\">\n<tbody>\n<tr style=\"border-width: 2px; border-style: solid;\">\n<td style=\"background-color: #ddebff;\" width=\"40%\"><img decoding=\"async\" class=\"alignleft wp-image-13410 \" src=\"http:\/\/www.bbmag.co.uk\/wp-content\/uploads\/2017\/03\/foto1.jpg\" width=\"240\" height=\"155\" srcset=\"https:\/\/www.bbmag.co.uk\/wp-content\/uploads\/2017\/03\/foto1.jpg 504w, https:\/\/www.bbmag.co.uk\/wp-content\/uploads\/2017\/03\/foto1-300x193.jpg 300w\" sizes=\"(max-width: 240px) 100vw, 240px\" \/><\/td>\n<td style=\"background-color: #ddebff; text-align: center;\" width=\"40%\"><strong><span style=\"color: #000000;\">Im\u00f3vel a venda na Bahia<\/span><\/strong><\/p>\n<p>Apartamento em<\/p>\n<p>Condom\u00ednio-resort<\/td>\n<td style=\"background-color: #ddebff;\" width=\"20%\"><center><a href=\"\/?page_id=13411\" target=\"_blank\" rel=\"noopener noreferrer\"><i class=\"fa fa-search fa-2x \" style=\"color: blue;\"><\/i><br \/>\n<span style=\"color: #0000ff;\"> Ver<\/span><\/a><\/center><\/td>\n<\/tr>\n<\/tbody>\n<\/table>\n<p class=\"p1\" style=\"text-align: justify;\"><em>Quer fazer\u00a0parte da lista principal e ganhar mais destaque para o seu neg\u00f3cio? Entre em contato <a href=\"\/?page_id=2681\"><span style=\"color: #000080;\"><strong>conosco<\/strong><\/span><\/a>.<\/em><\/p>\n<p class=\"p1\" style=\"text-align: justify;\"><em>A informa\u00e7\u00e3o acima \u00e9 de responsabilidade dos anunciantes.<\/em><br \/>\n<\/div><div class=\"column one-third\">\n<!-- Either there are no banners, they are disabled or none qualified for this location! -->\n<\/div><\/div>\n","protected":false},"excerpt":{"rendered":"","protected":false},"author":72,"featured_media":0,"parent":0,"menu_order":0,"comment_status":"closed","ping_status":"closed","template":"","meta":{"footnotes":""},"class_list":["post-13408","page","type-page","status-publish"],"jetpack-related-posts":[],"jetpack_sharing_enabled":true,"_links":{"self":[{"href":"https:\/\/www.bbmag.co.uk\/pt-br\/wp-json\/wp\/v2\/pages\/13408","targetHints":{"allow":["GET"]}}],"collection":[{"href":"https:\/\/www.bbmag.co.uk\/pt-br\/wp-json\/wp\/v2\/pages"}],"about":[{"href":"https:\/\/www.bbmag.co.uk\/pt-br\/wp-json\/wp\/v2\/types\/page"}],"author":[{"embeddable":true,"href":"https:\/\/www.bbmag.co.uk\/pt-br\/wp-json\/wp\/v2\/users\/72"}],"replies":[{"embeddable":true,"href":"https:\/\/www.bbmag.co.uk\/pt-br\/wp-json\/wp\/v2\/comments?post=13408"}],"version-history":[{"count":0,"href":"https:\/\/www.bbmag.co.uk\/pt-br\/wp-json\/wp\/v2\/pages\/13408\/revisions"}],"wp:attachment":[{"href":"https:\/\/www.bbmag.co.uk\/pt-br\/wp-json\/wp\/v2\/media?parent=13408"}],"curies":[{"name":"wp","href":"https:\/\/api.w.org\/{rel}","templated":true}]}}