{"id":13411,"date":"2017-03-07T19:43:08","date_gmt":"2017-03-07T19:43:08","guid":{"rendered":"http:\/\/www.bbmag.co.uk\/?page_id=13411\/"},"modified":"2017-04-19T11:01:17","modified_gmt":"2017-04-19T10:01:17","slug":"apartamento-em-condominio-resort-na-bahia","status":"publish","type":"page","link":"https:\/\/www.bbmag.co.uk\/pt-br\/apartamento-em-condominio-resort-na-bahia\/","title":{"rendered":"Apartamento em Condom\u00ednio-resort na Bahia"},"content":{"rendered":"[rev_slider alias=&#8221;Im\u00f3vel Bahia Cond-Resort&#8221;]\n<h1 style=\"text-align: center;\"><span style=\"font-family: 'Arial','sans-serif';\">Condom\u00ednio Genipabu Club House, apartamento 002-B, bloco 10 (t\u00e9rreo).<\/span><\/h1>\n<p>\u00c9 considerado um condom\u00ednio-resort.\u00a0<span style=\"font-family: 'Arial','sans-serif';\">Situado no munic\u00edpio de Cama\u00e7ari, Estado da Bahia, distrito de Monte Gordo, praia de Guarajuba.\u00a0<\/span><span style=\"font-family: 'Arial','sans-serif';\">Rodovia Estrada do C\u00f4co, km. 40.<\/span><span style=\"font-family: 'Arial','sans-serif';\">91 m2 de \u00e1rea \u00fatil, al\u00e9m de 90 m2 de jardim de uso privativo.<\/span><\/p>\n<p><span style=\"font-family: 'Arial','sans-serif';\">Tr\u00eas quartos (uma su\u00edte e dois quartos com banheiro compartilhado com entradas pr\u00f3prias), sala\/cozinha (estilo americano), lavanderia, lavabo, terra\u00e7o.\u00a0<\/span><span style=\"font-family: 'Arial','sans-serif';\">S\u00e3o duas vagas para carro de uso exclusivo.<\/span><\/p>\n<p><span style=\"font-family: 'Arial','sans-serif';\">O apartamento est\u00e1 mobiliado e conta com ar-condicionado em todos os quartos, ventiladores de teto, inclusive na sala, tv na sala e em dois quartos, fog\u00e3o, geladeira.<\/span><\/p>\n<p><span style=\"font-family: 'Arial','sans-serif';\">O condom\u00ednio possui wi-fi, s<\/span><span style=\"font-family: 'Arial','sans-serif';\">al\u00e3o de jogos, piscina semi-ol\u00edmpica, piscina adulto e infantil, 2 quiosques com churrasqueira, sal\u00e3o de festa com mob\u00edlia e TV, campo de futebol, quadra poliesportiva, 2 quadras de t\u00eanis, playground, jardim amplo, deck com mob\u00edlia de piscina (mesas, cadeiras, sombreiros, espregui\u00e7adeiras), banheiros masculino e feminino, e ciclovia ao redor do condom\u00ednio (parte interna).<\/span><\/p>\n<p><span style=\"font-family: 'Arial','sans-serif';\">Conta com sistema de seguran\u00e7a com c\u00e2meras, al\u00e9m de portaria com seguran\u00e7as.<\/span><\/p>\n<p>O condom\u00ednio est\u00e1 situado a 500 metros da praia de Genipabu-BA, a 900 metros da praia de Guarajuba-Ba, e a 14 Km da famosa praia do Forte-BA.\u00a0<span style=\"font-family: 'Arial','sans-serif';\">Est\u00e1 situado a 40 km. do aeroporto de Salvador, dispondo de rodovia dupla em \u00f3timo estado de conserva\u00e7\u00e3o.\u00a0<\/span><span style=\"font-family: 'Arial','sans-serif';\">Excelente estrutura de descanso e lazer.<\/span><\/p>\n\n\t\t<style type=\"text\/css\">\n\t\t\t#gallery-1 {\n\t\t\t\tmargin: auto;\n\t\t\t}\n\t\t\t#gallery-1 .gallery-item {\n\t\t\t\tfloat: left;\n\t\t\t\tmargin-top: 10px;\n\t\t\t\ttext-align: center;\n\t\t\t\twidth: 20%;\n\t\t\t}\n\t\t\t#gallery-1 img {\n\t\t\t\tborder: 2px solid #cfcfcf;\n\t\t\t}\n\t\t\t#gallery-1 .gallery-caption {\n\t\t\t\tmargin-left: 0;\n\t\t\t}\n\t\t\t\/* see gallery_shortcode() in wp-includes\/media.php *\/\n\t\t<\/style>\n\t\t<div id='gallery-1' class='gallery galleryid-13411 gallery-columns-5 gallery-size-thumbnail'><dl class='gallery-item'>\n\t\t\t<dt class='gallery-icon landscape'>\n\t\t\t\t<a href='https:\/\/www.bbmag.co.uk\/wp-content\/uploads\/2017\/03\/foto14.jpg'><img decoding=\"async\" width=\"150\" height=\"150\" src=\"https:\/\/www.bbmag.co.uk\/wp-content\/uploads\/2017\/03\/foto14-150x150.jpg\" class=\"attachment-thumbnail size-thumbnail\" alt=\"\" \/><\/a>\n\t\t\t<\/dt><\/dl><dl class='gallery-item'>\n\t\t\t<dt class='gallery-icon landscape'>\n\t\t\t\t<a href='https:\/\/www.bbmag.co.uk\/wp-content\/uploads\/2017\/03\/foto13.jpg'><img decoding=\"async\" width=\"150\" height=\"150\" src=\"https:\/\/www.bbmag.co.uk\/wp-content\/uploads\/2017\/03\/foto13-150x150.jpg\" class=\"attachment-thumbnail size-thumbnail\" alt=\"\" \/><\/a>\n\t\t\t<\/dt><\/dl><dl class='gallery-item'>\n\t\t\t<dt class='gallery-icon landscape'>\n\t\t\t\t<a href='https:\/\/www.bbmag.co.uk\/wp-content\/uploads\/2017\/03\/foto12.jpg'><img decoding=\"async\" width=\"150\" height=\"150\" src=\"https:\/\/www.bbmag.co.uk\/wp-content\/uploads\/2017\/03\/foto12-150x150.jpg\" class=\"attachment-thumbnail size-thumbnail\" alt=\"\" \/><\/a>\n\t\t\t<\/dt><\/dl><dl class='gallery-item'>\n\t\t\t<dt class='gallery-icon landscape'>\n\t\t\t\t<a href='https:\/\/www.bbmag.co.uk\/wp-content\/uploads\/2017\/03\/foto11.jpg'><img decoding=\"async\" width=\"150\" height=\"150\" src=\"https:\/\/www.bbmag.co.uk\/wp-content\/uploads\/2017\/03\/foto11-150x150.jpg\" class=\"attachment-thumbnail size-thumbnail\" alt=\"\" \/><\/a>\n\t\t\t<\/dt><\/dl><dl class='gallery-item'>\n\t\t\t<dt class='gallery-icon landscape'>\n\t\t\t\t<a href='https:\/\/www.bbmag.co.uk\/wp-content\/uploads\/2017\/03\/foto10.jpg'><img decoding=\"async\" width=\"150\" height=\"150\" src=\"https:\/\/www.bbmag.co.uk\/wp-content\/uploads\/2017\/03\/foto10-150x150.jpg\" class=\"attachment-thumbnail size-thumbnail\" alt=\"\" \/><\/a>\n\t\t\t<\/dt><\/dl><br style=\"clear: both\" \/><dl class='gallery-item'>\n\t\t\t<dt class='gallery-icon landscape'>\n\t\t\t\t<a href='https:\/\/www.bbmag.co.uk\/wp-content\/uploads\/2017\/03\/foto9.jpg'><img decoding=\"async\" width=\"150\" height=\"150\" src=\"https:\/\/www.bbmag.co.uk\/wp-content\/uploads\/2017\/03\/foto9-150x150.jpg\" class=\"attachment-thumbnail size-thumbnail\" alt=\"\" \/><\/a>\n\t\t\t<\/dt><\/dl><dl class='gallery-item'>\n\t\t\t<dt class='gallery-icon landscape'>\n\t\t\t\t<a href='https:\/\/www.bbmag.co.uk\/wp-content\/uploads\/2017\/03\/foto8.jpg'><img decoding=\"async\" width=\"150\" height=\"150\" src=\"https:\/\/www.bbmag.co.uk\/wp-content\/uploads\/2017\/03\/foto8-150x150.jpg\" class=\"attachment-thumbnail size-thumbnail\" alt=\"\" \/><\/a>\n\t\t\t<\/dt><\/dl><dl class='gallery-item'>\n\t\t\t<dt class='gallery-icon landscape'>\n\t\t\t\t<a href='https:\/\/www.bbmag.co.uk\/wp-content\/uploads\/2017\/03\/foto7.jpg'><img decoding=\"async\" width=\"150\" height=\"150\" src=\"https:\/\/www.bbmag.co.uk\/wp-content\/uploads\/2017\/03\/foto7-150x150.jpg\" class=\"attachment-thumbnail size-thumbnail\" alt=\"\" \/><\/a>\n\t\t\t<\/dt><\/dl><dl class='gallery-item'>\n\t\t\t<dt class='gallery-icon landscape'>\n\t\t\t\t<a href='https:\/\/www.bbmag.co.uk\/wp-content\/uploads\/2017\/03\/foto6.jpg'><img decoding=\"async\" width=\"150\" height=\"150\" src=\"https:\/\/www.bbmag.co.uk\/wp-content\/uploads\/2017\/03\/foto6-150x150.jpg\" class=\"attachment-thumbnail size-thumbnail\" alt=\"\" \/><\/a>\n\t\t\t<\/dt><\/dl><dl class='gallery-item'>\n\t\t\t<dt class='gallery-icon landscape'>\n\t\t\t\t<a href='https:\/\/www.bbmag.co.uk\/wp-content\/uploads\/2017\/03\/foto5.jpg'><img decoding=\"async\" width=\"150\" height=\"150\" src=\"https:\/\/www.bbmag.co.uk\/wp-content\/uploads\/2017\/03\/foto5-150x150.jpg\" class=\"attachment-thumbnail size-thumbnail\" alt=\"\" \/><\/a>\n\t\t\t<\/dt><\/dl><br style=\"clear: both\" \/><dl class='gallery-item'>\n\t\t\t<dt class='gallery-icon landscape'>\n\t\t\t\t<a href='https:\/\/www.bbmag.co.uk\/wp-content\/uploads\/2017\/03\/foto4.jpg'><img decoding=\"async\" width=\"150\" height=\"150\" src=\"https:\/\/www.bbmag.co.uk\/wp-content\/uploads\/2017\/03\/foto4-150x150.jpg\" class=\"attachment-thumbnail size-thumbnail\" alt=\"\" \/><\/a>\n\t\t\t<\/dt><\/dl><dl class='gallery-item'>\n\t\t\t<dt class='gallery-icon landscape'>\n\t\t\t\t<a href='https:\/\/www.bbmag.co.uk\/wp-content\/uploads\/2017\/03\/foto3.jpg'><img decoding=\"async\" width=\"150\" height=\"150\" src=\"https:\/\/www.bbmag.co.uk\/wp-content\/uploads\/2017\/03\/foto3-150x150.jpg\" class=\"attachment-thumbnail size-thumbnail\" alt=\"\" \/><\/a>\n\t\t\t<\/dt><\/dl><dl class='gallery-item'>\n\t\t\t<dt class='gallery-icon landscape'>\n\t\t\t\t<a href='https:\/\/www.bbmag.co.uk\/wp-content\/uploads\/2017\/03\/foto2.jpg'><img decoding=\"async\" width=\"150\" height=\"150\" src=\"https:\/\/www.bbmag.co.uk\/wp-content\/uploads\/2017\/03\/foto2-150x150.jpg\" class=\"attachment-thumbnail size-thumbnail\" alt=\"\" \/><\/a>\n\t\t\t<\/dt><\/dl><dl class='gallery-item'>\n\t\t\t<dt class='gallery-icon landscape'>\n\t\t\t\t<a href='https:\/\/www.bbmag.co.uk\/wp-content\/uploads\/2017\/03\/foto1.jpg'><img decoding=\"async\" width=\"150\" height=\"150\" src=\"https:\/\/www.bbmag.co.uk\/wp-content\/uploads\/2017\/03\/foto1-150x150.jpg\" class=\"attachment-thumbnail size-thumbnail\" alt=\"\" \/><\/a>\n\t\t\t<\/dt><\/dl>\n\t\t\t<br style='clear: both' \/>\n\t\t<\/div>\n<div class=\"row cf\"><div class=\"column half\">\n<iframe loading=\"lazy\" style=\"border: 0;\" src=\"https:\/\/www.google.com\/maps\/embed?pb=!1m18!1m12!1m3!1d3889.4539206147324!2d-38.31290218517896!3d-12.878507590916989!2m3!1f0!2f0!3f0!3m2!1i1024!2i768!4f13.1!3m3!1m2!1s0x7163e06ade25a61%3A0x429797edc5f426cc!2sEstrada+do+C%C3%B4co%2C+Lauro+de+Freitas+-+BA!5e0!3m2!1sen!2sbr!4v1489691539069\" width=\"300\" height=\"200\" frameborder=\"0\" allowfullscreen=\"allowfullscreen\"><\/iframe><br \/>\n<\/div><div class=\"column half\">\n<\/div><div class=\"column half\">\n<span style=\"color: #000000;\"><strong>ENTRE EM CONTATO<br \/>\n<\/strong><\/span>Tel: \u2060 +55-11-99137 6628<br \/>\nEmail:\u00a0domingos@darsie.com.br<\/p>\n<p><strong> <\/div><\/div>\n","protected":false},"excerpt":{"rendered":"<p>[rev_slider alias=&#8221;Im\u00f3vel Bahia Cond-Resort&#8221;] Condom\u00ednio Genipabu Club House, apartamento 002-B, bloco 10 (t\u00e9rreo). \u00c9 considerado um condom\u00ednio-resort.\u00a0Situado no munic\u00edpio de Cama\u00e7ari, Estado da Bahia, distrito de Monte Gordo, praia de Guarajuba.\u00a0Rodovia Estrada do C\u00f4co, km. 40.91 m2 de \u00e1rea \u00fatil, al\u00e9m de 90 m2 de jardim de uso privativo. Tr\u00eas quartos (uma su\u00edte e dois<\/p>\n<div class=\"read-more\"><a href=\"https:\/\/www.bbmag.co.uk\/pt-br\/apartamento-em-condominio-resort-na-bahia\/\" title=\"Saiba mais\">Saiba mais<\/a><\/div>\n","protected":false},"author":72,"featured_media":0,"parent":0,"menu_order":0,"comment_status":"closed","ping_status":"closed","template":"","meta":{"footnotes":""},"class_list":["post-13411","page","type-page","status-publish"],"jetpack-related-posts":[],"jetpack_sharing_enabled":true,"_links":{"self":[{"href":"https:\/\/www.bbmag.co.uk\/pt-br\/wp-json\/wp\/v2\/pages\/13411","targetHints":{"allow":["GET"]}}],"collection":[{"href":"https:\/\/www.bbmag.co.uk\/pt-br\/wp-json\/wp\/v2\/pages"}],"about":[{"href":"https:\/\/www.bbmag.co.uk\/pt-br\/wp-json\/wp\/v2\/types\/page"}],"author":[{"embeddable":true,"href":"https:\/\/www.bbmag.co.uk\/pt-br\/wp-json\/wp\/v2\/users\/72"}],"replies":[{"embeddable":true,"href":"https:\/\/www.bbmag.co.uk\/pt-br\/wp-json\/wp\/v2\/comments?post=13411"}],"version-history":[{"count":0,"href":"https:\/\/www.bbmag.co.uk\/pt-br\/wp-json\/wp\/v2\/pages\/13411\/revisions"}],"wp:attachment":[{"href":"https:\/\/www.bbmag.co.uk\/pt-br\/wp-json\/wp\/v2\/media?parent=13411"}],"curies":[{"name":"wp","href":"https:\/\/api.w.org\/{rel}","templated":true}]}}