{"id":13545,"date":"2017-03-20T19:38:50","date_gmt":"2017-03-20T19:38:50","guid":{"rendered":"http:\/\/www.bbmag.co.uk\/?page_id=13545\/"},"modified":"2017-09-19T13:51:29","modified_gmt":"2017-09-19T12:51:29","slug":"fiscolandis-contabilidade-assessoria-de-negocios","status":"publish","type":"page","link":"https:\/\/www.bbmag.co.uk\/pt-br\/fiscolandis-contabilidade-assessoria-de-negocios\/","title":{"rendered":"FISCOLANDIS"},"content":{"rendered":"<h1><strong>FISCOLANDIS \u00a0&#8211;\u00a0<\/strong><strong>Contabilidade e Assessoria de Neg\u00f3cios<\/strong><\/h1>\n<p>Especialistas em Abertura e Encerramento de Empresas, Imposto de Renda Pessoa F\u00edsica e Assessoria Cont\u00e1bil para Micro e Pequenas Empresas.<\/p>\n<p>A<strong> Fiscolandis<\/strong> nasceu em 1975, sendo que o s\u00f3cio fundador est\u00e1 a mais de 40 anos no mercado possuindo extensa experi\u00eancia em diversos segmentos de neg\u00f3cios que aliado ao suporte inovador e empreendedor do s\u00f3cio mais jovem, seu filho, a empresa encontra-se em processo constante de transforma\u00e7\u00e3o e melhoria, visando sempre sua moderniza\u00e7\u00e3o e crescimento.<\/p>\n<p>Seu foco principal \u00e9 atender empresas de pequeno e m\u00e9dio porte de forma personalizada a fim de criar um v\u00ednculo de parceria com seus clientes.<\/p>\n<p style=\"text-align: center;\"><span style=\"color: #ff6600;\"><strong>\u00bb Abertura e encerramento de empresas\u00a0\u00ab<\/strong><\/span><\/p>\n<p style=\"text-align: center;\"><span style=\"color: #ff6600;\"><strong>\u00bb Imposto de renda pessoa f\u00edsica\u00a0\u00ab<\/strong><\/span><\/p>\n<p style=\"text-align: center;\"><span style=\"color: #ff6600;\"><strong>\u00bb Assessoria cont\u00e1bil para micro e pequenas empresas\u00a0\u00ab<\/strong><\/span><\/p>\n<p style=\"text-align: left;\"><strong>Legal e Societ\u00e1ria<br \/>\n<\/strong>&#8211; Abertura de Empresas;<br \/>\n&#8211; Altera\u00e7\u00e3o e Encerramento de Empresas;<br \/>\n&#8211; Regulariza\u00e7\u00e3o de Empresas;<br \/>\n&#8211; Elabora\u00e7\u00e3o de Contrato Social e Altera\u00e7\u00f5es;<br \/>\n&#8211; Certid\u00f5es Negativas;<br \/>\n&#8211; Parcelamento de D\u00e9bitos tribut\u00e1rios;<\/p>\n<p><strong>Contabilidade Geral<br \/>\n<\/strong>&#8211; Contabiliza\u00e7\u00e3o de acordo com a legisla\u00e7\u00e3o vigente para: micro, pequenas e m\u00e9dias empresas;<br \/>\n&#8211; Escritura\u00e7\u00e3o dos livros fiscais e cont\u00e1beis;<\/p>\n<p><strong>Fiscal e Tribut\u00e1rio<br \/>\n<\/strong>&#8211; Declara\u00e7\u00f5es: Imposto de Renda Pessoa F\u00edsica e Jur\u00eddica, DCTF, DACON, DASN e declara\u00e7\u00f5es espec\u00edficas de acordo com o segmento do neg\u00f3cio;<br \/>\n&#8211; Forma de Tributa\u00e7\u00e3o: Simples Nacional, Lucro Presumido e Lucro Real;<br \/>\n&#8211; Apura\u00e7\u00e3o de Impostos: DAS, PIS, COFINS, DIPJ, CSLL, ISS, ICMS, IPI;<\/p>\n<p><strong>Folha de Pagamento<br \/>\n<\/strong>&#8211; Admiss\u00e3o e demiss\u00e3o de funcion\u00e1rios;<br \/>\n&#8211; Controle de F\u00e9rias e Benef\u00edcios;<br \/>\n&#8211; C\u00e1lculo e emiss\u00e3o de 13\u00ba sal\u00e1rio;<br \/>\n&#8211; Emiss\u00e3o de Guias: FGTS, INSS, IRRF;<br \/>\n&#8211; Declara\u00e7\u00f5es da Folha de Pagamento: DIRF, RAIS, GFIP, CAGED;<br \/>\n&#8211; Informe de Rendimentos.<\/p>\n<p><strong>Consultoria<br \/>\n<\/strong>&#8211; Atendimento por telefone, e-mail ou presencial;<br \/>\n&#8211; Esclarecemos d\u00favidas referentes \u00e0 forma de tributa\u00e7\u00e3o, folha de pagamento, contabilidade, abertura de empresas e outros servi\u00e7os pertinentes \u00e0 \u00e1rea;<\/p>\n<div class=\"row cf\"><div class=\"column half\">\n<a href=\"http:\/\/www.bbmag.co.uk\/wp-content\/uploads\/2016\/09\/FIscolandis-Logo.png\"><img decoding=\"async\" class=\"alignleft wp-image-13543 \" src=\"http:\/\/www.bbmag.co.uk\/wp-content\/uploads\/2016\/09\/FIscolandis-Logo-300x179.png\" alt=\"\" width=\"234\" height=\"140\" \/><\/a><img decoding=\"async\" class=\"size-full wp-image-15465 aligncenter\" src=\"http:\/\/www.bbmag.co.uk\/wp-content\/uploads\/2016\/09\/Fiscolandis.png\" alt=\"\" width=\"188\" height=\"122\" \/><br \/>\n<\/div><div class=\"column half\">\n<\/div><div class=\"column half\">\n<p><span style=\"color: #000000;\"><strong>Rua Campo Alegre 60, cj 22<\/strong><\/span><\/p>\n<p><span style=\"color: #000000;\"><strong>Largo de Pinheiros<\/strong><\/span><\/p>\n<p><span style=\"color: #000000;\"><strong>S\u00e3o Paulo\/SP<\/strong><\/span><\/p>\n<p><span style=\"color: #000000;\"><strong>Brasil 05424-090<\/strong><\/span><\/p>\n<p><span style=\"color: #000000;\"><strong>Tel: +55-11-3816 7153<\/strong><\/span><\/p>\n<p><span style=\"color: #0000ff;\"><strong>Email: <a style=\"color: #0000ff;\" href=\"mailto:fabio@fiscolandis.com.br\" target=\"_blank\" rel=\"noopener\">fabio@fiscolandis.com.br<\/a><\/strong><\/span><\/p>\n<p><span style=\"color: #0000ff;\"><strong>Website: <a style=\"color: #0000ff;\" href=\"http:\/\/www.fiscolandis.com.br\" target=\"_blank\" rel=\"noopener\">www.fiscolandis.com.br<\/a><\/strong><\/span><\/p>\n<\/div><\/div>\n","protected":false},"excerpt":{"rendered":"<p>FISCOLANDIS \u00a0&#8211;\u00a0Contabilidade e Assessoria de Neg\u00f3cios Especialistas em Abertura e Encerramento de Empresas, Imposto de Renda Pessoa F\u00edsica e Assessoria Cont\u00e1bil para Micro e Pequenas Empresas. A Fiscolandis nasceu em 1975, sendo que o s\u00f3cio fundador est\u00e1 a mais de 40 anos no mercado possuindo extensa experi\u00eancia em diversos segmentos de neg\u00f3cios que aliado ao<\/p>\n<div class=\"read-more\"><a href=\"https:\/\/www.bbmag.co.uk\/pt-br\/fiscolandis-contabilidade-assessoria-de-negocios\/\" title=\"Saiba mais\">Saiba mais<\/a><\/div>\n","protected":false},"author":72,"featured_media":14959,"parent":0,"menu_order":0,"comment_status":"closed","ping_status":"closed","template":"","meta":{"footnotes":""},"class_list":["post-13545","page","type-page","status-publish","has-post-thumbnail"],"jetpack-related-posts":[],"jetpack_sharing_enabled":true,"_links":{"self":[{"href":"https:\/\/www.bbmag.co.uk\/pt-br\/wp-json\/wp\/v2\/pages\/13545","targetHints":{"allow":["GET"]}}],"collection":[{"href":"https:\/\/www.bbmag.co.uk\/pt-br\/wp-json\/wp\/v2\/pages"}],"about":[{"href":"https:\/\/www.bbmag.co.uk\/pt-br\/wp-json\/wp\/v2\/types\/page"}],"author":[{"embeddable":true,"href":"https:\/\/www.bbmag.co.uk\/pt-br\/wp-json\/wp\/v2\/users\/72"}],"replies":[{"embeddable":true,"href":"https:\/\/www.bbmag.co.uk\/pt-br\/wp-json\/wp\/v2\/comments?post=13545"}],"version-history":[{"count":0,"href":"https:\/\/www.bbmag.co.uk\/pt-br\/wp-json\/wp\/v2\/pages\/13545\/revisions"}],"wp:featuredmedia":[{"embeddable":true,"href":"https:\/\/www.bbmag.co.uk\/pt-br\/wp-json\/wp\/v2\/media\/14959"}],"wp:attachment":[{"href":"https:\/\/www.bbmag.co.uk\/pt-br\/wp-json\/wp\/v2\/media?parent=13545"}],"curies":[{"name":"wp","href":"https:\/\/api.w.org\/{rel}","templated":true}]}}