{"id":14482,"date":"2017-06-20T14:42:32","date_gmt":"2017-06-20T13:42:32","guid":{"rendered":"http:\/\/www.bbmag.co.uk\/?page_id=14482\/"},"modified":"2017-06-20T15:17:30","modified_gmt":"2017-06-20T14:17:30","slug":"casa-brasil-londres","status":"publish","type":"page","link":"https:\/\/www.bbmag.co.uk\/pt-br\/casa-brasil-londres\/","title":{"rendered":"Casa Brasil Londres"},"content":{"rendered":"<p>Com um amplo cat\u00e1logo de produtos que v\u00e3o dos tradicionais alimentos brasileiros aos CDs, DVDs e livros, a <strong>S\u00e3o Paulo Import Export (UK) Ltd (SPI-London) Casa Brasil<\/strong>\u00a0, opera em Londres desde 1989, sendo tamb\u00e9m a maior distribuidora de revistas brasileiras e jornais na Europa. Isso significa mais de 20 anos de experi\u00eancia e aten\u00e7\u00e3o aos seus clientes<\/p>\n<p><strong>A Casa Brasil SPI London\u00a0<\/strong>oferece, atrav\u00e9s do seu website os melhores artigos brasileiros e despacha para todo o mundo pelo servi\u00e7o de correio normal ou expresso. Os clientes tamb\u00e9m podem fazer seus pedidos pelo telefone.<\/p>\n<p>Se voc\u00ea n\u00e3o encontrar o artigo que est\u00e1 procurando, contate-nos e faremos o poss\u00edvel para encontrar o produto e enviar ao seu domic\u00edlio.<\/p>\n<p>&nbsp;<\/p>\n<p><strong>Hor\u00e1rios<\/strong><\/p>\n<p>Segunda a S\u00e1bado<br \/>\nMar\u00e7o a Dezembro \u2013 11h \u00e0s 20h<br \/>\nJaneiro e Fevereiro \u2013 12h \u00e0s 20h<br \/>\nDomingo (durante todo o ano) \u2013 12h \u00e0s 18h<\/p>\n<p>&nbsp;<\/p>\n<div class=\"row cf\"><div class=\"column half\">\n<img decoding=\"async\" class=\"alignnone wp-image-14480 size-full\" src=\"http:\/\/www.bbmag.co.uk\/wp-content\/uploads\/2016\/09\/casa-brasil-londres.jpg\" alt=\"Casa Brasil Londres\" width=\"180\" height=\"180\" srcset=\"https:\/\/www.bbmag.co.uk\/wp-content\/uploads\/2016\/09\/casa-brasil-londres.jpg 180w, https:\/\/www.bbmag.co.uk\/wp-content\/uploads\/2016\/09\/casa-brasil-londres-150x150.jpg 150w\" sizes=\"(max-width: 180px) 100vw, 180px\" \/><br \/>\n<\/div><div class=\"column half\">\n<\/div><div class=\"column half\">\n<strong>CASA BRASIL LONDRES<\/strong><br \/>\n<strong>Queensway Market<\/strong><br \/>\n<strong> Queensway 23-25<\/strong><br \/>\n<strong> W2 4QJ<\/strong><br \/>\n<strong> Bayswater, London<\/strong><br \/>\n<strong>020 7792 2931<\/strong><br \/>\n<strong><span style=\"color: #0000ff;\"><a style=\"color: #0000ff;\" href=\"http:\/\/www.casabrasillondres.co.uk\/br\/\" target=\"_blank\" rel=\"noopener noreferrer\">www.casabrasillondres.co.uk<\/a><\/span><\/strong><br \/>\n<\/div><\/div>\n","protected":false},"excerpt":{"rendered":"<p>Com um amplo cat\u00e1logo de produtos que v\u00e3o dos tradicionais alimentos brasileiros aos CDs, DVDs e livros, a S\u00e3o Paulo Import Export (UK) Ltd (SPI-London) Casa Brasil\u00a0, opera em Londres desde 1989, sendo tamb\u00e9m a maior distribuidora de revistas brasileiras e jornais na Europa. Isso significa mais de 20 anos de experi\u00eancia e aten\u00e7\u00e3o aos<\/p>\n<div class=\"read-more\"><a href=\"https:\/\/www.bbmag.co.uk\/pt-br\/casa-brasil-londres\/\" title=\"Saiba mais\">Saiba mais<\/a><\/div>\n","protected":false},"author":38,"featured_media":14483,"parent":0,"menu_order":0,"comment_status":"closed","ping_status":"closed","template":"","meta":{"footnotes":""},"class_list":["post-14482","page","type-page","status-publish","has-post-thumbnail"],"jetpack-related-posts":[],"jetpack_sharing_enabled":true,"_links":{"self":[{"href":"https:\/\/www.bbmag.co.uk\/pt-br\/wp-json\/wp\/v2\/pages\/14482","targetHints":{"allow":["GET"]}}],"collection":[{"href":"https:\/\/www.bbmag.co.uk\/pt-br\/wp-json\/wp\/v2\/pages"}],"about":[{"href":"https:\/\/www.bbmag.co.uk\/pt-br\/wp-json\/wp\/v2\/types\/page"}],"author":[{"embeddable":true,"href":"https:\/\/www.bbmag.co.uk\/pt-br\/wp-json\/wp\/v2\/users\/38"}],"replies":[{"embeddable":true,"href":"https:\/\/www.bbmag.co.uk\/pt-br\/wp-json\/wp\/v2\/comments?post=14482"}],"version-history":[{"count":0,"href":"https:\/\/www.bbmag.co.uk\/pt-br\/wp-json\/wp\/v2\/pages\/14482\/revisions"}],"wp:featuredmedia":[{"embeddable":true,"href":"https:\/\/www.bbmag.co.uk\/pt-br\/wp-json\/wp\/v2\/media\/14483"}],"wp:attachment":[{"href":"https:\/\/www.bbmag.co.uk\/pt-br\/wp-json\/wp\/v2\/media?parent=14482"}],"curies":[{"name":"wp","href":"https:\/\/api.w.org\/{rel}","templated":true}]}}