{"id":14496,"date":"2017-06-20T15:04:59","date_gmt":"2017-06-20T14:04:59","guid":{"rendered":"http:\/\/www.bbmag.co.uk\/?page_id=14496\/"},"modified":"2019-08-08T11:49:58","modified_gmt":"2019-08-08T10:49:58","slug":"vania-healthcare","status":"publish","type":"page","link":"https:\/\/www.bbmag.co.uk\/pt-br\/vania-healthcare\/","title":{"rendered":"Dr. Vania Healthcare"},"content":{"rendered":"<p>A Diretora M\u00e9dica da Clinica Vania Healthcare, em Hampstead, Londres, Dra. Vania Martins, fez resid\u00eancia m\u00e9dica em Ginecologia e Obstetr\u00edcia no Brasil &#8211; Rio de Janeiro e Mestrado em Sa\u00fade Reprodutiva em Londres, Universidade UCL. A cl\u00ednica \u00e9 registrada no CQC, \u00f3rg\u00e3o que supervisiona a clinicas m\u00e9dicas no Reino Unido.<\/p>\n<p>O trabalho da Dra. Vania respeita o fato de cada paciente ser \u00fanico e os tratamentos oferecidos em parceira com cl\u00ednicas na Harley Street s\u00e3o personalizados de acordo \u00e0s necessidades de cada cliente. A ginecologista Vania Martins est\u00e1 no Reino Unido desde 2011, e j\u00e1 trabalhou como m\u00e9dica ginecologista no sistema p\u00fablico de sa\u00fade do Reino Unido, o NHS. Servindo a comunidade brasileira e internacional com muita garra e responsabilidade, ela d\u00e1 consultas em ingl\u00eas e portugu\u00eas. Conhe\u00e7a alguns servi\u00e7os oferecidos na Cl\u00ednica Vania Healthcare em Londres:<\/p>\n<ul>\n<li>Consulta Ginecologia geral<\/li>\n<li>Cuidados com a Gestante<\/li>\n<li>Consulta para avaliar a fertilidade do casal . A consulta do parceiro masculino \u00e9 importante, pois 30% dos casos de infertilidade vem do homem.<\/li>\n<li>Exames para diagnostico do c\u00e2ncer de colo uterino, incluindo o exame para o v\u00edrus HPV (Causador do c\u00e2ncer de colo uterino)<\/li>\n<li>Exames hormonais de sangue<\/li>\n<li>Vacina do v\u00edrus HPV e outras<\/li>\n<\/ul>\n<p>Servi\u00e7os de ultrassonografia para mulheres:<\/p>\n<ul>\n<li>Ultrassonografia 2D\/3D para estudo da Fertilidade Feminina<\/li>\n<li>Ultrassonografia 2D\/3D para Estudo da Ovula\u00e7\u00e3o<\/li>\n<li>Ultrassonografia Transvaginal 2D\/3D \u2013 Mapeamento de miomas uterinos, malforma\u00e7\u00f5es uterinas (Septos, \u00datero bicorno, p\u00f3lipos e outros)<\/li>\n<li>Ultrassonografia para Gestantes<\/li>\n<li>Ultrassonografia de Tireoide<\/li>\n<li>Ultrassonografia de Mamas<\/li>\n<\/ul>\n<p>Servi\u00e7os de aconselhamento para casais inf\u00e9rteis<\/p>\n<p>VEJA ABAIXO AS PRINCIPAIS CAUSAS DE INFERTILIDADE FEMININA<\/p>\n<p><img decoding=\"async\" class=\"alignnone wp-image-14475\" src=\"http:\/\/www.bbmag.co.uk\/wp-content\/uploads\/2017\/06\/infertilidade-feminina-300x200.jpg\" alt=\"Infertilidade feminina\" width=\"353\" height=\"235\" srcset=\"https:\/\/www.bbmag.co.uk\/wp-content\/uploads\/2017\/06\/infertilidade-feminina-300x200.jpg 300w, https:\/\/www.bbmag.co.uk\/wp-content\/uploads\/2017\/06\/infertilidade-feminina-610x407.jpg 610w, https:\/\/www.bbmag.co.uk\/wp-content\/uploads\/2017\/06\/infertilidade-feminina.jpg 640w\" sizes=\"(max-width: 353px) 100vw, 353px\" \/><\/p>\n<p>VEJA ABAIXO AS PRINCIPAIS CAUSAS DE INFERTILIDADE MASCULINA<\/p>\n<p><img decoding=\"async\" class=\"alignnone wp-image-14476\" src=\"http:\/\/www.bbmag.co.uk\/wp-content\/uploads\/2017\/06\/infertilidade-masculina-300x200.jpg\" alt=\"Infertilidade masculina\" width=\"347\" height=\"231\" srcset=\"https:\/\/www.bbmag.co.uk\/wp-content\/uploads\/2017\/06\/infertilidade-masculina-300x200.jpg 300w, https:\/\/www.bbmag.co.uk\/wp-content\/uploads\/2017\/06\/infertilidade-masculina-610x407.jpg 610w, https:\/\/www.bbmag.co.uk\/wp-content\/uploads\/2017\/06\/infertilidade-masculina.jpg 640w\" sizes=\"(max-width: 347px) 100vw, 347px\" \/><\/p>\n<div class=\"row cf\"><div class=\"column half\">\n<img decoding=\"async\" class=\"wp-image-14455 size-full aligncenter\" src=\"http:\/\/www.bbmag.co.uk\/wp-content\/uploads\/2017\/06\/Vania-Healthcare-LTD.png\" alt=\"Vania Healthcare LTD\" width=\"200\" height=\"200\" srcset=\"https:\/\/www.bbmag.co.uk\/wp-content\/uploads\/2017\/06\/Vania-Healthcare-LTD.png 200w, https:\/\/www.bbmag.co.uk\/wp-content\/uploads\/2017\/06\/Vania-Healthcare-LTD-150x150.png 150w\" sizes=\"(max-width: 200px) 100vw, 200px\" \/><br \/>\n<\/div><div class=\"column half\">\n<\/div><div class=\"column half\">\n<strong>Dr. VANIA HEALTHCARE LTD<\/strong><br \/>\n<strong>49 Netherhall Gardens<br \/>\n<\/strong><strong>NW3 5RJ Hampstead<br \/>\n<\/strong><strong>03301138422 \/ 07597462121<\/strong><br \/>\n<strong><span style=\"color: #0000ff;\"><a style=\"color: #0000ff;\" href=\"https:\/\/www.vaniahealthcarelondon.com\/\" target=\"_blank\" rel=\"noopener noreferrer\">www.vaniahealthcarelondon.com<\/a><\/span><\/strong><br \/>\n<\/div><\/div>\n","protected":false},"excerpt":{"rendered":"<p>A Diretora M\u00e9dica da Clinica Vania Healthcare, em Hampstead, Londres, Dra. Vania Martins, fez resid\u00eancia m\u00e9dica em Ginecologia e Obstetr\u00edcia no Brasil &#8211; Rio de Janeiro e Mestrado em Sa\u00fade Reprodutiva em Londres, Universidade UCL. A cl\u00ednica \u00e9 registrada no CQC, \u00f3rg\u00e3o que supervisiona a clinicas m\u00e9dicas no Reino Unido. O trabalho da Dra. Vania<\/p>\n<div class=\"read-more\"><a href=\"https:\/\/www.bbmag.co.uk\/pt-br\/vania-healthcare\/\" title=\"Saiba mais\">Saiba mais<\/a><\/div>\n","protected":false},"author":38,"featured_media":14456,"parent":0,"menu_order":0,"comment_status":"closed","ping_status":"closed","template":"","meta":{"footnotes":""},"class_list":["post-14496","page","type-page","status-publish","has-post-thumbnail"],"jetpack-related-posts":[],"jetpack_sharing_enabled":true,"_links":{"self":[{"href":"https:\/\/www.bbmag.co.uk\/pt-br\/wp-json\/wp\/v2\/pages\/14496","targetHints":{"allow":["GET"]}}],"collection":[{"href":"https:\/\/www.bbmag.co.uk\/pt-br\/wp-json\/wp\/v2\/pages"}],"about":[{"href":"https:\/\/www.bbmag.co.uk\/pt-br\/wp-json\/wp\/v2\/types\/page"}],"author":[{"embeddable":true,"href":"https:\/\/www.bbmag.co.uk\/pt-br\/wp-json\/wp\/v2\/users\/38"}],"replies":[{"embeddable":true,"href":"https:\/\/www.bbmag.co.uk\/pt-br\/wp-json\/wp\/v2\/comments?post=14496"}],"version-history":[{"count":0,"href":"https:\/\/www.bbmag.co.uk\/pt-br\/wp-json\/wp\/v2\/pages\/14496\/revisions"}],"wp:featuredmedia":[{"embeddable":true,"href":"https:\/\/www.bbmag.co.uk\/pt-br\/wp-json\/wp\/v2\/media\/14456"}],"wp:attachment":[{"href":"https:\/\/www.bbmag.co.uk\/pt-br\/wp-json\/wp\/v2\/media?parent=14496"}],"curies":[{"name":"wp","href":"https:\/\/api.w.org\/{rel}","templated":true}]}}