{"id":15342,"date":"2017-09-13T16:28:52","date_gmt":"2017-09-13T15:28:52","guid":{"rendered":"http:\/\/www.bbmag.co.uk\/?page_id=15342"},"modified":"2019-08-07T13:56:49","modified_gmt":"2019-08-07T12:56:49","slug":"websites-e-designers","status":"publish","type":"page","link":"https:\/\/www.bbmag.co.uk\/pt-br\/websites-e-designers\/","title":{"rendered":"Website e Designer"},"content":{"rendered":"<div class=\"row cf\"><div class=\"column one-1\"><\/div><div class=\"column two-third\"><div class=\"row cf\"><\/div>\n<div class=\"column one-1\"><\/div><img decoding=\"async\" class=\"alignnone size-full wp-image-15334\" src=\"http:\/\/www.bbmag.co.uk\/wp-content\/uploads\/2017\/09\/laptop-2443735_1920.jpg\" alt=\"\" width=\"1920\" height=\"1375\" srcset=\"https:\/\/www.bbmag.co.uk\/wp-content\/uploads\/2017\/09\/laptop-2443735_1920.jpg 1920w, https:\/\/www.bbmag.co.uk\/wp-content\/uploads\/2017\/09\/laptop-2443735_1920-300x215.jpg 300w, https:\/\/www.bbmag.co.uk\/wp-content\/uploads\/2017\/09\/laptop-2443735_1920-768x550.jpg 768w, https:\/\/www.bbmag.co.uk\/wp-content\/uploads\/2017\/09\/laptop-2443735_1920-1024x733.jpg 1024w, https:\/\/www.bbmag.co.uk\/wp-content\/uploads\/2017\/09\/laptop-2443735_1920-610x437.jpg 610w, https:\/\/www.bbmag.co.uk\/wp-content\/uploads\/2017\/09\/laptop-2443735_1920-269x192.jpg 269w\" sizes=\"(max-width: 1920px) 100vw, 1920px\" \/><\/p>\n<p><strong>Website e Designers em Londres e no Reino Unido<\/strong><\/p>\n<p>Se voc\u00ea precisa de algu\u00e9m para criar ou fazer manuten\u00e7\u00e3o do seu website, profissionais de cria\u00e7\u00e3o e designers brasileiros ou amigos dos brasileiros em Londres e no Reino Unido, os parceiros da BBMag podem te ajudar.<\/p>\n<p>Confira esta lista com as melhores op\u00e7\u00f5es para cria\u00e7\u00e3o de website, designers gr\u00e1ficos e agencias de cria\u00e7\u00e3o em Londres e no Reino Unido.<\/p>\n<p>Ao contatar os nossos anunciantes e parceiros, mencione sempre a revista Bossa Brazil Magazine (BBMAG), sua revista brasileira em Londres para receber pre\u00e7os e condi\u00e7\u00f5es especiais.<\/p>\n<p><a href=\"\/?page_id=7799\">Voltar a pagina principal do BBMAG Diret\u00f3rio de Neg\u00f3cios<\/a><\/p>\n<p style=\"text-align: justify;\"><em>Quer fazer parte desta lista e ganhar mais destaque para o seu neg\u00f3cio? Entre em contato\u00a0<a href=\"\/?page_id=2681\"><strong>conosco<\/strong><\/a>.<\/em><\/p>\n<p class=\"p1\"><strong><span class=\"s1\">BBMAG Diret\u00f3rio\u00a0<\/span><\/strong><\/p>\n<table width=\"100%\">\n<tbody>\n<tr>\n<td>BEPRO2<\/td>\n<td>07833 059 622 \/ 07930 941 399<\/td>\n<\/tr>\n<tr>\n<td>Bright Mind Productions<\/td>\n<td>020 8123 1525<\/td>\n<\/tr>\n<tr>\n<td>Designer Rodrigo Manara<\/td>\n<td>07577 645 036<\/td>\n<\/tr>\n<tr>\n<td>Designer Zone &#8211; Web &amp; Graphic<\/td>\n<td>07913 950 066<\/td>\n<\/tr>\n<tr>\n<td>DMX Digital Media Experience<\/td>\n<td>07984 345 985<\/td>\n<\/tr>\n<tr>\n<td>Mark Designer<\/td>\n<td>020 3286 7011<\/td>\n<\/tr>\n<\/tbody>\n<\/table>\n<p><em>The above information is provided by the classified owners.<\/em><br \/>\n<\/div><div class=\"column one-third\">\n<!-- Either there are no banners, they are disabled or none qualified for this location! -->\n<\/div><\/div>\n","protected":false},"excerpt":{"rendered":"","protected":false},"author":38,"featured_media":0,"parent":0,"menu_order":0,"comment_status":"closed","ping_status":"closed","template":"","meta":{"footnotes":""},"class_list":["post-15342","page","type-page","status-publish"],"jetpack-related-posts":[],"jetpack_sharing_enabled":true,"_links":{"self":[{"href":"https:\/\/www.bbmag.co.uk\/pt-br\/wp-json\/wp\/v2\/pages\/15342","targetHints":{"allow":["GET"]}}],"collection":[{"href":"https:\/\/www.bbmag.co.uk\/pt-br\/wp-json\/wp\/v2\/pages"}],"about":[{"href":"https:\/\/www.bbmag.co.uk\/pt-br\/wp-json\/wp\/v2\/types\/page"}],"author":[{"embeddable":true,"href":"https:\/\/www.bbmag.co.uk\/pt-br\/wp-json\/wp\/v2\/users\/38"}],"replies":[{"embeddable":true,"href":"https:\/\/www.bbmag.co.uk\/pt-br\/wp-json\/wp\/v2\/comments?post=15342"}],"version-history":[{"count":0,"href":"https:\/\/www.bbmag.co.uk\/pt-br\/wp-json\/wp\/v2\/pages\/15342\/revisions"}],"wp:attachment":[{"href":"https:\/\/www.bbmag.co.uk\/pt-br\/wp-json\/wp\/v2\/media?parent=15342"}],"curies":[{"name":"wp","href":"https:\/\/api.w.org\/{rel}","templated":true}]}}