{"id":15363,"date":"2017-09-14T15:30:22","date_gmt":"2017-09-14T14:30:22","guid":{"rendered":"http:\/\/www.bbmag.co.uk\/?page_id=15363"},"modified":"2019-08-08T11:58:26","modified_gmt":"2019-08-08T10:58:26","slug":"bossa-brazil-events","status":"publish","type":"page","link":"https:\/\/www.bbmag.co.uk\/pt-br\/bossa-brazil-events\/","title":{"rendered":"BOSSA BRAZIL EVENTS"},"content":{"rendered":"<p><strong><img decoding=\"async\" class=\"alignleft\" src=\"http:\/\/www.bossa-brazil.com\/images2\/bossa-brazil-events12.png\" width=\"293\" height=\"195\" \/>Adicione um \u201csabor brasileiro\u201d nos seus eventos!<\/strong><\/p>\n<p>Organizar um evento, participar de uma feira especifica do trade ou realizar uma pequena reuni\u00e3o s\u00e3o ferramentas fundamentais de promo\u00e7\u00e3o.<\/p>\n<p>A Bossa Brazil organiza o seu evento de forma personalizada, atendendo as suas necessidades especificas.<\/p>\n<p>Somos organizadores de eventos, road shows (eventos itinerantes), eventos promocionais, lan\u00e7amento de produtos ou servi\u00e7os,\u00a0eventos corporativos, festivais de m\u00fasica e cultura e festas privadas.<\/p>\n<p><img decoding=\"async\" class=\"alignright\" src=\"http:\/\/bossa-brazil.com\/images2\/coxinhas12.png\" alt=\"\" width=\"300\" \/><\/p>\n<p><strong>Catering, apresenta\u00e7\u00f5es culturais e shows<\/strong><\/p>\n<p>Al\u00e9m disso, somos especializados na elabora\u00e7\u00e3o e coordena\u00e7\u00e3o dos melhores eventos tem\u00e1ticos brasileiros, com catering incluindo quitutes, caipirinhas e coquet\u00e9is brasileiros oferecendo tamb\u00e9m entretenimento de qualidade com m\u00fasicos de Bossa Nova, voz e viol\u00e3o, bandas brasileiras e internacionais, shows de samba com a presen\u00e7a de passistas, apresenta\u00e7\u00f5es culturais incluindo capoeira e muito mais!<\/p>\n<p><img decoding=\"async\" class=\"alignleft\" src=\"http:\/\/bossa-brazil.com\/images2\/samba1.png\" alt=\"\" width=\"300\" \/><\/p>\n<p><strong>Tipo de eventos<\/strong><\/p>\n<p>A Bossa Brazil possui um departamento especializado, dedicado a eventos promocionais e \u00e9 capaz de preparar um evento adequado ao perfil do cliente e suas especifica\u00e7\u00f5es: Festivais, Road Shows, Workshops e Semin\u00e1rios, Lan\u00e7amento de Produtos, Treinamento sobre produtos, Noites tem\u00e1ticas, Noites de Quiz, Cerimonias de premia\u00e7\u00e3o, Trade Shows e eventos, Festas privadas entre outros.<\/p>\n<p><img decoding=\"async\" class=\"alignright\" src=\"http:\/\/bossa-brazil.com\/images2\/rsvp5.jpg\" alt=\"\" width=\"300\" \/><\/p>\n<p><strong>Promo\u00e7\u00e3o de eventos<\/strong><\/p>\n<p>Um dos nossos servi\u00e7os mais requisitados \u00e9 o &#8220;RSVP&#8221;. Mesmo que se tenha um espa\u00e7o fant\u00e1stico, uma localiza\u00e7\u00e3o excelente, a melhor comida e bebida, nenhum organizador ou participante quer fazer parte de um evento com poucas pessoas ou, em alguns casos, sem nenhum convidado para desfrut\u00e1-lo. Nossa experi\u00eancia na \u00e1rea comprova que apenas enviar milhares de e-mails para convidar pessoas, d\u00e1 um retorno muito pequeno.<\/p>\n<p>Com nosso servi\u00e7o de RSVP seu evento ser\u00e1 um sucesso, pois utilizamos bancos de dados recentes com promo\u00e7\u00e3o por telefone contatando individualmente cada convidado, o que garante n\u00e3o s\u00f3 o n\u00famero desejado de participantes, mas tamb\u00e9m a qualidade deles.<\/p>\n<p><img decoding=\"async\" class=\"alignleft\" src=\"http:\/\/bossa-brazil.com\/images2\/festival4.png\" alt=\"\" width=\"300\" \/><\/p>\n<p><strong>Festivais<\/strong><\/p>\n<p>A Bossa Brazil \u00e9 uma agencia especializada na organiza\u00e7\u00e3o de festivais ao ar livre e somos os organizadores oficiais do London Bossa Nova Festival, Festival de Caipirinha de Londres, eventos de turismo me parceria com a VBRATA \u2013 Visit Brazil Travel Association entre v\u00e1rios outros eventos corporativos e privados de v\u00e1rios setores e ind\u00fastrias.<\/p>\n<p><span style=\"color: #ffffff;\">&#8211;<\/span><\/p>\n<p><span style=\"color: #ffffff;\">&#8211;<\/span><\/p>\n<p><span style=\"color: #ffffff;\">&#8211;<\/span><\/p>\n<p><span style=\"color: #ffffff;\">&#8211;<\/span><\/p>\n<div class=\"row cf\"><div class=\"column half\">\n<p><img decoding=\"async\" class=\"alignnone wp-image-13971 \" src=\"http:\/\/www.bbmag.co.uk\/wp-content\/uploads\/2016\/09\/Bossa_Brazil_Cultural-Exchange_Black.png\" alt=\"\" width=\"218\" height=\"64\" srcset=\"https:\/\/www.bbmag.co.uk\/wp-content\/uploads\/2016\/09\/Bossa_Brazil_Cultural-Exchange_Black.png 733w, https:\/\/www.bbmag.co.uk\/wp-content\/uploads\/2016\/09\/Bossa_Brazil_Cultural-Exchange_Black-300x88.png 300w, https:\/\/www.bbmag.co.uk\/wp-content\/uploads\/2016\/09\/Bossa_Brazil_Cultural-Exchange_Black-610x179.png 610w\" sizes=\"(max-width: 218px) 100vw, 218px\" \/><br \/>\n<\/div><div class=\"column half\">\n<p><strong>BOSSA BRAZIL EVENTS<\/strong><br \/>\nSt Andrews Chambers, Wells Street, London W1T 3PJ<br \/>\n020-7617 7284<br \/>\n<a href=\"http:\/\/bossa-brazil.com\/en\/contact\" target=\"_blank\" rel=\"noopener noreferrer\">http:\/\/bossa-brazil.com\/en\/contact<\/a><\/p>\n<\/div><\/div>\n","protected":false},"excerpt":{"rendered":"<p>Adicione um \u201csabor brasileiro\u201d nos seus eventos! Organizar um evento, participar de uma feira especifica do trade ou realizar uma pequena reuni\u00e3o s\u00e3o ferramentas fundamentais de promo\u00e7\u00e3o. A Bossa Brazil organiza o seu evento de forma personalizada, atendendo as suas necessidades especificas. Somos organizadores de eventos, road shows (eventos itinerantes), eventos promocionais, lan\u00e7amento de produtos<\/p>\n<div class=\"read-more\"><a href=\"https:\/\/www.bbmag.co.uk\/pt-br\/bossa-brazil-events\/\" title=\"Saiba mais\">Saiba mais<\/a><\/div>\n","protected":false},"author":38,"featured_media":14178,"parent":0,"menu_order":0,"comment_status":"closed","ping_status":"closed","template":"","meta":{"footnotes":""},"class_list":["post-15363","page","type-page","status-publish","has-post-thumbnail"],"jetpack-related-posts":[],"jetpack_sharing_enabled":true,"_links":{"self":[{"href":"https:\/\/www.bbmag.co.uk\/pt-br\/wp-json\/wp\/v2\/pages\/15363","targetHints":{"allow":["GET"]}}],"collection":[{"href":"https:\/\/www.bbmag.co.uk\/pt-br\/wp-json\/wp\/v2\/pages"}],"about":[{"href":"https:\/\/www.bbmag.co.uk\/pt-br\/wp-json\/wp\/v2\/types\/page"}],"author":[{"embeddable":true,"href":"https:\/\/www.bbmag.co.uk\/pt-br\/wp-json\/wp\/v2\/users\/38"}],"replies":[{"embeddable":true,"href":"https:\/\/www.bbmag.co.uk\/pt-br\/wp-json\/wp\/v2\/comments?post=15363"}],"version-history":[{"count":0,"href":"https:\/\/www.bbmag.co.uk\/pt-br\/wp-json\/wp\/v2\/pages\/15363\/revisions"}],"wp:featuredmedia":[{"embeddable":true,"href":"https:\/\/www.bbmag.co.uk\/pt-br\/wp-json\/wp\/v2\/media\/14178"}],"wp:attachment":[{"href":"https:\/\/www.bbmag.co.uk\/pt-br\/wp-json\/wp\/v2\/media?parent=15363"}],"curies":[{"name":"wp","href":"https:\/\/api.w.org\/{rel}","templated":true}]}}