{"id":17260,"date":"2018-01-29T12:36:55","date_gmt":"2018-01-29T12:36:55","guid":{"rendered":"http:\/\/www.bbmag.co.uk\/?page_id=17260"},"modified":"2018-01-29T13:30:38","modified_gmt":"2018-01-29T13:30:38","slug":"royal-air-maroc","status":"publish","type":"page","link":"https:\/\/www.bbmag.co.uk\/pt-br\/royal-air-maroc\/","title":{"rendered":"ROYAL AIR MAROC"},"content":{"rendered":"<h1><strong>ROYAL Air Maroc <\/strong><\/h1>\n<p>Royal Air Maroc \u00e9 a companhia a\u00e9rea nacional do Marrocos, al\u00e9m de ser a maior do pa\u00eds. RAM, como \u00e9 mais conhecida, \u00e9 100% de propriedade do governo Marroquino e sua sede fica no aeroporto de Casablanca-Anfa.<\/p>\n<p>Da sua base no Aeroporto Internacional Mohammed V, a empresa opera voos dom\u00e9sticos para todo o pa\u00eds e voos internacionais para a \u00c1frica, \u00c1sia, Europa, Am\u00e9rica do Norte e Am\u00e9rica do Sul.<\/p>\n<p><strong>A empresa a\u00e9rea agora tem voos para o Brasil, desde Casablanca para S\u00e3o Paulo e para o Rio de Janeiro.<\/strong><\/p>\n<p>Para mais informa\u00e7\u00f5es entre em contato diretamente com a linha a\u00e9rea.<\/p>\n<div class=\"row cf\"><div class=\"column half\">\n<img decoding=\"async\" class=\"alignnone wp-image-17249 size-full\" src=\"http:\/\/www.bbmag.co.uk\/wp-content\/uploads\/2016\/09\/royal-air-maroc.png\" alt=\"\" width=\"192\" height=\"135\" \/><br \/>\n<\/div><div class=\"column half\">\n<\/div><div class=\"column half\">\n<strong>ROYAL AIR MAROC AIRLINE<\/strong><br \/>\n<strong>Langham House<\/strong><\/p>\n<p><strong>32-33 Gosfield Street <\/strong><\/p>\n<p><strong>London W1W 6ED <\/strong><\/p>\n<p><strong>020 7307 5820<\/strong><br \/>\n<strong><a href=\"https:\/\/www.royalairmaroc.com\/br-pt\" target=\"_blank\" rel=\"noopener noreferrer\">www.royalairmaroc.com<\/a><\/strong><br \/>\n<\/div><\/div>\n","protected":false},"excerpt":{"rendered":"<p>ROYAL Air Maroc Royal Air Maroc \u00e9 a companhia a\u00e9rea nacional do Marrocos, al\u00e9m de ser a maior do pa\u00eds. RAM, como \u00e9 mais conhecida, \u00e9 100% de propriedade do governo Marroquino e sua sede fica no aeroporto de Casablanca-Anfa. Da sua base no Aeroporto Internacional Mohammed V, a empresa opera voos dom\u00e9sticos para todo<\/p>\n<div class=\"read-more\"><a href=\"https:\/\/www.bbmag.co.uk\/pt-br\/royal-air-maroc\/\" title=\"Saiba mais\">Saiba mais<\/a><\/div>\n","protected":false},"author":38,"featured_media":17262,"parent":0,"menu_order":0,"comment_status":"closed","ping_status":"closed","template":"","meta":{"footnotes":""},"class_list":["post-17260","page","type-page","status-publish","has-post-thumbnail"],"jetpack-related-posts":[],"jetpack_sharing_enabled":true,"_links":{"self":[{"href":"https:\/\/www.bbmag.co.uk\/pt-br\/wp-json\/wp\/v2\/pages\/17260","targetHints":{"allow":["GET"]}}],"collection":[{"href":"https:\/\/www.bbmag.co.uk\/pt-br\/wp-json\/wp\/v2\/pages"}],"about":[{"href":"https:\/\/www.bbmag.co.uk\/pt-br\/wp-json\/wp\/v2\/types\/page"}],"author":[{"embeddable":true,"href":"https:\/\/www.bbmag.co.uk\/pt-br\/wp-json\/wp\/v2\/users\/38"}],"replies":[{"embeddable":true,"href":"https:\/\/www.bbmag.co.uk\/pt-br\/wp-json\/wp\/v2\/comments?post=17260"}],"version-history":[{"count":0,"href":"https:\/\/www.bbmag.co.uk\/pt-br\/wp-json\/wp\/v2\/pages\/17260\/revisions"}],"wp:featuredmedia":[{"embeddable":true,"href":"https:\/\/www.bbmag.co.uk\/pt-br\/wp-json\/wp\/v2\/media\/17262"}],"wp:attachment":[{"href":"https:\/\/www.bbmag.co.uk\/pt-br\/wp-json\/wp\/v2\/media?parent=17260"}],"curies":[{"name":"wp","href":"https:\/\/api.w.org\/{rel}","templated":true}]}}