{"id":17289,"date":"2018-01-31T14:34:40","date_gmt":"2018-01-31T14:34:40","guid":{"rendered":"http:\/\/www.bbmag.co.uk\/?page_id=17289"},"modified":"2019-08-08T12:09:57","modified_gmt":"2019-08-08T11:09:57","slug":"azul-linhas-aereas","status":"publish","type":"page","link":"https:\/\/www.bbmag.co.uk\/pt-br\/azul-linhas-aereas\/","title":{"rendered":"Azul Linhas A\u00e9reas"},"content":{"rendered":"<h1><strong>Azul, a companhia a\u00e9rea mais brasileira.<\/strong><\/h1>\n<p>Seja bem-vindo a bordo da companhia que tem orgulho em servir o Brasil.<\/p>\n<p>Com a Azul voc\u00ea est\u00e1 sempre onde merece: l\u00e1 em cima.<\/p>\n<p>Nossos avi\u00f5es Embraer 195, 190 e Airbus A320, que oferecem mais espa\u00e7o para as pernas; o servi\u00e7o de bordo que inclui doze tipos de snacks dos quais voc\u00ea pode se servir \u00e0 vontade; o entretenimento a bordo com monitores individuais; as tarifas competitivas; nossa malha abrangente que inclui cidades do interior; voos sem escalas e em um programa de relacionamento inovador: o TudoAzul. Tudo isso para voc\u00ea se sentir especial.<\/p>\n<p>Somos a companhia a\u00e9rea que mais cresceu no Brasil desde que iniciamos nossas opera\u00e7\u00f5es em dezembro de 2008, conta com a maior malha a\u00e9rea do pa\u00eds atendendo mais de 100 destinos. Al\u00e9m disso, expandimos nossas opera\u00e7\u00f5es com voos diretos para os Estados Unidos e Portugal, al\u00e9m de Buenos Aires, Punta Del Este, Montevid\u00e9u e Caiena.<\/p>\n<p>Hoje, com aproximadamente um ter\u00e7o do mercado brasileiro de avia\u00e7\u00e3o civil em termos de decolagens, a Azul consolida-se como a terceira maior companhia a\u00e9rea do Pa\u00eds.<\/p>\n<p>Para reservas, contate seu agente de viagem ou a Azul em Londres!<\/p>\n<p><span style=\"color: #ffffff;\">&#8211;<\/span><\/p>\n<div class=\"row cf\"><div class=\"column half\">\n<p><img decoding=\"async\" class=\"wp-image-17285  aligncenter\" src=\"http:\/\/www.bbmag.co.uk\/wp-content\/uploads\/2018\/01\/azul-airlines.png\" alt=\"\" width=\"202\" height=\"73\" srcset=\"https:\/\/www.bbmag.co.uk\/wp-content\/uploads\/2018\/01\/azul-airlines.png 997w, https:\/\/www.bbmag.co.uk\/wp-content\/uploads\/2018\/01\/azul-airlines-300x109.png 300w, https:\/\/www.bbmag.co.uk\/wp-content\/uploads\/2018\/01\/azul-airlines-768x278.png 768w, https:\/\/www.bbmag.co.uk\/wp-content\/uploads\/2018\/01\/azul-airlines-610x221.png 610w\" sizes=\"(max-width: 202px) 100vw, 202px\" \/><br \/>\n<\/div><div class=\"column half\">\n<\/div><div class=\"column half\">\n<strong>Azul Airlines (UK)<\/strong><br \/>\n<strong>1000 Great West Road<\/strong><br \/>\n<strong> Brentford TW8 9DW<\/strong><br \/>\n<strong> 020 7644 8849<\/strong><br \/>\n<strong> Reservations.azul@aviareps.com<\/strong><br \/>\n<\/div><\/div>\n","protected":false},"excerpt":{"rendered":"<p>Azul, a companhia a\u00e9rea mais brasileira. Seja bem-vindo a bordo da companhia que tem orgulho em servir o Brasil. Com a Azul voc\u00ea est\u00e1 sempre onde merece: l\u00e1 em cima. Nossos avi\u00f5es Embraer 195, 190 e Airbus A320, que oferecem mais espa\u00e7o para as pernas; o servi\u00e7o de bordo que inclui doze tipos de snacks<\/p>\n<div class=\"read-more\"><a href=\"https:\/\/www.bbmag.co.uk\/pt-br\/azul-linhas-aereas\/\" title=\"Saiba mais\">Saiba mais<\/a><\/div>\n","protected":false},"author":38,"featured_media":17514,"parent":0,"menu_order":0,"comment_status":"closed","ping_status":"closed","template":"","meta":{"footnotes":""},"class_list":["post-17289","page","type-page","status-publish","has-post-thumbnail"],"jetpack-related-posts":[],"jetpack_sharing_enabled":true,"_links":{"self":[{"href":"https:\/\/www.bbmag.co.uk\/pt-br\/wp-json\/wp\/v2\/pages\/17289","targetHints":{"allow":["GET"]}}],"collection":[{"href":"https:\/\/www.bbmag.co.uk\/pt-br\/wp-json\/wp\/v2\/pages"}],"about":[{"href":"https:\/\/www.bbmag.co.uk\/pt-br\/wp-json\/wp\/v2\/types\/page"}],"author":[{"embeddable":true,"href":"https:\/\/www.bbmag.co.uk\/pt-br\/wp-json\/wp\/v2\/users\/38"}],"replies":[{"embeddable":true,"href":"https:\/\/www.bbmag.co.uk\/pt-br\/wp-json\/wp\/v2\/comments?post=17289"}],"version-history":[{"count":0,"href":"https:\/\/www.bbmag.co.uk\/pt-br\/wp-json\/wp\/v2\/pages\/17289\/revisions"}],"wp:featuredmedia":[{"embeddable":true,"href":"https:\/\/www.bbmag.co.uk\/pt-br\/wp-json\/wp\/v2\/media\/17514"}],"wp:attachment":[{"href":"https:\/\/www.bbmag.co.uk\/pt-br\/wp-json\/wp\/v2\/media?parent=17289"}],"curies":[{"name":"wp","href":"https:\/\/api.w.org\/{rel}","templated":true}]}}