{"id":17297,"date":"2018-01-31T14:39:33","date_gmt":"2018-01-31T14:39:33","guid":{"rendered":"http:\/\/www.bbmag.co.uk\/?page_id=17297"},"modified":"2018-01-31T14:43:34","modified_gmt":"2018-01-31T14:43:34","slug":"salsa-bar","status":"publish","type":"page","link":"https:\/\/www.bbmag.co.uk\/pt-br\/salsa-bar\/","title":{"rendered":"SALSA! BAR"},"content":{"rendered":"<p>O Salsa! Bar \u00e9 um estabelecimento aut\u00eantico e tem\u00e1tico sul-americana localizado na Charing Cross Road e tamb\u00e9m em Temple no Embankment, e traz cor, cultura e estilo ao cora\u00e7\u00e3o de Londres. Enfim, ir ao Salsa! Bar \u00e9 uma experi\u00eancia \u00fanica, que voc\u00ea vai querer repetir.<\/p>\n<p>Um dos bares mais animados de Londres, a vibra\u00e7\u00e3o no Salsa! Bar \u00e9 en\u00e9rgica e divertida \u2013 e n\u00e3o deixa ningu\u00e9m parado! O ritmo latino bomba e cria uma vibra\u00e7\u00e3o autentica. O Salsa! Bar tamb\u00e9m \u00e9 ideal para festejar anivers\u00e1rios e todos os tipos de festas, com masterclasses de coquet\u00e9is todos os dias das 12:00 \u00e0s 16:00, bem como aulas de salsa todas as noites. Interativo \u00e9 uma forma de descrever a experi\u00eancia do Salsa! Bar, fazer as pessoas se soltarem e realmente aproveitarem a noite.<\/p>\n<p>Os happy hours tem pre\u00e7os bastante acess\u00edveis: todos os dias voc\u00ea para a metade entre 17:00 e 20:00, o que torna o Salsa o lugar ideal para tomar um drink antes do jantar. Seu espa\u00e7o externo \u00e9 \u00f3timo para uma parada para um drink ap\u00f3s o trabalho, quando faz tempo bom. \u00c0 procura de um pouco de luxo? Bem, as salas VIP (dispon\u00edveis com uma consuma\u00e7\u00e3o m\u00ednima) podem dar um toque de exclusividade a sua noite.<\/p>\n<p>&nbsp;<\/p>\n<div class=\"row cf\"><div class=\"column half\">\n<p><img decoding=\"async\" class=\"alignnone wp-image-17298 size-full\" src=\"http:\/\/www.bbmag.co.uk\/wp-content\/uploads\/2018\/01\/salsa-bar.jpg\" alt=\"\" width=\"202\" height=\"129\" \/><br \/>\n<\/div><div class=\"column half\">\n<\/div><div class=\"column half\">\n<p><strong>Salsa! Charing Cross<\/strong><br \/>\n<strong> 96 Charing Cross Road<\/strong><br \/>\n<strong> London WC2H 0JG<\/strong><br \/>\n<strong> 020 7379 3277<\/strong><br \/>\n<strong> <a href=\"http:\/\/www.bar-salsa.com\" target=\"_blank\" rel=\"noopener\">www.bar-salsa.com<\/a><\/strong><\/p>\n<p>&nbsp;<\/p>\n<p><strong>Salsa! Temple<\/strong><br \/>\n<strong> Temple Place<\/strong><br \/>\n<strong> London WC2R 2PH<\/strong><br \/>\n<strong> 020 7395 3690<\/strong><br \/>\n<strong> <a href=\"http:\/\/www.bar-salsa.com\" target=\"_blank\" rel=\"noopener\">www.bar-salsa.com<\/a><\/strong><\/p>\n<\/div><\/div>\n","protected":false},"excerpt":{"rendered":"<p>O Salsa! Bar \u00e9 um estabelecimento aut\u00eantico e tem\u00e1tico sul-americana localizado na Charing Cross Road e tamb\u00e9m em Temple no Embankment, e traz cor, cultura e estilo ao cora\u00e7\u00e3o de Londres. Enfim, ir ao Salsa! Bar \u00e9 uma experi\u00eancia \u00fanica, que voc\u00ea vai querer repetir. Um dos bares mais animados de Londres, a vibra\u00e7\u00e3o no<\/p>\n<div class=\"read-more\"><a href=\"https:\/\/www.bbmag.co.uk\/pt-br\/salsa-bar\/\" title=\"Saiba mais\">Saiba mais<\/a><\/div>\n","protected":false},"author":38,"featured_media":17301,"parent":0,"menu_order":0,"comment_status":"closed","ping_status":"closed","template":"","meta":{"footnotes":""},"class_list":["post-17297","page","type-page","status-publish","has-post-thumbnail"],"jetpack-related-posts":[],"jetpack_sharing_enabled":true,"_links":{"self":[{"href":"https:\/\/www.bbmag.co.uk\/pt-br\/wp-json\/wp\/v2\/pages\/17297","targetHints":{"allow":["GET"]}}],"collection":[{"href":"https:\/\/www.bbmag.co.uk\/pt-br\/wp-json\/wp\/v2\/pages"}],"about":[{"href":"https:\/\/www.bbmag.co.uk\/pt-br\/wp-json\/wp\/v2\/types\/page"}],"author":[{"embeddable":true,"href":"https:\/\/www.bbmag.co.uk\/pt-br\/wp-json\/wp\/v2\/users\/38"}],"replies":[{"embeddable":true,"href":"https:\/\/www.bbmag.co.uk\/pt-br\/wp-json\/wp\/v2\/comments?post=17297"}],"version-history":[{"count":0,"href":"https:\/\/www.bbmag.co.uk\/pt-br\/wp-json\/wp\/v2\/pages\/17297\/revisions"}],"wp:featuredmedia":[{"embeddable":true,"href":"https:\/\/www.bbmag.co.uk\/pt-br\/wp-json\/wp\/v2\/media\/17301"}],"wp:attachment":[{"href":"https:\/\/www.bbmag.co.uk\/pt-br\/wp-json\/wp\/v2\/media?parent=17297"}],"curies":[{"name":"wp","href":"https:\/\/api.w.org\/{rel}","templated":true}]}}