{"id":17314,"date":"2018-01-31T16:07:08","date_gmt":"2018-01-31T16:07:08","guid":{"rendered":"http:\/\/www.bbmag.co.uk\/?page_id=17314"},"modified":"2018-01-31T16:07:08","modified_gmt":"2018-01-31T16:07:08","slug":"bistro-requinte","status":"publish","type":"page","link":"https:\/\/www.bbmag.co.uk\/pt-br\/bistro-requinte\/","title":{"rendered":"Bistro Requinte"},"content":{"rendered":"<p>Famoso pela comida fresquinha e ambiente agrad\u00e1vel, o Bistr\u00f4 Requinte \u00e9 um bar-restaurante especializado em comida brasileira.<\/p>\n<p>No interior acolhedor conta com uma pequena <em>deli<\/em>, que serve refei\u00e7\u00f5es feitas na hora e caf\u00e9 quentinho tudo feito sempre com a paix\u00e3o pelo Brasil.<\/p>\n<p>Oferece caf\u00e9 da manha, sanduiches caseiros e a sua especialidade as carnes grelhadas. No balc\u00e3o s\u00e3o servidos doces e salgados tradicionais t\u00edpicos brasileiros.<\/p>\n<p>Os pratos s\u00e3o servidos em por\u00e7\u00f5es generosas e com muita carte. Voc\u00ea vai encontrar hamb\u00fargueres de picanha, carne de porco com churrasco, frango peri-peri, piment\u00e3o com arroz, bifes de lombo, salsichas calabresa, mandioca frita e uma sele\u00e7\u00e3o de pizzas, que podem ser divididas por duas pessoas especialmente se estiver indeciso pelo sabor.<\/p>\n<p>Na \u00e1rea externa quando faz bom tempo, s\u00e3o preparados churrascos e pratos aut\u00eanticos feitos com arroz e carnes macias.<\/p>\n<p>O Bistr\u00f4 Requinte foi vencedor do London Caipirinha Festival na categoria \u201cMelhor Comida e Restaurante Brasileiros de Londres\u201d em 2017!<\/p>\n<div class=\"row cf\"><div class=\"column half\">\n<p><img decoding=\"async\" class=\"alignnone wp-image-17309 \" src=\"http:\/\/www.bbmag.co.uk\/wp-content\/uploads\/2016\/09\/bistro-requinte.jpg\" alt=\"\" width=\"235\" height=\"133\" srcset=\"https:\/\/www.bbmag.co.uk\/wp-content\/uploads\/2016\/09\/bistro-requinte.jpg 400w, https:\/\/www.bbmag.co.uk\/wp-content\/uploads\/2016\/09\/bistro-requinte-300x170.jpg 300w\" sizes=\"(max-width: 235px) 100vw, 235px\" \/><br \/>\n<\/div><div class=\"column half\">\n<\/div><div class=\"column half\">\n<p><strong>Bistro Requinte<\/strong><br \/>\n<strong>351 Kennington Lane, London SE11 5QY<\/strong><br \/>\n<strong> Vauxhall (metr\u00f4 e esta\u00e7\u00e3o de trem)<\/strong><br \/>\n<strong> 020 3601 3623<\/strong><\/p>\n<\/div><\/div>\n","protected":false},"excerpt":{"rendered":"<p>Famoso pela comida fresquinha e ambiente agrad\u00e1vel, o Bistr\u00f4 Requinte \u00e9 um bar-restaurante especializado em comida brasileira. No interior acolhedor conta com uma pequena deli, que serve refei\u00e7\u00f5es feitas na hora e caf\u00e9 quentinho tudo feito sempre com a paix\u00e3o pelo Brasil. Oferece caf\u00e9 da manha, sanduiches caseiros e a sua especialidade as carnes grelhadas.<\/p>\n<div class=\"read-more\"><a href=\"https:\/\/www.bbmag.co.uk\/pt-br\/bistro-requinte\/\" title=\"Saiba mais\">Saiba mais<\/a><\/div>\n","protected":false},"author":38,"featured_media":17312,"parent":0,"menu_order":0,"comment_status":"closed","ping_status":"closed","template":"","meta":{"footnotes":""},"class_list":["post-17314","page","type-page","status-publish","has-post-thumbnail"],"jetpack-related-posts":[],"jetpack_sharing_enabled":true,"_links":{"self":[{"href":"https:\/\/www.bbmag.co.uk\/pt-br\/wp-json\/wp\/v2\/pages\/17314","targetHints":{"allow":["GET"]}}],"collection":[{"href":"https:\/\/www.bbmag.co.uk\/pt-br\/wp-json\/wp\/v2\/pages"}],"about":[{"href":"https:\/\/www.bbmag.co.uk\/pt-br\/wp-json\/wp\/v2\/types\/page"}],"author":[{"embeddable":true,"href":"https:\/\/www.bbmag.co.uk\/pt-br\/wp-json\/wp\/v2\/users\/38"}],"replies":[{"embeddable":true,"href":"https:\/\/www.bbmag.co.uk\/pt-br\/wp-json\/wp\/v2\/comments?post=17314"}],"version-history":[{"count":0,"href":"https:\/\/www.bbmag.co.uk\/pt-br\/wp-json\/wp\/v2\/pages\/17314\/revisions"}],"wp:featuredmedia":[{"embeddable":true,"href":"https:\/\/www.bbmag.co.uk\/pt-br\/wp-json\/wp\/v2\/media\/17312"}],"wp:attachment":[{"href":"https:\/\/www.bbmag.co.uk\/pt-br\/wp-json\/wp\/v2\/media?parent=17314"}],"curies":[{"name":"wp","href":"https:\/\/api.w.org\/{rel}","templated":true}]}}