{"id":17323,"date":"2018-01-31T16:29:19","date_gmt":"2018-01-31T16:29:19","guid":{"rendered":"http:\/\/www.bbmag.co.uk\/?page_id=17323"},"modified":"2018-01-31T16:29:19","modified_gmt":"2018-01-31T16:29:19","slug":"cafe-pacifico","status":"publish","type":"page","link":"https:\/\/www.bbmag.co.uk\/pt-br\/cafe-pacifico\/","title":{"rendered":"Cafe Pacifico"},"content":{"rendered":"<p>Certamente, h\u00e1 um apelo permanente para esta cantina mexicana na Langley Street &#8211; tem servido os visitantes do Covent Garden desde 1982 e mostra pouco sinal de desist\u00eancia. Espere uma atmosfera divertida, fren\u00e9tica e uma certa vibe de festa.<\/p>\n<p>O card\u00e1pio de pratos mexicanos cl\u00e1ssicos como quesadillas de frango defumado, fajitas de frango fumegante, nachos e burritos ao lado de boquerones com may\u00e3o de pimenta defumada, badejo assado em folhas de banana e servido com molho de tomate seco e frango &#8211; chilequiles verdes &#8211; uma ca\u00e7arola de frango e tortilla de milho.<\/p>\n<p>A sele\u00e7\u00e3o de tacos parece interessante \u2013 pense em recheios de pato confit com uma camada de pimenta defumada, barriga de porco assada com molho de tamarindo, ou vieiras de tempura e camar\u00e3o-rei. As sobremesas s\u00e3o menos tradicionais tamb\u00e9m, embora churros e flan de leche estejam ao lado de brownies de chocolate, biscoitos e creme com sorvete de baunilha e um cheesecake de chocolate branco e de maracuj\u00e1.<\/p>\n<p>O Caf\u00e9 Pacifico \u00e9 ganhador da categoria \u201cMelhor Servi\u00e7o e Atendimento de Bar (Atendimento ao cliente)\u201d do London Caipirinha Festival de 2017.<\/p>\n<div class=\"row cf\"><div class=\"column half\">\n<p><img decoding=\"async\" class=\"alignnone wp-image-17319 size-full\" src=\"http:\/\/www.bbmag.co.uk\/wp-content\/uploads\/2018\/01\/cafe-pacifico.png\" alt=\"\" width=\"134\" height=\"101\" \/><br \/>\n<\/div><div class=\"column half\">\n<\/div><div class=\"column half\">\n<p><strong>Caf\u00e9 Pacifico<\/strong><br \/>\n<strong> 5 Langley Street<\/strong><br \/>\n<strong> London WC2H 9JA<\/strong><br \/>\n<strong> 020 7379 7728<\/strong><br \/>\n<a href=\"http:\/\/www.cafe-pacifico.com\" target=\"_blank\" rel=\"noopener\"><strong> www.cafe-pacifico.com<\/strong><\/a><\/p>\n<\/div><\/div>\n","protected":false},"excerpt":{"rendered":"<p>Certamente, h\u00e1 um apelo permanente para esta cantina mexicana na Langley Street &#8211; tem servido os visitantes do Covent Garden desde 1982 e mostra pouco sinal de desist\u00eancia. Espere uma atmosfera divertida, fren\u00e9tica e uma certa vibe de festa. O card\u00e1pio de pratos mexicanos cl\u00e1ssicos como quesadillas de frango defumado, fajitas de frango fumegante, nachos<\/p>\n<div class=\"read-more\"><a href=\"https:\/\/www.bbmag.co.uk\/pt-br\/cafe-pacifico\/\" title=\"Saiba mais\">Saiba mais<\/a><\/div>\n","protected":false},"author":38,"featured_media":17322,"parent":0,"menu_order":0,"comment_status":"closed","ping_status":"closed","template":"","meta":{"footnotes":""},"class_list":["post-17323","page","type-page","status-publish","has-post-thumbnail"],"jetpack-related-posts":[],"jetpack_sharing_enabled":true,"_links":{"self":[{"href":"https:\/\/www.bbmag.co.uk\/pt-br\/wp-json\/wp\/v2\/pages\/17323","targetHints":{"allow":["GET"]}}],"collection":[{"href":"https:\/\/www.bbmag.co.uk\/pt-br\/wp-json\/wp\/v2\/pages"}],"about":[{"href":"https:\/\/www.bbmag.co.uk\/pt-br\/wp-json\/wp\/v2\/types\/page"}],"author":[{"embeddable":true,"href":"https:\/\/www.bbmag.co.uk\/pt-br\/wp-json\/wp\/v2\/users\/38"}],"replies":[{"embeddable":true,"href":"https:\/\/www.bbmag.co.uk\/pt-br\/wp-json\/wp\/v2\/comments?post=17323"}],"version-history":[{"count":0,"href":"https:\/\/www.bbmag.co.uk\/pt-br\/wp-json\/wp\/v2\/pages\/17323\/revisions"}],"wp:featuredmedia":[{"embeddable":true,"href":"https:\/\/www.bbmag.co.uk\/pt-br\/wp-json\/wp\/v2\/media\/17322"}],"wp:attachment":[{"href":"https:\/\/www.bbmag.co.uk\/pt-br\/wp-json\/wp\/v2\/media?parent=17323"}],"curies":[{"name":"wp","href":"https:\/\/api.w.org\/{rel}","templated":true}]}}