{"id":17527,"date":"2018-03-02T15:32:41","date_gmt":"2018-03-02T15:32:41","guid":{"rendered":"http:\/\/www.bbmag.co.uk\/?page_id=17527"},"modified":"2018-03-02T15:43:04","modified_gmt":"2018-03-02T15:43:04","slug":"brasileiro-online","status":"publish","type":"page","link":"https:\/\/www.bbmag.co.uk\/pt-br\/brasileiro-online\/","title":{"rendered":"Brasileiro online"},"content":{"rendered":"<p>Somos uma empresa de varejo estabelecida desde 2013 em Londres, especializada em comercializar carnes bovinas de alta qualidade, de origem dos grandes pa\u00edses produtores como Brasil, Argentina, Uruguai, Austr\u00e1lia e Irlanda. Levamos a mesa dos nossos clientes cortes diferenciados por sua maciez, sabor e sucul\u00eancia.<\/p>\n<p>Com tr\u00eas lojas espalhadas pela cidade, tamb\u00e9m comercializamos carne su\u00edna de excel\u00eancia assim como carne de frango. Nesse quesito, tamb\u00e9m preparamos carnes temperadas e marinadas, tornando a vida de nossos clientes mais f\u00e1cil e pr\u00e1tica.<\/p>\n<p>Temos fabrica\u00e7\u00e3o pr\u00f3pria de lingui\u00e7as frescas para churrasco, assim como defumados de carne su\u00edna como lingui\u00e7a calabresa, bacon e lombo para prepara\u00e7\u00e3o da comida mais tradicional brasileira, a famosa feijoada.<\/p>\n<p>J\u00e1 no setor de mercearia, contamos com marcas renomadas do mercado Brasileiro como: Yoki, Zaeli, Bauducco, Camil, Nestl\u00e9 e outros. Temos uma variedade de bebidas, sendo o mais procurado o guaran\u00e1 Antarctica e alguns sucos, mas temos tamb\u00e9m bebidas alco\u00f3licas como cacha\u00e7as, cervejas e vinhos. Alguns produtos portugueses das marcas Sumol e Compal.<\/p>\n<p>Se voc\u00ea entrar em nossas lojas pode saborear nossos salgados que s\u00e3o preparados com muita carinho e cuidado e podem ser consumidos na hora: coxinhas, quibes, rissoles e esfirras. Sempre preparados e aquecidos na hora.<\/p>\n<p>Trabalhamos tamb\u00e9m com congelados: na \u00e1rea de polpas, temos variedades de frutas das diversas regi\u00f5es do Brasil. Tamb\u00e9m temos nessa se\u00e7\u00e3o pamonhas, salgadinhos para festa, mandioca descascada e outros. O mais procurado \u00e9 o sorvete de A\u00e7a\u00ed.<\/p>\n<p>&nbsp;<\/p>\n<div class=\"row cf\"><div class=\"column half\">\n<img decoding=\"async\" class=\"alignnone wp-image-17528 \" src=\"http:\/\/www.bbmag.co.uk\/wp-content\/uploads\/2018\/03\/brasileiro-online.png\" alt=\"\" width=\"297\" height=\"79\" srcset=\"https:\/\/www.bbmag.co.uk\/wp-content\/uploads\/2018\/03\/brasileiro-online.png 1280w, https:\/\/www.bbmag.co.uk\/wp-content\/uploads\/2018\/03\/brasileiro-online-300x80.png 300w, https:\/\/www.bbmag.co.uk\/wp-content\/uploads\/2018\/03\/brasileiro-online-768x205.png 768w, https:\/\/www.bbmag.co.uk\/wp-content\/uploads\/2018\/03\/brasileiro-online-1024x273.png 1024w, https:\/\/www.bbmag.co.uk\/wp-content\/uploads\/2018\/03\/brasileiro-online-610x163.png 610w\" sizes=\"(max-width: 297px) 100vw, 297px\" \/><br \/>\n<\/div><div class=\"column half\">\n<\/div><div class=\"column half\">\n<p><strong>BRASILEIRO ONLINE<\/strong><\/p>\n<p>020 3609 8125<\/p>\n<p><a href=\"http:\/\/www.brasileiroonline.co.uk\" target=\"_blank\" rel=\"noopener\"><strong>www.brasileiroonline.co.uk<\/strong><\/a><\/p>\n<\/div><\/div>\n","protected":false},"excerpt":{"rendered":"<p>Somos uma empresa de varejo estabelecida desde 2013 em Londres, especializada em comercializar carnes bovinas de alta qualidade, de origem dos grandes pa\u00edses produtores como Brasil, Argentina, Uruguai, Austr\u00e1lia e Irlanda. Levamos a mesa dos nossos clientes cortes diferenciados por sua maciez, sabor e sucul\u00eancia. Com tr\u00eas lojas espalhadas pela cidade, tamb\u00e9m comercializamos carne su\u00edna<\/p>\n<div class=\"read-more\"><a href=\"https:\/\/www.bbmag.co.uk\/pt-br\/brasileiro-online\/\" title=\"Saiba mais\">Saiba mais<\/a><\/div>\n","protected":false},"author":38,"featured_media":17537,"parent":0,"menu_order":0,"comment_status":"closed","ping_status":"closed","template":"","meta":{"footnotes":""},"class_list":["post-17527","page","type-page","status-publish","has-post-thumbnail"],"jetpack-related-posts":[],"jetpack_sharing_enabled":true,"_links":{"self":[{"href":"https:\/\/www.bbmag.co.uk\/pt-br\/wp-json\/wp\/v2\/pages\/17527","targetHints":{"allow":["GET"]}}],"collection":[{"href":"https:\/\/www.bbmag.co.uk\/pt-br\/wp-json\/wp\/v2\/pages"}],"about":[{"href":"https:\/\/www.bbmag.co.uk\/pt-br\/wp-json\/wp\/v2\/types\/page"}],"author":[{"embeddable":true,"href":"https:\/\/www.bbmag.co.uk\/pt-br\/wp-json\/wp\/v2\/users\/38"}],"replies":[{"embeddable":true,"href":"https:\/\/www.bbmag.co.uk\/pt-br\/wp-json\/wp\/v2\/comments?post=17527"}],"version-history":[{"count":0,"href":"https:\/\/www.bbmag.co.uk\/pt-br\/wp-json\/wp\/v2\/pages\/17527\/revisions"}],"wp:featuredmedia":[{"embeddable":true,"href":"https:\/\/www.bbmag.co.uk\/pt-br\/wp-json\/wp\/v2\/media\/17537"}],"wp:attachment":[{"href":"https:\/\/www.bbmag.co.uk\/pt-br\/wp-json\/wp\/v2\/media?parent=17527"}],"curies":[{"name":"wp","href":"https:\/\/api.w.org\/{rel}","templated":true}]}}