{"id":18670,"date":"2018-09-07T17:41:39","date_gmt":"2018-09-07T16:41:39","guid":{"rendered":"https:\/\/www.bbmag.co.uk\/?page_id=18670"},"modified":"2019-08-07T13:41:51","modified_gmt":"2019-08-07T12:41:51","slug":"vagas-de-emprego-2","status":"publish","type":"page","link":"https:\/\/www.bbmag.co.uk\/pt-br\/vagas-de-emprego-2\/","title":{"rendered":"VAGAS DE EMPREGO"},"content":{"rendered":"<div class=\"row cf\"><div class=\"column one-1\"><\/div><div class=\"column two-third\"><div class=\"row cf\"><\/div>\n<div class=\"column one-1\"><\/div>\n<img decoding=\"async\" src=\"https:\/\/www.bbmag.co.uk\/wp-content\/uploads\/2018\/07\/adults-agreement-beverage-567633-768x514.jpg\" alt=\"Vagas de emprego em Londres\" \/><\/p>\n<p style=\"text-align: justify;\">Est\u00e1 com dificuldade para encontrar uma vaga de emprego?<\/p>\n<p style=\"text-align: justify;\">A BBMag abre espa\u00e7o para novos anunciantes que buscam profissionais para suas demandas de trabalho e para facilitar a vida de quem est\u00e1 procurando uma coloca\u00e7\u00e3o, seja tempor\u00e1ria ou fixa.<\/p>\n<p><strong><span class=\"s1\">Confira nossas oportunidades de emprego:<\/span><\/strong><\/p>\n<table style=\"margin-bottom: 15px;\" width=\"100%\">\n<tbody>\n<tr style=\"border-width: 2px; border-style: solid;\">\n<td style=\"background-color: #ddebff;\" width=\"100%\"><center><span style=\"color: #000000;\"><strong>TELEMARKETING EM HOLAND\u00caS<\/strong><\/span><\/center><br \/>\n<strong>Localiza\u00e7\u00e3o:<\/strong> Londres\/Reino Unido<br \/>\n<strong>Tipode trabalho:<\/strong> Tempor\u00e1rio\/ Home office<br \/>\n<strong>Descri\u00e7\u00e3o:<\/strong> Ag\u00eancia de Promo\u00e7\u00f5es Internacionais busca profissional para trabalho em Telemarketing no idioma holand\u00eas. O candidato necessita holand\u00eas fluente E ingl\u00eas ou portugu\u00eas. \u00c9 necess\u00e1rio ter experi\u00eancia em vendas ou promo\u00e7\u00e3o por telefone. Interessados enviar CV com foto para: events@bossa-brazil.com<br \/>\n<center><img decoding=\"async\" class=\"size-full wp-image-8285 aligncenter\" src=\"https:\/\/www.bbmag.co.uk\/wp-content\/uploads\/2018\/09\/Bossa_Brazil_Cultural-Exchange_Black-SMALL.png\" alt=\"\" width=\"114\" height=\"33\" \/><\/center><\/td>\n<\/tr>\n<\/tbody>\n<\/table>\n<table style=\"margin-bottom: 15px;\" width=\"100%\">\n<tbody>\n<tr style=\"border-width: 2px; border-style: solid;\">\n<td style=\"background-color: #ddebff;\" width=\"100%\"><center><span style=\"color: #000000;\"><strong>TELEMARKETING EM FRANC\u00caS<\/strong><\/span><\/center><br \/>\n<strong>Localiza\u00e7\u00e3o:<\/strong> Londres\/Reino Unido<br \/>\n<strong>Tipo de trabalho:<\/strong> Tempor\u00e1rio\/ Home office<br \/>\n<strong>Descri\u00e7\u00e3o:<\/strong> Ag\u00eancia de Promo\u00e7\u00f5es Internacionais busca profissional para trabalho em Telemarketing no idioma franc\u00eas. O candidato necessita franc\u00eas fluente E ingl\u00eas ou portugu\u00eas. \u00c9 necess\u00e1rio ter experi\u00eancia em vendas ou promo\u00e7\u00e3o por telefone. Interessados enviar CV com foto para: events@bossa-brazil.com<br \/>\n<center><img decoding=\"async\" class=\"size-full wp-image-8285 aligncenter\" src=\"https:\/\/www.bbmag.co.uk\/wp-content\/uploads\/2018\/09\/Bossa_Brazil_Cultural-Exchange_Black-SMALL.png\" alt=\"\" width=\"114\" height=\"33\" \/><\/center><\/td>\n<\/tr>\n<\/tbody>\n<\/table>\n<p>Quer fazer parte da lista principal e ganhar maior destaque para o seu neg\u00f3cio? Entre em contato\u00a0<em><span style=\"color: #000080;\"><strong><span style=\"color: #000080;\"><a style=\"color: #000080;\" href=\"\/?page_id=2681\">conosco<\/a><\/span>!<\/strong><\/span><\/em><\/p>\n<p><em>A informa\u00e7\u00e3o acima \u00e9 de responsabilidade dos anunciantes.<\/em><br \/>\n<\/div><div class=\"column one-third\">\n<!-- Either there are no banners, they are disabled or none qualified for this location! -->\n<\/div><\/div>\n","protected":false},"excerpt":{"rendered":"","protected":false},"author":72,"featured_media":0,"parent":0,"menu_order":0,"comment_status":"closed","ping_status":"closed","template":"","meta":{"footnotes":""},"class_list":["post-18670","page","type-page","status-publish"],"jetpack-related-posts":[],"jetpack_sharing_enabled":true,"_links":{"self":[{"href":"https:\/\/www.bbmag.co.uk\/pt-br\/wp-json\/wp\/v2\/pages\/18670","targetHints":{"allow":["GET"]}}],"collection":[{"href":"https:\/\/www.bbmag.co.uk\/pt-br\/wp-json\/wp\/v2\/pages"}],"about":[{"href":"https:\/\/www.bbmag.co.uk\/pt-br\/wp-json\/wp\/v2\/types\/page"}],"author":[{"embeddable":true,"href":"https:\/\/www.bbmag.co.uk\/pt-br\/wp-json\/wp\/v2\/users\/72"}],"replies":[{"embeddable":true,"href":"https:\/\/www.bbmag.co.uk\/pt-br\/wp-json\/wp\/v2\/comments?post=18670"}],"version-history":[{"count":0,"href":"https:\/\/www.bbmag.co.uk\/pt-br\/wp-json\/wp\/v2\/pages\/18670\/revisions"}],"wp:attachment":[{"href":"https:\/\/www.bbmag.co.uk\/pt-br\/wp-json\/wp\/v2\/media?parent=18670"}],"curies":[{"name":"wp","href":"https:\/\/api.w.org\/{rel}","templated":true}]}}