{"id":23531,"date":"2020-10-08T13:57:51","date_gmt":"2020-10-08T12:57:51","guid":{"rendered":"https:\/\/www.bbmag.co.uk\/?page_id=23531"},"modified":"2020-10-08T14:14:35","modified_gmt":"2020-10-08T13:14:35","slug":"aviso-legal","status":"publish","type":"page","link":"https:\/\/www.bbmag.co.uk\/pt-br\/aviso-legal\/","title":{"rendered":"Aviso Legal"},"content":{"rendered":"<h1><b><span data-contrast=\"auto\">Website\u00a0<\/span><\/b><b><span data-contrast=\"auto\">Disclaimer<br \/>\n<\/span><\/b><em>(Aviso Legal)<\/em><\/h1>\n<p><span data-ccp-props=\"{}\">\u00a0<\/span><\/p>\n<p><b><span data-contrast=\"auto\">TERMOS E CONDI\u00c7\u00d5ES<\/span><\/b><b><span data-contrast=\"auto\">\u00a0DE USO<\/span><\/b><span data-ccp-props=\"{}\">\u00a0<\/span><\/p>\n<p><span data-contrast=\"auto\">Voc\u00ea n\u00e3o deve acessar\u00a0<\/span><span data-contrast=\"auto\">esse web<\/span><span data-contrast=\"auto\">\u00a0site ou usar as informa\u00e7\u00f5es nele contidas sem a aceita\u00e7\u00e3o pr<\/span><span data-contrast=\"auto\">\u00e9via desses termos e condi\u00e7\u00f5es.\u00a0<\/span><span data-contrast=\"auto\">O acesso a este web site ou o uso das informa\u00e7\u00f5es contidas nesta web site constitui<\/span><span data-contrast=\"auto\">\u00a0a aceita\u00e7\u00e3o desses termos e condi\u00e7\u00f5es, e a sua ren\u00fancia a quaisquer e\u00a0<\/span><span data-contrast=\"auto\">todas as<\/span><span data-contrast=\"auto\">\u00a0reivindica\u00e7\u00f5es contra\u00a0<\/span><span data-contrast=\"auto\">as nossas empresas,\u00a0<\/span><span data-contrast=\"auto\">associados, parceiros,\u00a0<\/span><span data-contrast=\"auto\">afiliad<\/span><span data-contrast=\"auto\">o<\/span><span data-contrast=\"auto\">s ou funcion\u00e1rios,\u00a0<\/span><span data-contrast=\"auto\">levantados<\/span><span data-contrast=\"auto\">\u00a0pelo uso\u00a0<\/span><span data-contrast=\"auto\">desta web<\/span><span data-contrast=\"auto\">\u00a0site ou algum material, informa\u00e7\u00e3o, opini\u00e3o ou recomenda\u00e7\u00f5es contidas nele.<\/span><span data-ccp-props=\"{}\">\u00a0<\/span><\/p>\n<p><span data-ccp-props=\"{}\">\u00a0<\/span><\/p>\n<p><b><span data-contrast=\"auto\">ESTES TERMOS E CONDI\u00c7\u00d5ES BASEIAM-SE NESSAS SEGUINTES CL\u00c1USULAS:<\/span><\/b><span data-ccp-props=\"{}\">\u00a0<\/span><\/p>\n<p><b><span data-contrast=\"auto\">INFORMA\u00c7\u00c3O E RETRATA\u00c7\u00c3O<\/span><\/b><span data-ccp-props=\"{}\">\u00a0<\/span><\/p>\n<p><span data-contrast=\"auto\">Este web site e informa\u00e7\u00f5es, nomes, imagens, figuras, logotipos<\/span><span data-contrast=\"auto\">, conte\u00fados e<\/span><span data-contrast=\"auto\">\u00a0\u00edcones s\u00e3o providos em bases sendo e estando dispon\u00edveis sem qualquer representa\u00e7\u00e3o ou garantia de qualquer tipo, expressadas ou deduzidas, incluindo, mas n\u00e3o limitadas \u00e0s garantias mercantis deduzidas, ajustadas a um prop\u00f3sito particular ou n\u00e3o infringente. Apesar das informa\u00e7\u00f5es\u00a0<\/span><span data-contrast=\"auto\">nesta web<\/span><span data-contrast=\"auto\">\u00a0site terem sido compiladas com boa f\u00e9 para fornecer informa\u00e7\u00f5es sobre\u00a0<\/span><span data-contrast=\"auto\">n\u00f3s, nossos\u00a0<\/span><span data-contrast=\"auto\">produtos<\/span><span data-contrast=\"auto\">, servi\u00e7os,\u00a0<\/span><span data-contrast=\"auto\">associados<\/span><span data-contrast=\"auto\">, suas matrizes, subsidi\u00e1rias, afiliadas ou funcion\u00e1rios devem, em nenhum evento, estarem sujeitos a quaisquer danos de qualquer tipo ou natureza, incluindo, sem limita\u00e7\u00e3o, danos diretos, indiretos, especiais, por\u00a0<\/span><span data-contrast=\"auto\">consequ\u00eancia<\/span><span data-contrast=\"auto\">\u00a0ou incidentais, sendo resultantes ou relacionados ao uso ou acesso desta web site ou quaisquer materiais, informa\u00e7\u00f5es, qualifica\u00e7\u00f5es ou recomenda\u00e7\u00f5es nele contidos.<\/span><span data-ccp-props=\"{}\">\u00a0<\/span><\/p>\n<p><span data-contrast=\"auto\">Podemos<\/span><span data-contrast=\"auto\">, a qualquer hora, realizar modifica\u00e7\u00f5es, melhorias e\/ou mudan\u00e7as destes termos e condi\u00e7\u00f5es, informa\u00e7\u00f5es, nomes, imagens, figuras, logotipos<\/span><span data-contrast=\"auto\">,\u00a0<\/span><span data-contrast=\"auto\">\u00edcones\u00a0<\/span><span data-contrast=\"auto\">e conte\u00fados\u00a0<\/span><span data-contrast=\"auto\">mostrados\u00a0<\/span><span data-contrast=\"auto\">nessa web<\/span><span data-contrast=\"auto\">\u00a0site, ou os produtos e servi\u00e7os referidos\u00a0<\/span><span data-contrast=\"auto\">nesta web<\/span><span data-contrast=\"auto\">\u00a0site, sem not\u00edcia pr\u00e9via.<\/span><span data-ccp-props=\"{}\">\u00a0<\/span><\/p>\n<p><span data-contrast=\"auto\">Este web site conte<\/span><span data-contrast=\"auto\">m<\/span><span data-contrast=\"auto\">\u00a0links ou refer\u00eancias a\u00a0<\/span><span data-contrast=\"auto\">outr<\/span><span data-contrast=\"auto\">a<\/span><span data-contrast=\"auto\">s web<\/span><span data-contrast=\"auto\">\u00a0sites que n\u00e3o est\u00e3o sob\u00a0<\/span><span data-contrast=\"auto\">o\u00a0<\/span><span data-contrast=\"auto\">controle da\u00a0<\/span><span data-contrast=\"auto\">na nossa empresa\u00a0<\/span><span data-contrast=\"auto\">n\u00e3o\u00a0<\/span><span data-contrast=\"auto\">temos\u00a0<\/span><span data-contrast=\"auto\">qualquer responsabilidade sobre conte\u00fados de quaisquer links com outros web sites, ou mesmo links contidos nestes sites.\u00a0<\/span><span data-ccp-props=\"{}\">\u00a0<\/span><\/p>\n<p><span data-contrast=\"auto\">Voc\u00ea concorda em n\u00e3o adicionar, alterar, substituir ou emendar parcialmente ou por inteiro qualquer informa\u00e7\u00e3o neste web site.<\/span><span data-ccp-props=\"{}\">\u00a0<\/span><\/p>\n<p><span data-contrast=\"auto\">Considerando dados financeiros, como boletins anuais e declara\u00e7\u00f5es financeiras, que podem estar contidos neste web site, apenas a vers\u00e3o escrita pode ser considerada a vers\u00e3o aut\u00eantica.<\/span><span data-ccp-props=\"{}\">\u00a0<\/span><\/p>\n<p><span data-ccp-props=\"{}\">\u00a0<\/span><\/p>\n<p><b><span data-contrast=\"auto\">PROPRIEDADE INTELECTUAL<\/span><\/b><span data-ccp-props=\"{}\">\u00a0<\/span><\/p>\n<p><span data-contrast=\"auto\">Por favor, note que os materiais mostrados n<\/span><span data-contrast=\"auto\">a<\/span><span data-contrast=\"auto\">\u00a0web site, incluindo, sem limita\u00e7\u00e3o,\u00a0<\/span><span data-contrast=\"auto\">todos os<\/span><span data-contrast=\"auto\">\u00a0materiais editoriais, fotogr\u00e1ficos, ilustra\u00e7\u00f5es e outros materiais gr\u00e1ficos, e nomes, logos, marcas registradas e marcas de servi\u00e7os s\u00e3o de propriedade da\u00a0<\/span><span data-contrast=\"auto\">Bossa<\/span><span data-contrast=\"auto\">\u00a0Brazil Promo\u00e7\u00f5es, Eventos e Turismo Limitada (CNPJ 14.314.129\/001-89) situada em S\u00e3o Paulo, Brasil em conjunto com a Bossa Brazil\u00a0<\/span><span data-contrast=\"auto\">Limited<\/span><span data-contrast=\"auto\">\u00a0<\/span><span data-contrast=\"auto\">(<\/span><span data-contrast=\"auto\">Registered<\/span><span data-contrast=\"auto\">\u00a0in\u00a0<\/span><span data-contrast=\"auto\">England<\/span><span data-contrast=\"auto\">\u00a0<\/span><span data-contrast=\"auto\">and<\/span><span data-contrast=\"auto\">\u00a0<\/span><span data-contrast=\"auto\">Wales<\/span><span data-contrast=\"auto\">\u00a0No. 3410846<\/span><span data-contrast=\"auto\">) situada em Londres, Inglaterra,<\/span><span data-contrast=\"auto\">\u00a0<\/span><span data-contrast=\"auto\">ou de quaisquer de suas subsidi\u00e1rias, afiliad<\/span><span data-contrast=\"auto\">o<\/span><span data-contrast=\"auto\">s ou\u00a0<\/span><span data-contrast=\"auto\">associados\u00a0<\/span><span data-contrast=\"auto\">e s\u00e3o protegidos por direitos autorais, marca registrada e outras leis de propriedade intelectual.<\/span><span data-ccp-props=\"{}\">\u00a0<\/span><\/p>\n<p><span data-contrast=\"auto\">Outros nomes de companhias mencionados neste web site devem conter as marcas registradas de seus respectivos propriet\u00e1rios. Voc\u00ea n\u00e3o est\u00e1 permitido a reproduzir, retransmitir, distribuir, disseminar, vender, publicar, difundir ou circular qualquer tipo de material ou qualquer parte daquilo que voc\u00ea pode vir a salvar:<\/span><span data-ccp-props=\"{}\">\u00a0<\/span><\/p>\n<p><span data-ccp-props=\"{}\">\u00a0<\/span><\/p>\n<ul>\n<li data-leveltext=\"\uf0b7\" data-font=\"Symbol\" data-listid=\"1\" aria-setsize=\"-1\" data-aria-posinset=\"1\" data-aria-level=\"1\"><span data-contrast=\"auto\">Imprimir<\/span><span data-contrast=\"auto\">\u00a0ou realizar extratos de download de materiais deste web site para fins n\u00e3o comerciais, informativos e pessoais;\u00a0<\/span><span data-contrast=\"auto\">ou<\/span><span data-contrast=\"auto\">;<\/span><span data-ccp-props=\"{&quot;134233279&quot;:true}\">\u00a0<\/span><\/li>\n<\/ul>\n<p><span data-ccp-props=\"{}\">\u00a0<\/span><\/p>\n<ul>\n<li data-leveltext=\"\uf0b7\" data-font=\"Symbol\" data-listid=\"1\" aria-setsize=\"-1\" data-aria-posinset=\"1\" data-aria-level=\"1\"><span data-contrast=\"auto\">Copiar<\/span><span data-contrast=\"auto\">\u00a0o material\u00a0<\/span><span data-contrast=\"auto\">desta web<\/span><span data-contrast=\"auto\">\u00a0site com o prop\u00f3sito de envi\u00e1-lo, sem qualquer objetivo comercial, de partes individuais para informa\u00e7\u00f5es pessoais fornecidas,<\/span><span data-contrast=\"auto\">\u00a0<\/span><span data-contrast=\"auto\">reconhecendo a\u00a0<\/span><span data-contrast=\"auto\">n\u00f3s\u00a0<\/span><span data-contrast=\"auto\">como a fonte do material, e que voc\u00ea informe a terceiros que esses termos e condi\u00e7\u00f5es aplicam-se a eles e que estes devem concordar com eles.<\/span><span data-ccp-props=\"{&quot;134233279&quot;:true}\">\u00a0<\/span><\/li>\n<\/ul>\n<p><span data-ccp-props=\"{}\">\u00a0<\/span><\/p>\n<p><span data-contrast=\"auto\">Nada aqui contido deve ser interpretado como outorg\u00e1vel por implica\u00e7\u00e3o, impedimento ou, por outro lado, qualquer licen\u00e7a ou direito sob\u00a0<\/span><span data-contrast=\"auto\">quaisquer patentes<\/span><span data-contrast=\"auto\">\u00a0ou marca<\/span><span data-contrast=\"auto\">s<\/span><span data-contrast=\"auto\">\u00a0registrada<\/span><span data-contrast=\"auto\">s<\/span><span data-contrast=\"auto\">\u00a0<\/span><span data-contrast=\"auto\">a n\u00f3s\u00a0<\/span><span data-contrast=\"auto\">ou<\/span><span data-contrast=\"auto\">\u00a0<\/span><span data-contrast=\"auto\">terceiros.<\/span><span data-ccp-props=\"{}\">\u00a0<\/span><\/p>\n<p><span data-contrast=\"auto\">Salvo como claramente o estipulado acima, nada aqui contido deve ser<\/span><span data-contrast=\"auto\">\u00a0<\/span><span data-contrast=\"auto\">interpretado como concess\u00e3o a qualquer licen\u00e7a ou direito autoral ou outros direitos de propriedade intelectual em rela\u00e7\u00e3o a quaisquer informa\u00e7\u00f5es, dados, produtos ou servi\u00e7os.<\/span><span data-ccp-props=\"{}\">\u00a0<\/span><\/p>\n<p><span data-ccp-props=\"{}\">\u00a0<\/span><\/p>\n<p><b><span data-contrast=\"auto\">LEI APLIC\u00c1VEL E JURISDI\u00c7\u00c3O<\/span><\/b><span data-ccp-props=\"{}\">\u00a0<\/span><\/p>\n<p><span data-contrast=\"auto\">Estes termos e condi\u00e7\u00f5es devem ser governados, constru\u00eddos e ex<\/span><span data-contrast=\"auto\">ecutados em acordo com as leis brasileiras<\/span><span data-contrast=\"auto\">. Todas e quaisquer controv\u00e9rsias aqui levantadas devem ser exclusivamente submetidas e resolvidas conclusivamente pelas \u00e1reas\u00a0<\/span><span data-contrast=\"auto\">brasileiras<\/span><span data-contrast=\"auto\">\u00a0<\/span><span data-contrast=\"auto\">ou brit\u00e2nicas\u00a0<\/span><span data-contrast=\"auto\">competent<\/span><span data-contrast=\"auto\">es<\/span><span data-contrast=\"auto\">.<\/span><span data-ccp-props=\"{}\">\u00a0<\/span><\/p>\n","protected":false},"excerpt":{"rendered":"<p>Website\u00a0Disclaimer (Aviso Legal) \u00a0 TERMOS E CONDI\u00c7\u00d5ES\u00a0DE USO\u00a0 Voc\u00ea n\u00e3o deve acessar\u00a0esse web\u00a0site ou usar as informa\u00e7\u00f5es nele contidas sem a aceita\u00e7\u00e3o pr\u00e9via desses termos e condi\u00e7\u00f5es.\u00a0O acesso a este web site ou o uso das informa\u00e7\u00f5es contidas nesta web site constitui\u00a0a aceita\u00e7\u00e3o desses termos e condi\u00e7\u00f5es, e a sua ren\u00fancia a quaisquer e\u00a0todas as\u00a0reivindica\u00e7\u00f5es<\/p>\n<div class=\"read-more\"><a href=\"https:\/\/www.bbmag.co.uk\/pt-br\/aviso-legal\/\" title=\"Saiba mais\">Saiba mais<\/a><\/div>\n","protected":false},"author":38,"featured_media":0,"parent":0,"menu_order":0,"comment_status":"closed","ping_status":"closed","template":"","meta":{"footnotes":""},"class_list":["post-23531","page","type-page","status-publish"],"jetpack-related-posts":[],"jetpack_sharing_enabled":true,"_links":{"self":[{"href":"https:\/\/www.bbmag.co.uk\/pt-br\/wp-json\/wp\/v2\/pages\/23531","targetHints":{"allow":["GET"]}}],"collection":[{"href":"https:\/\/www.bbmag.co.uk\/pt-br\/wp-json\/wp\/v2\/pages"}],"about":[{"href":"https:\/\/www.bbmag.co.uk\/pt-br\/wp-json\/wp\/v2\/types\/page"}],"author":[{"embeddable":true,"href":"https:\/\/www.bbmag.co.uk\/pt-br\/wp-json\/wp\/v2\/users\/38"}],"replies":[{"embeddable":true,"href":"https:\/\/www.bbmag.co.uk\/pt-br\/wp-json\/wp\/v2\/comments?post=23531"}],"version-history":[{"count":0,"href":"https:\/\/www.bbmag.co.uk\/pt-br\/wp-json\/wp\/v2\/pages\/23531\/revisions"}],"wp:attachment":[{"href":"https:\/\/www.bbmag.co.uk\/pt-br\/wp-json\/wp\/v2\/media?parent=23531"}],"curies":[{"name":"wp","href":"https:\/\/api.w.org\/{rel}","templated":true}]}}