{"id":26035,"date":"2021-05-14T14:26:29","date_gmt":"2021-05-14T13:26:29","guid":{"rendered":"https:\/\/www.bbmag.co.uk\/?page_id=26035"},"modified":"2021-07-08T13:28:21","modified_gmt":"2021-07-08T12:28:21","slug":"edicoes","status":"publish","type":"page","link":"https:\/\/www.bbmag.co.uk\/pt-br\/edicoes\/","title":{"rendered":"Edi\u00e7\u00f5es \/ Publica\u00e7\u00f5es"},"content":{"rendered":"<p><strong>Veja as edi\u00e7\u00f5es da BBMag &#8211;\u00a0Bossa Brazil Magazine e Bossa Latinos Magazine, sua revista brasileira e latina-americana bil\u00edngue de estilo de vida brasileiro e latino em Londres e no Reino Unido<\/strong><\/p>\n","protected":false},"excerpt":{"rendered":"<p>Veja as edi\u00e7\u00f5es da BBMag &#8211;\u00a0Bossa Brazil Magazine e Bossa Latinos Magazine, sua revista brasileira e latina-americana bil\u00edngue de estilo de vida brasileiro e latino em Londres e no Reino Unido<\/p>\n","protected":false},"author":56,"featured_media":24367,"parent":0,"menu_order":0,"comment_status":"closed","ping_status":"closed","template":"partials\/publications.php","meta":{"footnotes":""},"class_list":["post-26035","page","type-page","status-publish","has-post-thumbnail"],"jetpack-related-posts":[],"jetpack_sharing_enabled":true,"_links":{"self":[{"href":"https:\/\/www.bbmag.co.uk\/pt-br\/wp-json\/wp\/v2\/pages\/26035","targetHints":{"allow":["GET"]}}],"collection":[{"href":"https:\/\/www.bbmag.co.uk\/pt-br\/wp-json\/wp\/v2\/pages"}],"about":[{"href":"https:\/\/www.bbmag.co.uk\/pt-br\/wp-json\/wp\/v2\/types\/page"}],"author":[{"embeddable":true,"href":"https:\/\/www.bbmag.co.uk\/pt-br\/wp-json\/wp\/v2\/users\/56"}],"replies":[{"embeddable":true,"href":"https:\/\/www.bbmag.co.uk\/pt-br\/wp-json\/wp\/v2\/comments?post=26035"}],"version-history":[{"count":0,"href":"https:\/\/www.bbmag.co.uk\/pt-br\/wp-json\/wp\/v2\/pages\/26035\/revisions"}],"wp:featuredmedia":[{"embeddable":true,"href":"https:\/\/www.bbmag.co.uk\/pt-br\/wp-json\/wp\/v2\/media\/24367"}],"wp:attachment":[{"href":"https:\/\/www.bbmag.co.uk\/pt-br\/wp-json\/wp\/v2\/media?parent=26035"}],"curies":[{"name":"wp","href":"https:\/\/api.w.org\/{rel}","templated":true}]}}