{"id":26499,"date":"2021-05-18T18:50:42","date_gmt":"2021-05-18T17:50:42","guid":{"rendered":"https:\/\/www.bbmag.co.uk\/?page_id=26499"},"modified":"2021-05-18T18:52:25","modified_gmt":"2021-05-18T17:52:25","slug":"diretorio-de-negocios","status":"publish","type":"page","link":"https:\/\/www.bbmag.co.uk\/pt-br\/diretorio-de-negocios\/","title":{"rendered":"Diret\u00f3rio de Neg\u00f3cios"},"content":{"rendered":"<div id=\"metaslider-id-23210\" style=\"width: 100%;\" class=\"ml-slider-3-107-0 metaslider metaslider-flex metaslider-23210 ml-slider has-dots-nav ms-theme-default\" role=\"region\" aria-label=\"Slider Business Directory [PORTUGUESE]\" data-height=\"336\" data-width=\"700\">\n    <div id=\"metaslider_container_23210\">\n        <div id=\"metaslider_23210\">\n            <ul class='slides'>\n                <li style=\"display: block; width: 100%;\" class=\"slide-23211 ms-image \" aria-roledescription=\"slide\" data-date=\"2020-10-02 16:59:34\" data-filename=\"bbmag_issue11_ad_veneto_golf_700x336-700x336.jpg\" data-slide-type=\"image\"><a href=\"https:\/\/veneto.eu\" target=\"_blank\" aria-label=\"View Slide Details\" class=\"metaslider_image_link\"><img decoding=\"async\" src=\"https:\/\/www.bbmag.co.uk\/wp-content\/uploads\/2020\/08\/bbmag_issue11_ad_veneto_golf_700x336-700x336.jpg\" height=\"336\" width=\"700\" alt=\"\" class=\"slider-23210 slide-23211 msDefaultImage\" title=\"bbmag_issue11_ad_veneto_golf_700x336\" \/><\/a><\/li>\n                <li style=\"display: none; width: 100%;\" class=\"slide-23212 ms-image \" aria-roledescription=\"slide\" data-date=\"2020-10-02 16:59:34\" data-filename=\"517927504-Digital-banners-Retail-pricing-Q2-Brazil-700x336-1-700x336.jpg\" data-slide-type=\"image\"><a href=\"https:\/\/www.westernunion.com\" target=\"_blank\" aria-label=\"View Slide Details\" class=\"metaslider_image_link\"><img decoding=\"async\" src=\"https:\/\/www.bbmag.co.uk\/wp-content\/uploads\/2020\/08\/517927504-Digital-banners-Retail-pricing-Q2-Brazil-700x336-1-700x336.jpg\" height=\"336\" width=\"700\" alt=\"\" class=\"slider-23210 slide-23212 msDefaultImage\" title=\"517927504-Digital-banners-Retail-pricing-Q2-Brazil-700x336\" \/><\/a><\/li>\n                <li style=\"display: none; width: 100%;\" class=\"slide-23213 ms-image \" aria-roledescription=\"slide\" data-date=\"2020-10-02 16:59:34\" data-filename=\"bbmag_issue11_ad_veneto_lago_700x336-700x336.jpg\" data-slide-type=\"image\"><a href=\"https:\/\/veneto.eu\" target=\"_blank\" aria-label=\"View Slide Details\" class=\"metaslider_image_link\"><img decoding=\"async\" src=\"https:\/\/www.bbmag.co.uk\/wp-content\/uploads\/2020\/08\/bbmag_issue11_ad_veneto_lago_700x336-700x336.jpg\" height=\"336\" width=\"700\" alt=\"\" class=\"slider-23210 slide-23213 msDefaultImage\" title=\"bbmag_issue11_ad_veneto_lago_700x336\" \/><\/a><\/li>\n            <\/ul>\n        <\/div>\n        \n    <\/div>\n<\/div><p>&nbsp;<\/p>\n<h1 style=\"text-align: center;\"><span style=\"color: #333399;\"><strong>Diret\u00f3rio<\/strong><\/span><\/h1>\n<p><strong>Bem-vindos \u00e0 lista de classificados de servi\u00e7os e produtos para a comunidade brasileira e de l\u00edngua portuguesa em Londres, amigos do Brasil no Reino Unido e brasileiros em geral interessados no Reino Unido.<\/strong><\/p>\n<p>No BBMag Diret\u00f3rio de Neg\u00f3cios voc\u00ea encontra tudo o que procura em Londres e regi\u00e3o. Desde ag\u00eancias de viagens a supermercados brasileiros, bares e restaurantes brasileiros ou gerenciados por amigos do Brasil; lojas de roupas e moda brasileira; m\u00e9dicos e dentistas brasileiros em Londres das mais diversas especialidades, psic\u00f3logos e terapeutas; profissionais do setor de bem-estar, como cl\u00ednicas de est\u00e9tica, manicures, cabeleireiros brasileiros em Londres; tatuadores brasileiros; at\u00e9 servi\u00e7os mais espec\u00edficos como contadores, consultores, advogados e servi\u00e7os de imigra\u00e7\u00e3o para brasileiros, transportadoras, vans, organizadores de eventos brasileiros, servi\u00e7os de constru\u00e7\u00e3o, decora\u00e7\u00e3o, reformas gerais e muito mais.<\/p>\n<p><span style=\"color: #000000;\"><strong>Ao contatar os nossos anunciantes e parceiros,\u00a0mencione sempre o BBMAG Diret\u00f3rio de Neg\u00f3cios\u00a0para receber pre\u00e7os e condi\u00e7\u00f5es especiais.<\/strong><\/span><\/p>\n","protected":false},"excerpt":{"rendered":"<p>&nbsp; Diret\u00f3rio Bem-vindos \u00e0 lista de classificados de servi\u00e7os e produtos para a comunidade brasileira e de l\u00edngua portuguesa em Londres, amigos do Brasil no Reino Unido e brasileiros em geral interessados no Reino Unido. No BBMag Diret\u00f3rio de Neg\u00f3cios voc\u00ea encontra tudo o que procura em Londres e regi\u00e3o. Desde ag\u00eancias de viagens a<\/p>\n<div class=\"read-more\"><a href=\"https:\/\/www.bbmag.co.uk\/pt-br\/diretorio-de-negocios\/\" title=\"Saiba mais\">Saiba mais<\/a><\/div>\n","protected":false},"author":56,"featured_media":0,"parent":0,"menu_order":0,"comment_status":"closed","ping_status":"closed","template":"partials\/classified-categories.php","meta":{"footnotes":""},"class_list":["post-26499","page","type-page","status-publish"],"jetpack-related-posts":[],"jetpack_sharing_enabled":true,"_links":{"self":[{"href":"https:\/\/www.bbmag.co.uk\/pt-br\/wp-json\/wp\/v2\/pages\/26499","targetHints":{"allow":["GET"]}}],"collection":[{"href":"https:\/\/www.bbmag.co.uk\/pt-br\/wp-json\/wp\/v2\/pages"}],"about":[{"href":"https:\/\/www.bbmag.co.uk\/pt-br\/wp-json\/wp\/v2\/types\/page"}],"author":[{"embeddable":true,"href":"https:\/\/www.bbmag.co.uk\/pt-br\/wp-json\/wp\/v2\/users\/56"}],"replies":[{"embeddable":true,"href":"https:\/\/www.bbmag.co.uk\/pt-br\/wp-json\/wp\/v2\/comments?post=26499"}],"version-history":[{"count":0,"href":"https:\/\/www.bbmag.co.uk\/pt-br\/wp-json\/wp\/v2\/pages\/26499\/revisions"}],"wp:attachment":[{"href":"https:\/\/www.bbmag.co.uk\/pt-br\/wp-json\/wp\/v2\/media?parent=26499"}],"curies":[{"name":"wp","href":"https:\/\/api.w.org\/{rel}","templated":true}]}}