{"id":2684,"date":"2014-01-01T18:14:33","date_gmt":"2014-01-01T18:14:33","guid":{"rendered":"http:\/\/bbmag.co.uk\/new\/about-us\/?lang=pt-br"},"modified":"2020-10-12T18:38:53","modified_gmt":"2020-10-12T17:38:53","slug":"sobre-a-bbmag","status":"publish","type":"page","link":"https:\/\/www.bbmag.co.uk\/pt-br\/sobre-a-bbmag\/","title":{"rendered":"Sobre a BBMAG"},"content":{"rendered":"<p><b>BBMAG \u2013 BOSSA BRAZIL MAGAZINE<\/b><\/p>\n<p>Bossa Brazil Magazine (BBMag) \u00e9 a \u00fanica publica\u00e7\u00e3o bil\u00edngue anglo-brasileira e anglo-hisp\u00e2nica baseada em Londres especializada em estilo de vida, turismo e cultura com conte\u00fado positivo. A BBMag \u00e9 distribu\u00edda gratuitamente em Londres, assegurando aos nossos clientes e parceiros comerciais o m\u00e1ximo de impacto e exposi\u00e7\u00e3o entre essa audi\u00eancia espec\u00edfica.<\/p>\n<p>&nbsp;<\/p>\n<p><b>QUEM \u00c9 A BOSSA?<\/b><\/p>\n<p>A Bossa \u00e9 uma ag\u00eancia internacional de marketing e promo\u00e7\u00e3o que utiliza a cultura e experi\u00eancias \u00fanicas para a divulga\u00e7\u00e3o de nossos clientes. Tudo realizado com paix\u00e3o, inova\u00e7\u00e3o, talento e estilo influenciados pelas nossas ra\u00edzes anglo-brasileiras. Por isso somos \u201cBossa\u201d!<\/p>\n<p>Criamos oportunidades de neg\u00f3cios atrav\u00e9s da extensa experi\u00eancia comercial de uma equipe altamente qualificada, com estrat\u00e9gias e campanhas inovadoras e criativas. Tudo isso garante lugar de destaque em mercados competitivos aos nossos clientes.<\/p>\n<p>&nbsp;<\/p>\n<p><b>TURISMO \u00c9 O NOSSO FORTE!<\/b><\/p>\n<p>Temos mais de 20 anos de experi\u00eancia e conhecimento na ind\u00fastria do turismo nos mercados brit\u00e2nico, europeu, sul-americano e brasileiro. Com uma equipe extremamente capacitada e com experi\u00eancia comprovada no setor, trabalhando com diversos escrit\u00f3rios de turismo nacionais e regionais, a Bossa oferece aos clientes um extenso know-how e profissionalismo.<\/p>\n<p>A Bossa tem uma equipe experiente de vendas para direcionar esfor\u00e7os de marketing que incluem promo\u00e7\u00f5es, posicionamento de produtos e distribui\u00e7\u00e3o. Somos experts em desenvolver campanhas de marketing inovadoras, exitosas e direcionadas para consumidores e para o trade tur\u00edstico, que asseguram o destaque de nossos clientes. Desde o marketing tradicional e canais publicit\u00e1rios at\u00e9 marketing digital para m\u00eddias sociais, a Bossa adequa as campanhas para as necessidades individuais e espec\u00edficas de cada cliente.<\/p>\n<p>&nbsp;<\/p>\n<p><b><i>MAS O QU\u00ca SIGNIFICA \u201cBOSSA\u201d?<\/i><\/b><\/p>\n<p><i>Bossa \u00e9 um estilo, \u00e9 fazer as coisas com instinto, mostrar o charme e o talento natural. Une voca\u00e7\u00e3o com tend\u00eancia. \u00c9 realizar tudo com paix\u00e3o, criatividade, dedica\u00e7\u00e3o e inova\u00e7\u00e3o. \u00c9 desta forma que trabalhamos, somos Bossa!<\/i><\/p>\n","protected":false},"excerpt":{"rendered":"<p>BBMAG \u2013 BOSSA BRAZIL MAGAZINE Bossa Brazil Magazine (BBMag) \u00e9 a \u00fanica publica\u00e7\u00e3o bil\u00edngue anglo-brasileira e anglo-hisp\u00e2nica baseada em Londres especializada em estilo de vida, turismo e cultura com conte\u00fado positivo. A BBMag \u00e9 distribu\u00edda gratuitamente em Londres, assegurando aos nossos clientes e parceiros comerciais o m\u00e1ximo de impacto e exposi\u00e7\u00e3o entre essa audi\u00eancia espec\u00edfica.<\/p>\n<div class=\"read-more\"><a href=\"https:\/\/www.bbmag.co.uk\/pt-br\/sobre-a-bbmag\/\" title=\"Saiba mais\">Saiba mais<\/a><\/div>\n","protected":false},"author":72,"featured_media":0,"parent":0,"menu_order":0,"comment_status":"closed","ping_status":"closed","template":"","meta":{"footnotes":""},"class_list":["post-2684","page","type-page","status-publish"],"jetpack-related-posts":[],"jetpack_sharing_enabled":true,"_links":{"self":[{"href":"https:\/\/www.bbmag.co.uk\/pt-br\/wp-json\/wp\/v2\/pages\/2684","targetHints":{"allow":["GET"]}}],"collection":[{"href":"https:\/\/www.bbmag.co.uk\/pt-br\/wp-json\/wp\/v2\/pages"}],"about":[{"href":"https:\/\/www.bbmag.co.uk\/pt-br\/wp-json\/wp\/v2\/types\/page"}],"author":[{"embeddable":true,"href":"https:\/\/www.bbmag.co.uk\/pt-br\/wp-json\/wp\/v2\/users\/72"}],"replies":[{"embeddable":true,"href":"https:\/\/www.bbmag.co.uk\/pt-br\/wp-json\/wp\/v2\/comments?post=2684"}],"version-history":[{"count":0,"href":"https:\/\/www.bbmag.co.uk\/pt-br\/wp-json\/wp\/v2\/pages\/2684\/revisions"}],"wp:attachment":[{"href":"https:\/\/www.bbmag.co.uk\/pt-br\/wp-json\/wp\/v2\/media?parent=2684"}],"curies":[{"name":"wp","href":"https:\/\/api.w.org\/{rel}","templated":true}]}}