{"id":7243,"date":"2016-08-17T08:49:31","date_gmt":"2016-08-17T07:49:31","guid":{"rendered":"http:\/\/www.bbmag.co.uk\/pt-br\/?page_id=7243"},"modified":"2021-05-14T14:29:08","modified_gmt":"2021-05-14T13:29:08","slug":"edicoes_old","status":"publish","type":"page","link":"https:\/\/www.bbmag.co.uk\/pt-br\/edicoes_old\/","title":{"rendered":"Edi\u00e7\u00f5es"},"content":{"rendered":"<h1 style=\"font-size: 18px; text-align: justify;\"><span style=\"color: #000000;\">Veja as edi\u00e7\u00f5es da BBMag \u2013 Bossa Brazil Magazine, sua revista brasileira bil\u00edngue de estilo de vida brasileiro em Londres e no Reino Unido:<\/span><\/h1>\n<p>&nbsp;<\/p>\n<p><center style=\"display: none;\"><\/p>\n<h1 style=\"font-size: 18px; text-align: center;\"><b>Bossa Latinos Magazine<\/b> &#8211; \u00daltima Edi\u00e7\u00e3o<\/h1>\n<p><iframe allowfullscreen=\"true\" allow=\"fullscreen\" style=\"border:none;width:514px;height:326px;\" src=\"\/\/e.issuu.com\/embed.html?d=ind_bbmag1_latinos_issuu&#038;hideIssuuLogo=true&#038;u=bbmaguk\"><\/iframe><\/center><\/p>\n<div class=\"row cf\"><div class=\"column half\">\n<h1 style=\"font-size: 18px; text-align: center;\"><b>BBMag Latinos<\/b> &#8211; Maio 2021<\/h1>\n<p><iframe style=\"border: none; width: 100%; height: 326px;\" src=\"https:\/\/e.issuu.com\/embed.html?d=ind_bbmag2_latinos_full_nobleed&#038;hideIssuuLogo=true&#038;u=bbmaguk\" allowfullscreen=\"allowfullscreen\"><\/iframe><\/div><div class=\"column half\">\n<h1 style=\"font-size: 18px; text-align: center;\"><b>BBMag Latinos<\/b> &#8211; Novembro 2020<\/h1>\n<p><iframe style=\"border: none; width: 100%; height: 326px;\" src=\"\/\/e.issuu.com\/embed.html?d=ind_bbmag1_latinos_issuu&#038;hideIssuuLogo=true&#038;u=bbmaguk\" allowfullscreen=\"allowfullscreen\"><\/iframe><\/div><div class=\"column half\"><\/div><\/div>\n<div class=\"row cf\"><div class=\"column half\">\n<h1 style=\"font-size: 18px; text-align: center;\"><b>Bossa Brazil Magazine<\/b> &#8211; \u00daltima Edi\u00e7\u00e3o<\/h1>\n<p><iframe style=\"border: none; width: 100%; height: 326px;\" src=\"\/\/e.issuu.com\/embed.html?d=ind_bbmag12_issuu&#038;hideIssuuLogo=true&#038;u=bbmaguk\" allowfullscreen=\"allowfullscreen\"><\/iframe><\/div><div class=\"column half\">\n<h1 style=\"font-size: 18px; text-align: center;\"><b>Bossa Brazil Magazine<\/b> &#8211; Agosto 2020<\/h1>\n<p><iframe style=\"border: none; width: 100%; height: 326px;\" src=\"\/\/e.issuu.com\/embed.html?d=ind_bbmag11_august_2020&amp;hideIssuuLogo=true&amp;u=bbmaguk\" allowfullscreen=\"allowfullscreen\"><\/iframe><\/div><div class=\"column half\"><\/div><\/div>\n<div class=\"row cf\"><div class=\"column half\">\n<h1 style=\"font-size: 18px; text-align: center;\"><b>Bossa Brazil Magazine<\/b> &#8211; Novembro de 2019<\/h1>\n<p><iframe style=\"border: none; width: 100%; height: 326px;\" src=\"\/\/e.issuu.com\/embed.html?d=ind_bbmag10_inside_-_all_-_pdf&amp;hideIssuuLogo=true&amp;u=bbmaguk\" allowfullscreen=\"allowfullscreen\"><\/iframe><\/div><div class=\"column half\">\n<h1 style=\"font-size: 18px; text-align: center;\"><b>Bossa Brazil Magazine<\/b> &#8211; Maio de 2019<\/h1>\n<p><iframe style=\"border: none; width: 100%; height: 326px;\" src=\"\/\/e.issuu.com\/embed.html?d=ind_bbmag09_full_version__compact_&amp;hideIssuuLogo=true&amp;u=bbmaguk\" allowfullscreen=\"allowfullscreen\"><\/iframe><\/div><div class=\"column half\"><\/div><\/div>\n<div class=\"row cf\"><div class=\"column half\">\n<h1 style=\"font-size: 18px; text-align: center;\"><b>Bossa Brazil Magazine<\/b> &#8211; Novembro de 2018<\/h1>\n<p><iframe style=\"border: none; width: 100%; height: 326px;\" src=\"\/\/e.issuu.com\/embed.html?d=bbmaged08&amp;hideIssuuLogo=true&amp;u=bbmaguk\" allowfullscreen=\"allowfullscreen\"><\/iframe><\/div><div class=\"column half\">\n<h1 style=\"font-size: 18px; text-align: center;\"><b>Bossa Brazil Magazine<\/b> &#8211; Junho de 2018<\/h1>\n<p><iframe style=\"border: none; width: 100%; height: 326px;\" src=\"\/\/e.issuu.com\/embed.html?d=bossa_brazil_magazine__bbamg__issue&amp;hideIssuuLogo=true&amp;u=bbmaguk\" allowfullscreen=\"allowfullscreen\"><\/iframe><\/div><\/div>\n<div class=\"row cf\"><div class=\"column half\">\n<h1 style=\"font-size: 18px; text-align: center;\"><b>Bossa Brazil Magazine<\/b> &#8211; Novembro de 2017<\/h1>\n<p><iframe style=\"border: none; width: 100%; height: 326px;\" src=\"\/\/e.issuu.com\/embed.html?d=af_bbmaged06_issuu&amp;hideIssuuLogo=true&amp;u=bbmaguk\" allowfullscreen=\"allowfullscreen\"><\/iframe><\/div><div class=\"column half\">\n<h1 style=\"font-size: 18px; text-align: center;\"><b>Bossa Brazil Magazine<\/b> &#8211; Junho de 2017<\/h1>\n<p><iframe style=\"border: none; width: 100%; height: 326px;\" src=\"\/\/e.issuu.com\/embed.html?d=bbmag_edition5_june_2017issuu&amp;hideIssuuLogo=true&amp;u=bbmaguk\" allowfullscreen=\"allowfullscreen\"><\/iframe><\/div><\/div>\n<div class=\"row cf\"><div class=\"column half\">\n<h1 style=\"font-size: 18px; text-align: center;\"><b>Bossa Brazil Magazine<\/b> &#8211; Janeiro de 2017<\/h1>\n<p><iframe style=\"border: none; width: 100%; height: 326px;\" src=\"\/\/e.issuu.com\/embed.html?d=bbmag_edicao04&amp;hideIssuuLogo=true&amp;u=bbmaguk\" allowfullscreen=\"allowfullscreen\"><\/iframe><\/div><div class=\"column half\">\n<h1 style=\"font-size: 18px; text-align: center;\"><b>Bossa Brazil Magazine<\/b> &#8211; Outubro de 2016<\/h1>\n<p><iframe style=\"border: none; width: 100%; height: 326px;\" src=\"\/\/e.issuu.com\/embed.html?d=pdf_bbmaged03&amp;hideIssuuLogo=true&amp;u=bbmaguk\" allowfullscreen=\"allowfullscreen\"><\/iframe><\/div><\/div>\n<div class=\"row cf\"><div class=\"column half\">\n<h1 style=\"font-size: 18px; text-align: center;\"><b>Bossa Brazil Magazine<\/b> &#8211; Julho de 2016<\/h1>\n<p><iframe style=\"border: none; width: 100%; height: 326px;\" src=\"\/\/e.issuu.com\/embed.html?d=bbmaged02_issu&amp;hideIssuuLogo=true&amp;u=bbmaguk\" allowfullscreen=\"allowfullscreen\"><\/iframe><\/div><div class=\"column half\">\n<h1 style=\"font-size: 18px; text-align: center;\"><b>Bossa Brazil Magazine<\/b> &#8211; Abril de 2016<\/h1>\n<p><iframe style=\"border: none; width: 100%; height: 326px;\" src=\"\/\/e.issuu.com\/embed.html?d=bbmaged01&amp;hideIssuuLogo=true&amp;u=bbmaguk\" allowfullscreen=\"allowfullscreen\"><\/iframe><\/div><\/div>\n<div class='code-block code-block-1' style='margin: 8px 0; clear: both;'>\n\n\t\n\t<div class=\"post-share\" style=\"\">\n\t\t<span class=\"text\">Compartilhar.<\/span>\n\t\t\n\t\t<span class=\"share-links\">\n\n\t\t\t <a href=\"https:\/\/api.whatsapp.com\/send?&text=https%3A%2F%2Fwww.bbmag.co.uk%2Fpt-br%2Fedicoes_old%2F\" data-action=\"share\/whatsapp\/share\" class=\"fa fa-whatsapp\" title=\"Whatsapp\">\n\t\t\t\t\t\t\t<span class=\"visuallyhidden\">Whatsapp<\/span><\/a>\n                \n            <a href=\"http:\/\/twitter.com\/home?status=https%3A%2F%2Fwww.bbmag.co.uk%2Fpt-br%2Fedicoes_old%2F\" class=\"fa fa-twitter\" title=\"Tuitar\">\n\t\t\t\t<span class=\"visuallyhidden\">Twitter<\/span><\/a>\n\t\t\t\t\n\t\t\t<a href=\"http:\/\/www.facebook.com\/sharer.php?u=https%3A%2F%2Fwww.bbmag.co.uk%2Fpt-br%2Fedicoes_old%2F\" class=\"fa fa-facebook\" title=\"Compartilhar no Facebook\">\n\t\t\t\t<span class=\"visuallyhidden\">Facebook<\/span><\/a>\n\t\t\t\t\n\t\t\t<a href=\"http:\/\/pinterest.com\/pin\/create\/button\/?url=https%3A%2F%2Fwww.bbmag.co.uk%2Fpt-br%2Fedicoes_old%2F&amp;media=\" class=\"fa fa-pinterest\"\n\t\t\t\ttitle=\"Compartilhar no Pinterest\">\n\t\t\t\t<span class=\"visuallyhidden\">Pinterest<\/span><\/a>\n\t\t\t\t\n\t\t\t<a href=\"http:\/\/www.linkedin.com\/shareArticle?mini=true&amp;url=https%3A%2F%2Fwww.bbmag.co.uk%2Fpt-br%2Fedicoes_old%2F\" class=\"fa fa-linkedin\" title=\"Compartilhar no LinkedIn\">\n\t\t\t\t<span class=\"visuallyhidden\">LinkedIn<\/span><\/a>\n\t\t\t\t\n\t\t\t<a href=\"http:\/\/www.tumblr.com\/share\/link?url=https%3A%2F%2Fwww.bbmag.co.uk%2Fpt-br%2Fedicoes_old%2F&amp;name=Edi%C3%A7%C3%B5es\" class=\"fa fa-tumblr\"\n\t\t\t\ttitle=\"Compartilhar no Tumblr\">\n\t\t\t\t<span class=\"visuallyhidden\">Tumblr<\/span><\/a>\n\t\t\t\t\n\t\t\t<a href=\"mailto:?subject=Edi%C3%A7%C3%B5es&amp;body=https%3A%2F%2Fwww.bbmag.co.uk%2Fpt-br%2Fedicoes_old%2F\" class=\"fa fa-envelope-o\"\n\t\t\t\ttitle=\"Compartilhar por Email\">\n\t\t\t\t<span class=\"visuallyhidden\">Email<\/span><\/a>\n\t\t\t\n\t\t<\/span>\n\t<\/div>\n\t\n<\/div>\n<h1 style=\"font-size: 18px;\">Preencha o formul\u00e1rio abaixo e receba gratuitamente a \u00faltima edi\u00e7\u00e3o da BBMag pelo correio.<\/h1>\n\n<div class=\"wpcf7 no-js\" id=\"wpcf7-f12322-o1\" lang=\"en-US\" dir=\"ltr\" data-wpcf7-id=\"12322\">\n<div class=\"screen-reader-response\"><p role=\"status\" aria-live=\"polite\" aria-atomic=\"true\"><\/p> <ul><\/ul><\/div>\n<form action=\"\/pt-br\/wp-json\/wp\/v2\/pages\/7243#wpcf7-f12322-o1\" method=\"post\" class=\"wpcf7-form init\" aria-label=\"Contact form\" novalidate=\"novalidate\" data-status=\"init\">\n<fieldset class=\"hidden-fields-container\"><input type=\"hidden\" name=\"_wpcf7\" value=\"12322\" \/><input type=\"hidden\" name=\"_wpcf7_version\" value=\"6.1.5\" \/><input type=\"hidden\" name=\"_wpcf7_locale\" value=\"en_US\" \/><input type=\"hidden\" name=\"_wpcf7_unit_tag\" value=\"wpcf7-f12322-o1\" \/><input type=\"hidden\" name=\"_wpcf7_container_post\" value=\"0\" \/><input type=\"hidden\" name=\"_wpcf7_posted_data_hash\" value=\"\" \/><input type=\"hidden\" name=\"_wpcf7_recaptcha_response\" value=\"\" \/>\n<\/fieldset>\n<p><span class=\"wpcf7-form-control-wrap\" data-name=\"firstname\"><input size=\"40\" maxlength=\"400\" class=\"wpcf7-form-control wpcf7-text wpcf7-validates-as-required nodigit\" aria-required=\"true\" aria-invalid=\"false\" placeholder=\"Nome\" value=\"\" type=\"text\" name=\"firstname\" \/><\/span>\n<\/p>\n<p><span class=\"wpcf7-form-control-wrap\" data-name=\"lastname\"><input size=\"40\" maxlength=\"400\" class=\"wpcf7-form-control wpcf7-text wpcf7-validates-as-required nodigit\" aria-required=\"true\" aria-invalid=\"false\" placeholder=\"Sobrenome\" value=\"\" type=\"text\" name=\"lastname\" \/><\/span>\n<\/p>\n<p><span class=\"wpcf7-form-control-wrap\" data-name=\"your-email\"><input size=\"40\" maxlength=\"400\" class=\"wpcf7-form-control wpcf7-email wpcf7-validates-as-required wpcf7-text wpcf7-validates-as-email\" aria-required=\"true\" aria-invalid=\"false\" placeholder=\"Seu Email\" value=\"\" type=\"email\" name=\"your-email\" \/><\/span>\n<\/p>\n<p><span class=\"wpcf7-form-control-wrap\" data-name=\"Address:nodigit\"><input size=\"40\" maxlength=\"400\" class=\"wpcf7-form-control wpcf7-text wpcf7-validates-as-required\" aria-required=\"true\" aria-invalid=\"false\" placeholder=\"Endere\u00e7o\" value=\"\" type=\"text\" name=\"Address:nodigit\" \/><\/span>\n<\/p>\n<p><span class=\"wpcf7-form-control-wrap\" data-name=\"AddressExtra:nodigit\"><input size=\"40\" maxlength=\"400\" class=\"wpcf7-form-control wpcf7-text wpcf7-validates-as-required\" aria-required=\"true\" aria-invalid=\"false\" placeholder=\"\" value=\"\" type=\"text\" name=\"AddressExtra:nodigit\" \/><\/span>\n<\/p>\n<p><span class=\"wpcf7-form-control-wrap\" data-name=\"City:nodigit\"><input size=\"40\" maxlength=\"400\" class=\"wpcf7-form-control wpcf7-text wpcf7-validates-as-required\" aria-required=\"true\" aria-invalid=\"false\" placeholder=\"Cidade\" value=\"\" type=\"text\" name=\"City:nodigit\" \/><\/span>\n<\/p>\n<p><span class=\"wpcf7-form-control-wrap\" data-name=\"Postcode:nodigit\"><input size=\"40\" maxlength=\"400\" class=\"wpcf7-form-control wpcf7-text wpcf7-validates-as-required\" aria-required=\"true\" aria-invalid=\"false\" placeholder=\"C\u00f3digo Postal\" value=\"\" type=\"text\" name=\"Postcode:nodigit\" \/><\/span>\n<\/p>\n<p> Pa\u00eds:<span class=\"wpcf7-form-control-wrap\" data-name=\"menu-488\"><select class=\"wpcf7-form-control wpcf7-select wpcf7-validates-as-required\" aria-required=\"true\" aria-invalid=\"false\" name=\"menu-488\"><option value=\"Reino Unido\">Reino Unido<\/option><\/select><\/span>\n<\/p>\n<p>\n\n<\/p>\n<p><input class=\"wpcf7-form-control wpcf7-submit has-spinner submit-button\" type=\"submit\" value=\"Enviar\" \/>\n<\/p><div class=\"wpcf7-response-output\" aria-hidden=\"true\"><\/div>\n<\/form>\n<\/div>\n\n","protected":false},"excerpt":{"rendered":"<p>Veja as edi\u00e7\u00f5es da BBMag \u2013 Bossa Brazil Magazine, sua revista brasileira bil\u00edngue de estilo de vida brasileiro em Londres e no Reino Unido: &nbsp; Bossa Latinos Magazine &#8211; \u00daltima Edi\u00e7\u00e3o Preencha o formul\u00e1rio abaixo e receba gratuitamente a \u00faltima edi\u00e7\u00e3o da BBMag pelo correio.<\/p>\n","protected":false},"author":72,"featured_media":0,"parent":0,"menu_order":0,"comment_status":"closed","ping_status":"closed","template":"","meta":{"footnotes":""},"class_list":["post-7243","page","type-page","status-publish"],"jetpack-related-posts":[],"jetpack_sharing_enabled":true,"_links":{"self":[{"href":"https:\/\/www.bbmag.co.uk\/pt-br\/wp-json\/wp\/v2\/pages\/7243","targetHints":{"allow":["GET"]}}],"collection":[{"href":"https:\/\/www.bbmag.co.uk\/pt-br\/wp-json\/wp\/v2\/pages"}],"about":[{"href":"https:\/\/www.bbmag.co.uk\/pt-br\/wp-json\/wp\/v2\/types\/page"}],"author":[{"embeddable":true,"href":"https:\/\/www.bbmag.co.uk\/pt-br\/wp-json\/wp\/v2\/users\/72"}],"replies":[{"embeddable":true,"href":"https:\/\/www.bbmag.co.uk\/pt-br\/wp-json\/wp\/v2\/comments?post=7243"}],"version-history":[{"count":0,"href":"https:\/\/www.bbmag.co.uk\/pt-br\/wp-json\/wp\/v2\/pages\/7243\/revisions"}],"wp:attachment":[{"href":"https:\/\/www.bbmag.co.uk\/pt-br\/wp-json\/wp\/v2\/media?parent=7243"}],"curies":[{"name":"wp","href":"https:\/\/api.w.org\/{rel}","templated":true}]}}