{"id":7803,"date":"2016-09-07T09:58:05","date_gmt":"2016-09-07T08:58:05","guid":{"rendered":"http:\/\/www.bbmag.co.uk\/pt-br\/accommodation-in-london\/"},"modified":"2019-08-07T13:44:34","modified_gmt":"2019-08-07T12:44:34","slug":"hospedagem-quartos-onde-ficar-londres","status":"publish","type":"page","link":"https:\/\/www.bbmag.co.uk\/pt-br\/hospedagem-quartos-onde-ficar-londres\/","title":{"rendered":"Hospedagem \u2013 Quartos \u2013 Onde ficar em Londres e UK"},"content":{"rendered":"<div class=\"row cf\"><div class=\"column one-1\"><\/div><div class=\"column two-third\"><div class=\"row cf\"><\/div>\n<div class=\"column one-1\"><\/div>\n<img decoding=\"async\" src=\"https:\/\/www.bbmag.co.uk\/wp-content\/uploads\/2016\/09\/acomodacao.jpg\" alt=\"Acomoda\u00e7\u00e3o em Londres\" \/><\/p>\n<h1 style=\"font-size: 15px; text-align: center;\">Hospedagem em Londres \u2013 Quartos \u2013 Onde ficar em Londres e UK<\/h1>\n<p>Se voc\u00ea est\u00e1 procurando um\u00a0<strong>lugar para ficar em Londres<\/strong><strong>\u00a0<\/strong>ou no Reino Unido incluindo quartos, est\u00fadios e dividir apartamento com algu\u00e9m, o BBMAG Diret\u00f3rio de Neg\u00f3cios oferece esta pr\u00e1tica lista que ir\u00e1 ajud\u00e1-lo a encontrar a hospedagem ideal, atuando tamb\u00e9m como um facilitador da intera\u00e7\u00e3o de propriet\u00e1rios com interessados em\u00a0<strong>alugar quartos ou im\u00f3veis em Londres<\/strong>\u00a0e em demais cidades no Reino Unido. Confira e aproveite!<\/p>\n<p>Ao contatar os nossos anunciantes e parceiros, <strong>mencione sempre o BBMAG Diret\u00f3rio de Neg\u00f3cios<\/strong> para receber pre\u00e7os e condi\u00e7\u00f5es especiais.<\/p>\n<p><a href=\"\/?page_id=7799\"><span style=\"color: #0000ff;\"><u>Voltar \u00e0 p\u00e1gina principal do BBMAG Diret\u00f3rio de Neg\u00f3cios<\/u><\/span><\/a><\/p>\n<p><u>\u00a0<\/u><\/p>\n<p class=\"p1\"><em>Quer fazer parte desta lista principal e ganhar maior destaque para o seu neg\u00f3cio? Entre em contato <span style=\"color: #000080;\"><strong><a style=\"color: #000080;\" href=\"\/?page_id=2681\">conosco<\/a>!<\/strong><\/span><\/em><\/p>\n<p class=\"p1\"><strong><span class=\"s1\">BBMAG Diret\u00f3rio<\/span><\/strong><\/p>\n<table width=\"100%\">\n<tbody>\n<tr>\n<td width=\"50%\">Accomodation London<\/td>\n<td width=\"50%\">020 8459 3180<\/td>\n<\/tr>\n<tr>\n<td>Acomoda\u00e7\u00f5es-Cleiton<\/td>\n<td>07796 710 342<\/td>\n<\/tr>\n<tr>\n<td>Adri e Francis<\/td>\n<td width=\"50%\">07487 740 065 \/ 07946 282 104<\/td>\n<\/tr>\n<tr>\n<td>Camargo&#8217;s House<\/td>\n<td width=\"50%\">07572 617 898 \/ 07711 077 791<\/td>\n<\/tr>\n<tr>\n<td>Dominic Smith<\/td>\n<td>020 8830 0047<\/td>\n<\/tr>\n<tr>\n<td>Easy Let Agency<\/td>\n<td>07957 192 453<\/td>\n<\/tr>\n<tr>\n<td>FMJ Property Services<\/td>\n<td>020 7729 0338<\/td>\n<\/tr>\n<tr>\n<td>Hosana nas Alturas<\/td>\n<td>07533 913 820<\/td>\n<\/tr>\n<tr>\n<td>Inner Estate<\/td>\n<td>020 8964 5959<\/td>\n<\/tr>\n<tr>\n<td>Jr Accommodation<\/td>\n<td>07951 330 784<\/td>\n<\/tr>\n<tr>\n<td>JS Acomoda\u00e7\u00f5es<\/td>\n<td>07792 894 659<\/td>\n<\/tr>\n<tr>\n<td>Juliane<\/td>\n<td>07898 294 330<\/td>\n<\/tr>\n<tr>\n<td>LB Property<\/td>\n<td>07521 875 042<\/td>\n<\/tr>\n<tr>\n<td>MKS Accommodation<\/td>\n<td>07809 491 159<\/td>\n<\/tr>\n<tr>\n<td>Marcos<\/td>\n<td>07703 660 865<\/td>\n<\/tr>\n<tr>\n<td>Marcos<\/td>\n<td>07540 233 089<\/td>\n<\/tr>\n<tr>\n<td>Marta<\/td>\n<td>020 7402 5364<\/td>\n<\/tr>\n<tr>\n<td>Max<\/td>\n<td>07402 919 363<\/td>\n<\/tr>\n<tr>\n<td>Osmun Acomoda\u00e7\u00f5es<\/td>\n<td>07955 866 246<\/td>\n<\/tr>\n<tr>\n<td>Quartos Casal e Solteiro<\/td>\n<td>07423 603 561<\/td>\n<\/tr>\n<tr>\n<td>Quartos Casal e Solteiro<\/td>\n<td>07944 431 273<\/td>\n<\/tr>\n<tr>\n<td>Quartos Casal e Solteiro<\/td>\n<td>07809 111 573<\/td>\n<\/tr>\n<tr>\n<td>Quartos Casal e Solteiro<\/td>\n<td>07774 664 558<\/td>\n<\/tr>\n<tr>\n<td>Quartos e Vagas<\/td>\n<td>020 8830 0047<\/td>\n<\/tr>\n<tr>\n<td>Quartos<\/td>\n<td>07533 384 251<\/td>\n<\/tr>\n<tr>\n<td>Quartos para alugar<\/td>\n<td>07915 384 179<\/td>\n<\/tr>\n<tr>\n<td>Regina e Yuri<\/td>\n<td width=\"50%\">07576 296 535 \/ 07701 053 863<\/td>\n<\/tr>\n<tr>\n<td>Renato e Jana<\/td>\n<td width=\"50%\">07713 169 514 \/ 07507 637 223<\/td>\n<\/tr>\n<tr>\n<td>Rezende Accommodation<\/td>\n<td>07704 664 090<\/td>\n<\/tr>\n<tr>\n<td>RK Acomoda\u00e7\u00f5es<\/td>\n<td>07981 134 238<\/td>\n<\/tr>\n<tr>\n<td>Romin Houk<\/td>\n<td>07502 224 193<\/td>\n<\/tr>\n<tr>\n<td>Room in the Moom<\/td>\n<td>020 3575 1405<\/td>\n<\/tr>\n<tr>\n<td>Tinner Estate<\/td>\n<td>07753 148 469<\/td>\n<\/tr>\n<tr>\n<td width=\"50%\">Tobias &#8211; Aquisi\u00e7\u00e3o de subloca\u00e7\u00e3o de casas e repasse im\u00f3veis<\/td>\n<td>07714 466 774<\/td>\n<\/tr>\n<tr>\n<td>Vera Kent<\/td>\n<td>07983 463 935<\/td>\n<\/tr>\n<tr>\n<td>Warwick Estate Agents<\/td>\n<td>020 8960 9988<\/td>\n<\/tr>\n<\/tbody>\n<\/table>\n<p><em>A informa\u00e7\u00e3o acima \u00e9 de responsabilidade dos anunciantes.<\/em><br \/>\n<\/div><div class=\"column one-third\">\n<!-- Either there are no banners, they are disabled or none qualified for this location! -->\n<\/div><\/div>\n<div class=\"sc-toggle\"><div class=\"sc-toggle-title\"><a href=\"#\">SAIBA MAIS<\/a><\/div><div class=\"sc-toggle-content\">\n<p>Procurar hospedagem, quartos ou onde ficar \u00e9 uma das preocupa\u00e7\u00f5es mais importantes quando se planeja uma viagem ao exterior.<\/p>\n<p>O local onde voc\u00ea ficar\u00e1 hospedado deve ser bem localizado, disponibilizar um bom n\u00edvel de conforto e seguran\u00e7a para que voc\u00ea possa aproveitar a sua estadia da melhor maneira poss\u00edvel.<\/p>\n<p>Existem diversos tipos de acomoda\u00e7\u00e3o para todos os tipos de gostos e bolsos. Hot\u00e9is, pousadas, albergues, apartamentos para alugar, dormit\u00f3rios estudantis e quartos em casas de fam\u00edlias s\u00e3o as op\u00e7\u00f5es mais comuns.<\/p>\n<p>Como uma das maiores e mais cosmopolitas metr\u00f3poles da Europa, Londres \u00e9 uma das cidades com o maior n\u00famero de atra\u00e7\u00f5es hist\u00f3ricas e tur\u00edsticas do mundo e, por isso, apresenta uma vasta e completa oferta de hospedagem para suprir essa grande demanda.<\/p>\n<p>Para acomodar tantos turistas, a capital inglesa oferece uma enorme gama de possibilidades quando o assunto \u00e9 onde ficar. Voc\u00ea pode encontrar na internet op\u00e7\u00f5es nos mais variados bairros e regi\u00f5es, no entanto, \u00e0s vezes pode ser dif\u00edcil escolher entre tantas possibilidades.<\/p>\n<p>\u00c9 por isso que o BBMAG Diret\u00f3rio de Neg\u00f3cios oferece esta pr\u00e1tica lista que ir\u00e1 ajud\u00e1-lo a encontrar a hospedagem ideal.<\/p>\n<p>Se voc\u00ea \u00e9 brasileiro e est\u00e1 procurando um <strong>lugar para ficar em Londres <\/strong>ou no Reino Unido, poder\u00e1 se sentir muito mais confort\u00e1vel em saber que h\u00e1, hoje, em Londres diversos estabelecimentos hoteleiros gerenciados por brasileiros ou amigos da comunidade brasileira no Reino Unido \u2013 muitos proporcionam, inclusive, atendimento em portugu\u00eas.<\/p>\n<p>A procura por quartos e apartamentos para alugar tamb\u00e9m tem crescido de forma not\u00e1vel, e aqui neste espa\u00e7o voc\u00ea poder\u00e1 encontrar tamb\u00e9m o contato de brasileiros que disponibilizam o aluguel dos seus espa\u00e7os.<\/p>\n<p>Desta forma, o BBMAG Diret\u00f3rio de Neg\u00f3cios pode atuar como um facilitador da intera\u00e7\u00e3o dos propriet\u00e1rios com os brasileiros interessados em <strong>alugar im\u00f3veis em Londres<\/strong> e em demais cidades inglesas. Confira e aproveite!<\/p>\n<\/div><\/div>\n\n","protected":false},"excerpt":{"rendered":"","protected":false},"author":72,"featured_media":0,"parent":0,"menu_order":0,"comment_status":"closed","ping_status":"closed","template":"partials\/classifieds.php","meta":{"footnotes":""},"class_list":["post-7803","page","type-page","status-publish"],"jetpack-related-posts":[],"jetpack_sharing_enabled":true,"_links":{"self":[{"href":"https:\/\/www.bbmag.co.uk\/pt-br\/wp-json\/wp\/v2\/pages\/7803","targetHints":{"allow":["GET"]}}],"collection":[{"href":"https:\/\/www.bbmag.co.uk\/pt-br\/wp-json\/wp\/v2\/pages"}],"about":[{"href":"https:\/\/www.bbmag.co.uk\/pt-br\/wp-json\/wp\/v2\/types\/page"}],"author":[{"embeddable":true,"href":"https:\/\/www.bbmag.co.uk\/pt-br\/wp-json\/wp\/v2\/users\/72"}],"replies":[{"embeddable":true,"href":"https:\/\/www.bbmag.co.uk\/pt-br\/wp-json\/wp\/v2\/comments?post=7803"}],"version-history":[{"count":0,"href":"https:\/\/www.bbmag.co.uk\/pt-br\/wp-json\/wp\/v2\/pages\/7803\/revisions"}],"wp:attachment":[{"href":"https:\/\/www.bbmag.co.uk\/pt-br\/wp-json\/wp\/v2\/media?parent=7803"}],"curies":[{"name":"wp","href":"https:\/\/api.w.org\/{rel}","templated":true}]}}