{"id":7810,"date":"2016-09-07T11:42:04","date_gmt":"2016-09-07T10:42:04","guid":{"rendered":"http:\/\/www.bbmag.co.uk\/pt-br\/travel-agencies-london\/"},"modified":"2020-10-05T17:02:04","modified_gmt":"2020-10-05T16:02:04","slug":"agencia-de-viagem-londres","status":"publish","type":"page","link":"https:\/\/www.bbmag.co.uk\/pt-br\/agencia-de-viagem-londres\/","title":{"rendered":"Agentes e Ag\u00eancias de viagem em Londres e no Reino Unido"},"content":{"rendered":"<p><img decoding=\"async\" class=\"\" src=\"https:\/\/www.bbmag.co.uk\/wp-content\/uploads\/2016\/09\/agencia_viagens.jpg\" alt=\"Ag\u00eancia de viagem em Londres\" width=\"717\" height=\"343\" \/><\/p>\n<h1 style=\"text-align: center;\">Agentes e Ag\u00eancias\u00a0de viagem em Londres e no Reino Unido<\/h1>\n<p>Se voc\u00ea procura por <strong>ag\u00eancias de viagem em Londres<\/strong>, <strong>passagens de Londres para o Brasil<\/strong>, promo\u00e7\u00e3o de passagens a\u00e9reas para o Brasil, voos promocionais para o Brasil ou ofertas especiais de pacotes tur\u00edsticos para viajar de f\u00e9rias, a neg\u00f3cios ou visitar a fam\u00edlia e amigos, contate uma ag\u00eancia de viagem parceira da BBMag.<\/p>\n<p>Confira esta lista com as melhores op\u00e7\u00f5es de agentes e ag\u00eancias de viagem em Londres que oferecem passagens com tarifas competitivas e condi\u00e7\u00f5es especiais em uma s\u00e9rie de companhias a\u00e9reas e muitas com atendimento em portugu\u00eas, al\u00e9m de pacotes de turismo para suas f\u00e9rias no Brasil ou no mundo.<\/p>\n<p style=\"text-align: justify;\">Ao contatar os nossos anunciantes e parceiros, <strong>mencione sempre a revista Bossa Brazil Magazine (BBMAG)<\/strong>, sua revista brasileira em Londres para receber pre\u00e7os e condi\u00e7\u00f5es especiais.<\/p>\n<p style=\"text-align: left;\"><div class=\"sc-toggle\"><div class=\"sc-toggle-title\"><a href=\"#\">SAIBA MAIS<\/a><\/div><div class=\"sc-toggle-content\">\n<p><b>O BBMag Diret\u00f3rio de Neg\u00f3cios foi feito pensando especialmente em voc\u00ea.\u00a0<\/b><\/p>\n<p style=\"text-align: justify;\">Se voc\u00ea procura por Ag\u00eancias de viagem em Londres, passagens de Londres para o Brasil, promo\u00e7\u00e3o de passagens a\u00e9reas, voos promocionais para o Brasil, ofertas especiais de pacotes tur\u00edsticos para suas f\u00e9rias com a sua fam\u00edlia contate uma ag\u00eancia de viagem.<br \/>\nPor que viajar para o Brasil \u00e9 sempre uma boa ideia!<\/p>\n<p>N\u00e3o importa a \u00e9poca do ano, o mais importante \u00e9 ter a sua <strong>viagem<\/strong> bem planejada e organizada com sucesso.<\/p>\n<p style=\"text-align: justify;\">Se voc\u00ea estiver planejando viajar de para conhecer destinos brasileiros, ou para visitar a fam\u00edlia e amigos ou at\u00e9 mesmo para matar as saudades da terra natal, saiba que voc\u00ea pode contar com assist\u00eancia completa para a sua viagem totalmente ao seu dispor podendo resolver tudo em Londres e em muitos casos em portugu\u00eas!<\/p>\n<p style=\"text-align: justify;\">O BBMAG Diret\u00f3rio de Neg\u00f3cios em sua categoria \u201cAg\u00eancias de Viagem\u201d traz uma lista com os principais de <strong>agentes e ag\u00eancias de viagem em Londres especialistas em Brasil<\/strong>. Muitos dos nossos anunciantes falam e oferecem um atendimento personalizado em portugu\u00eas, especificamente para a comunidade brasileira em Londres e em demais cidades no Reino Unido.<\/p>\n<p style=\"text-align: justify;\">Confira esta lista que oferecemos com as melhores op\u00e7\u00f5es de ag\u00eancias de viagem com diversas op\u00e7\u00f5es de voos para o Brasil, passagens com pre\u00e7os e tarifas competitivas e condi\u00e7\u00f5es especiais em uma s\u00e9rie de companhias a\u00e9reas como a LATAM, British Airways, Air Europa, TAP, Air France, KLM, Alitalia entre outras e desfrute de toda a comodidade, comprometimento e profissionalismo dos servi\u00e7os ofertados pelas ag\u00eancias de viagem parceiras da BBMAG.<\/p>\n<p style=\"text-align: justify;\">Com esta lista, o sucesso da sua viagem para o Brasil estar\u00e1 garantido. Depois de escolher a ag\u00eancia, \u00e9 s\u00f3 relaxar e curtir o melhor que o Pa\u00eds Tropical tem a oferecer.<\/p>\n<\/div><\/div>\n\n","protected":false},"excerpt":{"rendered":"<p>Agentes e Ag\u00eancias\u00a0de viagem em Londres e no Reino Unido Se voc\u00ea procura por ag\u00eancias de viagem em Londres, passagens de Londres para o Brasil, promo\u00e7\u00e3o de passagens a\u00e9reas para o Brasil, voos promocionais para o Brasil ou ofertas especiais de pacotes tur\u00edsticos para viajar de f\u00e9rias, a neg\u00f3cios ou visitar a fam\u00edlia e amigos,<\/p>\n<div class=\"read-more\"><a href=\"https:\/\/www.bbmag.co.uk\/pt-br\/agencia-de-viagem-londres\/\" title=\"Saiba mais\">Saiba mais<\/a><\/div>\n","protected":false},"author":72,"featured_media":0,"parent":0,"menu_order":0,"comment_status":"closed","ping_status":"closed","template":"partials\/classified-list.php","meta":{"footnotes":""},"class_list":["post-7810","page","type-page","status-publish"],"jetpack-related-posts":[],"jetpack_sharing_enabled":true,"_links":{"self":[{"href":"https:\/\/www.bbmag.co.uk\/pt-br\/wp-json\/wp\/v2\/pages\/7810","targetHints":{"allow":["GET"]}}],"collection":[{"href":"https:\/\/www.bbmag.co.uk\/pt-br\/wp-json\/wp\/v2\/pages"}],"about":[{"href":"https:\/\/www.bbmag.co.uk\/pt-br\/wp-json\/wp\/v2\/types\/page"}],"author":[{"embeddable":true,"href":"https:\/\/www.bbmag.co.uk\/pt-br\/wp-json\/wp\/v2\/users\/72"}],"replies":[{"embeddable":true,"href":"https:\/\/www.bbmag.co.uk\/pt-br\/wp-json\/wp\/v2\/comments?post=7810"}],"version-history":[{"count":0,"href":"https:\/\/www.bbmag.co.uk\/pt-br\/wp-json\/wp\/v2\/pages\/7810\/revisions"}],"wp:attachment":[{"href":"https:\/\/www.bbmag.co.uk\/pt-br\/wp-json\/wp\/v2\/media?parent=7810"}],"curies":[{"name":"wp","href":"https:\/\/api.w.org\/{rel}","templated":true}]}}