{"id":7815,"date":"2016-09-07T10:15:52","date_gmt":"2016-09-07T09:15:52","guid":{"rendered":"http:\/\/www.bbmag.co.uk\/pt-br\/bars-restaurants-shops-london\/"},"modified":"2019-08-07T13:38:13","modified_gmt":"2019-08-07T12:38:13","slug":"bares-restaurantes-londres","status":"publish","type":"page","link":"https:\/\/www.bbmag.co.uk\/pt-br\/bares-restaurantes-londres\/","title":{"rendered":"Bares &#038; Restaurantes em Londres e no Reino Unido"},"content":{"rendered":"<div class=\"row cf\"><div class=\"column one-1\"><\/div><div class=\"column two-third\"><div class=\"row cf\"><\/div>\n<div class=\"column one-1\"><\/div>\n<strong><img decoding=\"async\" src=\"https:\/\/www.bbmag.co.uk\/wp-content\/uploads\/2016\/09\/bar_restaurante_mercearia.jpg\" alt=\"Bares Restaurantes e Mercearias em Londres\" \/><\/strong><\/p>\n<h1 style=\"font-size: 15px; text-align: center;\"><strong>Bares &amp; Restaurantes em Londres e no Reino Unido<\/strong><\/h1>\n<p>Muitos dos\u00a0<strong>restaurantes brasileiros em Londres<\/strong>\u00a0s\u00e3o gerenciados por brasileiros que vivem h\u00e1 muitos anos no Reino Unido ou brit\u00e2nicos que se apaixonaram pela comida brasileira. Bares e restaurantes brasileiros gerenciados por <strong>amigos<\/strong> <strong>da comunidade brasileira em Londres e no Reino Unido<\/strong>, as op\u00e7\u00f5es mais variadas da <strong>gastronomia e cozinha brasileira em Londres<\/strong> est\u00e3o presentes no nosso BBMAG Diret\u00f3rio de Neg\u00f3cios!<\/p>\n<p style=\"text-align: justify;\">Ao contatar os nossos anunciantes e parceiros, <strong>mencione sempre a revista Bossa Brazil Magazine (BBMAG)<\/strong>, sua revista brasileira em Londres para receber pre\u00e7os e condi\u00e7\u00f5es especiais.<\/p>\n<p><span style=\"color: #0000ff;\"><a style=\"color: #0000ff;\" href=\"\/?page_id=7799\"><u>Voltar a pagina principal do BBMAG Diret\u00f3rio de Neg\u00f3cios<\/u><\/a><\/span><\/p>\n<table style=\"margin-bottom: 15px;\" width=\"100%\">\n<tbody>\n<tr style=\"border-width: 2px; border-style: solid;\">\n<td style=\"background-color: #ddebff;\" width=\"40%\"><a href=\"\/?page_id=17323\" target=\"_blank\" rel=\"noopener noreferrer\"><img decoding=\"async\" class=\"wp-image-17319 aligncenter\" src=\"http:\/\/www.bbmag.co.uk\/wp-content\/uploads\/2018\/01\/cafe-pacifico.png\" alt=\"\" width=\"137\" height=\"103\" \/><\/a><\/td>\n<td style=\"background-color: #ddebff;\" width=\"40%\"><a href=\"\/?page_id=17318\" target=\"_blank\" rel=\"noopener noreferrer\"><span style=\"color: #000000;\"><b>CAF\u00c9 PACIFICO<\/b><\/span><\/a><br \/>\n5 Langley Street<br \/>\nLondon WC2H 9JA<br \/>\n<a href=\"tel:020 7379 7728\">020 7379 7728<\/a><br \/>\n<a href=\"http:\/\/www.cafe-pacifico.com\" target=\"_blank\" rel=\"noopener noreferrer\">www.cafe-pacifico.com<\/a><\/td>\n<td style=\"background-color: #ddebff;\" width=\"20%\"><center><span style=\"color: #db4b4b;\"><i class=\"fa fa-search fa-2x\" style=\"color: blue;\"><\/i><br \/>\n<a href=\"\/?page_id=17323\" target=\"_blank\" rel=\"noopener noreferrer\"><span style=\"color: #0000ff;\">Ver<\/span><\/a><\/span><\/center><\/td>\n<\/tr>\n<\/tbody>\n<\/table>\n<table style=\"margin-bottom: 15px;\" width=\"100%\">\n<tbody>\n<tr style=\"border-width: 2px; border-style: solid;\">\n<td style=\"background-color: #ddebff;\" width=\"40%\"><a href=\"\/?page_id=17466\" target=\"_blank\" rel=\"noopener noreferrer\"><img decoding=\"async\" class=\"wp-image-20434 aligncenter\" src=\"https:\/\/www.bbmag.co.uk\/wp-content\/uploads\/2016\/09\/made-in-brasil.png\" alt=\"\" width=\"192\" height=\"110\" srcset=\"https:\/\/www.bbmag.co.uk\/wp-content\/uploads\/2016\/09\/made-in-brasil.png 500w, https:\/\/www.bbmag.co.uk\/wp-content\/uploads\/2016\/09\/made-in-brasil-300x172.png 300w\" sizes=\"(max-width: 192px) 100vw, 192px\" \/><\/a><\/td>\n<td style=\"background-color: #ddebff;\" width=\"40%\"><a href=\"\/?page_id=17469\" target=\"_blank\" rel=\"noopener noreferrer\"><span style=\"color: #000000;\"><b>MADE IN BRASIL<\/b><\/span><\/a><br \/>\n12 Inverness Street<br \/>\nCamden Town<br \/>\nLondon NW1 7HJ<br \/>\nTel: <a href=\"tel:0207 4820 777\">0207 4820 777<\/a><br \/>\ninfo@madeinbrasil.co.uk<br \/>\n<a href=\"http:\/\/www.madeinbrasil.co.uk\" target=\"_blank\" rel=\"noopener noreferrer\">www.madeinbrasil.co.uk<\/a><\/td>\n<td style=\"background-color: #ddebff;\" width=\"20%\"><center><span style=\"color: #db4b4b;\"><i class=\"fa fa-search fa-2x\" style=\"color: blue;\"><\/i><br \/>\n<a href=\"\/?page_id=17466\" target=\"_blank\" rel=\"noopener noreferrer\"><span style=\"color: #0000ff;\">Ver<\/span><\/a><\/span><\/center><\/td>\n<\/tr>\n<\/tbody>\n<\/table>\n<table style=\"margin-bottom: 15px;\" width=\"100%\">\n<tbody>\n<tr style=\"border-width: 2px; border-style: solid;\">\n<td style=\"background-color: #ddebff;\" width=\"40%\"><a href=\"\/?page_id=20358\" target=\"_blank\" rel=\"noopener noreferrer\"><strong><img decoding=\"async\" class=\"wp-image-20351  aligncenter\" src=\"https:\/\/www.bbmag.co.uk\/wp-content\/uploads\/2019\/07\/omnino_pauls-300x132.png\" alt=\"\" width=\"179\" height=\"79\" srcset=\"https:\/\/www.bbmag.co.uk\/wp-content\/uploads\/2019\/07\/omnino_pauls-300x132.png 300w, https:\/\/www.bbmag.co.uk\/wp-content\/uploads\/2019\/07\/omnino_pauls-768x338.png 768w, https:\/\/www.bbmag.co.uk\/wp-content\/uploads\/2019\/07\/omnino_pauls-1024x450.png 1024w, https:\/\/www.bbmag.co.uk\/wp-content\/uploads\/2019\/07\/omnino_pauls.png 1892w\" sizes=\"(max-width: 179px) 100vw, 179px\" \/><\/strong><\/a><\/td>\n<td style=\"background-color: #ddebff;\" width=\"40%\"><a href=\"\/?page_id=20357\" target=\"_blank\" rel=\"noopener noreferrer\"><strong><span style=\"color: #000000;\">OMNINO ST PAUL&#8217;S<\/span><\/strong><\/a><br \/>\nOur food redefines the Art of Grilling<br \/>\n<a href=\"tel:0203 490 3132\">0203 490 3132<\/a><br \/>\n<a href=\"http:\/\/omninorestaurants.com\/stpauls_index.html\" target=\"_blank\" rel=\"noopener noreferrer\">www.omninorestaurants.com<\/a><\/td>\n<td style=\"background-color: #ddebff;\" width=\"20%\"><center><span style=\"color: #db4b4b;\"><i class=\"fa fa-search fa-2x\" style=\"color: blue;\"><\/i><br \/>\n<a href=\"\/?page_id=20358\" target=\"_blank\" rel=\"noopener noreferrer\"><span style=\"color: #0000ff;\">Ver<\/span><\/a><\/span><\/center><\/td>\n<\/tr>\n<\/tbody>\n<\/table>\n<table style=\"margin-bottom: 15px;\" width=\"100%\">\n<tbody>\n<tr style=\"border-width: 2px; border-style: solid;\">\n<td style=\"background-color: #ddebff;\" width=\"40%\"><a href=\"\/?page_id=20358\" target=\"_blank\" rel=\"noopener noreferrer\"><strong> <img decoding=\"async\" class=\"wp-image-20353  aligncenter\" src=\"https:\/\/www.bbmag.co.uk\/wp-content\/uploads\/2019\/07\/omnino_steakhouse-300x85.png\" alt=\"\" width=\"220\" height=\"62\" srcset=\"https:\/\/www.bbmag.co.uk\/wp-content\/uploads\/2019\/07\/omnino_steakhouse-300x85.png 300w, https:\/\/www.bbmag.co.uk\/wp-content\/uploads\/2019\/07\/omnino_steakhouse-768x218.png 768w, https:\/\/www.bbmag.co.uk\/wp-content\/uploads\/2019\/07\/omnino_steakhouse-1024x291.png 1024w\" sizes=\"(max-width: 220px) 100vw, 220px\" \/><\/strong><\/a><\/td>\n<td style=\"background-color: #ddebff;\" width=\"40%\"><a href=\"\/?page_id=20358\" target=\"_blank\" rel=\"noopener noreferrer\"><strong><span style=\"color: #000000;\">OMNINO STEAK HOUSE<\/span><\/strong><\/a><br \/>\nOur food redefines the Art of Grilling<br \/>\n<a href=\"tel:0203 538 3530\">0203 538 3530<\/a><br \/>\n<a href=\"http:\/\/omninorestaurants.com\/leadenhall_index.html\" target=\"_blank\" rel=\"noopener noreferrer\">www.omninorestaurants.com<\/a><\/td>\n<td style=\"background-color: #ddebff;\" width=\"20%\"><center><span style=\"color: #db4b4b;\"><i class=\"fa fa-search fa-2x\" style=\"color: blue;\"><\/i><br \/>\n<a href=\"\/?page_id=20358\" target=\"_blank\" rel=\"noopener noreferrer\"><span style=\"color: #0000ff;\">Ver<\/span><\/a><\/span><\/center><\/td>\n<\/tr>\n<\/tbody>\n<\/table>\n<p class=\"p1\"><em>Quer fazer parte desta lista principal e ganhar mais destaque para o seu neg\u00f3cio? Entre em contato <a href=\"\/?page_id=2681\"><span style=\"color: #000080;\"><strong>conosco<\/strong><\/span><\/a>.<\/em><\/p>\n<p class=\"p1\"><strong><span class=\"s1\">BBMAG Diret\u00f3rio<\/span><\/strong><\/p>\n<p><em>A informa\u00e7\u00e3o acima \u00e9 de responsabilidade dos anunciantes.<\/em><br \/>\n<\/div><div class=\"column one-third\">\n<!-- Either there are no banners, they are disabled or none qualified for this location! -->\n<\/div><\/div>\n<div class=\"sc-toggle\"><div class=\"sc-toggle-title\"><a href=\"#\">SAIBA MAIS<\/a><\/div><div class=\"sc-toggle-content\">\n<p style=\"text-align: justify;\">Muitas das op\u00e7\u00f5es de <strong>restaurantes brasileiros em Londres<\/strong> s\u00e3o gerenciados por brasileiros que vivem h\u00e1 muitos anos no Reino Unido e garantem um atendimento todo especial para clientes brasileiros, sendo que alguns dos estabelecimentos atendem inclusive em portugu\u00eas.<\/p>\n<p style=\"text-align: justify;\">J\u00e1 outros atendem em ingl\u00eas e s\u00e3o gerenciados por amigos e<strong> parceiros da comunidade brasileira em Londres<\/strong>, todos devidamente contemplados neste completo Diret\u00f3rio feito especialmente para voc\u00ea.<\/p>\n<p style=\"text-align: justify;\">A culin\u00e1ria brasileira \u00e9 uma das mais \u00fanicas e, seja no Brasil ou no exterior, os brasileiros a divulgam com muito orgulho, assim como os estrangeiros que a experimentam com prazer e se apaixonaram, conquistando admiradores de todos os cantos do mundo.<\/p>\n<p style=\"text-align: justify;\">Se voc\u00ea mora em Londres ou em alguma outra cidade do Reino Unido, como voc\u00ea faz quando fica com aquele desejo de saborear a <strong>gastronomia brasileira<\/strong>?<\/p>\n<p style=\"text-align: justify;\">Pesando em almo\u00e7ar ou jantar com amigo? Que tal um happy hour brasileiro? Voc\u00ea conhece algum bar brasileiro em Londres? Voc\u00ea sempre pensou em ter uma lista de bares e restaurantes brasileiros na Inglaterra? Que tal saber onde voc\u00ea pode encontrar o melhor da comida brasileira em Londres?<\/p>\n<p style=\"text-align: justify;\">Tudo isso e muito mais voc\u00ea encontra aqui, na saborosa, pr\u00e1tica e completa se\u00e7\u00e3o \u201cBares &amp; Restaurantes\u201d do BBMag Diret\u00f3rio de Neg\u00f3cios.<\/p>\n<p style=\"text-align: justify;\">De churrascarias tradicionais aos t\u00edpicos rod\u00edzios e restaurantes de comidas brasileiras como a boa e velha feijoada, aos petiscos e salgadinhos irresist\u00edveis, como o p\u00e3o de queijo, a coxinha e os deliciosos docinhos de sobremesa, badalados bares tem\u00e1ticos brasileiros onde voc\u00ea encontra as melhores caipirinhas da cidade \u2013 que s\u00e3o deliciosamente preparadas para brasileiro nenhum botar defeito!<\/p>\n<p style=\"text-align: justify;\">Confira esta lista com as mais variadas op\u00e7\u00f5es para voc\u00ea se deliciar e poder sentir um gostinho de Brasil na Inglaterra. Uma lista que vai deixar voc\u00ea com \u00e1gua na boca e com ainda mais vontade de ficar mais pr\u00f3ximo da querida e saborosa gastronomia brasileira!<\/p>\n<p style=\"text-align: justify;\"><\/div><\/div>\n\n","protected":false},"excerpt":{"rendered":"","protected":false},"author":72,"featured_media":0,"parent":0,"menu_order":0,"comment_status":"closed","ping_status":"closed","template":"","meta":{"footnotes":""},"class_list":["post-7815","page","type-page","status-publish"],"jetpack-related-posts":[],"jetpack_sharing_enabled":true,"_links":{"self":[{"href":"https:\/\/www.bbmag.co.uk\/pt-br\/wp-json\/wp\/v2\/pages\/7815","targetHints":{"allow":["GET"]}}],"collection":[{"href":"https:\/\/www.bbmag.co.uk\/pt-br\/wp-json\/wp\/v2\/pages"}],"about":[{"href":"https:\/\/www.bbmag.co.uk\/pt-br\/wp-json\/wp\/v2\/types\/page"}],"author":[{"embeddable":true,"href":"https:\/\/www.bbmag.co.uk\/pt-br\/wp-json\/wp\/v2\/users\/72"}],"replies":[{"embeddable":true,"href":"https:\/\/www.bbmag.co.uk\/pt-br\/wp-json\/wp\/v2\/comments?post=7815"}],"version-history":[{"count":0,"href":"https:\/\/www.bbmag.co.uk\/pt-br\/wp-json\/wp\/v2\/pages\/7815\/revisions"}],"wp:attachment":[{"href":"https:\/\/www.bbmag.co.uk\/pt-br\/wp-json\/wp\/v2\/media?parent=7815"}],"curies":[{"name":"wp","href":"https:\/\/api.w.org\/{rel}","templated":true}]}}