{"id":7818,"date":"2016-09-07T10:25:54","date_gmt":"2016-09-07T09:25:54","guid":{"rendered":"http:\/\/www.bbmag.co.uk\/pt-br\/brazilian-snacks-sweets-london\/"},"modified":"2019-08-07T13:50:59","modified_gmt":"2019-08-07T12:50:59","slug":"festas-eventos-londres","status":"publish","type":"page","link":"https:\/\/www.bbmag.co.uk\/pt-br\/festas-eventos-londres\/","title":{"rendered":"Organiza\u00e7\u00e3o de festas e eventos em Londres e no Reino Unido"},"content":{"rendered":"<div class=\"row cf\"><div class=\"column one-1\"><\/div><div class=\"column two-third\"><div class=\"row cf\"><\/div>\n<div class=\"column one-1\"><\/div>\n<img decoding=\"async\" src=\"http:\/\/www.bbmag.co.uk\/wp-content\/uploads\/2016\/09\/buffet_salgados_doces.jpg\" alt=\"Buffets salgados e doces em Londres\" \/><\/p>\n<h1 style=\"font-size: 15px; text-align: center;\">Organiza\u00e7\u00e3o de festas e eventos em Londres e no Reino Unido<\/h1>\n<h3 style=\"font-size: 15px; text-align: justify;\"><\/h3>\n<p>Procurando uma empresa para a <strong>organiza\u00e7\u00e3o de festas e eventos brasileiros em Londres?<\/strong> Preparamos uma lista de prestadores de servi\u00e7os especializados nessa \u00e1rea, que se encarregam de todos os detalhes para fazer com que os seus<strong> eventos tenham um sabor ou toque brasileiro<\/strong>!<\/p>\n<p>Ao contatar os nossos anunciantes e parceiros, <strong>mencione sempre o BBMAG Diret\u00f3rio de Neg\u00f3cios<\/strong> para receber pre\u00e7os e condi\u00e7\u00f5es especiais.<\/p>\n<p><a href=\"\/?page_id=7799\"><span style=\"color: #0000ff;\"><u>Voltar \u00e0 p\u00e1gina principal do BBMAG Diret\u00f3rio de Neg\u00f3cios<\/u><\/span><\/a><\/p>\n<p class=\"p1\"><em>Quer fazer\u00a0parte da lista principal e ganhar mais destaque para o seu neg\u00f3cio? Entre em contato <a href=\"\/?page_id=2681\"><span style=\"color: #000080;\"><strong>conosco<\/strong><\/span><\/a>.<\/em><\/p>\n<p class=\"p1\"><strong><span class=\"s1\">BBMAG Diret\u00f3rio<\/span><\/strong><\/p>\n<table style=\"margin-bottom: 15px;\" width=\"100%\">\n<tbody>\n<tr style=\"border-width: 2px; border-style: solid;\">\n<td style=\"background-color: #ddebff;\" width=\"40%\"><a href=\"\/?page_id=15363\" target=\"_blank\" rel=\"noopener noreferrer\"><img decoding=\"async\" class=\"wp-image-13971 aligncenter\" src=\"http:\/\/www.bbmag.co.uk\/wp-content\/uploads\/2016\/09\/Bossa_Brazil_Cultural-Exchange_Black-300x88.png\" alt=\"\" width=\"210\" height=\"62\" srcset=\"https:\/\/www.bbmag.co.uk\/wp-content\/uploads\/2016\/09\/Bossa_Brazil_Cultural-Exchange_Black-300x88.png 300w, https:\/\/www.bbmag.co.uk\/wp-content\/uploads\/2016\/09\/Bossa_Brazil_Cultural-Exchange_Black-610x179.png 610w, https:\/\/www.bbmag.co.uk\/wp-content\/uploads\/2016\/09\/Bossa_Brazil_Cultural-Exchange_Black.png 733w\" sizes=\"(max-width: 210px) 100vw, 210px\" \/><\/a><\/td>\n<td style=\"background-color: #ddebff;\" width=\"40%\"><a href=\"\/?page_id=15363\" target=\"_blank\" rel=\"noopener noreferrer\"><span style=\"color: #000000;\"><strong>BOSSA BRAZIL EVENTS<\/strong><\/span><\/a><br \/>\nSt Andrews Chambers,\u00a0Wells Street<br \/>\nLondon W1T 3PJ<br \/>\n<a href=\"tel:020-7323 9904\">020-7323 9904<\/a><br \/>\n<span style=\"color: #0000ff;\"><a style=\"color: #0000ff;\" href=\"http:\/\/bossa-brazil.com\/br\/eventos\" target=\"_blank\" rel=\"noopener noreferrer\">bossa-brazil.com\/br\/eventos<\/a><\/span><\/td>\n<td style=\"background-color: #ddebff;\" width=\"20%\"><center><a href=\"\/?page_id=15358\" target=\"_blank\" rel=\"noopener noreferrer\"><i class=\"fa fa-search fa-2x\" style=\"color: blue;\"><\/i><br \/>\n<span style=\"color: #0000ff;\">Ver<\/span><\/a><\/center><\/td>\n<\/tr>\n<\/tbody>\n<\/table>\n<\/div><div class=\"column one-third\">\n<!-- Either there are no banners, they are disabled or none qualified for this location! -->\n<\/div><\/div>\n<div class=\"sc-toggle\"><div class=\"sc-toggle-title\"><a href=\"#\">SAIBA MAIS<\/a><\/div><div class=\"sc-toggle-content\">\n<p>A organiza\u00e7\u00e3o de festas e eventos inclui or\u00e7amentos, o estabelecimento de datas e datas alternativas, a sele\u00e7\u00e3o e reserva do local do evento, aquisi\u00e7\u00e3o de licen\u00e7as\u00a0e coordena\u00e7\u00e3o do transporte e estacionamento.<\/p>\n<p style=\"text-align: justify;\">Organizar um evento ou uma festa hoje em dia \u00e9 t\u00e3o importante quanto realiz\u00e1-lo. Para isso, existe uma s\u00e9rie de profissionais especializados que atuam no segmento.<\/p>\n<p style=\"text-align: justify;\">Um organizador de eventos abrange o processo de planejamento de um festival, cerim\u00f4nia, competi\u00e7\u00e3o, festa ou conven\u00e7\u00e3o.<\/p>\n<p style=\"text-align: justify;\">A organiza\u00e7\u00e3o tamb\u00e9m inclui algumas ou todas as atividades seguintes, dependendo do evento: desenvolvimento do tema ou assunto para o evento, prover oradores e oradores alternativos, apoio \u00e0 coordena\u00e7\u00e3o local (como eletricidade e outros utilit\u00e1rios), organiza\u00e7\u00e3o de decora\u00e7\u00e3o, mesas, cadeiras, tendas, apoio ao evento e seguran\u00e7a, alimenta\u00e7\u00e3o, policiamento, bombeiros, banheiros port\u00e1teis, estacionamento, sinaliza\u00e7\u00e3o, planos de emerg\u00eancia e profissionais de sa\u00fade e limpeza.<\/p>\n<p style=\"text-align: justify;\">Seja um casamento, festa de empresa, anivers\u00e1rio, festival, gradua\u00e7\u00e3o\u00a0 ou qualquer outro evento que requeira planejamento extensivo, o planejador do evento precisa escolher o entretenimento, a localiza\u00e7\u00e3o, definir a lista de convidados, os oradores e o conte\u00fado. A escolha da localiza\u00e7\u00e3o \u00e9 infinita, mas, com o planejamento, ela provavelmente pode ser em hot\u00e9is, centros de conven\u00e7\u00f5es, salas de recep\u00e7\u00e3o ou ao ar livre, dependendo do evento.<\/p>\n<p style=\"text-align: justify;\">Uma vez que o local estiver definido, o coordenador\/planejador precisa preparar o evento com a equipe, o entretenimento e manter contato com o cliente. Ap\u00f3s tudo isso estar definido, o planejador ter\u00e1 todos os pequenos detalhes para mapear os componentes do evento tais como alimenta\u00e7\u00e3o, bebidas, m\u00fasica, lista de convidados, or\u00e7amento, marketing, publicidade\u00a0e decora\u00e7\u00e3o, e toda esta prepara\u00e7\u00e3o \u00e9 o necess\u00e1rio para que um evento funcione sem problemas.<\/p>\n<p style=\"text-align: justify;\">Um bom planejador de eventos tem que ser capaz de gerenciar seu tempo de maneira s\u00e1bia para que cada evento seja um sucesso.<\/p>\n<p style=\"text-align: justify;\"><\/div><\/div>\n\n","protected":false},"excerpt":{"rendered":"","protected":false},"author":72,"featured_media":0,"parent":0,"menu_order":0,"comment_status":"closed","ping_status":"closed","template":"","meta":{"footnotes":""},"class_list":["post-7818","page","type-page","status-publish"],"jetpack-related-posts":[],"jetpack_sharing_enabled":true,"_links":{"self":[{"href":"https:\/\/www.bbmag.co.uk\/pt-br\/wp-json\/wp\/v2\/pages\/7818","targetHints":{"allow":["GET"]}}],"collection":[{"href":"https:\/\/www.bbmag.co.uk\/pt-br\/wp-json\/wp\/v2\/pages"}],"about":[{"href":"https:\/\/www.bbmag.co.uk\/pt-br\/wp-json\/wp\/v2\/types\/page"}],"author":[{"embeddable":true,"href":"https:\/\/www.bbmag.co.uk\/pt-br\/wp-json\/wp\/v2\/users\/72"}],"replies":[{"embeddable":true,"href":"https:\/\/www.bbmag.co.uk\/pt-br\/wp-json\/wp\/v2\/comments?post=7818"}],"version-history":[{"count":0,"href":"https:\/\/www.bbmag.co.uk\/pt-br\/wp-json\/wp\/v2\/pages\/7818\/revisions"}],"wp:attachment":[{"href":"https:\/\/www.bbmag.co.uk\/pt-br\/wp-json\/wp\/v2\/media?parent=7818"}],"curies":[{"name":"wp","href":"https:\/\/api.w.org\/{rel}","templated":true}]}}