{"id":7821,"date":"2016-09-07T10:54:41","date_gmt":"2016-09-07T09:54:41","guid":{"rendered":"http:\/\/www.bbmag.co.uk\/pt-br\/hairdressers-in-london\/"},"modified":"2019-08-07T13:38:25","modified_gmt":"2019-08-07T12:38:25","slug":"cabeleireiros-londres","status":"publish","type":"page","link":"https:\/\/www.bbmag.co.uk\/pt-br\/cabeleireiros-londres\/","title":{"rendered":"Cabeleireiros em Londres e no Reino Unido"},"content":{"rendered":"<div class=\"row cf\"><div class=\"column one-1\"><\/div><div class=\"column two-third\"><div class=\"row cf\"><\/div>\n<div class=\"column one-1\"><\/div>\n<img decoding=\"async\" src=\"http:\/\/www.bbmag.co.uk\/wp-content\/uploads\/2016\/09\/cabelereiros.jpg\" alt=\"Cabelereiros em Londres\" \/><\/p>\n<h1 style=\"font-size: 15px; text-align: center;\">Cabeleireiros em Londres e no Reino Unido<\/h1>\n<p>Os sal\u00f5es de beleza e <strong>cabeleireiros brasileiros<\/strong> est\u00e3o entre os mais talentosos do mundo!<\/p>\n<p>No BBMag Diret\u00f3rio de Neg\u00f3cios voc\u00ea encontra <strong>sal\u00f5es de beleza brasileiros<\/strong>, <strong>sal\u00f5es de cabeleireiros brasileiros em Londres<\/strong> e no Reino Unido para atender voc\u00ea no melhor estilo brasileiro.<\/p>\n<p style=\"text-align: justify;\">Ao contatar os nossos anunciantes e parceiros, <strong>mencione sempre o BBMAG Diret\u00f3rio de Neg\u00f3cios<\/strong> para receber pre\u00e7os e condi\u00e7\u00f5es especiais.<\/p>\n<p style=\"text-align: justify;\"><a href=\"\/?page_id=7799\"><span style=\"color: #0000ff;\"><u>Voltar \u00e0 p\u00e1gina principal do BBMAG Diret\u00f3rio de Neg\u00f3cios<\/u><\/span><\/a><\/p>\n<p class=\"p1\"><em>Quer fazer parte da lista principal e ganhar mais destaque para o seu neg\u00f3cio? Entre em contato <a href=\"\/?page_id=2681\"><span style=\"color: #000080;\"><strong>conosco<\/strong><\/span><\/a>.<\/em><\/p>\n<p class=\"p1\"><strong><span class=\"s1\">BBMAG Diret\u00f3rio<\/span><\/strong><\/p>\n<table width=\"100%\">\n<tbody>\n<tr>\n<td>Andre Barber<\/td>\n<td>07481 737 515<\/td>\n<\/tr>\n<tr>\n<td>Andre &amp; Adam<\/td>\n<td>020 7740 6952<\/td>\n<\/tr>\n<tr>\n<td>Andreia<\/td>\n<td>07402 551 855<\/td>\n<\/tr>\n<tr>\n<td>Angela<\/td>\n<td>07951 858 301<\/td>\n<\/tr>\n<tr>\n<td>Bb Hair &amp; Beauty<\/td>\n<td>07935 470 984<\/td>\n<\/tr>\n<tr>\n<td>Brazil Hair e Beauty<\/td>\n<td>020 8451 6463<\/td>\n<\/tr>\n<tr>\n<td>Brazilian Beauty Style<\/td>\n<td>07914 164 398<\/td>\n<\/tr>\n<tr>\n<td>Cida Cabelereira<\/td>\n<td>07872 907 717<\/td>\n<\/tr>\n<tr>\n<td>Creatin Hair Salon<\/td>\n<td>020 8981 1414<\/td>\n<\/tr>\n<tr>\n<td>Da Silva Hair e Beauty<\/td>\n<td>020 3583 3688<\/td>\n<\/tr>\n<tr>\n<td>Diamond Diva&#8217;s<\/td>\n<td>020 8471 3030<\/td>\n<\/tr>\n<tr>\n<td>Elisa Hair<\/td>\n<td>07872 617 553<\/td>\n<\/tr>\n<tr>\n<td>Evas Cabelereiro<\/td>\n<td>020 7221 1812<\/td>\n<\/tr>\n<tr>\n<td>F\u00e1tima Cabelereira<\/td>\n<td>07506 465 054<\/td>\n<\/tr>\n<tr>\n<td>Geane<\/td>\n<td>07902 033 206<\/td>\n<\/tr>\n<tr>\n<td>Gilbert Camargo<\/td>\n<td>07522 453 529<\/td>\n<\/tr>\n<tr>\n<td>Glamorous Hairstyles<\/td>\n<td>07718 309 186<\/td>\n<\/tr>\n<tr>\n<td>Headquarterz &#8211; Douglas<\/td>\n<td>020 7498 9698<\/td>\n<\/tr>\n<tr>\n<td>Highlights Hair Studio<\/td>\n<td>020 8960 8680<\/td>\n<\/tr>\n<tr>\n<td>Izabel Cabelereira<\/td>\n<td>07875 304 010<\/td>\n<\/tr>\n<tr>\n<td>Juliana Abrantes<\/td>\n<td>07445 192 897<\/td>\n<\/tr>\n<tr>\n<td>Kigallons Hair Extension<\/td>\n<td>07961 792 076<\/td>\n<\/tr>\n<tr>\n<td>LA Fashion Hair<\/td>\n<td>07915 055 016<\/td>\n<\/tr>\n<tr>\n<td>Leila Hairstylist<\/td>\n<td>07527 928 396<\/td>\n<\/tr>\n<tr>\n<td>Leslie Gouveia<\/td>\n<td>0740 475 0952<\/td>\n<\/tr>\n<tr>\n<td>Lucy<\/td>\n<td>07943 232 818<\/td>\n<\/tr>\n<tr>\n<td>Mari Hair &amp; Make-up<\/td>\n<td>07446 649 147<\/td>\n<\/tr>\n<tr>\n<td>Max Borges<\/td>\n<td>020 8964 1000<\/td>\n<\/tr>\n<tr>\n<td>MK Brazilian Hair &amp; Beauty<\/td>\n<td>020 7792 8929<\/td>\n<\/tr>\n<tr>\n<td>Morello&#8217;s Hair &amp; Beauty<\/td>\n<td>07427 683 423<\/td>\n<\/tr>\n<tr>\n<td>Nanda Cabelereira<\/td>\n<td>07846 797 768<\/td>\n<\/tr>\n<tr>\n<td>Robertro Freitas<\/td>\n<td>07446 872 537<\/td>\n<\/tr>\n<tr>\n<td>Sandra Cabelereira<\/td>\n<td>07817 066 692<\/td>\n<\/tr>\n<tr>\n<td>Sunrise Hair \/ Beauty<\/td>\n<td>020 8969 6422<\/td>\n<\/tr>\n<tr>\n<td>Tony Voyage<\/td>\n<td>020 7346 8880<\/td>\n<\/tr>\n<tr>\n<td>Top Brazilian Paty Hairstylist<\/td>\n<td>07761 570 006<\/td>\n<\/tr>\n<tr>\n<td>Victoria Hair Studdio<\/td>\n<td>020 8127 8870<\/td>\n<\/tr>\n<tr>\n<td>William \/ Wallace<\/td>\n<td>020 8961 1633<\/td>\n<\/tr>\n<\/tbody>\n<\/table>\n<p><em>A informa\u00e7\u00e3o acima \u00e9 de responsabilidade dos anunciantes.<\/em><br \/>\n<\/div><div class=\"column one-third\">\n<!-- Either there are no banners, they are disabled or none qualified for this location! -->\n<\/div><\/div>\n<div class=\"sc-toggle\"><div class=\"sc-toggle-title\"><a href=\"#\">SAIBA MAIS<\/a><\/div><div class=\"sc-toggle-content\">\n<p style=\"text-align: justify;\">Confira esta lista que o BBMAG Diret\u00f3rio de Neg\u00f3cios preparou para voc\u00ea com<strong> sal\u00f5es de beleza brasileiros<\/strong>, sal\u00f5es de cabeleireiros brasileiros em Londres e no Reino Unido, barbearias e cabeleireiros prontos para atender voc\u00ea no melhor estilo brasileiro.<\/p>\n<p style=\"text-align: justify;\">Londres \u00e9 uma cidade onde voc\u00ea pode encontrar diversos cabeleireiros brasileiros trabalhando ou adquirindo conhecimentos em diversos sal\u00f5es que figuram entre os mais atuais e descolados da capital inglesa, conhecida no mundo inteiro por ser uma cidade que \u00e9 refer\u00eancia na \u00e1rea.<\/p>\n<p style=\"text-align: justify;\">Os cabeleireiros e sal\u00f5es de beleza brasileiros est\u00e3o entre os mais talentosos do mundo.<\/p>\n<p style=\"text-align: justify;\">Com uma forte cultura de valoriza\u00e7\u00e3o de aspectos est\u00e9ticos em geral, ao longo das \u00faltimas d\u00e9cadas surgiram alguns dos mais criativos e renomados profissionais brasileiros do ramo de cabeleireiros e cuidados com o cabelo, tornando o Brasil refer\u00eancia no segmento em Londres e em diversas cidades do Reino Unido.<\/p>\n<p style=\"text-align: justify;\">A prolifera\u00e7\u00e3o dos sal\u00f5es de beleza, a populariza\u00e7\u00e3o cada vez maior de publica\u00e7\u00f5es de moda, beleza e publicidade que exaltam a cultura de cuidados com os cabelos, al\u00e9m do aumento do poder aquisitivo da popula\u00e7\u00e3o nas \u00faltimas d\u00e9cadas, s\u00e3o fatores que t\u00eam contribu\u00eddo para a relev\u00e2ncia cada vez maior dos sal\u00f5es de cabeleireiros e tratamentos de cabelo brasileiros.<\/p>\n<p style=\"text-align: justify;\">Com profissionais dedicados e qualificados buscando constante atualiza\u00e7\u00e3o, o Brasil vem se tornando um grande celeiro exportador dos \u201ctalentos das tesouras\u201d que, atuando em parceria com o segmento de moda, abrem portas para cursos de especializa\u00e7\u00e3o e possibilidades profissionais em grandes centros mundiais como Londres, que hoje em dia oferece, entre outras op\u00e7\u00f5es, faculdades de cabeleireiros.<\/p>\n<p style=\"text-align: justify;\">Dessa forma, juntando o talento, a criatividade e o conhecimento de novas tend\u00eancias, os cabeleireiros brasileiros acabam obtendo posi\u00e7\u00f5es de destaque no segmento mundial e conquistam o reconhecimento de formadores de opini\u00e3o no assunto, o que garante ainda mais reputa\u00e7\u00e3o e visibilidade para futuros trabalhos.<\/p>\n<p style=\"text-align: justify;\"><\/div><\/div>\n\n","protected":false},"excerpt":{"rendered":"","protected":false},"author":72,"featured_media":0,"parent":0,"menu_order":0,"comment_status":"closed","ping_status":"closed","template":"","meta":{"footnotes":""},"class_list":["post-7821","page","type-page","status-publish"],"jetpack-related-posts":[],"jetpack_sharing_enabled":true,"_links":{"self":[{"href":"https:\/\/www.bbmag.co.uk\/pt-br\/wp-json\/wp\/v2\/pages\/7821","targetHints":{"allow":["GET"]}}],"collection":[{"href":"https:\/\/www.bbmag.co.uk\/pt-br\/wp-json\/wp\/v2\/pages"}],"about":[{"href":"https:\/\/www.bbmag.co.uk\/pt-br\/wp-json\/wp\/v2\/types\/page"}],"author":[{"embeddable":true,"href":"https:\/\/www.bbmag.co.uk\/pt-br\/wp-json\/wp\/v2\/users\/72"}],"replies":[{"embeddable":true,"href":"https:\/\/www.bbmag.co.uk\/pt-br\/wp-json\/wp\/v2\/comments?post=7821"}],"version-history":[{"count":0,"href":"https:\/\/www.bbmag.co.uk\/pt-br\/wp-json\/wp\/v2\/pages\/7821\/revisions"}],"wp:attachment":[{"href":"https:\/\/www.bbmag.co.uk\/pt-br\/wp-json\/wp\/v2\/media?parent=7821"}],"curies":[{"name":"wp","href":"https:\/\/api.w.org\/{rel}","templated":true}]}}