{"id":7827,"date":"2016-09-07T10:27:32","date_gmt":"2016-09-07T09:27:32","guid":{"rendered":"http:\/\/www.bbmag.co.uk\/pt-br\/builders-construction-decoration\/"},"modified":"2019-08-07T13:38:47","modified_gmt":"2019-08-07T12:38:47","slug":"construcao-reformas-londres","status":"publish","type":"page","link":"https:\/\/www.bbmag.co.uk\/pt-br\/construcao-reformas-londres\/","title":{"rendered":"Constru\u00e7\u00e3o &#038; Reformas em Londres e no Reino Unido"},"content":{"rendered":"<div class=\"row cf\"><div class=\"column one-1\"><\/div><div class=\"column two-third\"><div class=\"row cf\"><\/div>\n<div class=\"column one-1\"><\/div>\n<img decoding=\"async\" src=\"http:\/\/www.bbmag.co.uk\/wp-content\/uploads\/2016\/09\/construcao_reformas.jpg\" alt=\"Constru\u00e7\u00e3o e reformas em Londres\" \/><\/p>\n<h1 style=\"font-size: 15px; text-align: center;\">Constru\u00e7\u00e3o &amp; Reformas em Londres e no Reino Unido<\/h1>\n<h2 style=\"font-size: 15px; text-align: justify;\"><\/h2>\n<p>Se voc\u00ea precisa construir, <strong>reformar a casa ou neg\u00f3cio no Reino Unido<\/strong> tenha certeza de que a sua obra ficar\u00e1 muito f\u00e1cil ao contar com profissionais de <strong>servi\u00e7os de<\/strong> <strong>reformas e constru\u00e7\u00e3o realizadas por brasileiros em Londres!<\/strong><\/p>\n<p>Confira esta pr\u00e1tica lista com contatos de servi\u00e7os de constru\u00e7\u00e3o de casas, reformas e pinturas residenciais e comerciais e empresas brasileiras de reformas em geral em Londres.<\/p>\n<p style=\"text-align: justify;\">Ao contatar os nossos anunciantes e parceiros, <strong>mencione sempre o BBMAG Diret\u00f3rio de Neg\u00f3cios<\/strong> para receber pre\u00e7os e condi\u00e7\u00f5es especiais.<\/p>\n<p style=\"text-align: justify;\"><a href=\"\/?page_id=7799\"><span style=\"color: #0000ff;\"><u>Voltar \u00e0 p\u00e1gina principal do BBMAG Diret\u00f3rio de Neg\u00f3cios<\/u><\/span><\/a><\/p>\n<p style=\"text-align: justify;\"><u>\u00a0<\/u><\/p>\n<p class=\"p1\"><em>Quer fazer parte da lista principal e ganhar mais destaque para o seu neg\u00f3cio? Entre em contato <a href=\"\/?page_id=2681\"><span style=\"color: #000080;\"><strong>conosco<\/strong><\/span><\/a>.<\/em><\/p>\n<p><strong><span class=\"s1\">Confira os parceiros da BBMAG:<\/span><\/strong><\/p>\n<table style=\"margin-bottom: 15px;\" width=\"100%\">\n<tbody>\n<tr style=\"border-width: 2px; border-style: solid;\">\n<td style=\"background-color: #ddebff;\" width=\"40%\"><a href=\"\/?page_id=12666\" target=\"_blank\" rel=\"noopener noreferrer\"><img decoding=\"async\" class=\"aligncenter wp-image-12658 \" src=\"http:\/\/www.bbmag.co.uk\/wp-content\/uploads\/2016\/09\/Marcelo_Pintor_LOGO.jpg\" width=\"236\" height=\"75\" \/><\/a><\/td>\n<td style=\"background-color: #ddebff;\" width=\"40%\"><a href=\"\/?page_id=12666\" target=\"_blank\" rel=\"noopener noreferrer\"><span style=\"color: #000000;\"><b>MARCELO &#8211; PAINTING &amp; DECORATING<\/b><\/span><\/a><br \/>\n<a href=\"tel:07889 862 507\">07889 862 507<\/a> |\u00a0<a href=\"tel:07742 527 475\">07742 527 475<\/a><span style=\"color: #0000ff;\"><br \/>\n<\/span><\/td>\n<td style=\"background-color: #ddebff;\" width=\"20%\"><center><a href=\"\/?page_id=12666\" target=\"_blank\" rel=\"noopener noreferrer\"><i class=\"fa fa-search fa-2x\" style=\"font-size: 30px; color: blue;\"><\/i><br \/>\n<span style=\"color: #0000ff;\"> Ver<\/span><\/a><\/center><\/td>\n<\/tr>\n<\/tbody>\n<\/table>\n<p class=\"p1\"><strong><span class=\"s1\">BBMAG Diret\u00f3rio<\/span><\/strong><\/p>\n<table width=\"100%\">\n<tbody>\n<tr>\n<td width=\"50%\">Alaval Decora\u00e7\u00e3o &#8211; Reformas em geral<\/td>\n<td width=\"50%\">07738 868 661<\/td>\n<\/tr>\n<tr>\n<td>D&#8217;Angelo Builders<\/td>\n<td>07480 640 855<\/td>\n<\/tr>\n<tr>\n<td>D&#8217;Santos Interiors<\/td>\n<td>07958 003 721<\/td>\n<\/tr>\n<tr>\n<td>Eletricista &#8211; Moacir<\/td>\n<td>07500 117 011<\/td>\n<\/tr>\n<tr>\n<td width=\"50%\">Gerson &#8211; Pinturas-Assoalhos-Cal\u00e7adas-Jardinagem<\/td>\n<td width=\"50%\">07474 440 464<\/td>\n<\/tr>\n<tr>\n<td>Green Yellow Eletrician<\/td>\n<td>07888 958 178<\/td>\n<\/tr>\n<tr>\n<td width=\"50%\">J\u00fanior Reformas<\/td>\n<td width=\"50%\">07802 683 643<\/td>\n<\/tr>\n<tr>\n<td width=\"50%\">L\u00edvio Encanamento, Eletricidade, Reformas<\/td>\n<td width=\"50%\">07876 638 615<\/td>\n<\/tr>\n<tr>\n<td><a href=\"\/?page_id=12666\" target=\"_blank\" rel=\"noopener noreferrer\"><span style=\"color: #0000ff;\"><strong>MARCELO &#8211; PAINTING AND DECORATING<\/strong><\/span><\/a><\/td>\n<td><span style=\"color: #0000ff;\"><strong><a href=\"tel:07889 862 507\">07889 862 507<\/a> \/ <a href=\"tel:07742 527 475\">07742 527 475<\/a><\/strong><\/span><\/td>\n<\/tr>\n<tr>\n<td>Oliviera Building<\/td>\n<td>07405 270 365<\/td>\n<\/tr>\n<tr>\n<td>Pinturas e Decora\u00e7\u00e3o<\/td>\n<td>07794 706 601<\/td>\n<\/tr>\n<tr>\n<td>Pisos, Pinturas &#8211; Eduardo<\/td>\n<td>07794 706 601<\/td>\n<\/tr>\n<tr>\n<td>Ref. em Geral &#8211; Artingypsum<\/td>\n<td>07838 782 050<\/td>\n<\/tr>\n<tr>\n<td>Ref. em Geral &#8211; Jonas<\/td>\n<td>07737 113 229<\/td>\n<\/tr>\n<tr>\n<td>Ref. em Geral &#8211; Rog\u00e9rio<\/td>\n<td>07838 391 715<\/td>\n<\/tr>\n<tr>\n<td>Reformas Dois Irm\u00e3os<\/td>\n<td>07983 472 498<\/td>\n<\/tr>\n<tr>\n<td>S Neto Building<\/td>\n<td>07904 965 560<\/td>\n<\/tr>\n<tr>\n<td>Victory Design and Works<\/td>\n<td>07906 966 288<\/td>\n<\/tr>\n<\/tbody>\n<\/table>\n<p><em>A informa\u00e7\u00e3o acima \u00e9 de responsabilidade dos anunciantes.<\/em><br \/>\n<\/div><div class=\"column one-third\">\n<a href=\"\/?page_id=12666\" target=\"_blank\" rel=\"noopener noreferrer\"><img decoding=\"async\" class=\"aligncenter\" src=\"http:\/\/www.bbmag.co.uk\/wp-content\/uploads\/2017\/01\/Marcelo_Pintor300x250.jpg\" \/><\/a><!-- Either there are no banners, they are disabled or none qualified for this location! -->\n<\/div><\/div>\n<div class=\"sc-toggle\"><div class=\"sc-toggle-title\"><a href=\"#\">SAIBA MAIS<\/a><\/div><div class=\"sc-toggle-content\">\n<p style=\"font-size: 15px; text-align: justify;\">Confira esta pr\u00e1tica lista elaborada pelo BBMAG Diret\u00f3rio, com contatos de servi\u00e7os de constru\u00e7\u00e3o de casas, reformas residenciais, empresas de constru\u00e7\u00e3o e servi\u00e7os de reforma geral, feitos por profissionais brasileiros para brasileiros que vivem em Londres e no Reino Unido.<\/p>\n<p style=\"font-size: 15px;\">Constru\u00e7\u00e3o e reforma s\u00e3o servi\u00e7os que, vez ou outra, voc\u00ea necessita realizar para aprimorar a sua casa, o seu local de trabalho ou mesmo a sua empresa.<\/p>\n<p style=\"text-align: justify;\">O desenvolvimento do segmento e do mercado de constru\u00e7\u00e3o nos \u00faltimos tempos alavancou o n\u00famero de profissionais e empresas atuando no setor. De grandes empresas mundiais a pequenos neg\u00f3cios locais, as op\u00e7\u00f5es para realizar obras de melhoria na sua resid\u00eancia ou em qualquer outro lugar s\u00e3o cada vez mais amplas.<\/p>\n<p style=\"text-align: justify;\">Quando voc\u00ea procura por uma <strong>empresa de constru\u00e7\u00e3o e reformas<\/strong>, \u00e9 importante levar em conta alguns fatores. Um deles \u00e9 a experi\u00eancia da empresa nesta \u00e1rea, procurar saber quantas obras similares ela j\u00e1 realizou e, se poss\u00edvel, verificar a comprova\u00e7\u00e3o de que esses trabalhos foram realizados com sucesso.<\/p>\n<p style=\"text-align: justify;\">Outro fator \u00e9 a organiza\u00e7\u00e3o da empresa, a maneira com que os profissionais demonstram entender do assunto e planejam as etapas da constru\u00e7\u00e3o ou da reforma.<\/p>\n<p style=\"text-align: justify;\">Existem tamb\u00e9m muitos profissionais aut\u00f4nomos que atuam na \u00e1rea. Destes, voc\u00ea deve exigir tamb\u00e9m as mesmas compet\u00eancias e negociar melhor as condi\u00e7\u00f5es e os prazos de trabalho comparados a uma empresa maior.<\/p>\n<p style=\"text-align: justify;\">Muitos profissionais do ramo da constru\u00e7\u00e3o que trabalham em Londres e em outras cidades do mundo atualmente s\u00e3o brasileiros com bastante experi\u00eancia, que moram fora h\u00e1 algum tempo e est\u00e3o buscando melhores possibilidades profissionais.<\/p>\n<p style=\"text-align: justify;\">Se voc\u00ea precisa construir ou reformar a casa no Reino Unido, tenha a certeza de que a sua obra ficar\u00e1 muito f\u00e1cil quando voc\u00ea puder contar com profissionais, servi\u00e7os e fornecedores de materiais de constru\u00e7\u00e3o e reformas brasileiros em Londres!<\/p>\n<p style=\"text-align: justify;\"><\/div><\/div>\n\n","protected":false},"excerpt":{"rendered":"","protected":false},"author":72,"featured_media":0,"parent":0,"menu_order":0,"comment_status":"closed","ping_status":"closed","template":"","meta":{"footnotes":""},"class_list":["post-7827","page","type-page","status-publish"],"jetpack-related-posts":[],"jetpack_sharing_enabled":true,"_links":{"self":[{"href":"https:\/\/www.bbmag.co.uk\/pt-br\/wp-json\/wp\/v2\/pages\/7827","targetHints":{"allow":["GET"]}}],"collection":[{"href":"https:\/\/www.bbmag.co.uk\/pt-br\/wp-json\/wp\/v2\/pages"}],"about":[{"href":"https:\/\/www.bbmag.co.uk\/pt-br\/wp-json\/wp\/v2\/types\/page"}],"author":[{"embeddable":true,"href":"https:\/\/www.bbmag.co.uk\/pt-br\/wp-json\/wp\/v2\/users\/72"}],"replies":[{"embeddable":true,"href":"https:\/\/www.bbmag.co.uk\/pt-br\/wp-json\/wp\/v2\/comments?post=7827"}],"version-history":[{"count":0,"href":"https:\/\/www.bbmag.co.uk\/pt-br\/wp-json\/wp\/v2\/pages\/7827\/revisions"}],"wp:attachment":[{"href":"https:\/\/www.bbmag.co.uk\/pt-br\/wp-json\/wp\/v2\/media?parent=7827"}],"curies":[{"name":"wp","href":"https:\/\/api.w.org\/{rel}","templated":true}]}}