{"id":7830,"date":"2016-09-07T11:01:06","date_gmt":"2016-09-07T10:01:06","guid":{"rendered":"http:\/\/www.bbmag.co.uk\/pt-br\/legal-advice-immigration-london\/"},"modified":"2019-08-07T13:39:46","modified_gmt":"2019-08-07T12:39:46","slug":"consultoria-servicos-legais-imigracoes","status":"publish","type":"page","link":"https:\/\/www.bbmag.co.uk\/pt-br\/consultoria-servicos-legais-imigracoes\/","title":{"rendered":"Consultoria Jur\u00eddica, Servi\u00e7os Legais &#038; Imigra\u00e7\u00f5es em Londres"},"content":{"rendered":"<div class=\"row cf\"><div class=\"column one-1\"><\/div><div class=\"column two-third\"><div class=\"row cf\"><\/div>\n<div class=\"column one-1\"><\/div>\n<img decoding=\"async\" src=\"http:\/\/www.bbmag.co.uk\/wp-content\/uploads\/2016\/09\/consultoria_juridica_imigracao.jpg\" alt=\"Consultoria Jur\u00eddica Imigra\u00e7\u00e3o em Londres\"><\/p>\n<h1 style=\"text-align: center;\">Consultoria Jur\u00eddica, Servi\u00e7os Legais &amp; Imigra\u00e7\u00f5es em Londres<\/h1>\n<p>Preparamos uma lista com diversas op\u00e7\u00f5es de <strong>consultoria jur\u00eddica em Londres<\/strong>, servi\u00e7os <strong>de imigra\u00e7\u00e3o<\/strong>, <strong>assessoria sobre vistos para o Reino Unido<\/strong>, advogados brasileiros em Londres e no Reino Unido com profissionais experientes que falam portugu\u00eas, prontos para atender os brasileiros e a comunidade brasileira em Londres. Confira e entre em contato!<\/p>\n<p style=\"text-align: justify;\">Ao contatar os nossos anunciantes e parceiros, <strong>mencione sempre a revista Bossa Brazil Magazine (BBMAG)<\/strong>, sua revista brasileira em Londres para receber pre\u00e7os e condi\u00e7\u00f5es especiais.<\/p>\n<p style=\"text-align: justify;\"><span style=\"color: #0000ff;\"><a style=\"color: #0000ff;\" href=\"\/?page_id=7799\"><u>Voltar a pagina principal do BBMAG Diret\u00f3rio de Neg\u00f3cios<\/u><\/a><\/span><\/p>\n<p class=\"p1\"><strong><span class=\"s1\">Confira os parceiros da BBMAG:<\/span><\/strong><\/p>\n<table style=\"margin-bottom: 15px;\" width=\"100%\">\n<tbody>\n<tr style=\"border-width: 2px; border-style: solid;\">\n<td style=\"background-color: #ddebff;\" width=\"40%\"><a href=\"\/?page_id=11101\" target=\"_blank\" rel=\"noopener noreferrer\"><img decoding=\"async\" class=\"wp-image-14766 size-full aligncenter\" src=\"http:\/\/www.bbmag.co.uk\/wp-content\/uploads\/2016\/09\/accident-compensation.jpg\" alt=\"Accident Compensation\" width=\"278\" height=\"95\"><\/a><\/td>\n<td style=\"background-color: #ddebff;\" width=\"40%\"><a href=\"\/?page_id=11101\" target=\"_blank\" rel=\"noopener noreferrer\"><span style=\"color: #000000;\"><strong>ACCIDENT COMPENSATION 4U<\/strong><\/span><\/a><br \/>\n27 Old Gloucester Street<br \/>\nLondon WC1N 3AX<br \/>\nUnited Kingdom<br \/>\n<a href=\"tel:020 3239 3954\">020 3239 3954<\/a><br \/>\n<span style=\"color: #0000ff;\"><a style=\"color: #0000ff;\" href=\"http:\/\/accidentcompensation4u.co.uk\" target=\"_blank\" rel=\"noopener noreferrer\">accidentcompensation4u.co.uk<\/a><\/span><\/td>\n<td style=\"background-color: #ddebff;\" width=\"20%\"><center><a href=\"\/?page_id=11101\" target=\"_blank\" rel=\"noopener noreferrer\"><i class=\"fa fa-search fa-2x\" style=\"color: blue;\"><\/i><br \/>\n<span style=\"color: #0000ff;\">Ver<\/span><\/a><\/center><\/td>\n<\/tr>\n<\/tbody>\n<\/table>\n<table style=\"margin-bottom: 15px;\" width=\"100%\">\n<tbody>\n<tr style=\"border-width: 2px; border-style: solid;\">\n<td style=\"background-color: #ddebff;\" width=\"40%\"><a href=\"\/?page_id=12538\" target=\"_blank\" rel=\"noopener noreferrer\"><img decoding=\"async\" class=\"aligncenter wp-image-12535 \" src=\"http:\/\/www.bbmag.co.uk\/wp-content\/uploads\/2016\/09\/logo_law_solicitor-300x107.png\" width=\"235\" height=\"84\" srcset=\"https:\/\/www.bbmag.co.uk\/wp-content\/uploads\/2016\/09\/logo_law_solicitor-300x107.png 300w, https:\/\/www.bbmag.co.uk\/wp-content\/uploads\/2016\/09\/logo_law_solicitor.png 372w\" sizes=\"(max-width: 235px) 100vw, 235px\" \/><\/a><\/td>\n<td style=\"background-color: #ddebff;\" width=\"40%\"><a href=\"\/?page_id=12538\" target=\"_blank\" rel=\"noopener noreferrer\"><span style=\"color: #000000;\"><b>SOLOMON SHEPHERD<\/b><\/span><\/a><br \/>\nFountayne Business Centre, Broad Lane<br \/>\nLondon N15 4AG<br \/>\n<a href=\"tel:020 8801 0214\">020 8801 0214<\/a><br \/>\n<a href=\"http:\/\/www.solomonshepherd.com\/\" target=\"_blank\" rel=\"noopener noreferrer\"><span style=\"color: #0000ff;\">www.solomonshepherd.com<\/span><\/a><\/td>\n<td style=\"background-color: #ddebff;\" width=\"20%\"><center><a href=\"\/?page_id=12538\" target=\"_blank\" rel=\"noopener noreferrer\"><i class=\"fa fa-search fa-2x\" style=\"color: blue;\"><\/i><br \/>\n<span style=\"color: #0000ff;\">Ver<\/span><\/a><\/center><\/td>\n<\/tr>\n<\/tbody>\n<\/table>\n<table style=\"margin-bottom: 15px;\" width=\"100%\">\n<tbody>\n<tr style=\"border-width: 2px; border-style: solid;\">\n<td style=\"background-color: #ddebff;\" width=\"40%\"><a href=\"\/?page_id=8338\" target=\"_blank\" rel=\"noopener noreferrer\"><img decoding=\"async\" class=\"size-full wp-image-15458 aligncenter\" src=\"http:\/\/www.bbmag.co.uk\/wp-content\/uploads\/2016\/09\/visto-a-vista.png\" alt=\"\" width=\"188\" height=\"122\"><\/a><\/td>\n<td style=\"background-color: #ddebff;\" width=\"40%\"><a href=\"\/?page_id=8338\" target=\"_blank\" rel=\"noopener noreferrer\"><span style=\"color: #000000;\"><strong>VISTO \u00c0 VISTA<\/strong><\/span><\/a><br \/>\n54A Orpington Road, Winchmore Hill<br \/>\nLondon N21 3PG<br \/>\n<a href=\"tel:07903 595 649\">07903 595 649<\/a> \/ <a href=\"tel:07903 595 649\">07575 878 578<\/a><br \/>\n<span style=\"color: #0000ff;\"><a style=\"color: #0000ff;\" href=\"http:\/\/www.vistoavista.co.uk\/\" target=\"_blank\" rel=\"noopener noreferrer\">www.vistoavista.co.uk<\/a><\/span><\/td>\n<td style=\"background-color: #ddebff;\" width=\"20%\"><center><a href=\"\/?page_id=8338\"><i class=\"fa fa-search fa-2x\" style=\"color: blue;\"><\/i><br \/>\n<span style=\"color: #0000ff;\">Ver<\/span><\/a><\/center><\/td>\n<\/tr>\n<\/tbody>\n<\/table>\n<p><em>Quer fazer parte da lista principal e ganhar maior destaque para o seu neg\u00f3cio? Entre em contato <a href=\"\/?page_id=2681\"><span style=\"color: #000080;\"><strong>conosco<\/strong><\/span><\/a>.<\/em><\/p>\n<p><strong><span class=\"s1\">BBMAG Diret\u00f3rio<\/span><\/strong><\/p>\n<table width=\"100%\">\n<tbody>\n<tr>\n<td width=\"50%\">ABRAS<\/td>\n<td width=\"50%\">020 8961 3377<\/td>\n<\/tr>\n<tr>\n<td><a href=\"\/?page_id=11101\" target=\"_blank\" rel=\"noopener noreferrer\">Accidente Compensation 4U<\/a><\/td>\n<td><a href=\"tel:020 3293 3954\">020 3293 3954<\/a><\/td>\n<\/tr>\n<tr>\n<td>Adonis Accident<\/td>\n<td>020 8965 9292<\/td>\n<\/tr>\n<tr>\n<td>ASC Accountants<\/td>\n<td>020 8133 6525<\/td>\n<\/tr>\n<tr>\n<td>Atex Business Solutions<\/td>\n<td>020 8090 0414<\/td>\n<\/tr>\n<tr>\n<td>Casa do Brasil<\/td>\n<td>020 7328 7988<\/td>\n<\/tr>\n<tr>\n<td>Castelo Solicitors<\/td>\n<td>020 3441 5095<\/td>\n<\/tr>\n<tr>\n<td>Dr. Sergio Rocha<\/td>\n<td>020 8144 9008<\/td>\n<\/tr>\n<tr>\n<td>Dr. Tiago Crespo<\/td>\n<td>020 3586 7905<\/td>\n<\/tr>\n<tr>\n<td width=\"50%\">HOUSNLOW LEGAL SERVICES<\/td>\n<td>020 8572 3137<\/td>\n<\/tr>\n<tr>\n<td>Levenes Solicitor<\/td>\n<td>020 8826 1310<\/td>\n<\/tr>\n<tr>\n<td>LONDON HELP4U<\/td>\n<td>07891 764 830<\/td>\n<\/tr>\n<tr>\n<td>M Reale<\/td>\n<td>020 7379 6133<\/td>\n<\/tr>\n<tr>\n<td>Maxwell Alves Advogados<\/td>\n<td>020 7632 6958<\/td>\n<\/tr>\n<tr>\n<td width=\"50%\">Patr\u00edcia Coppa &#8211; Especialista em Registro Civil italiano e&nbsp;Portuguese&nbsp;Immigration<\/td>\n<td width=\"50%\">020 8962 9444 \/07546 118 447<\/td>\n<\/tr>\n<tr>\n<td>RB Solicitors<\/td>\n<td>020 7582 5108<\/td>\n<\/tr>\n<tr>\n<td>Rider Support Solicitors<\/td>\n<td>020 8246 4900<\/td>\n<\/tr>\n<tr>\n<td><a href=\"\/?page_id=12538\" target=\"_blank\" rel=\"noopener noreferrer\"><span style=\"color: #0000ff;\"><strong>Solomon Shepherd<\/strong><\/span><\/a><\/td>\n<td><a href=\"tel: 020 8801 0214\"><span style=\"color: #0000ff;\"><strong>020 8801 0214<\/strong><\/span><\/a><\/td>\n<\/tr>\n<tr>\n<td width=\"50%\">Thiago Crespo Immigration Consultancy<\/td>\n<td>020 3586 7905<\/td>\n<\/tr>\n<tr>\n<td width=\"50%\"><span style=\"color: #0000ff;\"><a style=\"color: #0000ff;\" href=\"\/?page_id=8338\" target=\"_blank\" rel=\"noopener noreferrer\"><strong>VISTO \u00c0 VISTA<\/strong><\/a><\/span><\/td>\n<td><span style=\"color: #0000ff;\"><strong><a href=\"tel:07903 595 649\">07903 595 649<\/a> \/ <a href=\"tel:07575 878 578\">07575 878 578<\/a><\/strong><\/span><\/td>\n<\/tr>\n<\/tbody>\n<\/table>\n<p><em><br \/>\nA informa\u00e7\u00e3o acima \u00e9 de responsabilidade dos anunciantes.<\/em><br \/>\n<\/div><div class=\"column one-third\">\n<a href=\"\/?page_id=8338\"><img decoding=\"async\" class=\"wp-image-14652 size-medium aligncenter\" src=\"http:\/\/www.bbmag.co.uk\/wp-content\/uploads\/2017\/06\/Visto_Vista300x250-300x250.jpg\" alt=\"Visto \u00e0 Vista\" width=\"300\" height=\"250\"><\/a><a href=\"http:\/\/www.solomonshepherd.com\/\"><img decoding=\"async\" class=\"wp-image-14656 size-medium aligncenter\" src=\"http:\/\/www.bbmag.co.uk\/wp-content\/uploads\/2017\/06\/Solomon300x250-300x250.jpg\" alt=\"Solomon Shepherd\" width=\"300\" height=\"250\"><\/a><br \/>\n<!-- Either there are no banners, they are disabled or none qualified for this location! -->\n<\/div><\/div>\n<div class=\"sc-toggle\"><div class=\"sc-toggle-title\"><a href=\"#\">SAIBA MAIS<\/a><\/div><div class=\"sc-toggle-content\">\n<p>Preparamos uma lista com diversas op\u00e7\u00f5es de consultoria jur\u00eddica em Londres, consultores de imigra\u00e7\u00e3o, assessoria sobre vistos para o Reino Unido e muito mais!<\/p>\n<p style=\"text-align: justify;\">Uma consultoria em assuntos jur\u00eddicos \u00e9 algo que pode ser dif\u00edcil de encontrar.<\/p>\n<p style=\"text-align: justify;\">Principalmente quando voc\u00ea vive em um pa\u00eds diferente, como o Reino Unido, e n\u00e3o conhece profissionais especializados que podem ajud\u00e1-lo a resolver as suas quest\u00f5es relacionadas \u00e0 lei, servi\u00e7os legais e imigra\u00e7\u00e3o.<\/p>\n<p style=\"text-align: justify;\">Como devem ser feitos os procedimentos legais como vistos de resid\u00eancia, vistos de casamentos de brasileiros realizados no Reino Unido, vistos para crian\u00e7as nascidas na Inglaterra que possuem pais brasileiros, quest\u00f5es consulares relacionadas \u00e0 imigra\u00e7\u00e3o e demais assuntos legais?<\/p>\n<p style=\"text-align: justify;\">Todos esses esclarecimentos podem ser prestados por um profissional experiente e especializado na \u00e1rea jur\u00eddica. Voc\u00ea entra em contato, marca um hor\u00e1rio e ele poder\u00e1 auxiliar com uma conversa inicial e um acompanhamento completo em todas as etapas do processo at\u00e9 resolver o que voc\u00ea precisa.<\/p>\n<p style=\"text-align: justify;\">Este tipo de servi\u00e7o especializado nem sempre costuma ser f\u00e1cil de ser encontrado com profissionais que entendam profundamente de quest\u00f5es relacionadas ao Brasil, ao brasileiros e as leis brit\u00e2nicas. Cada pa\u00eds tem as suas regulamenta\u00e7\u00f5es espec\u00edficas e, dependendo de cada caso, as exig\u00eancias e os requerimentos s\u00e3o diferentes de um para o outro.<\/p>\n<p style=\"text-align: justify;\">Existe uma grande rede de profissionais da \u00e1rea de consultoria jur\u00eddica e imigra\u00e7\u00e3o no Reino Unido, mas nem sempre costuma ser f\u00e1cil encontrar profissionais brasileiros ou que podem aconselhar clientes brasileiros com maior aten\u00e7\u00e3o e da melhor maneira poss\u00edvel, entendendo o seu caso e falando o seu idioma.<\/p>\n<p style=\"text-align: justify;\">A partir de agora, aqui no BBMag Diret\u00f3rio de Neg\u00f3cios, voc\u00ea conta com a ajuda desta nova e completa lista que preparamos com diversas op\u00e7\u00f5es de consultoria legal em Londres, consultores de imigra\u00e7\u00e3o, assessoria sobre vistos para o Reino Unido, vistos de resid\u00eancia, informa\u00e7\u00f5es sobre vistos para brasileiros casados no Reino Unido, vistos para crian\u00e7as nascidas na Inglaterra e servi\u00e7os legais e de imigra\u00e7\u00e3o para brasileiros em Londres.<\/p>\n<p style=\"text-align: justify;\">S\u00e3o profissionais experientes e prontos para atender os brasileiros. Confira e entre em contato!<\/p>\n<p style=\"text-align: justify;\"><\/div><\/div>\n\n","protected":false},"excerpt":{"rendered":"","protected":false},"author":72,"featured_media":0,"parent":0,"menu_order":0,"comment_status":"closed","ping_status":"closed","template":"","meta":{"footnotes":""},"class_list":["post-7830","page","type-page","status-publish"],"jetpack-related-posts":[],"jetpack_sharing_enabled":true,"_links":{"self":[{"href":"https:\/\/www.bbmag.co.uk\/pt-br\/wp-json\/wp\/v2\/pages\/7830","targetHints":{"allow":["GET"]}}],"collection":[{"href":"https:\/\/www.bbmag.co.uk\/pt-br\/wp-json\/wp\/v2\/pages"}],"about":[{"href":"https:\/\/www.bbmag.co.uk\/pt-br\/wp-json\/wp\/v2\/types\/page"}],"author":[{"embeddable":true,"href":"https:\/\/www.bbmag.co.uk\/pt-br\/wp-json\/wp\/v2\/users\/72"}],"replies":[{"embeddable":true,"href":"https:\/\/www.bbmag.co.uk\/pt-br\/wp-json\/wp\/v2\/comments?post=7830"}],"version-history":[{"count":0,"href":"https:\/\/www.bbmag.co.uk\/pt-br\/wp-json\/wp\/v2\/pages\/7830\/revisions"}],"wp:attachment":[{"href":"https:\/\/www.bbmag.co.uk\/pt-br\/wp-json\/wp\/v2\/media?parent=7830"}],"curies":[{"name":"wp","href":"https:\/\/api.w.org\/{rel}","templated":true}]}}