{"id":7833,"date":"2016-09-07T10:11:22","date_gmt":"2016-09-07T09:11:22","guid":{"rendered":"http:\/\/www.bbmag.co.uk\/pt-br\/accountants-london\/"},"modified":"2019-08-07T13:40:34","modified_gmt":"2019-08-07T12:40:34","slug":"contadores-consultores-londres","status":"publish","type":"page","link":"https:\/\/www.bbmag.co.uk\/pt-br\/contadores-consultores-londres\/","title":{"rendered":"Contadores brasileiros em Londres e no Reino Unido &#038; Consultores Empresariais"},"content":{"rendered":"<div class=\"row cf\"><div class=\"column one-1\"><\/div><div class=\"column two-third\"><div class=\"row cf\"><\/div>\n<div class=\"column one-1\"><\/div>\n<img decoding=\"async\" src=\"http:\/\/www.bbmag.co.uk\/wp-content\/uploads\/2016\/09\/contadores_consultores.jpg\" alt=\"Contadores e Consultores Empresariais\" \/><\/p>\n<h1 style=\"font-size: 15px; text-align: center;\">Contadores brasileiros em Londres e no Reino Unido &amp; Consultores Empresariais<\/h1>\n<h2 style=\"font-size: 15px; text-align: justify;\"><\/h2>\n<p>Existem diversos <strong>escrit\u00f3rios de Contabilidade em Londres<\/strong>, mas com esta pr\u00e1tica lista do BBMAG Diret\u00f3rio de Neg\u00f3cios, encontrar um <strong>contador brasileiro em Londres<\/strong> ou um consultor especializado em lidar com a <strong>comunidade brasileira no Reino Unido<\/strong>, ficou ainda mais f\u00e1cil. Confira!<\/p>\n<p style=\"text-align: justify;\">Ao contatar os nossos anunciantes e parceiros, <strong>mencione sempre o BBMAG Diret\u00f3rio de Neg\u00f3cios<\/strong> para receber pre\u00e7os e condi\u00e7\u00f5es especiais.<\/p>\n<p style=\"text-align: justify;\"><a href=\"\/?page_id=7799\" target=\"_blank\" rel=\"noopener noreferrer\"><span style=\"color: #0000ff;\"><u>Voltar \u00e0 p\u00e1gina principal do BBMAG Diret\u00f3rio de Neg\u00f3cios<\/u><\/span><\/a><\/p>\n<p class=\"p1\" style=\"text-align: justify;\"><em>Quer fazer parte desta lista principal e ganhar maior destaque para o seu neg\u00f3cio? Entre em contato <span style=\"text-decoration: underline;\"><strong><span style=\"color: #000080;\"><span style=\"color: #000080; text-decoration: underline;\"><a style=\"color: #000080; text-decoration: underline;\" href=\"\/?page_id=2681\">conosc<\/a>o<\/span><\/span><\/strong><\/span><\/em><span style=\"color: #000080;\"><span style=\"color: #000080;\"><span style=\"color: #000000;\">.<\/span><\/span><\/span><\/p>\n<p class=\"p1\"><strong><span class=\"s1\">Confira os parceiros da BBMAG:<\/span><\/strong><\/p>\n<table style=\"margin-bottom: 15px;\" width=\"100%\">\n<tbody>\n<tr style=\"border-width: 2px; border-style: solid;\">\n<td style=\"background-color: #ddebff;\" width=\"40%\"><a href=\"\/?page_id=11175\" target=\"_blank\" rel=\"noopener noreferrer\"><img decoding=\"async\" class=\"wp-image-15464 size-full aligncenter\" src=\"http:\/\/www.bbmag.co.uk\/wp-content\/uploads\/2016\/09\/aspect-1.png\" alt=\"\" width=\"188\" height=\"122\" \/><\/a><\/td>\n<td style=\"background-color: #ddebff;\" width=\"40%\"><a href=\"\/?page_id=11175\" target=\"_blank\" rel=\"noopener noreferrer\"><span style=\"color: #000000;\"><b>ASPECT PLUS<\/b><\/span><\/a><br \/>\n40a STATION ROAD UPMINSTER<br \/>\nESSEX RM14 2TR<br \/>\n<a href=\"tel:0800 988 1897\">0800 988 1897<\/a><br \/>\n<span style=\"color: #0000ff;\"> <a style=\"color: #0000ff;\" href=\"http:\/\/www.aspectplus.co.uk\/\" target=\"_blank\" rel=\"noopener noreferrer\">www.aspectplus.co.uk\/<\/a><\/span><\/td>\n<td style=\"background-color: #ddebff;\" width=\"20%\"><center><span style=\"color: #db4b4b;\"><a style=\"color: #db4b4b;\" href=\"\/?page_id=11175\" target=\"_blank\" rel=\"noopener noreferrer\"><i class=\"fa fa-search fa-2x\" style=\"color: blue;\"><\/i><br \/>\n<span style=\"color: #0000ff;\"> Ver<\/span><\/a><\/span><\/center><\/td>\n<\/tr>\n<\/tbody>\n<\/table>\n<table style=\"margin-bottom: 15px;\" width=\"100%\">\n<tbody>\n<tr style=\"border-width: 2px; border-style: solid;\">\n<td style=\"background-color: #ddebff;\" width=\"40%\"><a href=\"\/?page_id=13545\" target=\"_blank\" rel=\"noopener noreferrer\"><img decoding=\"async\" class=\"wp-image-15465 size-full aligncenter\" src=\"http:\/\/www.bbmag.co.uk\/wp-content\/uploads\/2016\/09\/Fiscolandis.png\" alt=\"\" width=\"188\" height=\"122\" \/><\/a><\/td>\n<td style=\"background-color: #ddebff;\" width=\"40%\"><a href=\"\/?page_id=13545\" target=\"_blank\" rel=\"noopener noreferrer\"><span style=\"color: #000000;\"><b>FISCOLANDIS<\/b><\/span><\/a><br \/>\n<a href=\"tel:+55-11-3816 7153\">+55-11-3816 7153<\/a><br \/>\nRua Campo Alegre 60, cj 22 Largo de Pinheiros &#8211; S\u00e3o Paulo\/SP<span style=\"color: #0000ff;\"> Email: <a style=\"color: #0000ff;\" href=\"mailto:fabio@fiscolandis.com.br\">fabio@fiscolandis.com.br<\/a><\/span><\/td>\n<td style=\"background-color: #ddebff;\" width=\"20%\"><center><a href=\"\/?page_id=13545\" target=\"_blank\" rel=\"noopener noreferrer\"><i class=\"fa fa-search fa-2x\" style=\"font-size: 30px; color: blue;\"><\/i><br \/>\n<span style=\"color: #0000ff;\"> Ver<\/span><\/a><\/center><\/td>\n<\/tr>\n<\/tbody>\n<\/table>\n<p class=\"p1\"><strong><span class=\"s1\">BBMAG Diret\u00f3rio<\/span><\/strong><\/p>\n<table width=\"100%\">\n<tbody>\n<tr>\n<td width=\"50%\">A to Z Financial Services<\/td>\n<td width=\"50%\">020 8679 3934<\/td>\n<\/tr>\n<tr>\n<td width=\"50%\">Advanced<\/td>\n<td width=\"50%\">01322 384 612<\/td>\n<\/tr>\n<tr>\n<td><strong><a href=\"\/?page_id=11175\" target=\"_blank\" rel=\"noopener noreferrer\">AspectPlus<\/a><\/strong><\/td>\n<td><strong><a href=\"tel:020 3417 0335\">020 3417 0335<\/a><\/strong><\/td>\n<\/tr>\n<tr>\n<td>Cart\u00f3rio Bras. Esta\u00e7\u00e3o Postal<\/td>\n<td>07908 753 834<\/td>\n<\/tr>\n<tr>\n<td>Circle Enterprise Consulting Ltda.<\/td>\n<td>07956 341 991<\/td>\n<\/tr>\n<tr>\n<td><a href=\"\/?page_id=13545\" target=\"_blank\" rel=\"noopener noreferrer\"><strong><span style=\"color: #0000ff;\">FISCOLANDIS<\/span><\/strong><\/a><\/td>\n<td><strong><span style=\"color: #0000ff;\">+55-11-3816 7153<\/span><\/strong><\/td>\n<\/tr>\n<tr>\n<td>Global PG<\/td>\n<td>020 7733 8005<\/td>\n<\/tr>\n<tr>\n<td>Maxwell Alves<\/td>\n<td>020 7632 6950<\/td>\n<\/tr>\n<tr>\n<td>RG Tax &amp; Services Limited<\/td>\n<td>020 7998 9868<\/td>\n<\/tr>\n<tr>\n<td>SJPR Accountants<\/td>\n<td>020 3371 0292<\/td>\n<\/tr>\n<tr>\n<td>True Management<\/td>\n<td>020 8816 8926<\/td>\n<\/tr>\n<\/tbody>\n<\/table>\n<p><em>A informa\u00e7\u00e3o acima \u00e9 de responsabilidade dos anunciantes.<\/em><br \/>\n<\/div><div class=\"column one-third\">\n<!-- Either there are no banners, they are disabled or none qualified for this location! -->\n<\/div><\/div>\n<p style=\"font-size: 15px; text-align: justify;\"><div class=\"sc-toggle\"><div class=\"sc-toggle-title\"><a href=\"#\">SAIBA MAIS<\/a><\/div><div class=\"sc-toggle-content\">\n<p style=\"font-size: 15px; text-align: justify;\">Aqui nesta lista \u00e9 muito mais f\u00e1cil\u00a0encontrar contadores brasileiros ou consultores especializados em lidar com a comunidade brasileira no Reino Unido!<\/p>\n<p style=\"text-align: justify;\">A Contabilidade tem por objetivo o estudo das varia\u00e7\u00f5es quantitativas e qualitativas ocorridas no patrim\u00f4nio (conjunto de bens, direitos e obriga\u00e7\u00f5es) das entidades, ou seja, qualquer pessoa f\u00edsica ou jur\u00eddica que possui um patrim\u00f4nio.<\/p>\n<p style=\"text-align: justify;\">Atrav\u00e9s dela \u00e9 fornecido o m\u00e1ximo de informa\u00e7\u00f5es \u00fateis para as tomadas de decis\u00f5es, tanto dentro quando fora das empresas, estudando, registrando e controlando o patrim\u00f4nio.<\/p>\n<p style=\"text-align: justify;\">Em suas atividades, a Contabilidade abrange um conjunto de t\u00e9cnicas para controlar o patrim\u00f4nio das organiza\u00e7\u00f5es mediante a aplica\u00e7\u00e3o do seu grupo de princ\u00edpios, t\u00e9cnicas, normas e procedimentos pr\u00f3prios, medindo, interpretando e informando os fatos cont\u00e1beis aos donos das empresas.<\/p>\n<p style=\"text-align: justify;\">Todas as movimenta\u00e7\u00f5es existentes no patrim\u00f4nio de uma entidade s\u00e3o registradas em forma de relat\u00f3rios e entregue aos interessados para que se saiba como est\u00e1 indo a situa\u00e7\u00e3o da empresa.<\/p>\n<p style=\"text-align: justify;\">Atrav\u00e9s desses relat\u00f3rios s\u00e3o analisados os resultados alcan\u00e7ados e, a partir da\u00ed, s\u00e3o tomadas as decis\u00f5es em rela\u00e7\u00e3o aos acontecimentos futuros. Sendo assim, a Contabilidade \u00e9 a respons\u00e1vel pela escritura\u00e7\u00e3o (registro em livros pr\u00f3prios) e apura\u00e7\u00e3o destes resultados e \u00e9 s\u00f3 por meio dela que existem condi\u00e7\u00f5es para se apurar se uma empresa teve lucro ou preju\u00edzo em determinado momento.<\/p>\n<p style=\"text-align: justify;\">Al\u00e9m de empresas e organiza\u00e7\u00f5es, escrit\u00f3rios de contabilidade e consultoria cont\u00e1bil podem atender tamb\u00e9m pessoas f\u00edsicas e auxili\u00e1-las a organizarem melhor as suas finan\u00e7as pessoais, para que possam ter mais clareza e melhores resultados.<\/p>\n<p style=\"text-align: justify;\">Existem diversos escrit\u00f3rios de Contabilidade em Londres, mas com esta pr\u00e1tica lista que o BBMAG Diret\u00f3rio de Neg\u00f3cios encontrar um contador brasileiro ou consultor especializado em lidar com a comunidade brasileira no Reino Unido, ficou ainda mais f\u00e1cil. Confira!<\/p>\n<p style=\"text-align: justify;\"><\/div><\/div>\n\n","protected":false},"excerpt":{"rendered":"","protected":false},"author":72,"featured_media":0,"parent":0,"menu_order":0,"comment_status":"closed","ping_status":"closed","template":"","meta":{"footnotes":""},"class_list":["post-7833","page","type-page","status-publish"],"jetpack-related-posts":[],"jetpack_sharing_enabled":true,"_links":{"self":[{"href":"https:\/\/www.bbmag.co.uk\/pt-br\/wp-json\/wp\/v2\/pages\/7833","targetHints":{"allow":["GET"]}}],"collection":[{"href":"https:\/\/www.bbmag.co.uk\/pt-br\/wp-json\/wp\/v2\/pages"}],"about":[{"href":"https:\/\/www.bbmag.co.uk\/pt-br\/wp-json\/wp\/v2\/types\/page"}],"author":[{"embeddable":true,"href":"https:\/\/www.bbmag.co.uk\/pt-br\/wp-json\/wp\/v2\/users\/72"}],"replies":[{"embeddable":true,"href":"https:\/\/www.bbmag.co.uk\/pt-br\/wp-json\/wp\/v2\/comments?post=7833"}],"version-history":[{"count":0,"href":"https:\/\/www.bbmag.co.uk\/pt-br\/wp-json\/wp\/v2\/pages\/7833\/revisions"}],"wp:attachment":[{"href":"https:\/\/www.bbmag.co.uk\/pt-br\/wp-json\/wp\/v2\/media?parent=7833"}],"curies":[{"name":"wp","href":"https:\/\/api.w.org\/{rel}","templated":true}]}}