{"id":7839,"date":"2016-09-07T10:53:21","date_gmt":"2016-09-07T09:53:21","guid":{"rendered":"http:\/\/www.bbmag.co.uk\/pt-br\/dentists-in-london\/"},"modified":"2019-08-07T13:41:38","modified_gmt":"2019-08-07T12:41:38","slug":"dentistas-londres","status":"publish","type":"page","link":"https:\/\/www.bbmag.co.uk\/pt-br\/dentistas-londres\/","title":{"rendered":"Dentistas brasileiros em Londres e no Reino Unido"},"content":{"rendered":"<p style=\"text-align: justify;\"><div class=\"row cf\"><div class=\"column one-1\"><\/div><div class=\"column two-third\"><div class=\"row cf\"><\/div>\n<div class=\"column one-1\"><\/div>\n<img decoding=\"async\" src=\"http:\/\/www.bbmag.co.uk\/wp-content\/uploads\/2016\/09\/dentistas.jpg\" alt=\"Dentistas em Londres\" \/><\/p>\n<h1 style=\"font-size: 15px; text-align: center;\">Dentistas brasileiros em Londres e no Reino Unido<\/h1>\n<p>Aqui voc\u00ea encontra\u00a0uma lista com os contatos de <strong>dentistas brasileiros em Londres <\/strong>e<strong> cl\u00ednicas de odontologia na <\/strong>Inglaterra. Esses profissionais que possuem uma import\u00e2ncia muito grande par, seja no Brasil, no Reino Unido ou em qualquer outro pa\u00eds: s\u00e3o eles que cuidam da apar\u00eancia do sorriso das pessoas, o cart\u00e3o de visitas de qualquer relacionamento pessoal ou profissional.<br \/>\nAo contatar os nossos anunciantes e parceiros, <strong>mencione sempre o BBMAG Diret\u00f3rio de Neg\u00f3cios<\/strong> para receber pre\u00e7os e condi\u00e7\u00f5es especiais.<\/p>\n<p><a href=\"\/?page_id=7799\"><span style=\"color: #0000ff;\"><u>Voltar \u00e0 p\u00e1gina principal do BBMAG Diret\u00f3rio de Neg\u00f3cios<\/u><\/span><\/a><\/p>\n<p class=\"p1\"><em>Quer fazer parte da lista principal e ganhar mais destaque para o seu neg\u00f3cio? Entre em contato <a href=\"\/?page_id=2681\"><span style=\"color: #000080;\"><strong>conosco<\/strong><\/span><\/a>.<\/em><\/p>\n<p class=\"p1\"><strong><span class=\"s1\">BBMAG Diret\u00f3rio<\/span><\/strong><\/p>\n<table width=\"100%\">\n<tbody>\n<tr>\n<td width=\"50%\">AG Dentisty<\/td>\n<td width=\"50%\">020 8964 0458<\/td>\n<\/tr>\n<tr>\n<td>Brecknock Dental Surgery<\/td>\n<td>020 7485 1102<\/td>\n<\/tr>\n<tr>\n<td width=\"50%\">CGDP &#8211; Covent Garden Dental Practice<\/td>\n<td>020 7836 9161<\/td>\n<\/tr>\n<tr>\n<td>Confidental<\/td>\n<td>020 8542 4225<\/td>\n<\/tr>\n<tr>\n<td>Dr. Alessandro Lamira<\/td>\n<td>020 7706 1112<\/td>\n<\/tr>\n<tr>\n<td>Dra. Alice Brito<\/td>\n<td>020 8769 4896<\/td>\n<\/tr>\n<tr>\n<td>Dr. Diogo Silveira<\/td>\n<td>020 8412 0389<\/td>\n<\/tr>\n<tr>\n<td>Dr. Valdemir Muzulon<\/td>\n<td>07752 979 208<\/td>\n<\/tr>\n<tr>\n<td>Dra. Elizabeth Endersen<\/td>\n<td>020 8949 6343<\/td>\n<\/tr>\n<tr>\n<td>Hyde Park Dddental Clinic<\/td>\n<td>020 7706 1112<\/td>\n<\/tr>\n<tr>\n<td>Marylebone Dental Pratice<\/td>\n<td>020 7935 2980<\/td>\n<\/tr>\n<tr>\n<td>Mint Dental Centre<\/td>\n<td>020 7587 0100<\/td>\n<\/tr>\n<tr>\n<td>Monteiro Dental Clinic<\/td>\n<td>020 7582 0109<\/td>\n<\/tr>\n<tr>\n<td>NDP Natureza Dental Pratice<\/td>\n<td>020 8654 3984<\/td>\n<\/tr>\n<tr>\n<td>ODL Dental Clinic<\/td>\n<td>020 7739 3345<\/td>\n<\/tr>\n<tr>\n<td>Stonehealth Clinic (Bank)<\/td>\n<td>07438 112 717<\/td>\n<\/tr>\n<tr>\n<td>Superwhite Dental Clinic<\/td>\n<td>\u00a0<span data-sheets-value=\"{&quot;1&quot;:2,&quot;2&quot;:&quot;020 3645 7885&quot;}\" data-sheets-userformat=\"{&quot;2&quot;:8403903,&quot;3&quot;:{&quot;1&quot;:0},&quot;4&quot;:{&quot;1&quot;:2,&quot;2&quot;:16777215},&quot;5&quot;:{&quot;1&quot;:&#091;{&quot;1&quot;:2,&quot;2&quot;:0,&quot;5&quot;:{&quot;1&quot;:2,&quot;2&quot;:0}},{&quot;1&quot;:0,&quot;2&quot;:0,&quot;3&quot;:3},{&quot;1&quot;:1,&quot;2&quot;:0,&quot;4&quot;:1}&#093;},&quot;6&quot;:{&quot;1&quot;:&#091;{&quot;1&quot;:2,&quot;2&quot;:0,&quot;5&quot;:{&quot;1&quot;:2,&quot;2&quot;:0}},{&quot;1&quot;:0,&quot;2&quot;:0,&quot;3&quot;:3},{&quot;1&quot;:1,&quot;2&quot;:0,&quot;4&quot;:1}&#093;},&quot;7&quot;:{&quot;1&quot;:&#091;{&quot;1&quot;:2,&quot;2&quot;:0,&quot;5&quot;:{&quot;1&quot;:2,&quot;2&quot;:0}},{&quot;1&quot;:0,&quot;2&quot;:0,&quot;3&quot;:3},{&quot;1&quot;:1,&quot;2&quot;:0,&quot;4&quot;:1}&#093;},&quot;8&quot;:{&quot;1&quot;:&#091;{&quot;1&quot;:2,&quot;2&quot;:0,&quot;5&quot;:{&quot;1&quot;:2,&quot;2&quot;:0}},{&quot;1&quot;:0,&quot;2&quot;:0,&quot;3&quot;:3},{&quot;1&quot;:1,&quot;2&quot;:0,&quot;4&quot;:1}&#093;},&quot;10&quot;:2,&quot;11&quot;:4,&quot;12&quot;:0,&quot;14&quot;:{&quot;1&quot;:2,&quot;2&quot;:0},&quot;15&quot;:&quot;Calibri&quot;,&quot;16&quot;:12,&quot;26&quot;:400}\">020 3645 7885<\/span><\/td>\n<\/tr>\n<tr>\n<td>SW9 Dental Clinic<\/td>\n<td>020 7274 0455<\/td>\n<\/tr>\n<tr>\n<td>The Dental Design Studio<\/td>\n<td>07852 531 670<\/td>\n<\/tr>\n<tr>\n<td>The Gentle<\/td>\n<td>020 7395 0520<\/td>\n<\/tr>\n<tr>\n<td>The Hub Dental Rooms<\/td>\n<td>07943 632 252<\/td>\n<\/tr>\n<\/tbody>\n<\/table>\n<p><em>A informa\u00e7\u00e3o acima \u00e9 de responsabilidade dos anunciantes.<\/em><br \/>\n<\/div><div class=\"column one-third\">\n<!-- Either there are no banners, they are disabled or none qualified for this location! -->\n<\/div><\/div>\n<div class=\"sc-toggle\"><div class=\"sc-toggle-title\"><a href=\"#\">SAIBA MAIS<\/a><\/div><div class=\"sc-toggle-content\">\n<h2 style=\"font-size: 15px;\">Esta pr\u00e1tica e completa lista possui\u00a0contatos de diversos dentistas brasileiros em Londres e profissionais que trabalham em cl\u00ednicas de odontologia na Inglaterra, muitos deles brasileiros!<\/h2>\n<p>Os dentistas possuem uma import\u00e2ncia muito grande para a sociedade, seja no Brasil, no Reino Unido ou em qualquer outro pa\u00eds.<\/p>\n<p style=\"text-align: justify;\">Higiene bucal n\u00e3o \u00e9 apenas vaidade. Muitas doen\u00e7as e problemas s\u00e9rio de sa\u00fade podem ser prevenidos com uma boa escova\u00e7\u00e3o e uma maior aten\u00e7\u00e3o \u00e0 sa\u00fade das nossas bocas.<\/p>\n<p style=\"text-align: justify;\">Neste sentido, o dentista tem um papel social fundamental: \u00e9 ele quem cuida da apar\u00eancia dos sorrisos das pessoas, podendo at\u00e9 mudar radicalmente suas vidas pessoais. \u00c9 fato comprovado por estudos que, gra\u00e7as ao sorriso, muitas pessoas conquistam mais oportunidades de trabalho, rela\u00e7\u00f5es amorosas e amizades. Al\u00e9m de sinal de sa\u00fade, o sorriso \u00e9 tamb\u00e9m um padr\u00e3o de beleza.<\/p>\n<p style=\"text-align: justify;\">Um sorriso bonito, por\u00e9m, n\u00e3o \u00e9 o suficiente para o bom dentista: ele preza pela sa\u00fade bucal e pelo bem-estar do paciente. Isso significa, entre outras situa\u00e7\u00f5es, poder comer alimentos quentes e frios sem se preocupar com a sensibilidade ou tamb\u00e9m n\u00e3o ter problemas de sangramento na gengiva por falta de uso do fio-dental. Essas, s\u00e3o, dentre uma infinidade de outras, as quest\u00f5es tratadas pelo dentista, um profissional que trabalha visando o bem-estar do paciente.<\/p>\n<p style=\"text-align: justify;\">Existem centenas de profissionais de odontologia em Londres e em demais cidades do Reino Unido e, \u00e0s vezes, pode ser dif\u00edcil escolher um profissional adequado que possa atend\u00ea-lo da melhor maneira poss\u00edvel.<\/p>\n<p style=\"text-align: justify;\">Por isso, o BBMAG Diret\u00f3rio de Neg\u00f3cios preparou para voc\u00ea uma pr\u00e1tica e completa lista com os contatos de diversos <strong>dentistas brasileiros em Londres<\/strong> e profissionais que trabalham em cl\u00ednicas de odontologia na Inglaterra, muitos deles brasileiros que moram no Pa\u00eds ou parceiros da comunidade brasileira que possuem grande experi\u00eancia no atendimento de pacientes brasileiros.<\/p>\n<p style=\"text-align: justify;\">J\u00e1 pensou em ser atendido em Londres por um dentista que fale portugu\u00eas? Fica tudo muito mais f\u00e1cil, n\u00e3o \u00e9 mesmo? Isso pode ser poss\u00edvel com essa lista a seguir. Aproveite!<\/p>\n<p style=\"text-align: justify;\"><\/div><\/div>\n\n","protected":false},"excerpt":{"rendered":"","protected":false},"author":72,"featured_media":0,"parent":0,"menu_order":0,"comment_status":"closed","ping_status":"closed","template":"","meta":{"footnotes":""},"class_list":["post-7839","page","type-page","status-publish"],"jetpack-related-posts":[],"jetpack_sharing_enabled":true,"_links":{"self":[{"href":"https:\/\/www.bbmag.co.uk\/pt-br\/wp-json\/wp\/v2\/pages\/7839","targetHints":{"allow":["GET"]}}],"collection":[{"href":"https:\/\/www.bbmag.co.uk\/pt-br\/wp-json\/wp\/v2\/pages"}],"about":[{"href":"https:\/\/www.bbmag.co.uk\/pt-br\/wp-json\/wp\/v2\/types\/page"}],"author":[{"embeddable":true,"href":"https:\/\/www.bbmag.co.uk\/pt-br\/wp-json\/wp\/v2\/users\/72"}],"replies":[{"embeddable":true,"href":"https:\/\/www.bbmag.co.uk\/pt-br\/wp-json\/wp\/v2\/comments?post=7839"}],"version-history":[{"count":0,"href":"https:\/\/www.bbmag.co.uk\/pt-br\/wp-json\/wp\/v2\/pages\/7839\/revisions"}],"wp:attachment":[{"href":"https:\/\/www.bbmag.co.uk\/pt-br\/wp-json\/wp\/v2\/media?parent=7839"}],"curies":[{"name":"wp","href":"https:\/\/api.w.org\/{rel}","templated":true}]}}