{"id":7842,"date":"2016-09-07T11:04:57","date_gmt":"2016-09-07T10:04:57","guid":{"rendered":"http:\/\/www.bbmag.co.uk\/pt-br\/money-transfer-london\/"},"modified":"2020-10-01T17:32:16","modified_gmt":"2020-10-01T16:32:16","slug":"envio-de-dinheiro-londres","status":"publish","type":"page","link":"https:\/\/www.bbmag.co.uk\/pt-br\/envio-de-dinheiro-londres\/","title":{"rendered":"Envio de dinheiro em Londres e no Reino Unido"},"content":{"rendered":"<div class=\"row cf\"><div class=\"column one-1\"><\/div><div class=\"column two-third\"><div class=\"row cf\"><\/div>\n<div class=\"column one-1\"><\/div>\n<img decoding=\"async\" src=\"https:\/\/www.bbmag.co.uk\/wp-content\/uploads\/2016\/09\/envio_dinheiro.jpg\" alt=\"Envio de dinheiro em Londres\" \/><\/p>\n<h1 style=\"font-size: 15px; text-align: center;\">Envio de dinheiro em Londres e no Reino Unido<\/h1>\n<p>Quem deixa seu pa\u00eds de origem, normalmente mant\u00e9m v\u00ednculos financeiros com familiares que ficaram. Para quem procura empresas especializadas em Londres e no Reino Unido que fazem <strong>envio de dinheiro para o Brasil<\/strong> = tamb\u00e9m conhecidas em ingl\u00eas como empresas de Money Transfer &#8211; ou\u00a0para qualquer lugar, conte com nossa lista!<\/p>\n<p style=\"font-size: 15px; text-align: justify;\">Ao contatar os nossos anunciantes e parceiros, <strong>mencione sempre o BBMAG Diret\u00f3rio de Neg\u00f3cios<\/strong> para receber pre\u00e7os e condi\u00e7\u00f5es especiais.<\/p>\n<p style=\"text-align: justify;\"><a href=\"\/?page_id=7799\"><span style=\"color: #0000ff;\"><u>Voltar \u00e0 p\u00e1gina principal do BBMAG Diret\u00f3rio de Neg\u00f3cios<\/u><\/span><\/a><\/p>\n<p class=\"p1\"><em>Quer fazer\u00a0parte da lista principal e ganhar mais visibilidade para o seu neg\u00f3cio? Entre em contato <span style=\"color: #000080;\"><a style=\"color: #000080;\" href=\"\/?page_id=2681\"><strong>conosco<\/strong><\/a><\/span>.<\/em><\/p>\n<p class=\"p1\"><strong><span class=\"s1\">BBMAG Diret\u00f3rio<\/span><\/strong><\/p>\n<table width=\"100%\">\n<tbody>\n<tr>\n<td>Alpha Tranfers<\/td>\n<td>020 8960 4140<\/td>\n<\/tr>\n<tr>\n<td>Blink2Transfer<\/td>\n<td>020 3689 2216<\/td>\n<\/tr>\n<tr>\n<td>Cerro catedral<\/td>\n<td>020 7231 6902<\/td>\n<\/tr>\n<tr>\n<td>Connect Plus<\/td>\n<td>020 7836 1170<\/td>\n<\/tr>\n<tr>\n<td>Day Forex<\/td>\n<td>020 7627 0376<\/td>\n<\/tr>\n<tr>\n<td>Day Tranfers<\/td>\n<td>020 7993 6002<\/td>\n<\/tr>\n<tr>\n<td>Easy World<\/td>\n<td>020 8453 1675<\/td>\n<\/tr>\n<tr>\n<td>Global Money Transfer<\/td>\n<td>020 7402 2360<\/td>\n<\/tr>\n<tr>\n<td>LCC International<\/td>\n<td>020 7407 1800<\/td>\n<\/tr>\n<tr>\n<td>Small World<\/td>\n<td>020 7407 1800<\/td>\n<\/tr>\n<tr>\n<td>Speedfast<\/td>\n<td>020 8459 9980<\/td>\n<\/tr>\n<tr>\n<td>Trans Fast<\/td>\n<td>020 7630 0890<\/td>\n<\/tr>\n<tr>\n<td>Vivo Transfer<\/td>\n<td>020 3318 0355<\/td>\n<\/tr>\n<\/tbody>\n<\/table>\n<p><em>A informa\u00e7\u00e3o acima \u00e9 de responsabilidade dos anunciantes.<\/em><br \/>\n<\/div><div class=\"column one-third\">\n<img decoding=\"async\" src=\"https:\/\/www.bbmag.co.uk\/wp-content\/uploads\/2020\/10\/WesternUnion_BBMag_300250.jpg\" alt=\"\" width=\"300\" height=\"250\" class=\"alignleft size-full wp-image-23164\" style=\"margin-left: 13px\" \/><\/p>\n<p>&nbsp;<\/p>\n<!-- Either there are no banners, they are disabled or none qualified for this location! -->\n<\/div><\/div>\n<div class=\"sc-toggle\"><div class=\"sc-toggle-title\"><a href=\"#\">SAIBA MAIS<\/a><\/div><div class=\"sc-toggle-content\">\n<h2 style=\"font-size: 15px; text-align: justify;\">Nossa equipe preparou esta lista repleta de empresas especializadas em envio de dinheiro em Londres e no Reino Unido. Envio de dinheiro para o Brasil ou\u00a0para qualquer lugar, conte com nossa lista!<\/h2>\n<p style=\"font-size: 15px; text-align: justify;\">Ganhar mais dinheiro costuma estar entre os objetivo de muitos dos brasileiros que decidem viver no exterior.<\/p>\n<p style=\"text-align: justify;\">No entanto, mesmo quem deixa a p\u00e1tria normalmente mant\u00e9m v\u00ednculos financeiros com os familiares que ficaram no pa\u00eds de origem.<\/p>\n<p style=\"text-align: justify;\">Dados apontam que, em todo o mundo, as remessas dos estrangeiros para seus pa\u00edses aumentam a cada ano. Embora o caminho inverso tamb\u00e9m seja poss\u00edvel, o volume transferido para fora \u00e9 significativamente menor do que aquele que chega no Brasil.<\/p>\n<p style=\"text-align: justify;\">Seja com o interesse de receber ou enviar recursos, h\u00e1 diversas formas de fazer o dinheiro circular al\u00e9m das fronteiras nacionais \u2013 sempre respeitando a legisla\u00e7\u00e3o, \u00e9 claro.<\/p>\n<p style=\"text-align: justify;\">\u00c9 com esse tipo de atividade que operam as empresas de envio de dinheiro sediadas em Londres, que possuem experi\u00eancia em todos os tr\u00e2mites necess\u00e1rios para garantir que o seu dinheiro seja enviado para o exterior com praticidade, confian\u00e7a e seguran\u00e7a.<\/p>\n<p style=\"text-align: justify;\">Rapidez, efici\u00eancia e desembara\u00e7o burocr\u00e1tico costumam estar entre as qualidade procuradas por quem busca este tipo de servi\u00e7os. Em empresas com profissionais experientes e qualificados, voc\u00ea pode receber aconselhamento sobre a melhor maneira de enviar o seu dinheiro para o exterior dependendo da situa\u00e7\u00e3o de cada caso.<\/p>\n<p style=\"text-align: justify;\">\u00c9 por isso que o BBMAG Diret\u00f3rio de Neg\u00f3cios preparou esta lista com o contato de diversas empresas sediadas em Londres e em demais cidades do Reino Unido que prontamente atendem o p\u00fablico brasileiro. Contar com o trabalho de profissionais brasileiros ou especializados no Brasil que entendem das legisla\u00e7\u00f5es brasileiras faz toda a diferen\u00e7a quando se busca um atendimento de alta qualidade \u2013 ainda mais quando voc\u00ea pode ser atendido em portugu\u00eas, como no caso de algumas dessas empresas.<\/p>\n<p style=\"text-align: justify;\">Aproveite esta lista. Ela foi feita para voc\u00ea. Ap\u00f3s ser atendido com sucesso, voc\u00ea pode tamb\u00e9m recomend\u00e1-la para os seus amigos que estiverem procurando pelo mesmo tipo de neg\u00f3cio.<\/p>\n<p style=\"text-align: justify;\"><\/div><\/div>\n\n","protected":false},"excerpt":{"rendered":"","protected":false},"author":72,"featured_media":0,"parent":0,"menu_order":0,"comment_status":"closed","ping_status":"closed","template":"page-blocks.php","meta":{"footnotes":""},"class_list":["post-7842","page","type-page","status-publish"],"jetpack-related-posts":[],"jetpack_sharing_enabled":true,"_links":{"self":[{"href":"https:\/\/www.bbmag.co.uk\/pt-br\/wp-json\/wp\/v2\/pages\/7842","targetHints":{"allow":["GET"]}}],"collection":[{"href":"https:\/\/www.bbmag.co.uk\/pt-br\/wp-json\/wp\/v2\/pages"}],"about":[{"href":"https:\/\/www.bbmag.co.uk\/pt-br\/wp-json\/wp\/v2\/types\/page"}],"author":[{"embeddable":true,"href":"https:\/\/www.bbmag.co.uk\/pt-br\/wp-json\/wp\/v2\/users\/72"}],"replies":[{"embeddable":true,"href":"https:\/\/www.bbmag.co.uk\/pt-br\/wp-json\/wp\/v2\/comments?post=7842"}],"version-history":[{"count":0,"href":"https:\/\/www.bbmag.co.uk\/pt-br\/wp-json\/wp\/v2\/pages\/7842\/revisions"}],"wp:attachment":[{"href":"https:\/\/www.bbmag.co.uk\/pt-br\/wp-json\/wp\/v2\/media?parent=7842"}],"curies":[{"name":"wp","href":"https:\/\/api.w.org\/{rel}","templated":true}]}}