{"id":7845,"date":"2016-09-07T11:13:24","date_gmt":"2016-09-07T10:13:24","guid":{"rendered":"http:\/\/www.bbmag.co.uk\/pt-br\/english-schools-london\/"},"modified":"2016-09-19T19:57:33","modified_gmt":"2016-09-19T18:57:33","slug":"escolas-de-ingles-londres","status":"publish","type":"page","link":"https:\/\/www.bbmag.co.uk\/pt-br\/escolas-de-ingles-londres\/","title":{"rendered":"Escolas de Ingl\u00eas em Londres"},"content":{"rendered":"<div class=\"row cf\"><div class=\"column one-1\"><\/div><div class=\"column two-third\"><div class=\"row cf\"><\/div>\n<div class=\"column one-1\"><\/div>\n<img decoding=\"async\" src=\"http:\/\/www.bbmag.co.uk\/wp-content\/uploads\/2016\/09\/escolas_ingles.jpg\" alt=\"Escolas de Ingl\u00eas em Londres\" \/><\/p>\n<p>Procurando escolas de Ingl\u00eas em Londres?<\/p>\n<p>Conhe\u00e7a o Diret\u00f3rio de Servi\u00e7os e Produtos da BBMAG, uma lista feita especialmente para voc\u00ea e validada regularmente por n\u00f3s contendo diversos estabelecimentos do setor que s\u00e3o gerenciados por brasileiros ou amigos da cultura brasileira no Reino Unido.<\/p>\n<p><em>Quer fazer parte da lista principal e ganhar maior destaque para o seu neg\u00f3cio? Entre em contato<span style=\"color: #000080;\"><strong> <a style=\"color: #000080;\" href=\"\/?page_id=2681\">conosco<\/a><\/strong><\/span>!<\/em><\/p>\n<p>&nbsp;<\/p>\n<p class=\"p1\"><strong><span class=\"s1\">BBMAG Diret\u00f3rio<\/span><\/strong><\/p>\n<table width=\"100%\">\n<tbody>\n<tr>\n<td width=\"50%\">Callan no sul de Londres<\/td>\n<td width=\"50%\">07813 010 055<\/td>\n<\/tr>\n<tr>\n<td>English Express<\/td>\n<td>07985 235 209<\/td>\n<\/tr>\n<tr>\n<td>Studies Planet<\/td>\n<td>07956 253 150<\/td>\n<\/tr>\n<tr>\n<td>LVC London School<\/td>\n<td>020 7231 1658<\/td>\n<\/tr>\n<tr>\n<td>Global Active Study<\/td>\n<td>07540 493 549<\/td>\n<\/tr>\n<tr>\n<td>Free English Course<\/td>\n<td>020 8993 5901<\/td>\n<\/tr>\n<tr>\n<td>Escola de Ingl\u00eas &#8211; Bloomsbury<\/td>\n<td>020 7242 2234<\/td>\n<\/tr>\n<tr>\n<td>Edware Academy<\/td>\n<td>020 7262 0944<\/td>\n<\/tr>\n<tr>\n<td>Alma Languages<\/td>\n<td>07875 327 235<\/td>\n<\/tr>\n<tr>\n<td>ABS School<\/td>\n<td>020 7836 8999<\/td>\n<\/tr>\n<\/tbody>\n<\/table>\n<p><em>A informa\u00e7\u00e3o acima \u00e9 de responsabilidade dos anunciantes.<\/em><br \/>\n<\/div><div class=\"column one-third\"><!-- Either there are no banners, they are disabled or none qualified for this location! --><\/div><\/div>\n","protected":false},"excerpt":{"rendered":"","protected":false},"author":72,"featured_media":0,"parent":0,"menu_order":0,"comment_status":"closed","ping_status":"closed","template":"","meta":{"footnotes":""},"class_list":["post-7845","page","type-page","status-publish"],"jetpack-related-posts":[],"jetpack_sharing_enabled":true,"_links":{"self":[{"href":"https:\/\/www.bbmag.co.uk\/pt-br\/wp-json\/wp\/v2\/pages\/7845","targetHints":{"allow":["GET"]}}],"collection":[{"href":"https:\/\/www.bbmag.co.uk\/pt-br\/wp-json\/wp\/v2\/pages"}],"about":[{"href":"https:\/\/www.bbmag.co.uk\/pt-br\/wp-json\/wp\/v2\/types\/page"}],"author":[{"embeddable":true,"href":"https:\/\/www.bbmag.co.uk\/pt-br\/wp-json\/wp\/v2\/users\/72"}],"replies":[{"embeddable":true,"href":"https:\/\/www.bbmag.co.uk\/pt-br\/wp-json\/wp\/v2\/comments?post=7845"}],"version-history":[{"count":0,"href":"https:\/\/www.bbmag.co.uk\/pt-br\/wp-json\/wp\/v2\/pages\/7845\/revisions"}],"wp:attachment":[{"href":"https:\/\/www.bbmag.co.uk\/pt-br\/wp-json\/wp\/v2\/media?parent=7845"}],"curies":[{"name":"wp","href":"https:\/\/api.w.org\/{rel}","templated":true}]}}