{"id":7848,"date":"2016-09-07T11:37:25","date_gmt":"2016-09-07T10:37:25","guid":{"rendered":"http:\/\/www.bbmag.co.uk\/pt-br\/schools-courses-classes-london\/"},"modified":"2019-08-07T13:43:06","modified_gmt":"2019-08-07T12:43:06","slug":"escolas-cursos-aulas-londres","status":"publish","type":"page","link":"https:\/\/www.bbmag.co.uk\/pt-br\/escolas-cursos-aulas-londres\/","title":{"rendered":"Escolas, Faculdades, Cursos &#038; Aulas para brasileiros em Londres e UK"},"content":{"rendered":"<div class=\"row cf\"><div class=\"column one-1\"><\/div><div class=\"column two-third\"><div class=\"row cf\"><\/div>\n<div class=\"column one-1\"><\/div>\n<img decoding=\"async\" src=\"http:\/\/www.bbmag.co.uk\/wp-content\/uploads\/2016\/09\/escolas_cursos_aulas.jpg\" alt=\"Escolas Cursos e Aulas em Londres\"><\/p>\n<h1 style=\"font-size: 15px; text-align: center;\">Escolas, Faculdades, Cursos e Aulas para brasileiros em Londres e UK<\/h1>\n<p>Se voc\u00ea procura por <strong>aulas ou cursos para brasileiros em Londres, cursos de ingl\u00eas para brasileiros em Londres e no Reino Unido, escolas de portugu\u00eas para crian\u00e7as, faculdades para brasileiros na Inglaterra ou cursos de ingl\u00eas ou portugu\u00eas no Brasil,<\/strong> confira a nossa lista com as melhores op\u00e7\u00f5es!<\/p>\n<p style=\"text-align: justify;\">Ao contatar os nossos anunciantes e parceiros, <strong>mencione sempre a revista Bossa Brazil Magazine (BBMAG)<\/strong>, sua revista brasileira em Londres para receber pre\u00e7os e condi\u00e7\u00f5es especiais.<\/p>\n<p style=\"text-align: justify;\"><span style=\"color: #0000ff;\"><a style=\"color: #0000ff;\" href=\"\/?page_id=7799\"><u>Voltar \u00e0 pagina principal do BBMAG Diret\u00f3rio de Neg\u00f3cios<\/u><\/a><\/span><\/p>\n<p><strong><span class=\"s1\">Confira os parceiros da BBMAG:<\/span><\/strong><\/p>\n<table style=\"margin-bottom: 15px;\" width=\"100%\">\n<tbody>\n<tr style=\"border-width: 2px; border-style: solid;\">\n<td style=\"background-color: #ddebff;\" width=\"40%\"><a href=\"\/?page_id=9406\" target=\"_blank\" rel=\"noopener noreferrer\"><img decoding=\"async\" class=\"aligncenter wp-image-15474 size-full\" src=\"http:\/\/www.bbmag.co.uk\/wp-content\/uploads\/2016\/09\/BIO-Kings-College-London_logo.jpg\" alt=\"\" width=\"189\" height=\"143\"><\/a><\/td>\n<td style=\"background-color: #ddebff;\" width=\"40%\"><a href=\"\/?page_id=9406\" target=\"_blank\" rel=\"noopener noreferrer\"><span style=\"color: #000000;\"><strong>KING&#8217;S COLLEGE LONDON<\/strong><\/span><\/a><br \/>\nKing&#8217;s Brazil Institute, Strand<br \/>\nLondon WC2R 2LS<br \/>\n<a href=\"tel:020 7848 2542\">020 7848 2542<\/a><br \/>\n<span style=\"color: #0000ff;\"><a style=\"color: #0000ff;\" href=\"http:\/\/www.kcl.ac.uk\/brazilinstitute\/\" target=\"_blank\" rel=\"noopener noreferrer\">www.kcl.ac.uk\/brazilinstitute\/<\/a><\/span><\/td>\n<td style=\"background-color: #ddebff;\" width=\"20%\"><center><a href=\"\/?page_id=9406\" target=\"_blank\" rel=\"noopener noreferrer\"><i class=\"fa fa-search fa-2x\" style=\"color: blue;\"><\/i><br \/>\n<span style=\"color: #0000ff;\">Ver<\/span><\/a><\/center><\/td>\n<\/tr>\n<\/tbody>\n<\/table>\n<table style=\"margin-bottom: 15px;\" width=\"100%\">\n<tbody>\n<tr style=\"border-width: 2px; border-style: solid;\">\n<td style=\"background-color: #ddebff;\" width=\"40%\"><a href=\"\/?page_id=11272\" target=\"_blank\" rel=\"noopener noreferrer\"><img decoding=\"async\" class=\"size-full wp-image-15475 aligncenter\" src=\"http:\/\/www.bbmag.co.uk\/wp-content\/uploads\/2016\/09\/escola.png\" alt=\"\" width=\"188\" height=\"122\"><\/a><\/td>\n<td style=\"background-color: #ddebff;\" width=\"40%\"><a href=\"\/?page_id=11272\" target=\"_blank\" rel=\"noopener noreferrer\"><span style=\"color: #000000;\"><b>ESCOLINHA DE PORTUGU\u00caS ABCDE<\/b><\/span><\/a><br \/>\nSt Peters Centre, Church Street<br \/>\nOld Woking, Woking GU22 9JF<br \/>\n<a href=\"tel:07462 221 798\">07462 221 798<\/a><\/td>\n<td style=\"background-color: #ddebff;\" width=\"20%\"><center><a href=\"\/?page_id=11140\" target=\"_blank\" rel=\"noopener noreferrer\"><i class=\"fa fa-search fa-2x\" style=\"color: blue;\"><\/i><br \/>\n<span style=\"color: #0000ff;\">Ver<\/span><\/a><\/center><\/td>\n<\/tr>\n<\/tbody>\n<\/table>\n<p><em>Quer fazer parte da lista principal e ganhar maior destaque para o seu neg\u00f3cio? Entre em contato<span style=\"color: #000080;\"><strong> <a style=\"color: #000080;\" href=\"\/?page_id=2681\">conosco<\/a><\/strong><\/span>!<\/em><\/p>\n<p class=\"p1\"><strong><span class=\"s1\">BBMAG Diret\u00f3rio<\/span><\/strong><\/p>\n<table width=\"100%\">\n<tbody>\n<tr>\n<td width=\"50%\">Amigos Driving School<\/td>\n<td width=\"50%\">07801 056 991<\/td>\n<\/tr>\n<tr>\n<td>Aulas de Condu\u00e7\u00e3o &#8211; Alves<\/td>\n<td>07956 667 057<\/td>\n<\/tr>\n<tr>\n<td>Aulas de Condu\u00e7\u00e3o &#8211; Carlos<\/td>\n<td>07810 253 427<\/td>\n<\/tr>\n<tr>\n<td>Aulas de Condu\u00e7\u00e3o &#8211; Teresa<\/td>\n<td>07809 693 719<\/td>\n<\/tr>\n<tr>\n<td>Aulas de Condu\u00e7\u00e3o &#8211; V\u00ector<\/td>\n<td>07884 436 398<\/td>\n<\/tr>\n<tr>\n<td>Aulas de Ingl\u00eas<\/td>\n<td>07947 379 821<\/td>\n<\/tr>\n<tr>\n<td>Aulas de Ingl\u00eas<\/td>\n<td>07582 059 914<\/td>\n<\/tr>\n<tr>\n<td>Aulas de Portugu\u00eas<\/td>\n<td>07879 484 514<\/td>\n<\/tr>\n<tr>\n<td>Aulas de Portugu\u00eas e Ingl\u00eas<\/td>\n<td>07999 083 310<\/td>\n<\/tr>\n<tr>\n<td>Bobbys Driving School<\/td>\n<td>07862 726 458<\/td>\n<\/tr>\n<tr>\n<td width=\"50%\">CELUBRA &#8211; Centro Educacional Luso-Brasileiro<\/td>\n<td>07432 665 533<\/td>\n<\/tr>\n<tr>\n<td>Cursos de Est\u00e9tica<\/td>\n<td>020 7498 5642<\/td>\n<\/tr>\n<tr>\n<td>ER Beaty Training<\/td>\n<td>07821 541 659<\/td>\n<\/tr>\n<tr>\n<td>Escola de Beleza BBA<\/td>\n<td>020 7498 5642<\/td>\n<\/tr>\n<tr>\n<td>Escola de Capoeira &#8211; Fica Lond<\/td>\n<td>07957 355 319<\/td>\n<\/tr>\n<tr>\n<td>Escola de Karat\u00ea &#8211; Raphael<\/td>\n<td>07886 495 135<\/td>\n<\/tr>\n<tr>\n<td width=\"50%\">Granaham Hair Academy &#8211; Cursos de Cabelereiro<\/td>\n<td>07771 561 184<\/td>\n<\/tr>\n<tr>\n<td width=\"50%\"><a href=\"\/?page_id=12289\"><strong><span style=\"color: #0000ff;\">INTERNATIONAL SCHOOL OF LONDON (ISL)<\/span><\/strong><\/a><\/td>\n<td><strong><span style=\"color: #0000ff;\">020 8992 5823<\/span><\/strong><\/td>\n<\/tr>\n<tr>\n<td>Luis Delnero &#8211; Private Tuition<\/td>\n<td>07879 494 514<\/td>\n<\/tr>\n<tr>\n<td width=\"50%\">Manicure-Pedicure-Depila\u00e7\u00e3o (cursos)<\/td>\n<td>07718 201 058<\/td>\n<\/tr>\n<tr>\n<td width=\"50%\"><span style=\"color: #0000ff;\"><strong><a style=\"color: #0000ff;\" href=\"\/?page_id=9406\">KING&#8217;S COLLEGE LONDON<\/a><\/strong><\/span><\/td>\n<td width=\"50%\"><span style=\"color: #0000ff;\"><strong><a style=\"color: #0000ff;\" href=\"tel:02078482542\">020 7848 2542<\/a><\/strong><\/span><\/td>\n<\/tr>\n<tr>\n<td>M\u00e1rcia &#8211; aulas ingl\u00eas<\/td>\n<td>07864 939 407<\/td>\n<\/tr>\n<tr>\n<td>Motorcycle Training<\/td>\n<td>07855 200 491<\/td>\n<\/tr>\n<tr>\n<td>Oxford House College<\/td>\n<td>020 7580 9785<\/td>\n<\/tr>\n<tr>\n<td>Prof. Igl\u00eas Graduada<\/td>\n<td>07861 927 525<\/td>\n<\/tr>\n<tr>\n<td>Professor de Espanhol<\/td>\n<td>07897 910 816<\/td>\n<\/tr>\n<tr>\n<td>Professor de Ingl\u00eas<\/td>\n<td>07897 910 816<\/td>\n<\/tr>\n<tr>\n<td width=\"50%\">Callan no sul de Londres<\/td>\n<td width=\"50%\">07813 010 055<\/td>\n<\/tr>\n<tr>\n<td>Global Active Study<\/td>\n<td>07540 493 549<\/td>\n<\/tr>\n<tr>\n<td width=\"50%\"><a href=\"\/?page_id=11140\" target=\"_blank\" rel=\"noopener noreferrer\"><span style=\"color: #0000ff;\"><strong>ESCOLINHA DE PORTUGU\u00caS ABCDE<\/strong><\/span><\/a><\/td>\n<td width=\"50%\"><span style=\"color: #0000ff;\"><strong><a style=\"color: #0000ff;\" href=\"tel:07462221798\">07462 221 798<\/a><\/strong><\/span><\/td>\n<\/tr>\n<tr>\n<td>Edware Academy<\/td>\n<td>020 7262 0944<\/td>\n<\/tr>\n<tr>\n<td>Alma Languages<\/td>\n<td>07875 327 235<\/td>\n<\/tr>\n<tr>\n<td>ABS School<\/td>\n<td>020 7836 8999<\/td>\n<\/tr>\n<tr>\n<td>Professor de Piano<\/td>\n<td>07931 126 641<\/td>\n<\/tr>\n<\/tbody>\n<\/table>\n<p><em>A informa\u00e7\u00e3o acima \u00e9 de responsabilidade dos anunciantes.<\/em><br \/>\n<\/div><div class=\"column one-third\">\n<a href=\"http:\/\/www.kcl.ac.uk\/brazilinstitute\/\"><img decoding=\"async\" class=\"wp-image-14657 size-medium aligncenter\" src=\"http:\/\/www.bbmag.co.uk\/wp-content\/uploads\/2017\/06\/King_College300x250-300x250.jpg\" alt=\"Kings College\" width=\"300\" height=\"250\"><\/a><a href=\"http:\/\/www.kcl.ac.uk\/brazilinstitute\/\"><\/a><a href=\"\/?page_id=11140\" target=\"_blank\" rel=\"noopener noreferrer\"><img decoding=\"async\" class=\"wp-image-3642 size-full aligncenter\" src=\"http:\/\/www.bbmag.co.uk\/wp-content\/uploads\/2016\/03\/ABCD.jpg\" alt=\"\" width=\"300\" height=\"250\"><\/a><!-- Either there are no banners, they are disabled or none qualified for this location! -->\n<\/div><\/div>\n<div class=\"sc-toggle\"><div class=\"sc-toggle-title\"><a href=\"#\">SAIBA MAIS<\/a><\/div><div class=\"sc-toggle-content\">\n<h2 style=\"font-size: 15px; text-align: justify;\">Existem varias escolas, faculdades, cursos e aulas em Londres, uma das maiores cidades do mundo e com grande tradi\u00e7\u00e3o em institui\u00e7\u00f5es e centros de estudos.<\/h2>\n<p style=\"text-align: justify;\">Escolas infantis e de ensino b\u00e1sico oferecem oportunidades excelentes de educa\u00e7\u00e3o para as crian\u00e7as em idade escolar. Nos \u00faltimos anos, a op\u00e7\u00e3o de escolas em portugu\u00eas especializadas em educar crian\u00e7as brasileiras no Reino Unido ganhou grande representatividade com novas institui\u00e7\u00f5es gerenciadas por professores e diretores brasileiros com experi\u00eancia no assunto.<\/p>\n<p style=\"text-align: justify;\">Adolescentes podem contar com diversas op\u00e7\u00f5es de cursos de ingl\u00eas voltados para jovens em idade de forma\u00e7\u00e3o e at\u00e9 cursos de l\u00edngua portuguesa dados por professores brasileiros que vivem em Londres ou no Reino Unido . A prepara\u00e7\u00e3o para as universidades exige dedica\u00e7\u00e3o e muito estudo, e o dom\u00ednio de idiomas al\u00e9m do ingl\u00eas ou do portugu\u00eas tamb\u00e9m \u00e9 um diferencial. Em Londres voc\u00ea pode encontrar os mais diversos cursos e escolas.<\/p>\n<p style=\"text-align: justify;\">Entre as centenas de faculdades e institui\u00e7\u00f5es de ensino superior de renomada qualidade no Reino Unido, se destacam nos \u00faltimos anos cada vez mais cursos e setores voltados para brasileiros, seja em temas ou em campos de estudo espec\u00edficos que envolvam a participa\u00e7\u00e3o do Brasil.<\/p>\n<p style=\"text-align: justify;\">Adultos que pretendem aperfei\u00e7oar o seu n\u00edvel de ingl\u00eas podem contar com uma s\u00e9rie de professores particulares brasileiros que d\u00e3o aulas em domic\u00edlio ou em escolas especializadas, oferecendo aulas de diversos n\u00edveis ou de conversa\u00e7\u00e3o para praticar e adquirir a flu\u00eancia necess\u00e1ria no idioma para poder desempenhar melhor as suas fun\u00e7\u00f5es durante o dia a dia na capital inglesa ou em demais cidades do pa\u00eds.<\/p>\n<p style=\"text-align: justify;\">Se voc\u00ea procura por cursos para brasileiros em Londres, aulas de ingl\u00eas para adultos, conversa\u00e7\u00e3o em ingl\u00eas para brasileiros, escolas de portugu\u00eas para crian\u00e7as em Londres ou faculdades para brasileiros na Inglaterra, confira a nossa lista com as melhores op\u00e7\u00f5es para voc\u00ea que \u00e9 brasileiro e mora no Reino Unido!<\/p>\n<p style=\"text-align: justify;\"><\/div><\/div>\n\n","protected":false},"excerpt":{"rendered":"","protected":false},"author":72,"featured_media":0,"parent":0,"menu_order":0,"comment_status":"closed","ping_status":"closed","template":"","meta":{"footnotes":""},"class_list":["post-7848","page","type-page","status-publish"],"jetpack-related-posts":[],"jetpack_sharing_enabled":true,"_links":{"self":[{"href":"https:\/\/www.bbmag.co.uk\/pt-br\/wp-json\/wp\/v2\/pages\/7848","targetHints":{"allow":["GET"]}}],"collection":[{"href":"https:\/\/www.bbmag.co.uk\/pt-br\/wp-json\/wp\/v2\/pages"}],"about":[{"href":"https:\/\/www.bbmag.co.uk\/pt-br\/wp-json\/wp\/v2\/types\/page"}],"author":[{"embeddable":true,"href":"https:\/\/www.bbmag.co.uk\/pt-br\/wp-json\/wp\/v2\/users\/72"}],"replies":[{"embeddable":true,"href":"https:\/\/www.bbmag.co.uk\/pt-br\/wp-json\/wp\/v2\/comments?post=7848"}],"version-history":[{"count":0,"href":"https:\/\/www.bbmag.co.uk\/pt-br\/wp-json\/wp\/v2\/pages\/7848\/revisions"}],"wp:attachment":[{"href":"https:\/\/www.bbmag.co.uk\/pt-br\/wp-json\/wp\/v2\/media?parent=7848"}],"curies":[{"name":"wp","href":"https:\/\/api.w.org\/{rel}","templated":true}]}}