{"id":7851,"date":"2016-09-07T10:18:46","date_gmt":"2016-09-07T09:18:46","guid":{"rendered":"http:\/\/www.bbmag.co.uk\/pt-br\/beauty-masseurs-london\/"},"modified":"2019-08-07T13:43:23","modified_gmt":"2019-08-07T12:43:23","slug":"estetica-massagem-londres","status":"publish","type":"page","link":"https:\/\/www.bbmag.co.uk\/pt-br\/estetica-massagem-londres\/","title":{"rendered":"Est\u00e9tica &#038; Massagem em Londres e no Reino Unido"},"content":{"rendered":"<div class=\"row cf\"><div class=\"column one-1\"><\/div><div class=\"column two-third\"><div class=\"row cf\"><\/div>\n<div class=\"column one-1\"><\/div>\n<img decoding=\"async\" class=\"alignnone\" src=\"http:\/\/www.bbmag.co.uk\/wp-content\/uploads\/2016\/09\/estetica_massagens.jpg\" alt=\"Est\u00e9tica &amp; Massagem em Londres e no Reino Unido\" width=\"702\" height=\"336\" \/><\/p>\n<h1 style=\"font-size: 15px; text-align: center;\">Est\u00e9tica e Massagem em Londres e no Reino Unido<\/h1>\n<h2 style=\"font-size: 15px;\"><\/h2>\n<p>Aqui voc\u00ea encontra\u00a0diversas op\u00e7\u00f5es de<strong> massagem para brasileiros em Londres como cl\u00ednicas de est\u00e9tica, cl\u00ednicas de massagem terap\u00eautica em Londres<\/strong>, muitos deles gerenciados por brasileiros, amigos e <strong>parceiros da comunidade brasileira e de l\u00edngua portuguesa em Londres e no Reino Unido<\/strong>.<\/p>\n<p style=\"text-align: justify;\">Ao contatar os nossos anunciantes e parceiros, <strong>mencione sempre a revista Bossa Brazil Magazine (BBMAG)<\/strong>, sua revista brasileira em Londres para receber pre\u00e7os e condi\u00e7\u00f5es especiais.<\/p>\n<p><span style=\"color: #0000ff;\"><a style=\"color: #0000ff;\" href=\"\/?page_id=7799\"><u>Voltar a pagina principal do BBMAG Diret\u00f3rio de Neg\u00f3cios<\/u><\/a><\/span><\/p>\n<p class=\"p1\"><em>Quer fazer parte da lista principal e ganhar destaque para o seu neg\u00f3cio? Entre em contato <a href=\"\/?page_id=2681\"><span style=\"color: #000080;\"><strong>conosco<\/strong><\/span><\/a>.<\/em><\/p>\n<p class=\"p1\"><strong><span class=\"s1\">BBMAG Diret\u00f3rio<\/span><\/strong><\/p>\n<table width=\"100%\">\n<tbody>\n<tr>\n<td width=\"50%\">Beauty Care Liris<\/td>\n<td width=\"50%\">020 7635 2786<\/td>\n<\/tr>\n<tr>\n<td>Beauty Laser Plus<\/td>\n<td>020 3674 3078<\/td>\n<\/tr>\n<tr>\n<td>Beauty Specialist<\/td>\n<td>07446 638 952<\/td>\n<\/tr>\n<tr>\n<td>Body Wise Clinic<\/td>\n<td>07868 319 585<\/td>\n<\/tr>\n<tr>\n<td>Brazilian Look<\/td>\n<td>020 7385 1701<\/td>\n<\/tr>\n<tr>\n<td>Cosm\u00e9tica London<\/td>\n<td>020 7205 4046<\/td>\n<\/tr>\n<tr>\n<td>Edna Barreto<\/td>\n<td>020 7511 3225<\/td>\n<\/tr>\n<tr>\n<td>Essential Estetic<\/td>\n<td>07453 269 102<\/td>\n<\/tr>\n<tr>\n<td>Evidence Beauty Centre<\/td>\n<td>020 8960 9247<\/td>\n<\/tr>\n<tr>\n<td>Exclusive<\/td>\n<td>07875 178 836<\/td>\n<\/tr>\n<tr>\n<td>Debora Zanetti<\/td>\n<td>07594 773 764<\/td>\n<\/tr>\n<tr>\n<td>Depiladora \u00c9rica Costa<\/td>\n<td>07507 831 847<\/td>\n<\/tr>\n<tr>\n<td>Depiladora Tatiana<\/td>\n<td>07738 867 528<\/td>\n<\/tr>\n<tr>\n<td>Glenda &#8211; Fisioterapia e Est\u00e9tica<\/td>\n<td>07515 378 715<\/td>\n<\/tr>\n<tr>\n<td>Jane Beauty<\/td>\n<td>07414 796 758<\/td>\n<\/tr>\n<tr>\n<td>July Anna &#8211; Permanent Make-up Art<\/td>\n<td>077893 744 27<\/td>\n<\/tr>\n<tr>\n<td>Kamila &#8211; Massagens<\/td>\n<td>07466 670 848<\/td>\n<\/tr>\n<tr>\n<td>Lilian &#8211; Design Sobrancelhas<\/td>\n<td>07448 333 464<\/td>\n<\/tr>\n<tr>\n<td>Ludgena Romor<\/td>\n<td>07805 116 403<\/td>\n<\/tr>\n<tr>\n<td>Massagem Terap\u00eautica<\/td>\n<td width=\"50%\">020 7223 6922 \/ 07981 153 347<\/td>\n<\/tr>\n<tr>\n<td>Oval Beauty Clinic<\/td>\n<td>020 7582 5454<\/td>\n<\/tr>\n<tr>\n<td>Victoria Secret<\/td>\n<td>07718 201 058<\/td>\n<\/tr>\n<tr>\n<td>Reiki &amp; Cristais<\/td>\n<td>07402 919 363<\/td>\n<\/tr>\n<tr>\n<td>SKINADE<\/td>\n<td>08451 300 205<\/td>\n<\/tr>\n<tr>\n<td>Waxy Trends<\/td>\n<td>07947 308 344<\/td>\n<\/tr>\n<\/tbody>\n<\/table>\n<p><em>A informa\u00e7\u00e3o acima \u00e9 de responsabilidade dos anunciantes.<\/em><br \/>\n<\/div><div class=\"column one-third\">\n<!-- Either there are no banners, they are disabled or none qualified for this location! -->\n<\/div><\/div>\n<div class=\"sc-toggle\"><div class=\"sc-toggle-title\"><a href=\"#\">SAIBA MAIS<\/a><\/div><div class=\"sc-toggle-content\">\n<p style=\"font-size: 15px;\">Aqui tem\u00a0diversas op\u00e7\u00f5es de cl\u00ednicas de est\u00e9tica em Londres, cl\u00ednicas de massagem, centros de est\u00e9tica na Inglaterra, massagistas brasileiras em Londres!<\/p>\n<p style=\"font-size: 15px; text-align: justify;\">Cuidar muito bem da est\u00e9tica \u00e9, sem d\u00favida, umas das caracter\u00edsticas mais marcantes da cultura brasileira.<\/p>\n<p style=\"text-align: justify;\">O cuidado com o corpo, com a sa\u00fade, com a apar\u00eancia e a valoriza\u00e7\u00e3o da beleza costuma figurar entre algumas das maiores preocupa\u00e7\u00f5es principalmente das brasileiras, que buscam em cl\u00ednicas especializadas com profissionais capacitados e os mais variados procedimentos est\u00e9ticos e produtos de qualidade capazes de real\u00e7ar ainda mais a sua beleza.<\/p>\n<p style=\"text-align: justify;\">Cl\u00ednicas de est\u00e9tica com uma s\u00e9rie de tratamentos de pele e para o corpo baseados nas melhores pr\u00e1ticas brasileiras ou internacionais, ou cl\u00ednicas de massagens relaxantes que proporcionam o bem-estar e uma conex\u00e3o maior consigo mesma s\u00e3o muito procuradas em todos os cantos do mundo.<\/p>\n<p style=\"text-align: justify;\">Com o aumento dos la\u00e7os entre o Brasil e o Reino Unido e um interc\u00e2mbio mais intenso entre os dois pa\u00edses, diversos brasileiros vieram morar no Reino Unido para trabalho ou para estudar e t\u00eam feito aumentar a procura e a oferta desse tipo de servi\u00e7o est\u00e9tico tamb\u00e9m no Reino Unido. S\u00e3o muitos os casos de brasileiros que abriram estabelecimentos est\u00e9ticos especializados e hoje atuam com excel\u00eancia e grande clientela nas maiores e mais variadas cidades do Reino Unido.<\/p>\n<p style=\"text-align: justify;\">Seguindo essa grande e crescente tend\u00eancia de mercado, a capital inglesa conta hoje com diversos estabelecimentos especializados em est\u00e9tica que s\u00e3o administrados por brasileiros, amigos e parceiros da comunidade brasileira no Reino Unido, que s\u00e3o disponibilizados para voc\u00ea aqui na sess\u00e3o de \u201cEst\u00e9tica e Massagens\u201d do BBMag Diret\u00f3rio de Neg\u00f3cios.<\/p>\n<p style=\"text-align: justify;\">Com essa nossa pr\u00e1tica e completa lista, voc\u00ea agora pode encontrar as mais diversas op\u00e7\u00f5es de cl\u00ednicas de est\u00e9tica em Londres, cl\u00ednicas de massagem, centros de est\u00e9tica na Inglaterra, massagistas brasileiras em Londres e na Inglaterra com profissionais prontos para atender voc\u00ea com toda a dedica\u00e7\u00e3o e aten\u00e7\u00e3o no melhor estilo brasileiro. Confira a seguir!<\/p>\n<p style=\"text-align: justify;\"><\/div><\/div>\n\n","protected":false},"excerpt":{"rendered":"","protected":false},"author":72,"featured_media":0,"parent":0,"menu_order":0,"comment_status":"closed","ping_status":"closed","template":"","meta":{"footnotes":""},"class_list":["post-7851","page","type-page","status-publish"],"jetpack-related-posts":[],"jetpack_sharing_enabled":true,"_links":{"self":[{"href":"https:\/\/www.bbmag.co.uk\/pt-br\/wp-json\/wp\/v2\/pages\/7851","targetHints":{"allow":["GET"]}}],"collection":[{"href":"https:\/\/www.bbmag.co.uk\/pt-br\/wp-json\/wp\/v2\/pages"}],"about":[{"href":"https:\/\/www.bbmag.co.uk\/pt-br\/wp-json\/wp\/v2\/types\/page"}],"author":[{"embeddable":true,"href":"https:\/\/www.bbmag.co.uk\/pt-br\/wp-json\/wp\/v2\/users\/72"}],"replies":[{"embeddable":true,"href":"https:\/\/www.bbmag.co.uk\/pt-br\/wp-json\/wp\/v2\/comments?post=7851"}],"version-history":[{"count":0,"href":"https:\/\/www.bbmag.co.uk\/pt-br\/wp-json\/wp\/v2\/pages\/7851\/revisions"}],"wp:attachment":[{"href":"https:\/\/www.bbmag.co.uk\/pt-br\/wp-json\/wp\/v2\/media?parent=7851"}],"curies":[{"name":"wp","href":"https:\/\/api.w.org\/{rel}","templated":true}]}}