{"id":7854,"date":"2016-09-07T11:08:00","date_gmt":"2016-09-07T10:08:00","guid":{"rendered":"http:\/\/www.bbmag.co.uk\/pt-br\/photography-filming-london\/"},"modified":"2019-08-07T13:44:10","modified_gmt":"2019-08-07T12:44:10","slug":"fotografia-filmagem-londres","status":"publish","type":"page","link":"https:\/\/www.bbmag.co.uk\/pt-br\/fotografia-filmagem-londres\/","title":{"rendered":"Fotografia &#038; Filmagem em Londres e no Reino Unido"},"content":{"rendered":"<div class=\"row cf\"><div class=\"column one-1\"><\/div><div class=\"column two-third\"><div class=\"row cf\"><\/div>\n<div class=\"column one-1\"><\/div>\n<img decoding=\"async\" class=\"alignnone\" src=\"http:\/\/www.bbmag.co.uk\/wp-content\/uploads\/2016\/09\/foto_filmagem.jpg\" alt=\"Fotografia e filmagem em Londres\" width=\"702\" height=\"336\" \/><\/p>\n<h1 style=\"font-size: 15px; text-align: center;\">Fotografia &amp; Filmagem em Londres e no Reino Unido<\/h1>\n<h3 style=\"font-size: 15px; text-align: justify;\"><\/h3>\n<p>Confira esta lista com os mais diversos\u00a0<strong>servi\u00e7os de fotografia<\/strong>,<strong>\u00a0<\/strong><strong>fot\u00f3grafos brasileiros e amigos da comunidade de l\u00edngua portuguesa em Londres<\/strong>, produ\u00e7\u00e3o fotogr\u00e1fica ou de <strong>filmagens no Reino Unido<\/strong> para garantir que a sua festa, o seu casamento ou qualquer que seja o tipo de evento ou momento, tenha o melhor registro de imagens feito por profissionais de muito talento e parceiros da BBMAG.<\/p>\n<p style=\"text-align: justify;\">Ao contatar os anunciantes e parceiros da BBMag, <strong>mencione sempre a revista Bossa Brazil Magazine (BBMAG)<\/strong>, sua revista brasileira em Londres para receber pre\u00e7os e condi\u00e7\u00f5es especiais.<\/p>\n<p><span style=\"color: #0000ff;\"><a style=\"color: #0000ff;\" href=\"\/?page_id=7799\"><u>Voltar \u00e0 p\u00e1gina principal do BBMag Diret\u00f3rio de Neg\u00f3cios<\/u><\/a><\/span><\/p>\n<p><strong><span class=\"s1\">Confira os parceiros da BBMAG:<\/span><\/strong><\/p>\n<table style=\"margin-bottom: 15px;\" width=\"100%\">\n<tbody>\n<tr style=\"border-width: 2px; border-style: solid;\">\n<td style=\"background-color: #ddebff;\" width=\"40%\"><img decoding=\"async\" class=\"size-full wp-image-15485 aligncenter\" src=\"http:\/\/www.bbmag.co.uk\/wp-content\/uploads\/2016\/11\/bruno.png\" alt=\"\" width=\"188\" height=\"122\" \/><\/td>\n<td style=\"background-color: #ddebff;\" width=\"40%\"><span style=\"color: #000000;\"><strong>BRUNO CONCEI\u00c7\u00c3O PHOTOGRAPHY<\/strong><\/span><br \/>\n<span style=\"color: #000000;\"> 07921 225 171<\/span><br \/>\n<span style=\"color: #0000ff;\"><a style=\"color: #0000ff;\" href=\"http:\/\/www.brunocphoto.com\" target=\"_blank\" rel=\"noopener noreferrer\">www.brunocphoto.com<\/a><\/span><\/td>\n<td style=\"background-color: #ddebff;\" width=\"20%\"><center><a href=\"\/?page_id=11181\" target=\"_blank\" rel=\"noopener noreferrer\"><i class=\"fa fa-search fa-2x\" style=\"font-size: 30px; color: blue;\"><\/i><br \/>\n<span style=\"color: #0000ff;\"> Ver<\/span><\/a><\/center><\/td>\n<\/tr>\n<\/tbody>\n<\/table>\n<p><em>Quer fazer parte da lista principal e ganhar maior destaque para o seu neg\u00f3cio? Entre em contato<strong><span style=\"color: #000080;\"> <a style=\"color: #000080;\" href=\"\/?page_id=2681\">conosco.<\/a><\/span><\/strong><\/em><\/p>\n<p class=\"p1\"><strong><span class=\"s1\">BBMAG Diret\u00f3rio<\/span><\/strong><\/p>\n<table width=\"100%\">\n<tbody>\n<tr>\n<td width=\"50%\">Kim Farinha Artfocus<\/td>\n<td width=\"50%\">07825 311 564<\/td>\n<\/tr>\n<tr>\n<td><span style=\"color: #0000ff;\"><a style=\"color: #0000ff;\" href=\"\/?page_id=11286\" target=\"_blank\" rel=\"noopener noreferrer\"><strong>Bruno Concei\u00e7\u00e3o Photos<\/strong><\/a><\/span><\/td>\n<td><span style=\"color: #0000ff;\"><strong><a style=\"color: #0000ff;\" href=\"tel:07921 225 171\">07921 225 171<\/a><\/strong><\/span><\/td>\n<\/tr>\n<tr>\n<td>Elisa Roma<\/td>\n<td>07542 669 831<\/td>\n<\/tr>\n<tr>\n<td>Felipe Gon\u00e7alves<\/td>\n<td>07784 440 479<\/td>\n<\/tr>\n<tr>\n<td>Polly Bino<\/td>\n<td>07742 174 910<\/td>\n<\/tr>\n<tr>\n<td>Vladimir Esp\u00edndola<\/td>\n<td>07522 411 104<\/td>\n<\/tr>\n<\/tbody>\n<\/table>\n<p><em>A informa\u00e7\u00e3o acima \u00e9 de responsabilidade dos anunciantes.<\/em><br \/>\n<\/div><div class=\"column one-third\">\n<img decoding=\"async\" class=\"size-medium wp-image-14654 aligncenter\" src=\"http:\/\/www.bbmag.co.uk\/wp-content\/uploads\/2017\/06\/brunoC_photos300x250-300x250.jpg\" alt=\"brunoC photos\" width=\"300\" height=\"250\" \/><!-- Either there are no banners, they are disabled or none qualified for this location! -->\n<\/div><\/div>\n[read more=&#8221;SAIBA MAIS&#8221; less=&#8221;Fechar&#8221;]\n<p>Criatividade e paix\u00e3o pela fotografia os brasileiros t\u00eam de sobra.<\/p>\n<p style=\"text-align: justify;\">Com o avan\u00e7o das tecnologias e do meio digital, o ato de registrar por meio de imagens os momentos mais marcantes importantes da vida, como datas especiais, anivers\u00e1rios, casamentos, festas e confraterniza\u00e7\u00f5es, nos \u00faltimos tempos tem se tornando t\u00e3o importante quanto o pr\u00f3prio acontecimento em si.<\/p>\n<p style=\"text-align: justify;\">O registro de eventos profissionais, como reuni\u00f5es, congressos, feiras e demais realiza\u00e7\u00f5es tamb\u00e9m tem feito crescer cada vez mais a demanda por profissionais de fotografia e filmagem especializados neste tipo de segmento.<\/p>\n<p style=\"text-align: justify;\">Quando se procura este tipo de servi\u00e7o de fotos e filmagens, o que se busca \u00e9 experi\u00eancia de atua\u00e7\u00e3o na \u00e1rea, qualidade t\u00e9cnica na execu\u00e7\u00e3o dos projetos \u2013 com capacidade e sensibilidade para compreender o formato, o estilo das imagens e o tipo de registro que o cliente est\u00e1 procurando.<\/p>\n<p style=\"text-align: justify;\">Este processo nem sempre \u00e9 f\u00e1cil, pois muitas vezes n\u00e3o temos muito conhecimento fotogr\u00e1fico para discernir o que buscamos e como resultados. E a\u00ed que esta a import\u00e2ncia de contratar profissionais de fotografia e filmagem qualificados para dialogar com o cliente por meio de reuni\u00f5es pr\u00e9vias e aconselh\u00e1-lo quanto ao tipo de trabalho proposto para melhor se adequar ao desejado.<\/p>\n<p style=\"text-align: justify;\">Quando voc\u00ea contrata os profissionais certos, voc\u00ea consegue resultados com alta qualidade est\u00e9tica e que transmitem exatamente as mensagens que voc\u00ea gostaria de passar com as fotografias \u2013 que, como processos de comunica\u00e7\u00e3o, s\u00e3o um trabalho art\u00edstico capaz de transmitir emo\u00e7\u00f5es, sentimentos e significados.<\/p>\n<p style=\"text-align: justify;\">Ao contratar um profissional de fotografia e filmagem que esteja acostumado a trabalhar para a comunidade brasileira em Londres, a chance de o profissional compreender o que voc\u00ea busca e em consequ\u00eancia realizar um resultado de qualidade superior fica muito maior.<\/p>\n<p style=\"text-align: justify;\">Confira esta lista com os mais diversos <strong>servi\u00e7os de fotografia<\/strong>,<strong> fot\u00f3grafos brasileiros em Londres<\/strong>, produ\u00e7\u00e3o fotogr\u00e1fica ou de filmagens no Reino Unido para garantir que a sua festa, o seu casamento ou qualquer que seja o tipo de evento ou momento tenha o melhor registro de imagens feito por profissionais de muito talento.<\/p>\n<p style=\"text-align: justify;\">[\/read]\n","protected":false},"excerpt":{"rendered":"<p>[read more=&#8221;SAIBA MAIS&#8221; less=&#8221;Fechar&#8221;] Criatividade e paix\u00e3o pela fotografia os brasileiros t\u00eam de sobra. Com o avan\u00e7o das tecnologias e do meio digital, o ato de registrar por meio de imagens os momentos mais marcantes importantes da vida, como datas especiais, anivers\u00e1rios, casamentos, festas e confraterniza\u00e7\u00f5es, nos \u00faltimos tempos tem se tornando t\u00e3o importante quanto<\/p>\n<div class=\"read-more\"><a href=\"https:\/\/www.bbmag.co.uk\/pt-br\/fotografia-filmagem-londres\/\" title=\"Saiba mais\">Saiba mais<\/a><\/div>\n","protected":false},"author":72,"featured_media":0,"parent":0,"menu_order":0,"comment_status":"closed","ping_status":"closed","template":"","meta":{"footnotes":""},"class_list":["post-7854","page","type-page","status-publish"],"jetpack-related-posts":[],"jetpack_sharing_enabled":true,"_links":{"self":[{"href":"https:\/\/www.bbmag.co.uk\/pt-br\/wp-json\/wp\/v2\/pages\/7854","targetHints":{"allow":["GET"]}}],"collection":[{"href":"https:\/\/www.bbmag.co.uk\/pt-br\/wp-json\/wp\/v2\/pages"}],"about":[{"href":"https:\/\/www.bbmag.co.uk\/pt-br\/wp-json\/wp\/v2\/types\/page"}],"author":[{"embeddable":true,"href":"https:\/\/www.bbmag.co.uk\/pt-br\/wp-json\/wp\/v2\/users\/72"}],"replies":[{"embeddable":true,"href":"https:\/\/www.bbmag.co.uk\/pt-br\/wp-json\/wp\/v2\/comments?post=7854"}],"version-history":[{"count":0,"href":"https:\/\/www.bbmag.co.uk\/pt-br\/wp-json\/wp\/v2\/pages\/7854\/revisions"}],"wp:attachment":[{"href":"https:\/\/www.bbmag.co.uk\/pt-br\/wp-json\/wp\/v2\/media?parent=7854"}],"curies":[{"name":"wp","href":"https:\/\/api.w.org\/{rel}","templated":true}]}}