{"id":7857,"date":"2016-09-07T11:08:49","date_gmt":"2016-09-07T10:08:49","guid":{"rendered":"http:\/\/www.bbmag.co.uk\/pt-br\/printers-in-london\/"},"modified":"2019-08-07T13:44:24","modified_gmt":"2019-08-07T12:44:24","slug":"graficas-londres","status":"publish","type":"page","link":"https:\/\/www.bbmag.co.uk\/pt-br\/graficas-londres\/","title":{"rendered":"Gr\u00e1ficas em Londres e no Reino Unido"},"content":{"rendered":"<div class=\"row cf\"><div class=\"column one-1\"><\/div><div class=\"column two-third\"><div class=\"row cf\"><\/div>\n<div class=\"column one-1\"><\/div>\n<img decoding=\"async\" src=\"http:\/\/www.bbmag.co.uk\/wp-content\/uploads\/2016\/09\/graficas.jpg\" alt=\"Gr\u00e1ficas em Londres\" \/><\/p>\n<h1 style=\"font-size: 15px; text-align: center;\">Gr\u00e1ficas em Londres e no Reino Unido<\/h1>\n<h2 style=\"font-size: 15px;\"><\/h2>\n<p>Veja nesta se\u00e7\u00e3o de classificados do BBMAG Diret\u00f3rio de Servi\u00e7os uma lista com empresas de servi\u00e7os gr\u00e1ficos,\u00a0<strong>gr\u00e1ficas em Londres<\/strong>\u00a0e gr\u00e1ficas gerenciadas por brasileiros em Londres que atendam a\u00a0<strong>comunidade de l\u00edngua portuguesa no Reino Unido<\/strong>. Confira!<\/p>\n<p style=\"text-align: justify;\">Ao contatar os nossos anunciantes e parceiros, <strong>mencione sempre o BBMAG Diret\u00f3rio de Neg\u00f3cios<\/strong> para receber pre\u00e7os e condi\u00e7\u00f5es especiais.<\/p>\n<p style=\"text-align: justify;\"><a href=\"\/?page_id=7799\"><span style=\"color: #0000ff;\"><u>Voltar \u00e0 p\u00e1gina principal do BBMAG Diret\u00f3rio de Neg\u00f3cios<\/u><\/span><\/a><\/p>\n<p style=\"text-align: justify;\"><em>Quer fazer parte da lista principal e ganhar maior destaque para o seu neg\u00f3cio? Entre em contato<span style=\"color: #000080;\"><strong> <a style=\"color: #000080;\" href=\"\/?page_id=2681\">conosco<\/a><\/strong><\/span>!<\/em><\/p>\n<p class=\"p1\"><strong><span class=\"s1\">BBMAG Diret\u00f3rio<\/span><\/strong><\/p>\n<table width=\"100%\">\n<tbody>\n<tr>\n<td>CL Signs<\/td>\n<td>020 7622 0051<\/td>\n<\/tr>\n<tr>\n<td>D&amp;G T-Shirt and Signs<\/td>\n<td>07402 028 825<\/td>\n<\/tr>\n<tr>\n<td>Efficient Signs &amp; Print<\/td>\n<td>020 8539 9300<\/td>\n<\/tr>\n<\/tbody>\n<\/table>\n<p><em>A informa\u00e7\u00e3o acima \u00e9 de responsabilidade dos anunciantes.<\/em><br \/>\n<\/div><div class=\"column one-third\">\n<!-- Either there are no banners, they are disabled or none qualified for this location! -->\n<\/div><\/div>\n<div class=\"sc-toggle\"><div class=\"sc-toggle-title\"><a href=\"#\">SAIBA MAIS<\/a><\/div><div class=\"sc-toggle-content\">\n<p>Gr\u00e1ficas s\u00e3o estabelecimentos que sempre precisamos ter por perto, seja para uso pessoal ou empresarial.<\/p>\n<p style=\"text-align: justify;\">A necessidade de imprimir documentos importantes, elaborar projetos que exigem equipamentos de impress\u00e3o mais avan\u00e7ados que possam real\u00e7ar com mais intensidade as cores e texturas dos materiais, requer que se tenham boas gr\u00e1ficas que ofere\u00e7am atendimento personalizado e customizado de acordo com o que voc\u00ea precisa.<\/p>\n<p style=\"text-align: justify;\">O\u00a0material impresso\u00a0s\u00f3 ter\u00e1 o sucesso pretendido se estiver com uma boa qualidade, e nesse processo \u00e9 fundamental a escolha de uma boa gr\u00e1fica. Ent\u00e3o voc\u00ea precisa de uma gr\u00e1fica confi\u00e1vel, que ofere\u00e7a produtos de qualidade a um pre\u00e7o acess\u00edvel, mas n\u00e3o sabe por onde come\u00e7ar a procurar?<\/p>\n<p style=\"text-align: justify;\">Hoje, equipamentos de ponta n\u00e3o s\u00e3o apenas necess\u00e1rios: s\u00e3o primordiais para a sobreviv\u00eancia da gr\u00e1fica no mercado. Por isso, independente de sua necessidade de servi\u00e7o ou demanda, exclua de sua lista todas as gr\u00e1ficas que n\u00e3o possuam um parque gr\u00e1fico com equipamentos altamente qualificados<\/p>\n<p style=\"text-align: justify;\">Uma gr\u00e1fica que permita a comunica\u00e7\u00e3o e que facilite o contato mostra que est\u00e1 antenada e preocupada com a experi\u00eancia do cliente. Ter a possibilidade de conversar \u2013 virtualmente ou n\u00e3o \u2013 com algum respons\u00e1vel pela gr\u00e1fica para saber se ela \u00e9 a ideal para sua demanda \u00e9 essencial.<\/p>\n<p style=\"text-align: justify;\">Ficar atento ao prazo de entrega tamb\u00e9m \u00e9 fundamental para fazer uma boa escolha da gr\u00e1fica. Desconfie de entregas muito r\u00e1pidas: muitas vezes seu produto pode ser feito sem o devido acabamento. \u00c9 claro que determinados servi\u00e7os demoram mais que outros. Por isso, gr\u00e1ficas que expliquem detalhadamente quanto tempo o servi\u00e7o demora a ser feito e o motivo deste tempo s\u00e3o as mais confi\u00e1veis.<\/p>\n<p style=\"text-align: justify;\">Quando contratamos algum servi\u00e7o, esperamos que ele seja satisfat\u00f3rio. Para saber se uma gr\u00e1fica tem um servi\u00e7o de qualidade, deve-se investigar como ela lida com os produtos, observando, por exemplo, se ela zela pela qualidade das cores, imagens e acabamentos de uma pe\u00e7a gr\u00e1fica.<\/p>\n<p style=\"text-align: justify;\">Para isso, separamos para voc\u00ea esta lista a seguir com diversas <strong>gr\u00e1ficas em Londres<\/strong> gerenciadas por brasileiros ou amigos da <strong>comunidade brasileira no Reino Unido<\/strong> com profissionais experientes e dispostos a atend\u00ea-lo. Confira!<\/p>\n<p style=\"text-align: justify;\"><\/div><\/div>\n\n","protected":false},"excerpt":{"rendered":"","protected":false},"author":72,"featured_media":0,"parent":0,"menu_order":0,"comment_status":"closed","ping_status":"closed","template":"","meta":{"footnotes":""},"class_list":["post-7857","page","type-page","status-publish"],"jetpack-related-posts":[],"jetpack_sharing_enabled":true,"_links":{"self":[{"href":"https:\/\/www.bbmag.co.uk\/pt-br\/wp-json\/wp\/v2\/pages\/7857","targetHints":{"allow":["GET"]}}],"collection":[{"href":"https:\/\/www.bbmag.co.uk\/pt-br\/wp-json\/wp\/v2\/pages"}],"about":[{"href":"https:\/\/www.bbmag.co.uk\/pt-br\/wp-json\/wp\/v2\/types\/page"}],"author":[{"embeddable":true,"href":"https:\/\/www.bbmag.co.uk\/pt-br\/wp-json\/wp\/v2\/users\/72"}],"replies":[{"embeddable":true,"href":"https:\/\/www.bbmag.co.uk\/pt-br\/wp-json\/wp\/v2\/comments?post=7857"}],"version-history":[{"count":0,"href":"https:\/\/www.bbmag.co.uk\/pt-br\/wp-json\/wp\/v2\/pages\/7857\/revisions"}],"wp:attachment":[{"href":"https:\/\/www.bbmag.co.uk\/pt-br\/wp-json\/wp\/v2\/media?parent=7857"}],"curies":[{"name":"wp","href":"https:\/\/api.w.org\/{rel}","templated":true}]}}