{"id":7929,"date":"2016-09-07T10:59:50","date_gmt":"2016-09-07T09:59:50","guid":{"rendered":"http:\/\/www.bbmag.co.uk\/pt-br\/it-services-in-london\/"},"modified":"2019-08-07T13:48:40","modified_gmt":"2019-08-07T12:48:40","slug":"informatica-londres","status":"publish","type":"page","link":"https:\/\/www.bbmag.co.uk\/pt-br\/informatica-londres\/","title":{"rendered":"Inform\u00e1tica em Londres e no Reino Unido"},"content":{"rendered":"<div class=\"row cf\"><div class=\"column one-1\"><\/div><div class=\"column two-third\"><div class=\"row cf\"><\/div>\n<div class=\"column one-1\"><\/div>\n<img decoding=\"async\" src=\"http:\/\/www.bbmag.co.uk\/wp-content\/uploads\/2016\/09\/informatica.jpg\" alt=\"Inform\u00e1tica em Londres\" \/><\/p>\n<h1 style=\"font-size: 15px; text-align: center;\">Inform\u00e1tica em Londres<\/h1>\n<h3 style=\"font-size: 15px; text-align: justify;\"><\/h3>\n<p>Para voc\u00ea procura uma empresa ou profissional para <strong>concertos ou reparos de inform\u00e1tica,<\/strong> esta pr\u00e1tica lista ajudar\u00e1 a escolher empresas e profissionais que fazem<strong> manuten\u00e7\u00e3o de equipamentos de inform\u00e1tica em Londres e no Reino Unido,<\/strong> seja em reparos ou na manuten\u00e7\u00e3o preventiva do seu equipamento. Entre eles est\u00e3o diversos brasileiros e <strong>amigos da comunidade brasileira em Londres<\/strong>.. Confira!<\/p>\n<p style=\"text-align: justify;\">Ao contatar os nossos anunciantes e parceiros, <strong>mencione sempre o BBMAG Diret\u00f3rio de Neg\u00f3cios<\/strong> para receber pre\u00e7os e condi\u00e7\u00f5es especiais.<\/p>\n<p><a href=\"\/?page_id=7799\"><span style=\"color: #0000ff;\"><u>Voltar \u00e0 p\u00e1gina principal do BBMAG Diret\u00f3rio de Neg\u00f3cios<\/u><\/span><\/a><\/p>\n<p class=\"p1\"><em>Quer fazer parte desta lista e ganhar mais destaque para o seu neg\u00f3cio? Entre em contato <a href=\"\/?page_id=2681\"><span style=\"color: #000080;\"><strong>conosco<\/strong><\/span><\/a>.<\/em><\/p>\n<p class=\"p1\"><strong><span class=\"s1\">BBMAG Diret\u00f3rio<\/span><\/strong><\/p>\n<table width=\"100%\">\n<tbody>\n<tr>\n<td width=\"50%\">Andr\u00e9 Consertos<\/td>\n<td width=\"50%\">07533 580 324<\/td>\n<\/tr>\n<tr>\n<td>Help Tecnologia<\/td>\n<td>07792 305 657<\/td>\n<\/tr>\n<tr>\n<td>IT Solutions<\/td>\n<td>07809 721 664<\/td>\n<\/tr>\n<tr>\n<td>J.S. Reparos<\/td>\n<td>07415 299 204<\/td>\n<\/tr>\n<tr>\n<td>Mac &amp; Pac Repair<\/td>\n<td>07725 310 201<\/td>\n<\/tr>\n<tr>\n<td>MGIT Computer Repair<\/td>\n<td>07708 796 878<\/td>\n<\/tr>\n<tr>\n<td>Super PC Computer Repair<\/td>\n<td>07724 527 519<\/td>\n<\/tr>\n<\/tbody>\n<\/table>\n<p><em>A informa\u00e7\u00e3o acima \u00e9 de responsabilidade dos anunciantes.<\/em><br \/>\n<\/div><div class=\"column one-third\">\n<!-- Either there are no banners, they are disabled or none qualified for this location! -->\n<\/div><\/div>\n<div class=\"sc-toggle\"><div class=\"sc-toggle-title\"><a href=\"#\">SAIBA MAIS<\/a><\/div><div class=\"sc-toggle-content\">\n<p>Para ajud\u00e1-lo a escolher o melhor estabelecimento, separamos no BBMAG Diret\u00f3rio de Neg\u00f3cios esta pr\u00e1tica lista com empresas e profissionais que fazem manuten\u00e7\u00e3o de equipamentos de inform\u00e1tica em Londres e no Reino Unido.<\/p>\n<p>No mundo de hoje, com o alto uso di\u00e1rio de equipamentos tecnol\u00f3gicos, precisamos constantemente de estabelecimentos que prestem assist\u00eancia t\u00e9cnica de computadores ou de outros aparelhos eletr\u00f4nicos.<\/p>\n<p style=\"text-align: justify;\">Uma boa assist\u00eancia t\u00e9cnica para equipamentos de inform\u00e1tica\u00a0dever\u00e1 ser especializada nesse tipo de servi\u00e7o. \u00c9 comum encontrar empresas que prestam servi\u00e7o de assist\u00eancia t\u00e9cnica em maquin\u00e1rio em geral e aceitam trabalhar tamb\u00e9m com equipamentos de inform\u00e1tica, sem saber das suas particularidades.<\/p>\n<p style=\"text-align: justify;\">Para voc\u00ea n\u00e3o se decepcionar com a qualidade dos reparos e tamb\u00e9m n\u00e3o sair no preju\u00edzo, procure saber se a empresa que voc\u00ea contratar\u00e1 para cuidar da assist\u00eancia t\u00e9cnica do\u00a0seu\u00a0computador\u00a0\u00e9 especializada nesse tipo de equipamento e saber\u00e1 como cuidar bem do seu equipamento.<\/p>\n<p style=\"text-align: justify;\">Certifique-se tamb\u00e9m que a assist\u00eancia t\u00e9cnica que voc\u00ea contrata para o seu computador possui autoriza\u00e7\u00e3o t\u00e9cnica para a execu\u00e7\u00e3o desse tipo de trabalho.<\/p>\n<p style=\"text-align: justify;\">O mercado informal possui seus atrativos, como o pre\u00e7o baixo, mas os riscos que ele gera para o seu computador n\u00e3o valem essa economia. Existem assist\u00eancias t\u00e9cnicas autorizadas dispon\u00edveis no mercado e que cobram um bom pre\u00e7o para o servi\u00e7o bem feito e de qualidade.<\/p>\n<p style=\"text-align: justify;\">Outra dica de ouro na hora de escolher\u00a0a empresa de assist\u00eancia t\u00e9cnica que cuidar\u00e1\u00a0do seu computador\u00a0\u00e9 escolher uma equipe que preze pela manuten\u00e7\u00e3o preventiva dos seus equipamentos ao inv\u00e9s da manuten\u00e7\u00e3o corretiva. A diferen\u00e7a \u00e9 que a manuten\u00e7\u00e3o preventiva \u00e9 proativa e atuar\u00e1 antes que os equipamentos apresentem problemas, justamente para evitar que eles existam. Esse tipo de manuten\u00e7\u00e3o \u00e9 mais em conta e tamb\u00e9m mais eficiente.<\/p>\n<p style=\"text-align: justify;\">J\u00e1 a manuten\u00e7\u00e3o corretiva vai atuar de maneira reativa, trabalhando apenas com o conserto dos problemas nos equipamentos, agindo de forma mais cara e menos efetiva.<\/p>\n<p style=\"text-align: justify;\">Entre eles est\u00e3o diversos brasileiros e amigos da comunidade brasileira que estar\u00e3o dispostos a atend\u00ea-lo da melhor maneira poss\u00edvel. Confira!<\/p>\n<p style=\"text-align: justify;\"><\/div><\/div>\n\n","protected":false},"excerpt":{"rendered":"","protected":false},"author":72,"featured_media":0,"parent":0,"menu_order":0,"comment_status":"closed","ping_status":"closed","template":"","meta":{"footnotes":""},"class_list":["post-7929","page","type-page","status-publish"],"jetpack-related-posts":[],"jetpack_sharing_enabled":true,"_links":{"self":[{"href":"https:\/\/www.bbmag.co.uk\/pt-br\/wp-json\/wp\/v2\/pages\/7929","targetHints":{"allow":["GET"]}}],"collection":[{"href":"https:\/\/www.bbmag.co.uk\/pt-br\/wp-json\/wp\/v2\/pages"}],"about":[{"href":"https:\/\/www.bbmag.co.uk\/pt-br\/wp-json\/wp\/v2\/types\/page"}],"author":[{"embeddable":true,"href":"https:\/\/www.bbmag.co.uk\/pt-br\/wp-json\/wp\/v2\/users\/72"}],"replies":[{"embeddable":true,"href":"https:\/\/www.bbmag.co.uk\/pt-br\/wp-json\/wp\/v2\/comments?post=7929"}],"version-history":[{"count":0,"href":"https:\/\/www.bbmag.co.uk\/pt-br\/wp-json\/wp\/v2\/pages\/7929\/revisions"}],"wp:attachment":[{"href":"https:\/\/www.bbmag.co.uk\/pt-br\/wp-json\/wp\/v2\/media?parent=7929"}],"curies":[{"name":"wp","href":"https:\/\/api.w.org\/{rel}","templated":true}]}}